{"id":844,"date":"2025-11-18T19:25:10","date_gmt":"2025-11-18T18:25:10","guid":{"rendered":"https:\/\/endokrinologie.bayern\/tuebingen\/?page_id=844"},"modified":"2026-03-17T16:58:04","modified_gmt":"2026-03-17T15:58:04","slug":"dr-med-reiner-jumpertz-von-schwartzenberg","status":"publish","type":"page","link":"https:\/\/endokrinologie.bayern\/tuebingen\/team\/dr-med-reiner-jumpertz-von-schwartzenberg\/","title":{"rendered":"Prof. Dr. med. Reiner Jumpertz von Schwartzenberg"},"content":{"rendered":"\r\n\r\n    <div  class=\"arzt-block\">\r\n      <div class=\"layout\">\r\n                    <div class=\"arzt-details\">\r\n                <div class=\"about\">\r\n                  <div class=\"left\">\r\n                                          <img decoding=\"async\" src=\"https:\/\/endokrinologie.bayern\/wp-content\/uploads\/2026\/01\/reiner-jumpertz-von-schwartzenberg.jpg\" alt=\"Reiner Jumpertz von Schwartzenberg\">\r\n                    \r\n                                                                                                   <\/div>\r\n\r\n\r\n                  <div class=\"profil\"> \r\n                    <h1>Prof. Dr. med. Reiner Jumpertz von Schwartzenberg<\/h1> \r\n                    <p>\r\n                      Endokrinologe, Diabetologe, Internist                    <\/p>\r\n\r\n                                          <div class=\"vorstellung\">\r\n                        <h4>Auszeichnungen<\/h4>\n<p>2013 &#8211; <strong>Charit\u00e9 Lehrepreis<\/strong><br \/>\n1. Preis Untersuchungskurs<br \/>\nCharit\u00e9 Universit\u00e4tsmedizin Berlin<\/p>\n<p>2011 &#8211; <strong>Outstanding Abstract Award<\/strong><br \/>\nEndocrine Society Meeting, Boston, USA<\/p>\n<p>2010 &#8211; <strong>Nancy Nossal Award<\/strong><br \/>\nNational Insitutes of Health (NIH) Award for outstanding research, USA<\/p>\n<p>12\/2008 \u2013 09\/2011 <strong>Visiting Fellowship Award<\/strong><br \/>\nNIH, National Institute of Diabetes and Digestive and Kidney Diseases,<br \/>\nPhoenix, AZ, USA<\/p>\n<p>&nbsp;<\/p>\n<h4>Institutionelle T\u00e4tigkeiten<\/h4>\n<p>03\/2025 \u2013 dato<br \/>\n<strong>Sprecher des Forschungsschwerpunkts \u201eDiabetes und Vaskul\u00e4re<span data-olk-copy-source=\"MessageBody\">\u201c<\/span><br \/>\nMedizin<\/strong><br \/>\nMedizinische Fakult\u00e4t T\u00fcbingen (insges. 4 Forschungsschwerpunkte)<\/p>\n<p>07\/2021 \u2013 dato<br \/>\n<strong>Mitglied Endokrines Tumorboard<\/strong><br \/>\nUNiversitsklinikum T\u00fcbingen<\/p>\n<p>07\/2021 \u2013 dato<br \/>\n<strong>Mitglied Hypophysenboard<\/strong><br \/>\nUniversit\u00e4tsklinikum T\u00fcbingen<\/p>\n<p>07\/2021 \u2013 dato<br \/>\n<strong>Leitung Endokrinologie Interdisziplin\u00e4re Adipositasplattform<\/strong><br \/>\nUniversit\u00e4tsklinikum T\u00fcbingen<\/p>\n<p>12\/2021 \u2013 dato<br \/>\n<strong>Advisory Board und Auswahlkomitee Clinician Scientist Program<\/strong><br \/>\nMINT-CS, Universit\u00e4tsklinikum, T\u00fcbingen<\/p>\n<p>07\/2019 \u2013 06\/2021<br \/>\n<strong>PJ Beauftragter<\/strong><br \/>\nCharit\u00e9 University Medicine Berlin<br \/>\nCampus Charit\u00e9 Mitte<\/p>\n<p>&nbsp;<\/p>\n<h4>Mitgliedschaften in medizinischen Gesellschaften<\/h4>\n<p>2022 \u2013 dato<br \/>\nEuropean Association for the Study of Diabetes<\/p>\n<p>2022 \u2013 dato<br \/>\nAmerican Diabetes Association<\/p>\n<p>2021 \u2013 dato<br \/>\nDeutsche Gesellschaft f\u00fcr Innere Medizin<\/p>\n<p>2021 \u2013 dato<br \/>\nDeutsche Adipositas Gesellschaft<\/p>\n<p>2019 \u2013 dato<br \/>\nDeutsche Diabetes Gesellschaft<\/p>\n<p>2019 \u2013 dato<br \/>\nDeutsche Gesellschaft f\u00fcr Endokrinologie<\/p>\n<p>&nbsp;<\/p>\n<h4>Buchkapitel<\/h4>\n<p>2020 &#8211; <strong>Harrisons Innere Medizin<\/strong>, Deutsche Version, 20. Edition, Kapitel: \u201cAdipositas\u201d, \u201cDiagnostik und Management der Adipositas\u201d, \u201cHypoglyka\u0308mie\u201d<br \/>\n2020 &#8211; <strong>Thieme Referenz Endokrinologie Kapitel<\/strong> \u201cDiabetes mellitus Typ 2\u201d<br \/>\n2015 &#8211; <strong>Harrisons Innere Medizin<\/strong>, German version, 19th Edition, 2015 Chapter \u201cHypoglyka\u0308mie\u201d<\/p>\n<p>&nbsp;<\/p>\n<h4>Ausgew\u00e4hlte Publikationen (Top 10)<\/h4>\n<ul>\n<li>Vazquez Arreola E, Gong Q, Hanson RL, Wang J, Sandforth L, He S, Sandforth A, Qian X, Giacca M, Bornstein SR, Fritsche A, Stefan N, Preissl H, Gregg EW, Marx N,<strong> Jumpertz von Schwartzenberg<\/strong> R*, Li G*, Birkenfeld AL*. Prediabetes remission and cardiovascular morbidity and mortality: post-hoc analyses from the Diabetes Prevention Program Outcome study and the DaQing Diabetes Prevention Outcome study. Lancet Diabetes Endocrinol. 2026 Feb;14(2):137-148.<\/li>\n<li>Arvid Sandforth, Elsa Vazquez Arreola, Robert L. Hanson, Nicolai J. Wewer Albrechtsen, Jens Juul Holst, Robert Ahrends, Cristina Coman, Felicia Gerst, Estela Lorza-Gil, Yurong Cheng, Leontine Sandforth, Sarah Katzenstein, Marlene Ganslmeier, Jochen Seissler, Hans Hauner, Nikolaos Perakakis, Robert Wagner, J\u00fcrgen Machann, Fritz Schick, Andreas Peter, Rainer Lehmann, Cora Weigert, Jennifer Maurer, Hubert Preissl, Martin Heni, Julia Szendr\u00f6di, Stefan Kopf, Michele Solimena, Peter Schwarz, Matthias Bl\u00fcher, Martin Hrab\u00e9 de<br \/>\nAngelis, Annette Sch\u00fcrmann, Stefan Kabisch, Knut Mai, Andreas F. H. Pfeiffer, Stefan Bornstein, Michael Stumvoll, Michael Roden, Norbert Stefan, Andreas Fritsche, Andreas L. Birkenfeld*, <strong>Reiner Jumpertz von <\/strong><strong>Schwartzenberg<\/strong>* Prevention of type 2 diabetes through prediabetes remission without weight loss. Nature Medicine 2025 Oct;31(10):3330-3340.<\/li>\n<li>Leontine Sandforth, Violeta Raverdy, Arvid Sandforth, Pierre Bauvin, Estelle Chatelain, Helene Verkindt, Geltrude Mingrone, Caterina Guidone, Ornella Verrastro, Karin Zhou, Rami Archid, Andr\u00e9 Mihaljevic, Robert Caiazzo, Gregory Baud, Camille Marciniak, Mikael Chetboun, Marlene Ganslmeier, Vit\u00f3ria Minelli Faiao, Martin Heni, Louise Fritsche, Anja Moller, Konstantinos Kantartzis, Andreas Peter, Rainer Lehmann, Robert Wagner, Katsiaryna Prystupa , Andreas Fritsche, Norbert Stefan, Hubert Preissl, Andreas L Birkenfeld, <strong>Reiner Jumpertz von Schwartzenberg<\/strong>*, Fran\u00e7ois Pattou* Subphenotype-Dependent Benefits of Bariatric Surgery for Individuals at Risk for Type 2 Diabetes. Diabetes Care 2025 Jun 1;48(6):996-1006.<\/li>\n<li><strong>Jumpertz von Schwartzenberg R*<\/strong>, Vazquez Arreola E* , Arvid Sandforth, Robert L Hanson , Andreas L Birkenfeld. Role of weight loss-induced prediabetes remission in the prevention of type 2 diabetes: time to improve diabetes prevention. Diabetologia 2024 Aug;67(8):1714-1718.<\/li>\n<li>Sandforth A*, <strong>Jumpertz von Schwartzenberg R*<\/strong>, Elsa Vazquez Arreola, Robert L Hanson, Gencer Sancar, Sarah Katzenstein, Karl Lange, Hubert Prei\u00dfl, Simon I Dreher, Cora Weigert, Robert Wagner, Kostantinos Kantartzis, J\u00fcrgen Machann, Fritz Schick, Rainer Lehmann, Andreas Peter, Nikoletta Katsouli, Vasilis Ntziachristos, Corinna Dannecker, Louise Fritsche, Nikolaos Perakakis, Martin Heni, Peter Paul Nawroth, Stefan Kopf, Andreas F H Pfeiffer, Stefan Kabisch, Michael Stumvoll, Peter E H Schwarz, Hans Hauner, Andreas Lechner, Jochen Seissler, Iryna Yurchenko, Andrea Icks, Michele Solimena, Hans-Ulrich H\u00e4ring, Julia Szendroedi, Annette Sch\u00fcrmann, Martin Hrab\u00e9 de Angelis, Matthias Bl\u00fcher, Michael Roden, Stefan R Bornstein, Norbert Stefan, Andreas Fritsche+, Andreas L Birkenfeld+. Mechanisms of weight loss-induced remission in people with prediabetes: a post-hoc analysis of the randomised, controlled, multicentre Prediabetes Lifestyle Intervention Study (PLIS). Lancet Diabetes Endocrinol. 2023 Nov;11(11):798-810.<\/li>\n<li>Sbierski-Kind J*, Grenkowitz S*, Schlickeiser S*, Sandforth A, Friedrich M, Kunkel D, Glauben R, Brachs S, Mai K , Th\u00fcrmer A , Radoni A, Drechsel O, Turnbaugh PJ, Bisanz JE, Volk H-D , Spranger J , <strong>Jumpertz von Schwartzenberg R.<\/strong> Effects of caloric restriction on the gut microbiome are linked with immune senescence. Microbiome 2022 Apr 4;10(1):57.<\/li>\n<li><strong>Jumpertz von Schwartzenberg R*<\/strong>, Bisanz JE*, Lyalina S, Spanogiannopoulos P , Ang QY , Cai J , Dickmann S, Friedrich M, Liu S-Y, Collins SL, Ingebrigtsen D, Miller S, Turnbaugh JA, Patterson AD, Pollard KS , Mai K, Spranger J*, Turnbaugh PJ*. Caloric restriction disrupts the microbiota and colonization resistance. Nature 2021 Jul;595(7866):272-277.<\/li>\n<li>Basolo A, Hohenadel M, Ang QY, Piaggi P, Heinitz S, Walter M, Walter P, Parrington S, Trinidad D, <strong>von Schwartzenberg RJ<\/strong>, Turnbaugh PJ, Krakoff J. Effects of underfeeding and oral vancomycin on gut microbiome and nutrient absorption in humans. Nature Medicine 2020 Apr;26(4):589-598.<\/li>\n<li>Heinitz S, Piaggi P, Vinales K, Basolo A, Spranger J, Piomelli D, Krakoff J, <strong>Jumpertz von Schwartzenberg R.<\/strong> Specific Skeletal Muscle Sphingolipid Compounds in Energy Expenditure Regulation and Weight Gain in Native Americans of Southwestern Heritage. Int J Obes 2017 Oct;41(10):1585-1593.<\/li>\n<li><strong>Jumpertz R<\/strong>, Le DS, Turnbaugh PJ, Trinidad C, Bogardus C, Gordon JI, Krakoff J. Energy-balance studies reveal associations between gut microbes, caloric load, and nutrient absorption in humans. Am J Clin Nutr 2011 Jul;94(1):58-65.<\/li>\n<\/ul>\n                      <\/div>\r\n                                      <\/div>\r\n                <\/div>\r\n                    \r\n                \r\n                \r\n                                  <div class=\"qualifikation\">\r\n                    <h3>Qualifikation:<\/h3> \r\n\r\n                    <div class=\"items\">\r\n                     \r\n                      <div class=\"item\">\r\n                        <p class=\"jahr\">07\/2021:<\/p>\r\n                        <p>Facharzt Innere Medizin und Endokrinologie und Diabetologie<\/p> \r\n                      <\/div>\r\n                     \r\n                      <div class=\"item\">\r\n                        <p class=\"jahr\">03\/2019 \u2013 06\/2021:<\/p>\r\n                        <p>Leitung Charit\u00e9 Nutrition Team\r\nCampus Benjamin Franklin, Campus Mitte, Campus Virchow Klinikum<\/p> \r\n                      <\/div>\r\n                     \r\n                      <div class=\"item\">\r\n                        <p class=\"jahr\">02\/2016 \u2013 06\/2021:<\/p>\r\n                        <p>Leitung Endokrinologie \u2013 Interdisziplin\u00e4res Adipositaszentrum Charit\u00e9\r\nCharit\u00e9 Universit\u00e4tsmedizin Berlin<\/p> \r\n                      <\/div>\r\n                     \r\n                      <div class=\"item\">\r\n                        <p class=\"jahr\">07\/2019:<\/p>\r\n                        <p>Facharzt Innere Medizin<\/p> \r\n                      <\/div>\r\n                     \r\n                      <div class=\"item\">\r\n                        <p class=\"jahr\">11\/2011 &#8211; 09\/2015, 02\/2016 &#8211; 07\/2019:<\/p>\r\n                        <p>Facharztausbildung\r\nDepartment of Endocrinology and Metabolic Diseases, Charit\u00e9 Universit\u00e4tsmedizin Berlin<\/p> \r\n                      <\/div>\r\n                     \r\n                      <div class=\"item\">\r\n                        <p class=\"jahr\">04\/2015 &#8211; 03\/2018:<\/p>\r\n                        <p>Clinician Scientist\r\nBIH Charit\u00e9 Clinician Scientist Program Berlin Institute of Health, Berlin, Germany \r\nSupervisors: Prof. Dominik M\u00fcller &amp; Prof. J. Spranger\r\nClinical and Experimental Research\r\nBioinformatic integration of multi-omics datasets<\/p> \r\n                      <\/div>\r\n                     \r\n                      <div class=\"item\">\r\n                        <p class=\"jahr\">09\/2015 &#8211; 02\/2016:<\/p>\r\n                        <p>Auslandsaufenthalt Forschung\r\nTurnbaugh Lab, University of California at San Francisco, USA\r\nTranslational Microbiome Research<\/p> \r\n                      <\/div>\r\n                     \r\n                      <div class=\"item\">\r\n                        <p class=\"jahr\">12\/2008 &#8211; 09\/2011 :<\/p>\r\n                        <p>Auslandsaufenthalt Forschung\r\nPhoenix Epidemiology and Clinical Research Branch, National Institute of Digestive, Diabetes and Kidney Diseases, National Institutes of Health, USA\r\nClinical Research (Obesity, Diabetes, Microbiome)\r\nClinical Study Designing<\/p> \r\n                      <\/div>\r\n                     \r\n                      <div class=\"item\">\r\n                        <p class=\"jahr\">07\/2012:<\/p>\r\n                        <p>Dissertation am Universit\u00e4tsklinikum Leipzig\r\nDoktorvater: Prof. Dr. Michael Stumvoll\r\nGrade: Magna cum laude\r\nDate of Dissertation: 17.07.2012\r\nThesis title: \u201cCirculating endocannabinoids and n-acylethanolamides in patients with sleep apnea \u2013 specific role of oleoylethanolamide\u201d<\/p> \r\n                      <\/div>\r\n                     \r\n                      <div class=\"item\">\r\n                        <p class=\"jahr\">10\/2003 \u2013 09\/2008:<\/p>\r\n                        <p>Medizinstudium Klinischer Abschnitt, Universit\u00e4t Leipzig<\/p> \r\n                      <\/div>\r\n                     \r\n                      <div class=\"item\">\r\n                        <p class=\"jahr\">10\/2001 \u2013 09\/2003:<\/p>\r\n                        <p>Medizinstudium Vorklinik, Ruhr-Universit\u00e4t Bochum<\/p> \r\n                      <\/div>\r\n                     \r\n                      <div class=\"item\">\r\n                        <p class=\"jahr\">07\/2007:<\/p>\r\n                        <p>Austauschpraktikum, Medical School of University of Alabama at\r\nBirmingham, USA<\/p> \r\n                      <\/div>\r\n                     \r\n                    <\/div>\r\n                  <\/div>\r\n                                \r\n                \r\n\r\n            <\/div>\r\n              <\/div>\r\n    <\/div>\r\n\r\n\n\n    <div  class=\"cta-block  cta\">\r\n        <div class=\"layout\">\r\n                            <div class=\"col\">\r\n                                            <h3>Besuchen Sie unsere ZES-Zentren<\/h3>\r\n                                                            <a href=\"\/zes\/standorte\" class=\"btn-primary\">Zu den Standorten<img decoding=\"async\" src=\"https:\/\/endokrinologie.bayern\/tuebingen\/wp-content\/themes\/zes_theme\/images\/btn-next.svg\" alt=\"btn next\" title=\"btn next\"><\/a>                <\/div>\r\n                <div class=\"col\">\r\n                                            <div class=\"content\">\r\n                            <p>Wir laden Sie ein, unsere Endokrinologie-Zentren in Bayern zu besuchen und die Vorteile einer spezialisierten Endokrinologie-Betreuung zu erleben. Unsere Standorte sind darauf ausgerichtet, Ihnen in der Endokrinologie eine umfassende Betreuung zu bieten, die Ihr Leben nachhaltig verbessert.<\/p>\n                        <\/div>\r\n                                    <\/div>\r\n                    <\/div>\r\n    <\/div>\r\n","protected":false},"excerpt":{"rendered":"","protected":false},"author":1,"featured_media":0,"parent":156,"menu_order":0,"comment_status":"closed","ping_status":"closed","template":"","meta":{"_acf_changed":false,"footnotes":""},"standort":[],"class_list":["post-844","page","type-page","status-publish","hentry"],"acf":[],"yoast_head":"<!-- This site is optimized with the Yoast SEO plugin v27.4 - https:\/\/yoast.com\/product\/yoast-seo-wordpress\/ -->\n<title>Zentrum f\u00fcr Endokrinologie und Stoffwechsel - Prof. Dr. med. Reiner Jumpertz von Schwartzenberg<\/title>\n<meta name=\"description\" content=\"Ihr Spezialist in Landshut f\u00fcr hormonelle und stoffwechselbedingte Erkrankungen. Mit moderner Diagnostik und individuellen Therapien f\u00fcr Ihre Gesundheit.\" \/>\n<meta name=\"robots\" content=\"index, follow, max-snippet:-1, max-image-preview:large, max-video-preview:-1\" \/>\n<link rel=\"canonical\" href=\"https:\/\/endokrinologie.bayern\/tuebingen\/team\/dr-med-reiner-jumpertz-von-schwartzenberg\/\" \/>\n<meta property=\"og:locale\" content=\"de_DE\" \/>\n<meta property=\"og:type\" content=\"article\" \/>\n<meta property=\"og:title\" content=\"Zentrum f\u00fcr Endokrinologie und Stoffwechsel - Prof. Dr. med. Reiner Jumpertz von Schwartzenberg\" \/>\n<meta property=\"og:description\" content=\"Ihr Spezialist in Landshut f\u00fcr hormonelle und stoffwechselbedingte Erkrankungen. Mit moderner Diagnostik und individuellen Therapien f\u00fcr Ihre Gesundheit.\" \/>\n<meta property=\"og:url\" content=\"https:\/\/endokrinologie.bayern\/tuebingen\/team\/dr-med-reiner-jumpertz-von-schwartzenberg\/\" \/>\n<meta property=\"og:site_name\" content=\"ZES T\u00fcbingen\" \/>\n<meta property=\"article:modified_time\" content=\"2026-03-17T15:58:04+00:00\" \/>\n<meta name=\"twitter:card\" content=\"summary_large_image\" \/>\n<script type=\"application\/ld+json\" class=\"yoast-schema-graph\">{\"@context\":\"https:\\\/\\\/schema.org\",\"@graph\":[{\"@type\":\"WebPage\",\"@id\":\"https:\\\/\\\/endokrinologie.bayern\\\/tuebingen\\\/team\\\/dr-med-reiner-jumpertz-von-schwartzenberg\\\/\",\"url\":\"https:\\\/\\\/endokrinologie.bayern\\\/tuebingen\\\/team\\\/dr-med-reiner-jumpertz-von-schwartzenberg\\\/\",\"name\":\"Zentrum f\u00fcr Endokrinologie und Stoffwechsel - Prof. Dr. med. Reiner Jumpertz von Schwartzenberg\",\"isPartOf\":{\"@id\":\"https:\\\/\\\/endokrinologie.bayern\\\/tuebingen\\\/#website\"},\"datePublished\":\"2025-11-18T18:25:10+00:00\",\"dateModified\":\"2026-03-17T15:58:04+00:00\",\"description\":\"Ihr Spezialist in Landshut f\u00fcr hormonelle und stoffwechselbedingte Erkrankungen. Mit moderner Diagnostik und individuellen Therapien f\u00fcr Ihre Gesundheit.\",\"breadcrumb\":{\"@id\":\"https:\\\/\\\/endokrinologie.bayern\\\/tuebingen\\\/team\\\/dr-med-reiner-jumpertz-von-schwartzenberg\\\/#breadcrumb\"},\"inLanguage\":\"de\",\"potentialAction\":[{\"@type\":\"ReadAction\",\"target\":[\"https:\\\/\\\/endokrinologie.bayern\\\/tuebingen\\\/team\\\/dr-med-reiner-jumpertz-von-schwartzenberg\\\/\"]}]},{\"@type\":\"BreadcrumbList\",\"@id\":\"https:\\\/\\\/endokrinologie.bayern\\\/tuebingen\\\/team\\\/dr-med-reiner-jumpertz-von-schwartzenberg\\\/#breadcrumb\",\"itemListElement\":[{\"@type\":\"ListItem\",\"position\":1,\"name\":\"Startseite\",\"item\":\"https:\\\/\\\/endokrinologie.bayern\\\/tuebingen\\\/\"},{\"@type\":\"ListItem\",\"position\":2,\"name\":\"Team\",\"item\":\"https:\\\/\\\/endokrinologie.bayern\\\/tuebingen\\\/team\\\/\"},{\"@type\":\"ListItem\",\"position\":3,\"name\":\"Prof. Dr. med. Reiner Jumpertz von Schwartzenberg\"}]},{\"@type\":\"WebSite\",\"@id\":\"https:\\\/\\\/endokrinologie.bayern\\\/tuebingen\\\/#website\",\"url\":\"https:\\\/\\\/endokrinologie.bayern\\\/tuebingen\\\/\",\"name\":\"Zentrum f\u00fcr Endokrinologie und Stoffwechsel Landshut\",\"description\":\"Hormone im Gleichgewicht\",\"potentialAction\":[{\"@type\":\"SearchAction\",\"target\":{\"@type\":\"EntryPoint\",\"urlTemplate\":\"https:\\\/\\\/endokrinologie.bayern\\\/tuebingen\\\/?s={search_term_string}\"},\"query-input\":{\"@type\":\"PropertyValueSpecification\",\"valueRequired\":true,\"valueName\":\"search_term_string\"}}],\"inLanguage\":\"de\"}]}<\/script>\n<!-- \/ Yoast SEO plugin. -->","yoast_head_json":{"title":"Zentrum f\u00fcr Endokrinologie und Stoffwechsel - Prof. Dr. med. Reiner Jumpertz von Schwartzenberg","description":"Ihr Spezialist in Landshut f\u00fcr hormonelle und stoffwechselbedingte Erkrankungen. Mit moderner Diagnostik und individuellen Therapien f\u00fcr Ihre Gesundheit.","robots":{"index":"index","follow":"follow","max-snippet":"max-snippet:-1","max-image-preview":"max-image-preview:large","max-video-preview":"max-video-preview:-1"},"canonical":"https:\/\/endokrinologie.bayern\/tuebingen\/team\/dr-med-reiner-jumpertz-von-schwartzenberg\/","og_locale":"de_DE","og_type":"article","og_title":"Zentrum f\u00fcr Endokrinologie und Stoffwechsel - Prof. Dr. med. Reiner Jumpertz von Schwartzenberg","og_description":"Ihr Spezialist in Landshut f\u00fcr hormonelle und stoffwechselbedingte Erkrankungen. Mit moderner Diagnostik und individuellen Therapien f\u00fcr Ihre Gesundheit.","og_url":"https:\/\/endokrinologie.bayern\/tuebingen\/team\/dr-med-reiner-jumpertz-von-schwartzenberg\/","og_site_name":"ZES T\u00fcbingen","article_modified_time":"2026-03-17T15:58:04+00:00","twitter_card":"summary_large_image","schema":{"@context":"https:\/\/schema.org","@graph":[{"@type":"WebPage","@id":"https:\/\/endokrinologie.bayern\/tuebingen\/team\/dr-med-reiner-jumpertz-von-schwartzenberg\/","url":"https:\/\/endokrinologie.bayern\/tuebingen\/team\/dr-med-reiner-jumpertz-von-schwartzenberg\/","name":"Zentrum f\u00fcr Endokrinologie und Stoffwechsel - Prof. Dr. med. Reiner Jumpertz von Schwartzenberg","isPartOf":{"@id":"https:\/\/endokrinologie.bayern\/tuebingen\/#website"},"datePublished":"2025-11-18T18:25:10+00:00","dateModified":"2026-03-17T15:58:04+00:00","description":"Ihr Spezialist in Landshut f\u00fcr hormonelle und stoffwechselbedingte Erkrankungen. Mit moderner Diagnostik und individuellen Therapien f\u00fcr Ihre Gesundheit.","breadcrumb":{"@id":"https:\/\/endokrinologie.bayern\/tuebingen\/team\/dr-med-reiner-jumpertz-von-schwartzenberg\/#breadcrumb"},"inLanguage":"de","potentialAction":[{"@type":"ReadAction","target":["https:\/\/endokrinologie.bayern\/tuebingen\/team\/dr-med-reiner-jumpertz-von-schwartzenberg\/"]}]},{"@type":"BreadcrumbList","@id":"https:\/\/endokrinologie.bayern\/tuebingen\/team\/dr-med-reiner-jumpertz-von-schwartzenberg\/#breadcrumb","itemListElement":[{"@type":"ListItem","position":1,"name":"Startseite","item":"https:\/\/endokrinologie.bayern\/tuebingen\/"},{"@type":"ListItem","position":2,"name":"Team","item":"https:\/\/endokrinologie.bayern\/tuebingen\/team\/"},{"@type":"ListItem","position":3,"name":"Prof. Dr. med. Reiner Jumpertz von Schwartzenberg"}]},{"@type":"WebSite","@id":"https:\/\/endokrinologie.bayern\/tuebingen\/#website","url":"https:\/\/endokrinologie.bayern\/tuebingen\/","name":"Zentrum f\u00fcr Endokrinologie und Stoffwechsel Landshut","description":"Hormone im Gleichgewicht","potentialAction":[{"@type":"SearchAction","target":{"@type":"EntryPoint","urlTemplate":"https:\/\/endokrinologie.bayern\/tuebingen\/?s={search_term_string}"},"query-input":{"@type":"PropertyValueSpecification","valueRequired":true,"valueName":"search_term_string"}}],"inLanguage":"de"}]}},"_links":{"self":[{"href":"https:\/\/endokrinologie.bayern\/tuebingen\/wp-json\/wp\/v2\/pages\/844","targetHints":{"allow":["GET"]}}],"collection":[{"href":"https:\/\/endokrinologie.bayern\/tuebingen\/wp-json\/wp\/v2\/pages"}],"about":[{"href":"https:\/\/endokrinologie.bayern\/tuebingen\/wp-json\/wp\/v2\/types\/page"}],"author":[{"embeddable":true,"href":"https:\/\/endokrinologie.bayern\/tuebingen\/wp-json\/wp\/v2\/users\/1"}],"replies":[{"embeddable":true,"href":"https:\/\/endokrinologie.bayern\/tuebingen\/wp-json\/wp\/v2\/comments?post=844"}],"version-history":[{"count":8,"href":"https:\/\/endokrinologie.bayern\/tuebingen\/wp-json\/wp\/v2\/pages\/844\/revisions"}],"predecessor-version":[{"id":942,"href":"https:\/\/endokrinologie.bayern\/tuebingen\/wp-json\/wp\/v2\/pages\/844\/revisions\/942"}],"up":[{"embeddable":true,"href":"https:\/\/endokrinologie.bayern\/tuebingen\/wp-json\/wp\/v2\/pages\/156"}],"wp:attachment":[{"href":"https:\/\/endokrinologie.bayern\/tuebingen\/wp-json\/wp\/v2\/media?parent=844"}],"wp:term":[{"taxonomy":"standort","embeddable":true,"href":"https:\/\/endokrinologie.bayern\/tuebingen\/wp-json\/wp\/v2\/standort?post=844"}],"curies":[{"name":"wp","href":"https:\/\/api.w.org\/{rel}","templated":true}]}}