{"id":888,"date":"2025-07-08T10:33:17","date_gmt":"2025-07-08T08:33:17","guid":{"rendered":"https:\/\/endokrinologie.bayern\/regensburg-dez\/?page_id=888"},"modified":"2025-07-08T10:33:24","modified_gmt":"2025-07-08T08:33:24","slug":"verena-kammermeier","status":"publish","type":"page","link":"https:\/\/endokrinologie.bayern\/regensburg-dez\/team\/verena-kammermeier\/","title":{"rendered":"Verena Kammermeier"},"content":{"rendered":"\r\n\r\n    <div  class=\"arzt-block\">\r\n      <div class=\"layout\">\r\n                    <div class=\"arzt-details\">\r\n                <div class=\"about\">\r\n                  <div class=\"left\">\r\n                                          <img decoding=\"async\" src=\"https:\/\/endokrinologie.bayern\/wp-content\/uploads\/2025\/07\/kammermeier.jpg\" alt=\"Verena Kammermeier\">\r\n                    \r\n                                          <a href=\"https:\/\/termin.samedi.de\/b\/zes-bayern-zentrum-fur-endokrinologie-und-stoffwechsel\/muenchen?ref=papp-my-doctors\" class=\"btn-primary\">Zur Terminvereinbarung (M\u00fcnchen) \r\n                      <\/a>\r\n                                                              <a href=\"https:\/\/termin.samedi.de\/b\/zes-bayern-zentrum-fur-endokrinologie-und-stoffwechsel\/regensburg?ref=papp-my-doctors\" class=\"btn-primary\">Zur Terminvereinbarung (Regensburg DEZ) \r\n                      <\/a>\r\n                                                          <\/div>\r\n\r\n\r\n                  <div class=\"profil\"> \r\n                    <h1>Dr. med.  Verena Kammermeier<\/h1> \r\n                    <p>\r\n                      Internistin, Endokrinologin WBA                    <\/p>\r\n\r\n                                          <div class=\"vorstellung\">\r\n                        <p><span data-olk-copy-source=\"MessageBody\">Dr. med. Verena Kammermeier<\/span>\u00a0behandelt Patienten mit allen endokrinologischen (hormonell bedingten) Erkrankungen an den Standorten M\u00fcnchen und Regensburg. Au\u00dferdem hat sie jahrelange Erfahrung in der Ern\u00e4hrungsmedizin und ist in der Adipositas-Sprechstunde t\u00e4tig.<\/p>\n                      <\/div>\r\n                                      <\/div>\r\n                <\/div>\r\n                    \r\n                \r\n                \r\n                                  <div class=\"qualifikation\">\r\n                    <h3>Qualifikation:<\/h3> \r\n\r\n                    <div class=\"items\">\r\n                     \r\n                      <div class=\"item\">\r\n                        <p class=\"jahr\">seit 2025:<\/p>\r\n                        <p>Fach\u00e4rztin f\u00fcr Innere Medizin, Zentrum f\u00fcr Endokrinologie und Stoffwechsel (Standorte M\u00fcnchen und Regensburg), in Weiterbildung Endokrinologie<\/p> \r\n                      <\/div>\r\n                     \r\n                      <div class=\"item\">\r\n                        <p class=\"jahr\">2025:<\/p>\r\n                        <p>Ern\u00e4hrungsmedizin<\/p> \r\n                      <\/div>\r\n                     \r\n                      <div class=\"item\">\r\n                        <p class=\"jahr\">2024-2025:<\/p>\r\n                        <p>Freiberufliche T\u00e4tigkeit als Not\u00e4rztin<\/p> \r\n                      <\/div>\r\n                     \r\n                      <div class=\"item\">\r\n                        <p class=\"jahr\">2024:<\/p>\r\n                        <p>Zusatzbezeichnung Notfallmedizin<\/p> \r\n                      <\/div>\r\n                     \r\n                      <div class=\"item\">\r\n                        <p class=\"jahr\">2024:<\/p>\r\n                        <p>Anerkennung als Fach\u00e4rztin f\u00fcr Innere Medizin<\/p> \r\n                      <\/div>\r\n                     \r\n                      <div class=\"item\">\r\n                        <p class=\"jahr\">2021-2024:<\/p>\r\n                        <p>Ern\u00e4hrungsmedizinische T\u00e4tigkeit im Zentrum f\u00fcr Ern\u00e4hrungsmedizin und Pr\u00e4vention (Barmherzige Br\u00fcder M\u00fcnchen)<\/p> \r\n                      <\/div>\r\n                     \r\n                      <div class=\"item\">\r\n                        <p class=\"jahr\">2019-2024:<\/p>\r\n                        <p>Krankenhaus Barmherzige Br\u00fcder M\u00fcnchen, Innere Medizin<\/p> \r\n                      <\/div>\r\n                     \r\n                      <div class=\"item\">\r\n                        <p class=\"jahr\">2019:<\/p>\r\n                        <p>M\u00fcnchen Klinik Neuperlach, Innere Medizin<\/p> \r\n                      <\/div>\r\n                     \r\n                      <div class=\"item\">\r\n                        <p class=\"jahr\">2020:<\/p>\r\n                        <p>Promotion an der Technischen Universit\u00e4t M\u00fcnchen<\/p> \r\n                      <\/div>\r\n                     \r\n                      <div class=\"item\">\r\n                        <p class=\"jahr\">2018:<\/p>\r\n                        <p>Approbation<\/p> \r\n                      <\/div>\r\n                     \r\n                      <div class=\"item\">\r\n                        <p class=\"jahr\">2011-2018:<\/p>\r\n                        <p>Studium der Humanmedizin an der LMU und TU M\u00fcnchen, Universit\u00e4t Z\u00fcrich und Universit\u00e4t Nizza<\/p> \r\n                      <\/div>\r\n                     \r\n                    <\/div>\r\n                  <\/div>\r\n                                \r\n                \r\n\r\n            <\/div>\r\n              <\/div>\r\n    <\/div>\r\n\r\n\n\n    <div  class=\"cta-block  cta\">\r\n        <div class=\"layout\">\r\n                            <div class=\"col\">\r\n                                            <h3>Besuchen Sie unsere ZES-Zentren<\/h3>\r\n                                                            <a href=\"\/zes\/standorte\" class=\"btn-primary\">Zu den Standorten<img decoding=\"async\" src=\"https:\/\/endokrinologie.bayern\/regensburg-dez\/wp-content\/themes\/zes_theme\/images\/btn-next.svg\" alt=\"btn next\" title=\"btn next\"><\/a>                <\/div>\r\n                <div class=\"col\">\r\n                                            <div class=\"content\">\r\n                            <p>Wir laden Sie ein, unsere Endokrinologie-Zentren in Bayern zu besuchen und die Vorteile einer spezialisierten Endokrinologie-Betreuung zu erleben. Unsere Standorte sind darauf ausgerichtet, Ihnen in der Endokrinologie eine umfassende Betreuung zu bieten, die Ihr Leben nachhaltig verbessert.<\/p>\n                        <\/div>\r\n                                    <\/div>\r\n                    <\/div>\r\n    <\/div>\r\n","protected":false},"excerpt":{"rendered":"","protected":false},"author":1,"featured_media":0,"parent":156,"menu_order":0,"comment_status":"closed","ping_status":"closed","template":"","meta":{"_acf_changed":false,"footnotes":""},"standort":[],"class_list":["post-888","page","type-page","status-publish","hentry"],"acf":[],"yoast_head":"<!-- This site is optimized with the Yoast SEO plugin v27.3 - https:\/\/yoast.com\/product\/yoast-seo-wordpress\/ -->\n<title>ZES Regensburg (DEZ) - Verena Kammermeier<\/title>\n<meta name=\"description\" content=\"Wir sind Ihr Ansprechpartner f\u00fcr hormonelle Gesundheit in Regensburg: Innovative Diagnostik, individuelle Therapie und pers\u00f6nliche Betreuung.\" \/>\n<meta name=\"robots\" content=\"index, follow, max-snippet:-1, max-image-preview:large, max-video-preview:-1\" \/>\n<link rel=\"canonical\" href=\"https:\/\/endokrinologie.bayern\/regensburg-dez\/team\/verena-kammermeier\/\" \/>\n<meta property=\"og:locale\" content=\"de_DE\" \/>\n<meta property=\"og:type\" content=\"article\" \/>\n<meta property=\"og:title\" content=\"ZES Regensburg (DEZ) - Verena Kammermeier\" \/>\n<meta property=\"og:description\" content=\"Wir sind Ihr Ansprechpartner f\u00fcr hormonelle Gesundheit in Regensburg: Innovative Diagnostik, individuelle Therapie und pers\u00f6nliche Betreuung.\" \/>\n<meta property=\"og:url\" content=\"https:\/\/endokrinologie.bayern\/regensburg-dez\/team\/verena-kammermeier\/\" \/>\n<meta property=\"og:site_name\" content=\"ZES Regensburg DEZ\" \/>\n<meta property=\"article:modified_time\" content=\"2025-07-08T08:33:24+00:00\" \/>\n<meta name=\"twitter:card\" content=\"summary_large_image\" \/>\n<script type=\"application\/ld+json\" class=\"yoast-schema-graph\">{\"@context\":\"https:\\\/\\\/schema.org\",\"@graph\":[{\"@type\":\"WebPage\",\"@id\":\"https:\\\/\\\/endokrinologie.bayern\\\/regensburg-dez\\\/team\\\/verena-kammermeier\\\/\",\"url\":\"https:\\\/\\\/endokrinologie.bayern\\\/regensburg-dez\\\/team\\\/verena-kammermeier\\\/\",\"name\":\"ZES Regensburg (DEZ) - Verena Kammermeier\",\"isPartOf\":{\"@id\":\"https:\\\/\\\/endokrinologie.bayern\\\/regensburg-dez\\\/#website\"},\"datePublished\":\"2025-07-08T08:33:17+00:00\",\"dateModified\":\"2025-07-08T08:33:24+00:00\",\"description\":\"Wir sind Ihr Ansprechpartner f\u00fcr hormonelle Gesundheit in Regensburg: Innovative Diagnostik, individuelle Therapie und pers\u00f6nliche Betreuung.\",\"breadcrumb\":{\"@id\":\"https:\\\/\\\/endokrinologie.bayern\\\/regensburg-dez\\\/team\\\/verena-kammermeier\\\/#breadcrumb\"},\"inLanguage\":\"de\",\"potentialAction\":[{\"@type\":\"ReadAction\",\"target\":[\"https:\\\/\\\/endokrinologie.bayern\\\/regensburg-dez\\\/team\\\/verena-kammermeier\\\/\"]}]},{\"@type\":\"BreadcrumbList\",\"@id\":\"https:\\\/\\\/endokrinologie.bayern\\\/regensburg-dez\\\/team\\\/verena-kammermeier\\\/#breadcrumb\",\"itemListElement\":[{\"@type\":\"ListItem\",\"position\":1,\"name\":\"Startseite\",\"item\":\"https:\\\/\\\/endokrinologie.bayern\\\/regensburg-dez\\\/\"},{\"@type\":\"ListItem\",\"position\":2,\"name\":\"Team\",\"item\":\"https:\\\/\\\/endokrinologie.bayern\\\/regensburg-dez\\\/team\\\/\"},{\"@type\":\"ListItem\",\"position\":3,\"name\":\"Verena Kammermeier\"}]},{\"@type\":\"WebSite\",\"@id\":\"https:\\\/\\\/endokrinologie.bayern\\\/regensburg-dez\\\/#website\",\"url\":\"https:\\\/\\\/endokrinologie.bayern\\\/regensburg-dez\\\/\",\"name\":\"Zentrum f\u00fcr Endokrinologie und Stoffwechsel Regensburg (DEZ)\",\"description\":\"Hormone im Gleichgewicht\",\"potentialAction\":[{\"@type\":\"SearchAction\",\"target\":{\"@type\":\"EntryPoint\",\"urlTemplate\":\"https:\\\/\\\/endokrinologie.bayern\\\/regensburg-dez\\\/?s={search_term_string}\"},\"query-input\":{\"@type\":\"PropertyValueSpecification\",\"valueRequired\":true,\"valueName\":\"search_term_string\"}}],\"inLanguage\":\"de\"}]}<\/script>\n<!-- \/ Yoast SEO plugin. -->","yoast_head_json":{"title":"ZES Regensburg (DEZ) - Verena Kammermeier","description":"Wir sind Ihr Ansprechpartner f\u00fcr hormonelle Gesundheit in Regensburg: Innovative Diagnostik, individuelle Therapie und pers\u00f6nliche Betreuung.","robots":{"index":"index","follow":"follow","max-snippet":"max-snippet:-1","max-image-preview":"max-image-preview:large","max-video-preview":"max-video-preview:-1"},"canonical":"https:\/\/endokrinologie.bayern\/regensburg-dez\/team\/verena-kammermeier\/","og_locale":"de_DE","og_type":"article","og_title":"ZES Regensburg (DEZ) - Verena Kammermeier","og_description":"Wir sind Ihr Ansprechpartner f\u00fcr hormonelle Gesundheit in Regensburg: Innovative Diagnostik, individuelle Therapie und pers\u00f6nliche Betreuung.","og_url":"https:\/\/endokrinologie.bayern\/regensburg-dez\/team\/verena-kammermeier\/","og_site_name":"ZES Regensburg DEZ","article_modified_time":"2025-07-08T08:33:24+00:00","twitter_card":"summary_large_image","schema":{"@context":"https:\/\/schema.org","@graph":[{"@type":"WebPage","@id":"https:\/\/endokrinologie.bayern\/regensburg-dez\/team\/verena-kammermeier\/","url":"https:\/\/endokrinologie.bayern\/regensburg-dez\/team\/verena-kammermeier\/","name":"ZES Regensburg (DEZ) - Verena Kammermeier","isPartOf":{"@id":"https:\/\/endokrinologie.bayern\/regensburg-dez\/#website"},"datePublished":"2025-07-08T08:33:17+00:00","dateModified":"2025-07-08T08:33:24+00:00","description":"Wir sind Ihr Ansprechpartner f\u00fcr hormonelle Gesundheit in Regensburg: Innovative Diagnostik, individuelle Therapie und pers\u00f6nliche Betreuung.","breadcrumb":{"@id":"https:\/\/endokrinologie.bayern\/regensburg-dez\/team\/verena-kammermeier\/#breadcrumb"},"inLanguage":"de","potentialAction":[{"@type":"ReadAction","target":["https:\/\/endokrinologie.bayern\/regensburg-dez\/team\/verena-kammermeier\/"]}]},{"@type":"BreadcrumbList","@id":"https:\/\/endokrinologie.bayern\/regensburg-dez\/team\/verena-kammermeier\/#breadcrumb","itemListElement":[{"@type":"ListItem","position":1,"name":"Startseite","item":"https:\/\/endokrinologie.bayern\/regensburg-dez\/"},{"@type":"ListItem","position":2,"name":"Team","item":"https:\/\/endokrinologie.bayern\/regensburg-dez\/team\/"},{"@type":"ListItem","position":3,"name":"Verena Kammermeier"}]},{"@type":"WebSite","@id":"https:\/\/endokrinologie.bayern\/regensburg-dez\/#website","url":"https:\/\/endokrinologie.bayern\/regensburg-dez\/","name":"Zentrum f\u00fcr Endokrinologie und Stoffwechsel Regensburg (DEZ)","description":"Hormone im Gleichgewicht","potentialAction":[{"@type":"SearchAction","target":{"@type":"EntryPoint","urlTemplate":"https:\/\/endokrinologie.bayern\/regensburg-dez\/?s={search_term_string}"},"query-input":{"@type":"PropertyValueSpecification","valueRequired":true,"valueName":"search_term_string"}}],"inLanguage":"de"}]}},"_links":{"self":[{"href":"https:\/\/endokrinologie.bayern\/regensburg-dez\/wp-json\/wp\/v2\/pages\/888","targetHints":{"allow":["GET"]}}],"collection":[{"href":"https:\/\/endokrinologie.bayern\/regensburg-dez\/wp-json\/wp\/v2\/pages"}],"about":[{"href":"https:\/\/endokrinologie.bayern\/regensburg-dez\/wp-json\/wp\/v2\/types\/page"}],"author":[{"embeddable":true,"href":"https:\/\/endokrinologie.bayern\/regensburg-dez\/wp-json\/wp\/v2\/users\/1"}],"replies":[{"embeddable":true,"href":"https:\/\/endokrinologie.bayern\/regensburg-dez\/wp-json\/wp\/v2\/comments?post=888"}],"version-history":[{"count":1,"href":"https:\/\/endokrinologie.bayern\/regensburg-dez\/wp-json\/wp\/v2\/pages\/888\/revisions"}],"predecessor-version":[{"id":889,"href":"https:\/\/endokrinologie.bayern\/regensburg-dez\/wp-json\/wp\/v2\/pages\/888\/revisions\/889"}],"up":[{"embeddable":true,"href":"https:\/\/endokrinologie.bayern\/regensburg-dez\/wp-json\/wp\/v2\/pages\/156"}],"wp:attachment":[{"href":"https:\/\/endokrinologie.bayern\/regensburg-dez\/wp-json\/wp\/v2\/media?parent=888"}],"wp:term":[{"taxonomy":"standort","embeddable":true,"href":"https:\/\/endokrinologie.bayern\/regensburg-dez\/wp-json\/wp\/v2\/standort?post=888"}],"curies":[{"name":"wp","href":"https:\/\/api.w.org\/{rel}","templated":true}]}}