{"id":804,"date":"2024-12-19T16:49:45","date_gmt":"2024-12-19T15:49:45","guid":{"rendered":"https:\/\/ita-staging.de\/zes\/regensburg-dez\/?page_id=804"},"modified":"2024-12-19T16:49:45","modified_gmt":"2024-12-19T15:49:45","slug":"hypophysenerkrankungen","status":"publish","type":"page","link":"https:\/\/endokrinologie.bayern\/regensburg-dez\/leistungen\/endokrinologie\/hypophysenerkrankungen\/","title":{"rendered":"Hypophysenerkrankungen"},"content":{"rendered":"\r\n    <div  class=\"simple-header-block\">\r\n        <div class=\"layout-s\">\r\n                            <div class=\"title\">\r\n                                        <h1>Hypophysenerkrankungen<\/h1>\r\n                <\/div>\r\n                                        <p class=\"subline\">Das hormonelle Zentrum im Fokus<\/p>\r\n                                        <p>Die Hypophyse, auch Hirnanhangsdr\u00fcse genannt, steuert als Schaltzentrale Ihres Hormonsystems viele essenzielle K\u00f6rperfunktionen. St\u00f6rungen wie hormonelle Ungleichgewichte, gutartige Tumore (Adenome) oder entz\u00fcndliche Prozesse k\u00f6nnen eine Vielzahl von Symptomen hervorrufen, die von M\u00fcdigkeit \u00fcber Stoffwechselst\u00f6rungen bis hin zu hormonellen Dysbalancen reichen.\r\n\r\nUnser erfahrenes Team bietet Ihnen eine pr\u00e4zise Diagnostik und individuell angepasste Therapieans\u00e4tze, um die Funktion Ihrer Hypophyse gezielt zu behandeln. Gemeinsam arbeiten wir daran, Ihre Gesundheit wieder ins Gleichgewicht zu bringen.<\/p>\r\n                                <\/div>\r\n    <\/div>\r\n\n\n\r\n\r\n  <div  class=\"fachbereiche-block white col-4\">\r\n\r\n<div class=\"fachbereiche\">\r\n  \r\n  <div class=\"items\" x-data=\"{ openItem: null }\">\r\n          <div class=\"item\"> \r\n          <div class=\"head-elm\">\r\n            <img decoding=\"async\" src=\"https:\/\/endokrinologie.bayern\/regensburg-dez\/wp-content\/themes\/zes_theme\/images\/icon-check.svg\" alt=\"icon\" title=\"icon\">  \r\n            <p class=\"\" @click=\"openItem = openItem === 'item-0' ? null : 'item-0'\"> \r\n                                                Prolaktinom                                                          \r\n                          <\/p>\r\n          <\/div>\r\n                  <div class=\"hidden-items\">\r\n                      <\/div> \r\n                          <\/div>\r\n            \r\n          <div class=\"item\"> \r\n          <div class=\"head-elm\">\r\n            <img decoding=\"async\" src=\"https:\/\/endokrinologie.bayern\/regensburg-dez\/wp-content\/themes\/zes_theme\/images\/icon-check.svg\" alt=\"icon\" title=\"icon\">  \r\n            <p class=\"\" @click=\"openItem = openItem === 'item-1' ? null : 'item-1'\"> \r\n                                                Cushing-Syndrom                                                          \r\n                          <\/p>\r\n          <\/div>\r\n                  <div class=\"hidden-items\">\r\n                      <\/div> \r\n                          <\/div>\r\n            \r\n          <div class=\"item\"> \r\n          <div class=\"head-elm\">\r\n            <img decoding=\"async\" src=\"https:\/\/endokrinologie.bayern\/regensburg-dez\/wp-content\/themes\/zes_theme\/images\/icon-check.svg\" alt=\"icon\" title=\"icon\">  \r\n            <p class=\"\" @click=\"openItem = openItem === 'item-2' ? null : 'item-2'\"> \r\n                                                Akromegalie                                                          \r\n                          <\/p>\r\n          <\/div>\r\n                  <div class=\"hidden-items\">\r\n                      <\/div> \r\n                          <\/div>\r\n            \r\n          <div class=\"item\"> \r\n          <div class=\"head-elm\">\r\n            <img decoding=\"async\" src=\"https:\/\/endokrinologie.bayern\/regensburg-dez\/wp-content\/themes\/zes_theme\/images\/icon-check.svg\" alt=\"icon\" title=\"icon\">  \r\n            <p class=\"\" @click=\"openItem = openItem === 'item-3' ? null : 'item-3'\"> \r\n                                                hormoninaktives Hypophysenadenom                                                          \r\n                          <\/p>\r\n          <\/div>\r\n                  <div class=\"hidden-items\">\r\n                      <\/div> \r\n                          <\/div>\r\n            \r\n          <div class=\"item\"> \r\n          <div class=\"head-elm\">\r\n            <img decoding=\"async\" src=\"https:\/\/endokrinologie.bayern\/regensburg-dez\/wp-content\/themes\/zes_theme\/images\/icon-check.svg\" alt=\"icon\" title=\"icon\">  \r\n            <p class=\"\" @click=\"openItem = openItem === 'item-4' ? null : 'item-4'\"> \r\n                                                Hypophyseninsuffizienz                                                          \r\n                          <\/p>\r\n          <\/div>\r\n                  <div class=\"hidden-items\">\r\n                      <\/div> \r\n                          <\/div>\r\n            \r\n          <div class=\"item\"> \r\n          <div class=\"head-elm\">\r\n            <img decoding=\"async\" src=\"https:\/\/endokrinologie.bayern\/regensburg-dez\/wp-content\/themes\/zes_theme\/images\/icon-check.svg\" alt=\"icon\" title=\"icon\">  \r\n            <p class=\"\" @click=\"openItem = openItem === 'item-5' ? null : 'item-5'\"> \r\n                                                Diabetes insipidus                                                          \r\n                          <\/p>\r\n          <\/div>\r\n                  <div class=\"hidden-items\">\r\n                      <\/div> \r\n                          <\/div>\r\n            \r\n      <\/div>\r\n\r\n        <a href=\"https:\/\/endokrinologie.bayern\/regensburg-dez\/leistungen\/endokrinologie\/\" class=\"btn-secondary\">\r\n        Zur Endokrinologie        <img decoding=\"async\" src=\"https:\/\/endokrinologie.bayern\/regensburg-dez\/wp-content\/themes\/zes_theme\/images\/btn-next-black.svg\" alt=\"btn-next\" title=\"btn-next\">\r\n      <\/a>\r\n  <\/div>\r\n\r\n<\/div>\r\n\r\n","protected":false},"excerpt":{"rendered":"","protected":false},"author":1,"featured_media":0,"parent":294,"menu_order":0,"comment_status":"closed","ping_status":"closed","template":"","meta":{"_acf_changed":false,"footnotes":""},"standort":[],"class_list":["post-804","page","type-page","status-publish","hentry"],"acf":[],"yoast_head":"<!-- This site is optimized with the Yoast SEO plugin v27.3 - https:\/\/yoast.com\/product\/yoast-seo-wordpress\/ -->\n<title>ZES Regensburg (DEZ) - Hypophysenerkrankungen<\/title>\n<meta name=\"description\" content=\"Wir sind Ihr Ansprechpartner f\u00fcr hormonelle Gesundheit in Regensburg: Innovative Diagnostik, individuelle Therapie und pers\u00f6nliche Betreuung.\" \/>\n<meta name=\"robots\" content=\"index, follow, max-snippet:-1, max-image-preview:large, max-video-preview:-1\" \/>\n<link rel=\"canonical\" href=\"https:\/\/endokrinologie.bayern\/regensburg-dez\/leistungen\/endokrinologie\/hypophysenerkrankungen\/\" \/>\n<meta property=\"og:locale\" content=\"de_DE\" \/>\n<meta property=\"og:type\" content=\"article\" \/>\n<meta property=\"og:title\" content=\"ZES Regensburg (DEZ) - Hypophysenerkrankungen\" \/>\n<meta property=\"og:description\" content=\"Wir sind Ihr Ansprechpartner f\u00fcr hormonelle Gesundheit in Regensburg: Innovative Diagnostik, individuelle Therapie und pers\u00f6nliche Betreuung.\" \/>\n<meta property=\"og:url\" content=\"https:\/\/endokrinologie.bayern\/regensburg-dez\/leistungen\/endokrinologie\/hypophysenerkrankungen\/\" \/>\n<meta property=\"og:site_name\" content=\"ZES Regensburg DEZ\" \/>\n<meta name=\"twitter:card\" content=\"summary_large_image\" \/>\n<script type=\"application\/ld+json\" class=\"yoast-schema-graph\">{\"@context\":\"https:\\\/\\\/schema.org\",\"@graph\":[{\"@type\":\"WebPage\",\"@id\":\"https:\\\/\\\/endokrinologie.bayern\\\/regensburg-dez\\\/leistungen\\\/endokrinologie\\\/hypophysenerkrankungen\\\/\",\"url\":\"https:\\\/\\\/endokrinologie.bayern\\\/regensburg-dez\\\/leistungen\\\/endokrinologie\\\/hypophysenerkrankungen\\\/\",\"name\":\"ZES Regensburg (DEZ) - Hypophysenerkrankungen\",\"isPartOf\":{\"@id\":\"https:\\\/\\\/endokrinologie.bayern\\\/regensburg-dez\\\/#website\"},\"datePublished\":\"2024-12-19T15:49:45+00:00\",\"description\":\"Wir sind Ihr Ansprechpartner f\u00fcr hormonelle Gesundheit in Regensburg: Innovative Diagnostik, individuelle Therapie und pers\u00f6nliche Betreuung.\",\"breadcrumb\":{\"@id\":\"https:\\\/\\\/endokrinologie.bayern\\\/regensburg-dez\\\/leistungen\\\/endokrinologie\\\/hypophysenerkrankungen\\\/#breadcrumb\"},\"inLanguage\":\"de\",\"potentialAction\":[{\"@type\":\"ReadAction\",\"target\":[\"https:\\\/\\\/endokrinologie.bayern\\\/regensburg-dez\\\/leistungen\\\/endokrinologie\\\/hypophysenerkrankungen\\\/\"]}]},{\"@type\":\"BreadcrumbList\",\"@id\":\"https:\\\/\\\/endokrinologie.bayern\\\/regensburg-dez\\\/leistungen\\\/endokrinologie\\\/hypophysenerkrankungen\\\/#breadcrumb\",\"itemListElement\":[{\"@type\":\"ListItem\",\"position\":1,\"name\":\"Startseite\",\"item\":\"https:\\\/\\\/endokrinologie.bayern\\\/regensburg-dez\\\/\"},{\"@type\":\"ListItem\",\"position\":2,\"name\":\"Leistungen\",\"item\":\"https:\\\/\\\/endokrinologie.bayern\\\/regensburg-dez\\\/leistungen\\\/\"},{\"@type\":\"ListItem\",\"position\":3,\"name\":\"Endokrinologie\",\"item\":\"https:\\\/\\\/endokrinologie.bayern\\\/regensburg-dez\\\/leistungen\\\/endokrinologie\\\/\"},{\"@type\":\"ListItem\",\"position\":4,\"name\":\"Hypophysenerkrankungen\"}]},{\"@type\":\"WebSite\",\"@id\":\"https:\\\/\\\/endokrinologie.bayern\\\/regensburg-dez\\\/#website\",\"url\":\"https:\\\/\\\/endokrinologie.bayern\\\/regensburg-dez\\\/\",\"name\":\"Zentrum f\u00fcr Endokrinologie und Stoffwechsel Regensburg (DEZ)\",\"description\":\"Hormone im Gleichgewicht\",\"potentialAction\":[{\"@type\":\"SearchAction\",\"target\":{\"@type\":\"EntryPoint\",\"urlTemplate\":\"https:\\\/\\\/endokrinologie.bayern\\\/regensburg-dez\\\/?s={search_term_string}\"},\"query-input\":{\"@type\":\"PropertyValueSpecification\",\"valueRequired\":true,\"valueName\":\"search_term_string\"}}],\"inLanguage\":\"de\"}]}<\/script>\n<!-- \/ Yoast SEO plugin. -->","yoast_head_json":{"title":"ZES Regensburg (DEZ) - Hypophysenerkrankungen","description":"Wir sind Ihr Ansprechpartner f\u00fcr hormonelle Gesundheit in Regensburg: Innovative Diagnostik, individuelle Therapie und pers\u00f6nliche Betreuung.","robots":{"index":"index","follow":"follow","max-snippet":"max-snippet:-1","max-image-preview":"max-image-preview:large","max-video-preview":"max-video-preview:-1"},"canonical":"https:\/\/endokrinologie.bayern\/regensburg-dez\/leistungen\/endokrinologie\/hypophysenerkrankungen\/","og_locale":"de_DE","og_type":"article","og_title":"ZES Regensburg (DEZ) - Hypophysenerkrankungen","og_description":"Wir sind Ihr Ansprechpartner f\u00fcr hormonelle Gesundheit in Regensburg: Innovative Diagnostik, individuelle Therapie und pers\u00f6nliche Betreuung.","og_url":"https:\/\/endokrinologie.bayern\/regensburg-dez\/leistungen\/endokrinologie\/hypophysenerkrankungen\/","og_site_name":"ZES Regensburg DEZ","twitter_card":"summary_large_image","schema":{"@context":"https:\/\/schema.org","@graph":[{"@type":"WebPage","@id":"https:\/\/endokrinologie.bayern\/regensburg-dez\/leistungen\/endokrinologie\/hypophysenerkrankungen\/","url":"https:\/\/endokrinologie.bayern\/regensburg-dez\/leistungen\/endokrinologie\/hypophysenerkrankungen\/","name":"ZES Regensburg (DEZ) - Hypophysenerkrankungen","isPartOf":{"@id":"https:\/\/endokrinologie.bayern\/regensburg-dez\/#website"},"datePublished":"2024-12-19T15:49:45+00:00","description":"Wir sind Ihr Ansprechpartner f\u00fcr hormonelle Gesundheit in Regensburg: Innovative Diagnostik, individuelle Therapie und pers\u00f6nliche Betreuung.","breadcrumb":{"@id":"https:\/\/endokrinologie.bayern\/regensburg-dez\/leistungen\/endokrinologie\/hypophysenerkrankungen\/#breadcrumb"},"inLanguage":"de","potentialAction":[{"@type":"ReadAction","target":["https:\/\/endokrinologie.bayern\/regensburg-dez\/leistungen\/endokrinologie\/hypophysenerkrankungen\/"]}]},{"@type":"BreadcrumbList","@id":"https:\/\/endokrinologie.bayern\/regensburg-dez\/leistungen\/endokrinologie\/hypophysenerkrankungen\/#breadcrumb","itemListElement":[{"@type":"ListItem","position":1,"name":"Startseite","item":"https:\/\/endokrinologie.bayern\/regensburg-dez\/"},{"@type":"ListItem","position":2,"name":"Leistungen","item":"https:\/\/endokrinologie.bayern\/regensburg-dez\/leistungen\/"},{"@type":"ListItem","position":3,"name":"Endokrinologie","item":"https:\/\/endokrinologie.bayern\/regensburg-dez\/leistungen\/endokrinologie\/"},{"@type":"ListItem","position":4,"name":"Hypophysenerkrankungen"}]},{"@type":"WebSite","@id":"https:\/\/endokrinologie.bayern\/regensburg-dez\/#website","url":"https:\/\/endokrinologie.bayern\/regensburg-dez\/","name":"Zentrum f\u00fcr Endokrinologie und Stoffwechsel Regensburg (DEZ)","description":"Hormone im Gleichgewicht","potentialAction":[{"@type":"SearchAction","target":{"@type":"EntryPoint","urlTemplate":"https:\/\/endokrinologie.bayern\/regensburg-dez\/?s={search_term_string}"},"query-input":{"@type":"PropertyValueSpecification","valueRequired":true,"valueName":"search_term_string"}}],"inLanguage":"de"}]}},"_links":{"self":[{"href":"https:\/\/endokrinologie.bayern\/regensburg-dez\/wp-json\/wp\/v2\/pages\/804","targetHints":{"allow":["GET"]}}],"collection":[{"href":"https:\/\/endokrinologie.bayern\/regensburg-dez\/wp-json\/wp\/v2\/pages"}],"about":[{"href":"https:\/\/endokrinologie.bayern\/regensburg-dez\/wp-json\/wp\/v2\/types\/page"}],"author":[{"embeddable":true,"href":"https:\/\/endokrinologie.bayern\/regensburg-dez\/wp-json\/wp\/v2\/users\/1"}],"replies":[{"embeddable":true,"href":"https:\/\/endokrinologie.bayern\/regensburg-dez\/wp-json\/wp\/v2\/comments?post=804"}],"version-history":[{"count":1,"href":"https:\/\/endokrinologie.bayern\/regensburg-dez\/wp-json\/wp\/v2\/pages\/804\/revisions"}],"predecessor-version":[{"id":805,"href":"https:\/\/endokrinologie.bayern\/regensburg-dez\/wp-json\/wp\/v2\/pages\/804\/revisions\/805"}],"up":[{"embeddable":true,"href":"https:\/\/endokrinologie.bayern\/regensburg-dez\/wp-json\/wp\/v2\/pages\/294"}],"wp:attachment":[{"href":"https:\/\/endokrinologie.bayern\/regensburg-dez\/wp-json\/wp\/v2\/media?parent=804"}],"wp:term":[{"taxonomy":"standort","embeddable":true,"href":"https:\/\/endokrinologie.bayern\/regensburg-dez\/wp-json\/wp\/v2\/standort?post=804"}],"curies":[{"name":"wp","href":"https:\/\/api.w.org\/{rel}","templated":true}]}}