{"id":802,"date":"2024-12-19T16:47:59","date_gmt":"2024-12-19T15:47:59","guid":{"rendered":"https:\/\/ita-staging.de\/zes\/regensburg-dez\/?page_id=802"},"modified":"2024-12-19T16:47:59","modified_gmt":"2024-12-19T15:47:59","slug":"schilddruesenerkrankungen","status":"publish","type":"page","link":"https:\/\/endokrinologie.bayern\/regensburg-dez\/leistungen\/endokrinologie\/schilddruesenerkrankungen\/","title":{"rendered":"Schilddr\u00fcsenerkrankungen"},"content":{"rendered":"\r\n    <div  class=\"simple-header-block\">\r\n        <div class=\"layout-s\">\r\n                            <div class=\"title\">\r\n                                        <h1>Schilddr\u00fcsenerkrankungen<\/h1>\r\n                <\/div>\r\n                                        <p class=\"subline\">F\u00fcr Ihre Gesundheit und Balance<\/p>\r\n                                        <p>Die Schilddr\u00fcse ist ein zentraler Bestandteil Ihres Hormonsystems und beeinflusst viele lebenswichtige Prozesse \u2013 von Ihrem Energiehaushalt bis zur Regulierung des Stoffwechsels. Erkrankungen wie Schilddr\u00fcsen\u00fcber- oder -unterfunktion, Knotenbildungen oder Autoimmunerkrankungen wie Hashimoto-Thyreoiditis und Morbus Basedow k\u00f6nnen vielf\u00e4ltige Beschwerden hervorrufen.\r\n\r\nWir setzen auf modernste Diagnostik und ma\u00dfgeschneiderte Behandlungsans\u00e4tze, um die Funktion Ihrer Schilddr\u00fcse zu unterst\u00fctzen und Ihre Lebensqualit\u00e4t zu steigern. Lassen Sie uns gemeinsam f\u00fcr Ihr hormonelles Gleichgewicht sorgen.<\/p>\r\n                                <\/div>\r\n    <\/div>\r\n\n\n\r\n\r\n  <div  class=\"fachbereiche-block white col-4\">\r\n\r\n<div class=\"fachbereiche\">\r\n  \r\n  <div class=\"items\" x-data=\"{ openItem: null }\">\r\n          <div class=\"item\"> \r\n          <div class=\"head-elm\">\r\n            <img decoding=\"async\" src=\"https:\/\/endokrinologie.bayern\/regensburg-dez\/wp-content\/themes\/zes_theme\/images\/icon-check.svg\" alt=\"icon\" title=\"icon\">  \r\n            <p class=\"\" @click=\"openItem = openItem === 'item-0' ? null : 'item-0'\"> \r\n                                                Schilddr\u00fcsenunterfunktion                                                          \r\n                          <\/p>\r\n          <\/div>\r\n                  <div class=\"hidden-items\">\r\n                      <\/div> \r\n                          <\/div>\r\n            \r\n          <div class=\"item\"> \r\n          <div class=\"head-elm\">\r\n            <img decoding=\"async\" src=\"https:\/\/endokrinologie.bayern\/regensburg-dez\/wp-content\/themes\/zes_theme\/images\/icon-check.svg\" alt=\"icon\" title=\"icon\">  \r\n            <p class=\"\" @click=\"openItem = openItem === 'item-1' ? null : 'item-1'\"> \r\n                                                Schilddr\u00fcsen\u00fcberfunktion                                                          \r\n                          <\/p>\r\n          <\/div>\r\n                  <div class=\"hidden-items\">\r\n                      <\/div> \r\n                          <\/div>\r\n            \r\n          <div class=\"item\"> \r\n          <div class=\"head-elm\">\r\n            <img decoding=\"async\" src=\"https:\/\/endokrinologie.bayern\/regensburg-dez\/wp-content\/themes\/zes_theme\/images\/icon-check.svg\" alt=\"icon\" title=\"icon\">  \r\n            <p class=\"\" @click=\"openItem = openItem === 'item-2' ? null : 'item-2'\"> \r\n                                                Morbus Basedow                                                          \r\n                          <\/p>\r\n          <\/div>\r\n                  <div class=\"hidden-items\">\r\n                      <\/div> \r\n                          <\/div>\r\n            \r\n          <div class=\"item\"> \r\n          <div class=\"head-elm\">\r\n            <img decoding=\"async\" src=\"https:\/\/endokrinologie.bayern\/regensburg-dez\/wp-content\/themes\/zes_theme\/images\/icon-check.svg\" alt=\"icon\" title=\"icon\">  \r\n            <p class=\"\" @click=\"openItem = openItem === 'item-3' ? null : 'item-3'\"> \r\n                                                Autoimmunthyreoiditis(Hashimoto-Thyreoiditis)                                                          \r\n                          <\/p>\r\n          <\/div>\r\n                  <div class=\"hidden-items\">\r\n                      <\/div> \r\n                          <\/div>\r\n            \r\n          <div class=\"item\"> \r\n          <div class=\"head-elm\">\r\n            <img decoding=\"async\" src=\"https:\/\/endokrinologie.bayern\/regensburg-dez\/wp-content\/themes\/zes_theme\/images\/icon-check.svg\" alt=\"icon\" title=\"icon\">  \r\n            <p class=\"\" @click=\"openItem = openItem === 'item-4' ? null : 'item-4'\"> \r\n                                                Schilddr\u00fcsenknoten                                                          \r\n                          <\/p>\r\n          <\/div>\r\n                  <div class=\"hidden-items\">\r\n                      <\/div> \r\n                          <\/div>\r\n            \r\n          <div class=\"item\"> \r\n          <div class=\"head-elm\">\r\n            <img decoding=\"async\" src=\"https:\/\/endokrinologie.bayern\/regensburg-dez\/wp-content\/themes\/zes_theme\/images\/icon-check.svg\" alt=\"icon\" title=\"icon\">  \r\n            <p class=\"\" @click=\"openItem = openItem === 'item-5' ? null : 'item-5'\"> \r\n                                                subakute Thyreoiditis De Quervain                                                          \r\n                          <\/p>\r\n          <\/div>\r\n                  <div class=\"hidden-items\">\r\n                      <\/div> \r\n                          <\/div>\r\n            \r\n          <div class=\"item\"> \r\n          <div class=\"head-elm\">\r\n            <img decoding=\"async\" src=\"https:\/\/endokrinologie.bayern\/regensburg-dez\/wp-content\/themes\/zes_theme\/images\/icon-check.svg\" alt=\"icon\" title=\"icon\">  \r\n            <p class=\"\" @click=\"openItem = openItem === 'item-6' ? null : 'item-6'\"> \r\n                                                Schilddr\u00fcsenkrebs                                                          \r\n                          <\/p>\r\n          <\/div>\r\n                  <div class=\"hidden-items\">\r\n                      <\/div> \r\n                          <\/div>\r\n            \r\n      <\/div>\r\n\r\n        <a href=\"https:\/\/endokrinologie.bayern\/regensburg-dez\/leistungen\/endokrinologie\/\" class=\"btn-secondary\">\r\n        Zur Endokrinologie        <img decoding=\"async\" src=\"https:\/\/endokrinologie.bayern\/regensburg-dez\/wp-content\/themes\/zes_theme\/images\/btn-next-black.svg\" alt=\"btn-next\" title=\"btn-next\">\r\n      <\/a>\r\n  <\/div>\r\n\r\n<\/div>\r\n\r\n","protected":false},"excerpt":{"rendered":"","protected":false},"author":1,"featured_media":0,"parent":294,"menu_order":0,"comment_status":"closed","ping_status":"closed","template":"","meta":{"_acf_changed":false,"footnotes":""},"standort":[],"class_list":["post-802","page","type-page","status-publish","hentry"],"acf":[],"yoast_head":"<!-- This site is optimized with the Yoast SEO plugin v27.3 - https:\/\/yoast.com\/product\/yoast-seo-wordpress\/ -->\n<title>ZES Regensburg (DEZ) - Schilddr\u00fcsenerkrankungen<\/title>\n<meta name=\"description\" content=\"Wir sind Ihr Ansprechpartner f\u00fcr hormonelle Gesundheit in Regensburg: Innovative Diagnostik, individuelle Therapie und pers\u00f6nliche Betreuung.\" \/>\n<meta name=\"robots\" content=\"index, follow, max-snippet:-1, max-image-preview:large, max-video-preview:-1\" \/>\n<link rel=\"canonical\" href=\"https:\/\/endokrinologie.bayern\/regensburg-dez\/leistungen\/endokrinologie\/schilddruesenerkrankungen\/\" \/>\n<meta property=\"og:locale\" content=\"de_DE\" \/>\n<meta property=\"og:type\" content=\"article\" \/>\n<meta property=\"og:title\" content=\"ZES Regensburg (DEZ) - Schilddr\u00fcsenerkrankungen\" \/>\n<meta property=\"og:description\" content=\"Wir sind Ihr Ansprechpartner f\u00fcr hormonelle Gesundheit in Regensburg: Innovative Diagnostik, individuelle Therapie und pers\u00f6nliche Betreuung.\" \/>\n<meta property=\"og:url\" content=\"https:\/\/endokrinologie.bayern\/regensburg-dez\/leistungen\/endokrinologie\/schilddruesenerkrankungen\/\" \/>\n<meta property=\"og:site_name\" content=\"ZES Regensburg DEZ\" \/>\n<meta name=\"twitter:card\" content=\"summary_large_image\" \/>\n<script type=\"application\/ld+json\" class=\"yoast-schema-graph\">{\"@context\":\"https:\\\/\\\/schema.org\",\"@graph\":[{\"@type\":\"WebPage\",\"@id\":\"https:\\\/\\\/endokrinologie.bayern\\\/regensburg-dez\\\/leistungen\\\/endokrinologie\\\/schilddruesenerkrankungen\\\/\",\"url\":\"https:\\\/\\\/endokrinologie.bayern\\\/regensburg-dez\\\/leistungen\\\/endokrinologie\\\/schilddruesenerkrankungen\\\/\",\"name\":\"ZES Regensburg (DEZ) - Schilddr\u00fcsenerkrankungen\",\"isPartOf\":{\"@id\":\"https:\\\/\\\/endokrinologie.bayern\\\/regensburg-dez\\\/#website\"},\"datePublished\":\"2024-12-19T15:47:59+00:00\",\"description\":\"Wir sind Ihr Ansprechpartner f\u00fcr hormonelle Gesundheit in Regensburg: Innovative Diagnostik, individuelle Therapie und pers\u00f6nliche Betreuung.\",\"breadcrumb\":{\"@id\":\"https:\\\/\\\/endokrinologie.bayern\\\/regensburg-dez\\\/leistungen\\\/endokrinologie\\\/schilddruesenerkrankungen\\\/#breadcrumb\"},\"inLanguage\":\"de\",\"potentialAction\":[{\"@type\":\"ReadAction\",\"target\":[\"https:\\\/\\\/endokrinologie.bayern\\\/regensburg-dez\\\/leistungen\\\/endokrinologie\\\/schilddruesenerkrankungen\\\/\"]}]},{\"@type\":\"BreadcrumbList\",\"@id\":\"https:\\\/\\\/endokrinologie.bayern\\\/regensburg-dez\\\/leistungen\\\/endokrinologie\\\/schilddruesenerkrankungen\\\/#breadcrumb\",\"itemListElement\":[{\"@type\":\"ListItem\",\"position\":1,\"name\":\"Startseite\",\"item\":\"https:\\\/\\\/endokrinologie.bayern\\\/regensburg-dez\\\/\"},{\"@type\":\"ListItem\",\"position\":2,\"name\":\"Leistungen\",\"item\":\"https:\\\/\\\/endokrinologie.bayern\\\/regensburg-dez\\\/leistungen\\\/\"},{\"@type\":\"ListItem\",\"position\":3,\"name\":\"Endokrinologie\",\"item\":\"https:\\\/\\\/endokrinologie.bayern\\\/regensburg-dez\\\/leistungen\\\/endokrinologie\\\/\"},{\"@type\":\"ListItem\",\"position\":4,\"name\":\"Schilddr\u00fcsenerkrankungen\"}]},{\"@type\":\"WebSite\",\"@id\":\"https:\\\/\\\/endokrinologie.bayern\\\/regensburg-dez\\\/#website\",\"url\":\"https:\\\/\\\/endokrinologie.bayern\\\/regensburg-dez\\\/\",\"name\":\"Zentrum f\u00fcr Endokrinologie und Stoffwechsel Regensburg (DEZ)\",\"description\":\"Hormone im Gleichgewicht\",\"potentialAction\":[{\"@type\":\"SearchAction\",\"target\":{\"@type\":\"EntryPoint\",\"urlTemplate\":\"https:\\\/\\\/endokrinologie.bayern\\\/regensburg-dez\\\/?s={search_term_string}\"},\"query-input\":{\"@type\":\"PropertyValueSpecification\",\"valueRequired\":true,\"valueName\":\"search_term_string\"}}],\"inLanguage\":\"de\"}]}<\/script>\n<!-- \/ Yoast SEO plugin. -->","yoast_head_json":{"title":"ZES Regensburg (DEZ) - Schilddr\u00fcsenerkrankungen","description":"Wir sind Ihr Ansprechpartner f\u00fcr hormonelle Gesundheit in Regensburg: Innovative Diagnostik, individuelle Therapie und pers\u00f6nliche Betreuung.","robots":{"index":"index","follow":"follow","max-snippet":"max-snippet:-1","max-image-preview":"max-image-preview:large","max-video-preview":"max-video-preview:-1"},"canonical":"https:\/\/endokrinologie.bayern\/regensburg-dez\/leistungen\/endokrinologie\/schilddruesenerkrankungen\/","og_locale":"de_DE","og_type":"article","og_title":"ZES Regensburg (DEZ) - Schilddr\u00fcsenerkrankungen","og_description":"Wir sind Ihr Ansprechpartner f\u00fcr hormonelle Gesundheit in Regensburg: Innovative Diagnostik, individuelle Therapie und pers\u00f6nliche Betreuung.","og_url":"https:\/\/endokrinologie.bayern\/regensburg-dez\/leistungen\/endokrinologie\/schilddruesenerkrankungen\/","og_site_name":"ZES Regensburg DEZ","twitter_card":"summary_large_image","schema":{"@context":"https:\/\/schema.org","@graph":[{"@type":"WebPage","@id":"https:\/\/endokrinologie.bayern\/regensburg-dez\/leistungen\/endokrinologie\/schilddruesenerkrankungen\/","url":"https:\/\/endokrinologie.bayern\/regensburg-dez\/leistungen\/endokrinologie\/schilddruesenerkrankungen\/","name":"ZES Regensburg (DEZ) - Schilddr\u00fcsenerkrankungen","isPartOf":{"@id":"https:\/\/endokrinologie.bayern\/regensburg-dez\/#website"},"datePublished":"2024-12-19T15:47:59+00:00","description":"Wir sind Ihr Ansprechpartner f\u00fcr hormonelle Gesundheit in Regensburg: Innovative Diagnostik, individuelle Therapie und pers\u00f6nliche Betreuung.","breadcrumb":{"@id":"https:\/\/endokrinologie.bayern\/regensburg-dez\/leistungen\/endokrinologie\/schilddruesenerkrankungen\/#breadcrumb"},"inLanguage":"de","potentialAction":[{"@type":"ReadAction","target":["https:\/\/endokrinologie.bayern\/regensburg-dez\/leistungen\/endokrinologie\/schilddruesenerkrankungen\/"]}]},{"@type":"BreadcrumbList","@id":"https:\/\/endokrinologie.bayern\/regensburg-dez\/leistungen\/endokrinologie\/schilddruesenerkrankungen\/#breadcrumb","itemListElement":[{"@type":"ListItem","position":1,"name":"Startseite","item":"https:\/\/endokrinologie.bayern\/regensburg-dez\/"},{"@type":"ListItem","position":2,"name":"Leistungen","item":"https:\/\/endokrinologie.bayern\/regensburg-dez\/leistungen\/"},{"@type":"ListItem","position":3,"name":"Endokrinologie","item":"https:\/\/endokrinologie.bayern\/regensburg-dez\/leistungen\/endokrinologie\/"},{"@type":"ListItem","position":4,"name":"Schilddr\u00fcsenerkrankungen"}]},{"@type":"WebSite","@id":"https:\/\/endokrinologie.bayern\/regensburg-dez\/#website","url":"https:\/\/endokrinologie.bayern\/regensburg-dez\/","name":"Zentrum f\u00fcr Endokrinologie und Stoffwechsel Regensburg (DEZ)","description":"Hormone im Gleichgewicht","potentialAction":[{"@type":"SearchAction","target":{"@type":"EntryPoint","urlTemplate":"https:\/\/endokrinologie.bayern\/regensburg-dez\/?s={search_term_string}"},"query-input":{"@type":"PropertyValueSpecification","valueRequired":true,"valueName":"search_term_string"}}],"inLanguage":"de"}]}},"_links":{"self":[{"href":"https:\/\/endokrinologie.bayern\/regensburg-dez\/wp-json\/wp\/v2\/pages\/802","targetHints":{"allow":["GET"]}}],"collection":[{"href":"https:\/\/endokrinologie.bayern\/regensburg-dez\/wp-json\/wp\/v2\/pages"}],"about":[{"href":"https:\/\/endokrinologie.bayern\/regensburg-dez\/wp-json\/wp\/v2\/types\/page"}],"author":[{"embeddable":true,"href":"https:\/\/endokrinologie.bayern\/regensburg-dez\/wp-json\/wp\/v2\/users\/1"}],"replies":[{"embeddable":true,"href":"https:\/\/endokrinologie.bayern\/regensburg-dez\/wp-json\/wp\/v2\/comments?post=802"}],"version-history":[{"count":1,"href":"https:\/\/endokrinologie.bayern\/regensburg-dez\/wp-json\/wp\/v2\/pages\/802\/revisions"}],"predecessor-version":[{"id":803,"href":"https:\/\/endokrinologie.bayern\/regensburg-dez\/wp-json\/wp\/v2\/pages\/802\/revisions\/803"}],"up":[{"embeddable":true,"href":"https:\/\/endokrinologie.bayern\/regensburg-dez\/wp-json\/wp\/v2\/pages\/294"}],"wp:attachment":[{"href":"https:\/\/endokrinologie.bayern\/regensburg-dez\/wp-json\/wp\/v2\/media?parent=802"}],"wp:term":[{"taxonomy":"standort","embeddable":true,"href":"https:\/\/endokrinologie.bayern\/regensburg-dez\/wp-json\/wp\/v2\/standort?post=802"}],"curies":[{"name":"wp","href":"https:\/\/api.w.org\/{rel}","templated":true}]}}