{"id":298,"date":"2024-07-03T23:55:08","date_gmt":"2024-07-03T21:55:08","guid":{"rendered":"https:\/\/ita-staging.de\/zes\/regensburg-dez\/?page_id=298"},"modified":"2024-12-18T18:41:39","modified_gmt":"2024-12-18T17:41:39","slug":"praeventionsmedizin","status":"publish","type":"page","link":"https:\/\/endokrinologie.bayern\/regensburg-dez\/leistungen\/praeventionsmedizin\/","title":{"rendered":"Pr\u00e4ventionsmedizin"},"content":{"rendered":"\r\n    <div  class=\"simple-header-block\">\r\n        <div class=\"layout-s\">\r\n                            <div class=\"title\">\r\n                                            <img decoding=\"async\" src=\"https:\/\/endokrinologie.bayern\/regensburg-dez\/wp-content\/uploads\/sites\/5\/2024\/11\/icon-ver-praeventionsmedizin.svg\" alt=\"icon-ver-praeventionsmedizin\"> \r\n                                        <h1>Pr\u00e4ventionsmedizin in Regensburg DEZ<\/h1>\r\n                <\/div>\r\n                                        <p class=\"subline\"> Ihr Weg zu einem ges\u00fcnderen Leben<\/p>\r\n                                        <p>Pr\u00e4ventionsmedizin konzentriert sich darauf, Krankheiten vorzubeugen und die allgemeine Gesundheit zu f\u00f6rdern. In unserer Praxis in Regensburg bieten wir verschiedene Ma\u00dfnahmen an, darunter Impfungen, regelm\u00e4\u00dfige Vorsorgeuntersuchungen, umfassende Lebensstilberatung und Bildungsprogramme zur F\u00f6rderung gesunder Verhaltensweisen. Unser Hauptziel ist es, Krankheiten zu verhindern, bevor sie entstehen, und somit die Lebensqualit\u00e4t unserer Patienten zu verbessern.<\/p>\r\n                                <\/div>\r\n    <\/div>\r\n\n\n\r\n\r\n  <div  class=\"fachbereiche-block white col-4\">\r\n\r\n<div class=\"layout\">\r\n      <h3>Unsere spezialisierten Leistungen<\/h3>\r\n  \r\n  <div class=\"items\" x-data=\"{ openItem: null }\">\r\n          <div class=\"item\"> \r\n          <div class=\"head-elm\">\r\n            <img decoding=\"async\" src=\"https:\/\/endokrinologie.bayern\/regensburg-dez\/wp-content\/themes\/zes_theme\/images\/icon-check.svg\" alt=\"icon\" title=\"icon\">  \r\n            <p class=\"\" @click=\"openItem = openItem === 'item-0' ? null : 'item-0'\"> \r\n                                                Regelm\u00e4\u00dfige Gesundheitschecks                                <\/b>\r\n                                                          \r\n                          <\/p>\r\n          <\/div>\r\n                        <\/div>\r\n                          \r\n          <div class=\"item\"> \r\n          <div class=\"head-elm\">\r\n            <img decoding=\"async\" src=\"https:\/\/endokrinologie.bayern\/regensburg-dez\/wp-content\/themes\/zes_theme\/images\/icon-check.svg\" alt=\"icon\" title=\"icon\">  \r\n            <p class=\"\" @click=\"openItem = openItem === 'item-1' ? null : 'item-1'\"> \r\n                                                Impfungen                                <\/b>\r\n                                                          \r\n                          <\/p>\r\n          <\/div>\r\n                        <\/div>\r\n                          \r\n          <div class=\"item\"> \r\n          <div class=\"head-elm\">\r\n            <img decoding=\"async\" src=\"https:\/\/endokrinologie.bayern\/regensburg-dez\/wp-content\/themes\/zes_theme\/images\/icon-check.svg\" alt=\"icon\" title=\"icon\">  \r\n            <p class=\"\" @click=\"openItem = openItem === 'item-2' ? null : 'item-2'\"> \r\n                                                Ern\u00e4hrungsberatung                                <\/b>\r\n                                                          \r\n                          <\/p>\r\n          <\/div>\r\n                        <\/div>\r\n                          \r\n          <div class=\"item\"> \r\n          <div class=\"head-elm\">\r\n            <img decoding=\"async\" src=\"https:\/\/endokrinologie.bayern\/regensburg-dez\/wp-content\/themes\/zes_theme\/images\/icon-check.svg\" alt=\"icon\" title=\"icon\">  \r\n            <p class=\"\" @click=\"openItem = openItem === 'item-3' ? null : 'item-3'\"> \r\n                                                Bewegungsprogramme                                <\/b>\r\n                                                          \r\n                          <\/p>\r\n          <\/div>\r\n                        <\/div>\r\n                          \r\n          <div class=\"item\"> \r\n          <div class=\"head-elm\">\r\n            <img decoding=\"async\" src=\"https:\/\/endokrinologie.bayern\/regensburg-dez\/wp-content\/themes\/zes_theme\/images\/icon-check.svg\" alt=\"icon\" title=\"icon\">  \r\n            <p class=\"\" @click=\"openItem = openItem === 'item-4' ? null : 'item-4'\"> \r\n                                                Stressmanagement                                <\/b>\r\n                                                          \r\n                          <\/p>\r\n          <\/div>\r\n                        <\/div>\r\n                          \r\n      <\/div>\r\n\r\n        <a href=\"https:\/\/endokrinologie.bayern\/regensburg-dez\/team\/\" class=\"btn-secondary\">\r\n        Zu unserem Team        <img decoding=\"async\" src=\"https:\/\/endokrinologie.bayern\/regensburg-dez\/wp-content\/themes\/zes_theme\/images\/btn-next-black.svg\" alt=\"btn-next\" title=\"btn-next\">\r\n      <\/a>\r\n  <\/div>\r\n\r\n<\/div>\r\n\r\n\n\n\r\n\r\n    <div  class=\"kachel-block leistungen\"> \r\n      <div class=\"layout-s\">\r\n                   <h3>Weitere Behandlungsschwerpunkte<\/h3>\r\n                \r\n\r\n        <div class=\"kacheln \">\r\n                      <div class=\"kachel \">\r\n                              <a href=\"https:\/\/endokrinologie.bayern\/regensburg-dez\/leistungen\/endokrinologie\/\">\r\n                                                <p class=\"title\">\r\n                    Endokrinologie                  <\/p>\r\n                                                                  <img src='https:\/\/endokrinologie.bayern\/regensburg-dez\/wp-content\/uploads\/sites\/5\/2024\/07\/icon-ver-endokrenologie.svg' alt='' title='icon-ver-endokrenologie'>\r\n                                                  <p class=\"btn-secondary\">Mehr erfahren\r\n                    <img decoding=\"async\" src=\"https:\/\/endokrinologie.bayern\/wp-content\/themes\/zes_theme\/images\/btn-next-black.svg\" alt=\"btn-next\" title=\"btn-next\">\r\n                  <\/p>\r\n                                              <\/a>\r\n                          <\/div>\r\n                      <div class=\"kachel \">\r\n                              <a href=\"https:\/\/endokrinologie.bayern\/regensburg-dez\/leistungen\/adipositas\/\">\r\n                                                <p class=\"title\">\r\n                    Adipositas  (\u00dcbergewicht)                  <\/p>\r\n                                                                  <img src='https:\/\/endokrinologie.bayern\/regensburg-dez\/wp-content\/uploads\/sites\/5\/2024\/07\/icon-ver-adipositas-24.svg' alt='' title='icon-ver-adipositas-24'>\r\n                                                  <p class=\"btn-secondary\">Mehr erfahren\r\n                    <img decoding=\"async\" src=\"https:\/\/endokrinologie.bayern\/wp-content\/themes\/zes_theme\/images\/btn-next-black.svg\" alt=\"btn-next\" title=\"btn-next\">\r\n                  <\/p>\r\n                                              <\/a>\r\n                          <\/div>\r\n                      <div class=\"kachel \">\r\n                              <a href=\"https:\/\/endokrinologie.bayern\/regensburg-dez\/leistungen\/diabetologie\/\">\r\n                                                <p class=\"title\">\r\n                    Diabetologie                  <\/p>\r\n                                                                  <img src='https:\/\/endokrinologie.bayern\/regensburg-dez\/wp-content\/uploads\/sites\/5\/2024\/07\/icon-finger.svg' alt='' title='icon-finger'>\r\n                                                  <p class=\"btn-secondary\">Mehr erfahren\r\n                    <img decoding=\"async\" src=\"https:\/\/endokrinologie.bayern\/wp-content\/themes\/zes_theme\/images\/btn-next-black.svg\" alt=\"btn-next\" title=\"btn-next\">\r\n                  <\/p>\r\n                                              <\/a>\r\n                          <\/div>\r\n                      <div class=\"kachel \">\r\n                              <a href=\"https:\/\/endokrinologie.bayern\/regensburg-dez\/leistungen\/osteologie\/\">\r\n                                                <p class=\"title\">\r\n                    Osteologie                  <\/p>\r\n                                                                  <img src='https:\/\/endokrinologie.bayern\/regensburg-dez\/wp-content\/uploads\/sites\/5\/2024\/07\/icon-osteoporose_24.svg' alt='' title='icon-osteoporose_24'>\r\n                                                  <p class=\"btn-secondary\">Mehr erfahren\r\n                    <img decoding=\"async\" src=\"https:\/\/endokrinologie.bayern\/wp-content\/themes\/zes_theme\/images\/btn-next-black.svg\" alt=\"btn-next\" title=\"btn-next\">\r\n                  <\/p>\r\n                                              <\/a>\r\n                          <\/div>\r\n                      <div class=\"kachel \">\r\n                              <a href=\"https:\/\/endokrinologie.bayern\/regensburg-dez\/leistungen\/ernaehrungsberatung\/\">\r\n                                                <p class=\"title\">\r\n                    Ern\u00e4hrungs- beratung                  <\/p>\r\n                                                                  <img src='https:\/\/endokrinologie.bayern\/regensburg-dez\/wp-content\/uploads\/sites\/5\/2024\/07\/icon-ernaehrungsberatung.svg' alt='' title='icon-ernaehrungsberatung'>\r\n                                                  <p class=\"btn-secondary\">Mehr erfahren\r\n                    <img decoding=\"async\" src=\"https:\/\/endokrinologie.bayern\/wp-content\/themes\/zes_theme\/images\/btn-next-black.svg\" alt=\"btn-next\" title=\"btn-next\">\r\n                  <\/p>\r\n                                              <\/a>\r\n                          <\/div>\r\n                  <\/div>\r\n\r\n                    <a href=\"https:\/\/endokrinologie.bayern\/regensburg-dez\/leistungen\/\" class=\"btn-primary \">\r\n              Zu der Leistungs\u00fcbersicht              <img decoding=\"async\" src=\"https:\/\/endokrinologie.bayern\/wp-content\/themes\/zes_theme\/images\/btn-next.svg\" alt=\"btn next\" title=\"btn next\">\r\n            <\/a>\r\n              <\/div>\r\n    <\/div>\r\n\r\n\n\n    <div  class=\"accordion-block \">\r\n        <div class=\"layout-s\">\r\n                            <h3>Infopool<\/h3>\r\n            \r\n            <div class=\"accordion\" x-data=\"{ open: null }\">\r\n                                        <div class=\"item\">\r\n                            <button @click=\"open = open === 0 ? null : 0\">\r\n                                Was ist das Hauptziel der Pr\u00e4ventionsmedizin?                                <img decoding=\"async\" x-show=\"open !== 0\" \r\n                                     src=\"https:\/\/endokrinologie.bayern\/regensburg-dez\/wp-content\/themes\/zes_theme\/images\/acc_closed.svg\" \r\n                                     alt=\"Closed\" style=\"display: none;\">\r\n                                <img decoding=\"async\" x-show=\"open === 0\" \r\n                                     src=\"https:\/\/endokrinologie.bayern\/regensburg-dez\/wp-content\/themes\/zes_theme\/images\/acc_open.svg\" \r\n                                     alt=\"Open\" style=\"display: none;\">\r\n                            <\/button>\r\n                            <div x-show=\"open === 0\" x-collapse class=\"content\">\r\n                                <p>Das Hauptziel der Pr\u00e4ventionsmedizin ist es, Krankheiten zu verhindern, bevor sie auftreten, und die allgemeine Lebensqualit\u00e4t zu verbessern.<\/p>\n                            <\/div>\r\n                        <\/div>\r\n                                                            <div class=\"item\">\r\n                            <button @click=\"open = open === 1 ? null : 1\">\r\n                                Welche Ma\u00dfnahmen geh\u00f6ren zur Pr\u00e4ventionsmedizin?                                <img decoding=\"async\" x-show=\"open !== 1\" \r\n                                     src=\"https:\/\/endokrinologie.bayern\/regensburg-dez\/wp-content\/themes\/zes_theme\/images\/acc_closed.svg\" \r\n                                     alt=\"Closed\" style=\"display: none;\">\r\n                                <img decoding=\"async\" x-show=\"open === 1\" \r\n                                     src=\"https:\/\/endokrinologie.bayern\/regensburg-dez\/wp-content\/themes\/zes_theme\/images\/acc_open.svg\" \r\n                                     alt=\"Open\" style=\"display: none;\">\r\n                            <\/button>\r\n                            <div x-show=\"open === 1\" x-collapse class=\"content\">\r\n                                <p>Zur Pr\u00e4ventionsmedizin geh\u00f6ren Impfungen, regelm\u00e4\u00dfige Vorsorgeuntersuchungen, Lebensstilberatung und Aufkl\u00e4rungsprogramme zur F\u00f6rderung gesunder Verhaltensweisen.<\/p>\n                            <\/div>\r\n                        <\/div>\r\n                                    \r\n                            <\/div>\r\n        <\/div>\r\n    <\/div>\r\n","protected":false},"excerpt":{"rendered":"","protected":false},"author":1,"featured_media":0,"parent":282,"menu_order":0,"comment_status":"closed","ping_status":"closed","template":"","meta":{"_acf_changed":false,"footnotes":""},"standort":[],"class_list":["post-298","page","type-page","status-publish","hentry"],"acf":[],"yoast_head":"<!-- This site is optimized with the Yoast SEO plugin v27.3 - https:\/\/yoast.com\/product\/yoast-seo-wordpress\/ -->\n<title>ZES Regensburg (DEZ) - Pr\u00e4ventionsmedizin<\/title>\n<meta name=\"description\" content=\"Wir sind Ihr Ansprechpartner f\u00fcr hormonelle Gesundheit in Regensburg: Innovative Diagnostik, individuelle Therapie und pers\u00f6nliche Betreuung.\" \/>\n<meta name=\"robots\" content=\"index, follow, max-snippet:-1, max-image-preview:large, max-video-preview:-1\" \/>\n<link rel=\"canonical\" href=\"https:\/\/endokrinologie.bayern\/regensburg-dez\/leistungen\/praeventionsmedizin\/\" \/>\n<meta property=\"og:locale\" content=\"de_DE\" \/>\n<meta property=\"og:type\" content=\"article\" \/>\n<meta property=\"og:title\" content=\"ZES Regensburg (DEZ) - Pr\u00e4ventionsmedizin\" \/>\n<meta property=\"og:description\" content=\"Wir sind Ihr Ansprechpartner f\u00fcr hormonelle Gesundheit in Regensburg: Innovative Diagnostik, individuelle Therapie und pers\u00f6nliche Betreuung.\" \/>\n<meta property=\"og:url\" content=\"https:\/\/endokrinologie.bayern\/regensburg-dez\/leistungen\/praeventionsmedizin\/\" \/>\n<meta property=\"og:site_name\" content=\"ZES Regensburg DEZ\" \/>\n<meta property=\"article:modified_time\" content=\"2024-12-18T17:41:39+00:00\" \/>\n<meta name=\"twitter:card\" content=\"summary_large_image\" \/>\n<script type=\"application\/ld+json\" class=\"yoast-schema-graph\">{\"@context\":\"https:\\\/\\\/schema.org\",\"@graph\":[{\"@type\":\"WebPage\",\"@id\":\"https:\\\/\\\/endokrinologie.bayern\\\/regensburg-dez\\\/leistungen\\\/praeventionsmedizin\\\/\",\"url\":\"https:\\\/\\\/endokrinologie.bayern\\\/regensburg-dez\\\/leistungen\\\/praeventionsmedizin\\\/\",\"name\":\"ZES Regensburg (DEZ) - Pr\u00e4ventionsmedizin\",\"isPartOf\":{\"@id\":\"https:\\\/\\\/endokrinologie.bayern\\\/regensburg-dez\\\/#website\"},\"datePublished\":\"2024-07-03T21:55:08+00:00\",\"dateModified\":\"2024-12-18T17:41:39+00:00\",\"description\":\"Wir sind Ihr Ansprechpartner f\u00fcr hormonelle Gesundheit in Regensburg: Innovative Diagnostik, individuelle Therapie und pers\u00f6nliche Betreuung.\",\"breadcrumb\":{\"@id\":\"https:\\\/\\\/endokrinologie.bayern\\\/regensburg-dez\\\/leistungen\\\/praeventionsmedizin\\\/#breadcrumb\"},\"inLanguage\":\"de\",\"potentialAction\":[{\"@type\":\"ReadAction\",\"target\":[\"https:\\\/\\\/endokrinologie.bayern\\\/regensburg-dez\\\/leistungen\\\/praeventionsmedizin\\\/\"]}]},{\"@type\":\"BreadcrumbList\",\"@id\":\"https:\\\/\\\/endokrinologie.bayern\\\/regensburg-dez\\\/leistungen\\\/praeventionsmedizin\\\/#breadcrumb\",\"itemListElement\":[{\"@type\":\"ListItem\",\"position\":1,\"name\":\"Startseite\",\"item\":\"https:\\\/\\\/endokrinologie.bayern\\\/regensburg-dez\\\/\"},{\"@type\":\"ListItem\",\"position\":2,\"name\":\"Leistungen\",\"item\":\"https:\\\/\\\/endokrinologie.bayern\\\/regensburg-dez\\\/leistungen\\\/\"},{\"@type\":\"ListItem\",\"position\":3,\"name\":\"Pr\u00e4ventionsmedizin\"}]},{\"@type\":\"WebSite\",\"@id\":\"https:\\\/\\\/endokrinologie.bayern\\\/regensburg-dez\\\/#website\",\"url\":\"https:\\\/\\\/endokrinologie.bayern\\\/regensburg-dez\\\/\",\"name\":\"Zentrum f\u00fcr Endokrinologie und Stoffwechsel Regensburg (DEZ)\",\"description\":\"Hormone im Gleichgewicht\",\"potentialAction\":[{\"@type\":\"SearchAction\",\"target\":{\"@type\":\"EntryPoint\",\"urlTemplate\":\"https:\\\/\\\/endokrinologie.bayern\\\/regensburg-dez\\\/?s={search_term_string}\"},\"query-input\":{\"@type\":\"PropertyValueSpecification\",\"valueRequired\":true,\"valueName\":\"search_term_string\"}}],\"inLanguage\":\"de\"}]}<\/script>\n<!-- \/ Yoast SEO plugin. -->","yoast_head_json":{"title":"ZES Regensburg (DEZ) - Pr\u00e4ventionsmedizin","description":"Wir sind Ihr Ansprechpartner f\u00fcr hormonelle Gesundheit in Regensburg: Innovative Diagnostik, individuelle Therapie und pers\u00f6nliche Betreuung.","robots":{"index":"index","follow":"follow","max-snippet":"max-snippet:-1","max-image-preview":"max-image-preview:large","max-video-preview":"max-video-preview:-1"},"canonical":"https:\/\/endokrinologie.bayern\/regensburg-dez\/leistungen\/praeventionsmedizin\/","og_locale":"de_DE","og_type":"article","og_title":"ZES Regensburg (DEZ) - Pr\u00e4ventionsmedizin","og_description":"Wir sind Ihr Ansprechpartner f\u00fcr hormonelle Gesundheit in Regensburg: Innovative Diagnostik, individuelle Therapie und pers\u00f6nliche Betreuung.","og_url":"https:\/\/endokrinologie.bayern\/regensburg-dez\/leistungen\/praeventionsmedizin\/","og_site_name":"ZES Regensburg DEZ","article_modified_time":"2024-12-18T17:41:39+00:00","twitter_card":"summary_large_image","schema":{"@context":"https:\/\/schema.org","@graph":[{"@type":"WebPage","@id":"https:\/\/endokrinologie.bayern\/regensburg-dez\/leistungen\/praeventionsmedizin\/","url":"https:\/\/endokrinologie.bayern\/regensburg-dez\/leistungen\/praeventionsmedizin\/","name":"ZES Regensburg (DEZ) - Pr\u00e4ventionsmedizin","isPartOf":{"@id":"https:\/\/endokrinologie.bayern\/regensburg-dez\/#website"},"datePublished":"2024-07-03T21:55:08+00:00","dateModified":"2024-12-18T17:41:39+00:00","description":"Wir sind Ihr Ansprechpartner f\u00fcr hormonelle Gesundheit in Regensburg: Innovative Diagnostik, individuelle Therapie und pers\u00f6nliche Betreuung.","breadcrumb":{"@id":"https:\/\/endokrinologie.bayern\/regensburg-dez\/leistungen\/praeventionsmedizin\/#breadcrumb"},"inLanguage":"de","potentialAction":[{"@type":"ReadAction","target":["https:\/\/endokrinologie.bayern\/regensburg-dez\/leistungen\/praeventionsmedizin\/"]}]},{"@type":"BreadcrumbList","@id":"https:\/\/endokrinologie.bayern\/regensburg-dez\/leistungen\/praeventionsmedizin\/#breadcrumb","itemListElement":[{"@type":"ListItem","position":1,"name":"Startseite","item":"https:\/\/endokrinologie.bayern\/regensburg-dez\/"},{"@type":"ListItem","position":2,"name":"Leistungen","item":"https:\/\/endokrinologie.bayern\/regensburg-dez\/leistungen\/"},{"@type":"ListItem","position":3,"name":"Pr\u00e4ventionsmedizin"}]},{"@type":"WebSite","@id":"https:\/\/endokrinologie.bayern\/regensburg-dez\/#website","url":"https:\/\/endokrinologie.bayern\/regensburg-dez\/","name":"Zentrum f\u00fcr Endokrinologie und Stoffwechsel Regensburg (DEZ)","description":"Hormone im Gleichgewicht","potentialAction":[{"@type":"SearchAction","target":{"@type":"EntryPoint","urlTemplate":"https:\/\/endokrinologie.bayern\/regensburg-dez\/?s={search_term_string}"},"query-input":{"@type":"PropertyValueSpecification","valueRequired":true,"valueName":"search_term_string"}}],"inLanguage":"de"}]}},"_links":{"self":[{"href":"https:\/\/endokrinologie.bayern\/regensburg-dez\/wp-json\/wp\/v2\/pages\/298","targetHints":{"allow":["GET"]}}],"collection":[{"href":"https:\/\/endokrinologie.bayern\/regensburg-dez\/wp-json\/wp\/v2\/pages"}],"about":[{"href":"https:\/\/endokrinologie.bayern\/regensburg-dez\/wp-json\/wp\/v2\/types\/page"}],"author":[{"embeddable":true,"href":"https:\/\/endokrinologie.bayern\/regensburg-dez\/wp-json\/wp\/v2\/users\/1"}],"replies":[{"embeddable":true,"href":"https:\/\/endokrinologie.bayern\/regensburg-dez\/wp-json\/wp\/v2\/comments?post=298"}],"version-history":[{"count":11,"href":"https:\/\/endokrinologie.bayern\/regensburg-dez\/wp-json\/wp\/v2\/pages\/298\/revisions"}],"predecessor-version":[{"id":798,"href":"https:\/\/endokrinologie.bayern\/regensburg-dez\/wp-json\/wp\/v2\/pages\/298\/revisions\/798"}],"up":[{"embeddable":true,"href":"https:\/\/endokrinologie.bayern\/regensburg-dez\/wp-json\/wp\/v2\/pages\/282"}],"wp:attachment":[{"href":"https:\/\/endokrinologie.bayern\/regensburg-dez\/wp-json\/wp\/v2\/media?parent=298"}],"wp:term":[{"taxonomy":"standort","embeddable":true,"href":"https:\/\/endokrinologie.bayern\/regensburg-dez\/wp-json\/wp\/v2\/standort?post=298"}],"curies":[{"name":"wp","href":"https:\/\/api.w.org\/{rel}","templated":true}]}}