{"id":597,"date":"2024-07-24T09:49:18","date_gmt":"2024-07-24T07:49:18","guid":{"rendered":"https:\/\/ita-staging.de\/zes\/regensburg-dom-innere-medizin\/?page_id=597"},"modified":"2024-12-06T16:30:31","modified_gmt":"2024-12-06T15:30:31","slug":"natalia-pesin","status":"publish","type":"page","link":"https:\/\/endokrinologie.bayern\/regensburg-adipositas\/team\/natalia-pesin\/","title":{"rendered":"Natalia Pesin"},"content":{"rendered":"\r\n\r\n    <div  class=\"arzt-block\">\r\n      <div class=\"layout\">\r\n                    <div class=\"arzt-details\">\r\n                <div class=\"about\">\r\n                  <div class=\"left\">\r\n                                          <img decoding=\"async\" src=\"https:\/\/endokrinologie.bayern\/wp-content\/uploads\/2024\/12\/pesin-retuch.jpg\" alt=\"Natalia Pesin\">\r\n                    \r\n                                          <a href=\"https:\/\/termin.samedi.de\/b\/zes-bayern-zentrum-fur-endokrinologie-und-stoffwechsel\/regensburgdom\" class=\"btn-primary\">Zur Terminvereinbarung (Regensburg Adipositas) \r\n                      <\/a>\r\n                                                                              <\/div>\r\n\r\n\r\n                  <div class=\"profil\"> \r\n                    <h1> Natalia Pesin<\/h1> \r\n                    <p>\r\n                      Fach\u00e4rztin f\u00fcr Innere Medizin, Endokrinologin in Weiterbildung                    <\/p>\r\n\r\n                                          <div class=\"vorstellung\">\r\n                        <p>Fach\u00e4rztin f\u00fcr Innere Medizin, Endokrinologin in Weiterbildung, Mitglied der Deutschen Adipositas-Gesellschaft<\/p>\n                      <\/div>\r\n                                      <\/div>\r\n                <\/div>\r\n                    \r\n                \r\n                                  <div class=\"spezifikation\">\r\n                                          <h3>Mitgliedschaften:<\/h3> \r\n                    \r\n                    <div class=\"items\">\r\n                     \r\n                      <div class=\"item\"> \r\n                        <p>Deutsche Gesellschaft f\u00fcr Innere Medizin (DGIM)<\/p> \r\n                      <\/div>\r\n                     \r\n                      <div class=\"item\"> \r\n                        <p>Deutsche Adipositas Gesellschaft (DAG)<\/p> \r\n                      <\/div>\r\n                     \r\n                    <\/div>\r\n                  <\/div>\r\n                \r\n                                  <div class=\"qualifikation\">\r\n                    <h3>Qualifikation:<\/h3> \r\n\r\n                    <div class=\"items\">\r\n                     \r\n                      <div class=\"item\">\r\n                        <p class=\"jahr\">1988-1994:<\/p>\r\n                        <p>Studium der Humanmedizin an der Donetsk National Medical University <\/p> \r\n                      <\/div>\r\n                     \r\n                      <div class=\"item\">\r\n                        <p class=\"jahr\">1994-2002:<\/p>\r\n                        <p>Fach\u00e4rztin, Kliniken Donezk und Saporischschja<\/p> \r\n                      <\/div>\r\n                     \r\n                      <div class=\"item\">\r\n                        <p class=\"jahr\">2003-2005:<\/p>\r\n                        <p>Assistenz\u00e4rztin, Krankenhaus Hemau<\/p> \r\n                      <\/div>\r\n                     \r\n                      <div class=\"item\">\r\n                        <p class=\"jahr\">2005-2007 :<\/p>\r\n                        <p>Assistenz\u00e4rztin, Krankenhaus Nabburg<\/p> \r\n                      <\/div>\r\n                     \r\n                      <div class=\"item\">\r\n                        <p class=\"jahr\">2007-2020:<\/p>\r\n                        <p>Assistenz\u00e4rztin und Ober\u00e4rztin, Kreiskrankenhaus Parsberg und Klinikum Neumarkt<\/p> \r\n                      <\/div>\r\n                     \r\n                      <div class=\"item\">\r\n                        <p class=\"jahr\">Seit 2012:<\/p>\r\n                        <p>Anerkennung als Fach\u00e4rztin f\u00fcr Innere Medizin<\/p> \r\n                      <\/div>\r\n                     \r\n                      <div class=\"item\">\r\n                        <p class=\"jahr\">Seit 07\/2020:<\/p>\r\n                        <p>Fach\u00e4rztin f\u00fcr Innere Medizin, Zentrum f\u00fcr Endokrinologie und Stoffwechsel Regensburg, Weiterbildung zur Endokrinologin <\/p> \r\n                      <\/div>\r\n                     \r\n                    <\/div>\r\n                  <\/div>\r\n                                \r\n                \r\n\r\n            <\/div>\r\n              <\/div>\r\n    <\/div>\r\n\r\n\n\n    <div  class=\"cta-block  cta\">\r\n        <div class=\"layout\">\r\n                            <div class=\"col\">\r\n                                            <h3>Besuchen Sie unsere ZES-Zentren<\/h3>\r\n                                                            <a href=\"\/zes\/standorte\" class=\"btn-primary\">Zu den Standorten<img decoding=\"async\" src=\"https:\/\/endokrinologie.bayern\/regensburg-adipositas\/wp-content\/themes\/zes_theme\/images\/btn-next.svg\" alt=\"btn next\" title=\"btn next\"><\/a>                <\/div>\r\n                <div class=\"col\">\r\n                                            <div class=\"content\">\r\n                            <p>Wir laden Sie ein, unsere Endokrinologie-Zentren in Bayern zu besuchen und die Vorteile einer spezialisierten Endokrinologie-Betreuung zu erleben. Unsere Standorte sind darauf ausgerichtet, Ihnen in der Endokrinologie eine umfassende Betreuung zu bieten, die Ihr Leben nachhaltig verbessert.<\/p>\n                        <\/div>\r\n                                    <\/div>\r\n                    <\/div>\r\n    <\/div>\r\n","protected":false},"excerpt":{"rendered":"","protected":false},"author":1,"featured_media":0,"parent":584,"menu_order":0,"comment_status":"closed","ping_status":"closed","template":"","meta":{"_acf_changed":false,"footnotes":""},"standort":[],"class_list":["post-597","page","type-page","status-publish","hentry"],"acf":[],"yoast_head":"<!-- This site is optimized with the Yoast SEO plugin v27.3 - https:\/\/yoast.com\/product\/yoast-seo-wordpress\/ -->\n<title>ZES Regensburg Adipositas- Natalia Pesin<\/title>\n<meta name=\"description\" content=\"In unserer Praxis in Regensburg unterst\u00fctzen wir Sie bei hormonellen Erkrankungen und Gewichtsreduktion mit individuellen L\u00f6sungen.\" \/>\n<meta name=\"robots\" content=\"index, follow, max-snippet:-1, max-image-preview:large, max-video-preview:-1\" \/>\n<link rel=\"canonical\" href=\"https:\/\/endokrinologie.bayern\/regensburg-adipositas\/team\/natalia-pesin\/\" \/>\n<meta property=\"og:locale\" content=\"de_DE\" \/>\n<meta property=\"og:type\" content=\"article\" \/>\n<meta property=\"og:title\" content=\"ZES Regensburg Adipositas- Natalia Pesin\" \/>\n<meta property=\"og:description\" content=\"In unserer Praxis in Regensburg unterst\u00fctzen wir Sie bei hormonellen Erkrankungen und Gewichtsreduktion mit individuellen L\u00f6sungen.\" \/>\n<meta property=\"og:url\" content=\"https:\/\/endokrinologie.bayern\/regensburg-adipositas\/team\/natalia-pesin\/\" \/>\n<meta property=\"og:site_name\" content=\"ZES Regensburg Adipositas\" \/>\n<meta property=\"article:modified_time\" content=\"2024-12-06T15:30:31+00:00\" \/>\n<meta name=\"twitter:card\" content=\"summary_large_image\" \/>\n<script type=\"application\/ld+json\" class=\"yoast-schema-graph\">{\"@context\":\"https:\\\/\\\/schema.org\",\"@graph\":[{\"@type\":\"WebPage\",\"@id\":\"https:\\\/\\\/endokrinologie.bayern\\\/regensburg-adipositas\\\/team\\\/natalia-pesin\\\/\",\"url\":\"https:\\\/\\\/endokrinologie.bayern\\\/regensburg-adipositas\\\/team\\\/natalia-pesin\\\/\",\"name\":\"ZES Regensburg Adipositas- Natalia Pesin\",\"isPartOf\":{\"@id\":\"https:\\\/\\\/endokrinologie.bayern\\\/regensburg-adipositas\\\/#website\"},\"datePublished\":\"2024-07-24T07:49:18+00:00\",\"dateModified\":\"2024-12-06T15:30:31+00:00\",\"description\":\"In unserer Praxis in Regensburg unterst\u00fctzen wir Sie bei hormonellen Erkrankungen und Gewichtsreduktion mit individuellen L\u00f6sungen.\",\"breadcrumb\":{\"@id\":\"https:\\\/\\\/endokrinologie.bayern\\\/regensburg-adipositas\\\/team\\\/natalia-pesin\\\/#breadcrumb\"},\"inLanguage\":\"de\",\"potentialAction\":[{\"@type\":\"ReadAction\",\"target\":[\"https:\\\/\\\/endokrinologie.bayern\\\/regensburg-adipositas\\\/team\\\/natalia-pesin\\\/\"]}]},{\"@type\":\"BreadcrumbList\",\"@id\":\"https:\\\/\\\/endokrinologie.bayern\\\/regensburg-adipositas\\\/team\\\/natalia-pesin\\\/#breadcrumb\",\"itemListElement\":[{\"@type\":\"ListItem\",\"position\":1,\"name\":\"Startseite\",\"item\":\"https:\\\/\\\/endokrinologie.bayern\\\/regensburg-adipositas\\\/\"},{\"@type\":\"ListItem\",\"position\":2,\"name\":\"Team\",\"item\":\"https:\\\/\\\/endokrinologie.bayern\\\/regensburg-adipositas\\\/team\\\/\"},{\"@type\":\"ListItem\",\"position\":3,\"name\":\"Natalia Pesin\"}]},{\"@type\":\"WebSite\",\"@id\":\"https:\\\/\\\/endokrinologie.bayern\\\/regensburg-adipositas\\\/#website\",\"url\":\"https:\\\/\\\/endokrinologie.bayern\\\/regensburg-adipositas\\\/\",\"name\":\"ZES Regensburg Dom\",\"description\":\"Hormone im Gleichgewicht\",\"potentialAction\":[{\"@type\":\"SearchAction\",\"target\":{\"@type\":\"EntryPoint\",\"urlTemplate\":\"https:\\\/\\\/endokrinologie.bayern\\\/regensburg-adipositas\\\/?s={search_term_string}\"},\"query-input\":{\"@type\":\"PropertyValueSpecification\",\"valueRequired\":true,\"valueName\":\"search_term_string\"}}],\"inLanguage\":\"de\"}]}<\/script>\n<!-- \/ Yoast SEO plugin. -->","yoast_head_json":{"title":"ZES Regensburg Adipositas- Natalia Pesin","description":"In unserer Praxis in Regensburg unterst\u00fctzen wir Sie bei hormonellen Erkrankungen und Gewichtsreduktion mit individuellen L\u00f6sungen.","robots":{"index":"index","follow":"follow","max-snippet":"max-snippet:-1","max-image-preview":"max-image-preview:large","max-video-preview":"max-video-preview:-1"},"canonical":"https:\/\/endokrinologie.bayern\/regensburg-adipositas\/team\/natalia-pesin\/","og_locale":"de_DE","og_type":"article","og_title":"ZES Regensburg Adipositas- Natalia Pesin","og_description":"In unserer Praxis in Regensburg unterst\u00fctzen wir Sie bei hormonellen Erkrankungen und Gewichtsreduktion mit individuellen L\u00f6sungen.","og_url":"https:\/\/endokrinologie.bayern\/regensburg-adipositas\/team\/natalia-pesin\/","og_site_name":"ZES Regensburg Adipositas","article_modified_time":"2024-12-06T15:30:31+00:00","twitter_card":"summary_large_image","schema":{"@context":"https:\/\/schema.org","@graph":[{"@type":"WebPage","@id":"https:\/\/endokrinologie.bayern\/regensburg-adipositas\/team\/natalia-pesin\/","url":"https:\/\/endokrinologie.bayern\/regensburg-adipositas\/team\/natalia-pesin\/","name":"ZES Regensburg Adipositas- Natalia Pesin","isPartOf":{"@id":"https:\/\/endokrinologie.bayern\/regensburg-adipositas\/#website"},"datePublished":"2024-07-24T07:49:18+00:00","dateModified":"2024-12-06T15:30:31+00:00","description":"In unserer Praxis in Regensburg unterst\u00fctzen wir Sie bei hormonellen Erkrankungen und Gewichtsreduktion mit individuellen L\u00f6sungen.","breadcrumb":{"@id":"https:\/\/endokrinologie.bayern\/regensburg-adipositas\/team\/natalia-pesin\/#breadcrumb"},"inLanguage":"de","potentialAction":[{"@type":"ReadAction","target":["https:\/\/endokrinologie.bayern\/regensburg-adipositas\/team\/natalia-pesin\/"]}]},{"@type":"BreadcrumbList","@id":"https:\/\/endokrinologie.bayern\/regensburg-adipositas\/team\/natalia-pesin\/#breadcrumb","itemListElement":[{"@type":"ListItem","position":1,"name":"Startseite","item":"https:\/\/endokrinologie.bayern\/regensburg-adipositas\/"},{"@type":"ListItem","position":2,"name":"Team","item":"https:\/\/endokrinologie.bayern\/regensburg-adipositas\/team\/"},{"@type":"ListItem","position":3,"name":"Natalia Pesin"}]},{"@type":"WebSite","@id":"https:\/\/endokrinologie.bayern\/regensburg-adipositas\/#website","url":"https:\/\/endokrinologie.bayern\/regensburg-adipositas\/","name":"ZES Regensburg Dom","description":"Hormone im Gleichgewicht","potentialAction":[{"@type":"SearchAction","target":{"@type":"EntryPoint","urlTemplate":"https:\/\/endokrinologie.bayern\/regensburg-adipositas\/?s={search_term_string}"},"query-input":{"@type":"PropertyValueSpecification","valueRequired":true,"valueName":"search_term_string"}}],"inLanguage":"de"}]}},"_links":{"self":[{"href":"https:\/\/endokrinologie.bayern\/regensburg-adipositas\/wp-json\/wp\/v2\/pages\/597","targetHints":{"allow":["GET"]}}],"collection":[{"href":"https:\/\/endokrinologie.bayern\/regensburg-adipositas\/wp-json\/wp\/v2\/pages"}],"about":[{"href":"https:\/\/endokrinologie.bayern\/regensburg-adipositas\/wp-json\/wp\/v2\/types\/page"}],"author":[{"embeddable":true,"href":"https:\/\/endokrinologie.bayern\/regensburg-adipositas\/wp-json\/wp\/v2\/users\/1"}],"replies":[{"embeddable":true,"href":"https:\/\/endokrinologie.bayern\/regensburg-adipositas\/wp-json\/wp\/v2\/comments?post=597"}],"version-history":[{"count":6,"href":"https:\/\/endokrinologie.bayern\/regensburg-adipositas\/wp-json\/wp\/v2\/pages\/597\/revisions"}],"predecessor-version":[{"id":738,"href":"https:\/\/endokrinologie.bayern\/regensburg-adipositas\/wp-json\/wp\/v2\/pages\/597\/revisions\/738"}],"up":[{"embeddable":true,"href":"https:\/\/endokrinologie.bayern\/regensburg-adipositas\/wp-json\/wp\/v2\/pages\/584"}],"wp:attachment":[{"href":"https:\/\/endokrinologie.bayern\/regensburg-adipositas\/wp-json\/wp\/v2\/media?parent=597"}],"wp:term":[{"taxonomy":"standort","embeddable":true,"href":"https:\/\/endokrinologie.bayern\/regensburg-adipositas\/wp-json\/wp\/v2\/standort?post=597"}],"curies":[{"name":"wp","href":"https:\/\/api.w.org\/{rel}","templated":true}]}}