{"id":294,"date":"2024-07-03T23:38:50","date_gmt":"2024-07-03T21:38:50","guid":{"rendered":"https:\/\/ita-staging.de\/zes\/regensburg-dom-innere-medizin\/?page_id=294"},"modified":"2025-05-21T08:06:28","modified_gmt":"2025-05-21T06:06:28","slug":"endokrinologie","status":"publish","type":"page","link":"https:\/\/endokrinologie.bayern\/regensburg-adipositas\/leistungen\/endokrinologie\/","title":{"rendered":"Endokrinologie"},"content":{"rendered":"\r\n    <div  class=\"simple-header-block\">\r\n        <div class=\"layout-s\">\r\n                            <div class=\"title\">\r\n                                            <img decoding=\"async\" src=\"https:\/\/endokrinologie.bayern\/regensburg-adipositas\/wp-content\/uploads\/sites\/7\/2024\/11\/icon-ver-endokrinologie.svg\" alt=\"icon-ver-endokrinologie\"> \r\n                                        <h1>Endokrinologie<\/h1>\r\n                <\/div>\r\n                                        <p class=\"subline\">Ihre Spezialistin f\u00fcr hormonelle Gesundheit in Regensburg<\/p>\r\n                                        <p>Unsere Praxis am Regensburger Dom bietet spezialisierte und ganzheitliche Betreuung f\u00fcr hormonelle St\u00f6rungen und Erkrankungen. Frau Natalia Pesin, eine langj\u00e4hrig erfahrene Internistin, ist Ihre Ansprechpartnerin f\u00fcr alle Aspekte der Endokrinologie. Mit ihrer umfassenden Ausbildung und Expertise sorgt sie f\u00fcr eine optimale Versorgung und individuelle Betreuung.<\/p>\r\n                                <\/div>\r\n    <\/div>\r\n\n\n\r\n\r\n  <div  class=\"fachbereiche-block white col-2\">\r\n\r\n<div class=\"layout-s\">\r\n      <h3>Unsere spezialisierten Leistungen<\/h3>\r\n  \r\n  <div class=\"items\" x-data=\"{ openItem: null }\">\r\n          <div class=\"item\"> \r\n          <div class=\"head-elm\">\r\n            <img decoding=\"async\" src=\"https:\/\/endokrinologie.bayern\/regensburg-adipositas\/wp-content\/themes\/zes_theme\/images\/icon-check.svg\" alt=\"icon\" title=\"icon\">  \r\n            <p class=\"\" @click=\"openItem = openItem === 'item-0' ? null : 'item-0'\"> \r\n                                                \u00dcbergewicht, Adipositas, unklare Gewichtsver\u00e4nderungen                                <\/b>\r\n                                                          \r\n                          <\/p>\r\n          <\/div>\r\n                        <\/div>\r\n                          \r\n          <div class=\"item\"> \r\n          <div class=\"head-elm\">\r\n            <img decoding=\"async\" src=\"https:\/\/endokrinologie.bayern\/regensburg-adipositas\/wp-content\/themes\/zes_theme\/images\/icon-check.svg\" alt=\"icon\" title=\"icon\">  \r\n            <p class=\"\" @click=\"openItem = openItem === 'item-1' ? null : 'item-1'\"> \r\n                                                St\u00f6rungen des sexuellen Verlangens  und Impotenz                                <\/b>\r\n                                                          \r\n                          <\/p>\r\n          <\/div>\r\n                        <\/div>\r\n                          \r\n          <div class=\"item\"> \r\n          <div class=\"head-elm\">\r\n            <img decoding=\"async\" src=\"https:\/\/endokrinologie.bayern\/regensburg-adipositas\/wp-content\/themes\/zes_theme\/images\/icon-check.svg\" alt=\"icon\" title=\"icon\">  \r\n            <p class=\"\" @click=\"openItem = openItem === 'item-2' ? null : 'item-2'\"> \r\n                                                M\u00fcdigkeit, Abgeschlagenheit                                <\/b>\r\n                                                          \r\n                          <\/p>\r\n          <\/div>\r\n                        <\/div>\r\n                          \r\n          <div class=\"item\"> \r\n          <div class=\"head-elm\">\r\n            <img decoding=\"async\" src=\"https:\/\/endokrinologie.bayern\/regensburg-adipositas\/wp-content\/themes\/zes_theme\/images\/icon-check.svg\" alt=\"icon\" title=\"icon\">  \r\n            <p class=\"\" @click=\"openItem = openItem === 'item-3' ? null : 'item-3'\"> \r\n                                                vermehrtes Schwitzen                                <\/b>\r\n                                                          \r\n                          <\/p>\r\n          <\/div>\r\n                        <\/div>\r\n                          \r\n          <div class=\"item\"> \r\n          <div class=\"head-elm\">\r\n            <img decoding=\"async\" src=\"https:\/\/endokrinologie.bayern\/regensburg-adipositas\/wp-content\/themes\/zes_theme\/images\/icon-check.svg\" alt=\"icon\" title=\"icon\">  \r\n            <p class=\"\" @click=\"openItem = openItem === 'item-4' ? null : 'item-4'\"> \r\n                                                Schlafst\u00f6rungen, psychische Ver\u00e4nderungen                                <\/b>\r\n                                                          \r\n                          <\/p>\r\n          <\/div>\r\n                        <\/div>\r\n                          \r\n          <div class=\"item\"> \r\n          <div class=\"head-elm\">\r\n            <img decoding=\"async\" src=\"https:\/\/endokrinologie.bayern\/regensburg-adipositas\/wp-content\/themes\/zes_theme\/images\/icon-check.svg\" alt=\"icon\" title=\"icon\">  \r\n            <p class=\"\" @click=\"openItem = openItem === 'item-5' ? null : 'item-5'\"> \r\n                                                Haarausfall, vermehrte Behaarung am K\u00f6rper                                <\/b>\r\n                                                          \r\n                          <\/p>\r\n          <\/div>\r\n                        <\/div>\r\n                          \r\n          <div class=\"item\"> \r\n          <div class=\"head-elm\">\r\n            <img decoding=\"async\" src=\"https:\/\/endokrinologie.bayern\/regensburg-adipositas\/wp-content\/themes\/zes_theme\/images\/icon-check.svg\" alt=\"icon\" title=\"icon\">  \r\n            <p class=\"\" @click=\"openItem = openItem === 'item-6' ? null : 'item-6'\"> \r\n                                                Zyklusst\u00f6rungen (St\u00f6rungen der Periodenblutung) und Kinderwunsch                                <\/b>\r\n                                                          \r\n                          <\/p>\r\n          <\/div>\r\n                        <\/div>\r\n                          \r\n          <div class=\"item\"> \r\n          <div class=\"head-elm\">\r\n            <img decoding=\"async\" src=\"https:\/\/endokrinologie.bayern\/regensburg-adipositas\/wp-content\/themes\/zes_theme\/images\/icon-check.svg\" alt=\"icon\" title=\"icon\">  \r\n            <p class=\"\" @click=\"openItem = openItem === 'item-7' ? null : 'item-7'\"> \r\n                                                Akne                                <\/b>\r\n                                                          \r\n                          <\/p>\r\n          <\/div>\r\n                        <\/div>\r\n                          \r\n      <\/div>\r\n\r\n        <a href=\"https:\/\/endokrinologie.bayern\/regensburg-adipositas\/team\/\" class=\"btn-secondary\">\r\n        Zu unseren Spezialisten        <img decoding=\"async\" src=\"https:\/\/endokrinologie.bayern\/regensburg-adipositas\/wp-content\/themes\/zes_theme\/images\/btn-next-black.svg\" alt=\"btn-next\" title=\"btn-next\">\r\n      <\/a>\r\n  <\/div>\r\n\r\n<\/div>\r\n\r\n\n\n\r\n\r\n    <div  class=\"kachel-block leistungen\"> \r\n      <div class=\"layout-s\">\r\n                   <h3>Weitere Behandlungsschwerpunkte<\/h3>\r\n                \r\n\r\n        <div class=\"kacheln spalte-3\">\r\n                      <div class=\"kachel \">\r\n                              <a href=\"https:\/\/endokrinologie.bayern\/regensburg-adipositas\/leistungen\/diabetologie\/\">\r\n                                                <p class=\"title\">\r\n                    Diabetologie                  <\/p>\r\n                                                                  <img src='https:\/\/endokrinologie.bayern\/regensburg-adipositas\/wp-content\/uploads\/sites\/7\/2024\/07\/icon-finger.svg' alt='' title='icon-finger'>\r\n                                                  <p class=\"btn-secondary\">Mehr erfahren\r\n                    <img decoding=\"async\" src=\"https:\/\/endokrinologie.bayern\/wp-content\/themes\/zes_theme\/images\/btn-next-black.svg\" alt=\"btn-next\" title=\"btn-next\">\r\n                  <\/p>\r\n                                              <\/a>\r\n                          <\/div>\r\n                      <div class=\"kachel \">\r\n                              <a href=\"https:\/\/endokrinologie.bayern\/regensburg-adipositas\/leistungen\/osteologie\/\">\r\n                                                <p class=\"title\">\r\n                    Osteologie                  <\/p>\r\n                                                                  <img src='https:\/\/endokrinologie.bayern\/regensburg-adipositas\/wp-content\/uploads\/sites\/7\/2024\/07\/icon-osteoporose_24.svg' alt='' title='icon-osteoporose_24'>\r\n                                                  <p class=\"btn-secondary\">Mehr erfahren\r\n                    <img decoding=\"async\" src=\"https:\/\/endokrinologie.bayern\/wp-content\/themes\/zes_theme\/images\/btn-next-black.svg\" alt=\"btn-next\" title=\"btn-next\">\r\n                  <\/p>\r\n                                              <\/a>\r\n                          <\/div>\r\n                      <div class=\"kachel \">\r\n                              <a href=\"https:\/\/endokrinologie.bayern\/regensburg-adipositas\/leistungen\/praeventionsmedizin\/\">\r\n                                                <p class=\"title\">\r\n                    Pr\u00e4ventionsmedizin                  <\/p>\r\n                                                                  <img src='https:\/\/endokrinologie.bayern\/regensburg-adipositas\/wp-content\/uploads\/sites\/7\/2024\/07\/icon-praeventionsmedizin-24.svg' alt='' title='icon-praeventionsmedizin-24'>\r\n                                                  <p class=\"btn-secondary\">Mehr erfahren\r\n                    <img decoding=\"async\" src=\"https:\/\/endokrinologie.bayern\/wp-content\/themes\/zes_theme\/images\/btn-next-black.svg\" alt=\"btn-next\" title=\"btn-next\">\r\n                  <\/p>\r\n                                              <\/a>\r\n                          <\/div>\r\n                  <\/div>\r\n\r\n                    <a href=\"https:\/\/endokrinologie.bayern\/regensburg-adipositas\/leistungen\/\" class=\"btn-primary spalte-3\">\r\n              Zu der Leistungs\u00fcbersicht              <img decoding=\"async\" src=\"https:\/\/endokrinologie.bayern\/wp-content\/themes\/zes_theme\/images\/btn-next.svg\" alt=\"btn next\" title=\"btn next\">\r\n            <\/a>\r\n              <\/div>\r\n    <\/div>\r\n\r\n\n\n    <div  class=\"accordion-block grey\">\r\n        <div class=\"layout-s\">\r\n                            <h3>Infopool<\/h3>\r\n            \r\n            <div class=\"accordion\" x-data=\"{ open: null }\">\r\n                                        <div class=\"item\">\r\n                            <button @click=\"open = open === 0 ? null : 0\">\r\n                                Was ist Endokrinologie und welche Hormonst\u00f6rungen behandeln wir?                                <img decoding=\"async\" x-show=\"open !== 0\" \r\n                                     src=\"https:\/\/endokrinologie.bayern\/regensburg-adipositas\/wp-content\/themes\/zes_theme\/images\/acc_closed.svg\" \r\n                                     alt=\"Closed\" style=\"display: none;\">\r\n                                <img decoding=\"async\" x-show=\"open === 0\" \r\n                                     src=\"https:\/\/endokrinologie.bayern\/regensburg-adipositas\/wp-content\/themes\/zes_theme\/images\/acc_open.svg\" \r\n                                     alt=\"Open\" style=\"display: none;\">\r\n                            <\/button>\r\n                            <div x-show=\"open === 0\" x-collapse class=\"content\">\r\n                                <p>Endokrinologie ist das medizinische Fachgebiet, das sich mit Hormonen und den endokrinen Dr\u00fcsen besch\u00e4ftigt. Wir behandeln eine Vielzahl von Hormonst\u00f6rungen, darunter Schilddr\u00fcsenst\u00f6rungen, Diabetes, Adrenalst\u00f6rungen, Hypophysenst\u00f6rungen, PCOS und Osteoporose.<\/p>\n                            <\/div>\r\n                        <\/div>\r\n                                                            <div class=\"item\">\r\n                            <button @click=\"open = open === 1 ? null : 1\">\r\n                                Wie werden Hormonst\u00f6rungen diagnostiziert?                                <img decoding=\"async\" x-show=\"open !== 1\" \r\n                                     src=\"https:\/\/endokrinologie.bayern\/regensburg-adipositas\/wp-content\/themes\/zes_theme\/images\/acc_closed.svg\" \r\n                                     alt=\"Closed\" style=\"display: none;\">\r\n                                <img decoding=\"async\" x-show=\"open === 1\" \r\n                                     src=\"https:\/\/endokrinologie.bayern\/regensburg-adipositas\/wp-content\/themes\/zes_theme\/images\/acc_open.svg\" \r\n                                     alt=\"Open\" style=\"display: none;\">\r\n                            <\/button>\r\n                            <div x-show=\"open === 1\" x-collapse class=\"content\">\r\n                                <p>Wir verwenden modernste diagnostische Methoden, einschlie\u00dflich Bluttests und bildgebender Verfahren, um die Funktion Ihrer Hormondr\u00fcsen zu \u00fcberpr\u00fcfen und eventuelle St\u00f6rungen zu identifizieren.<\/p>\n                            <\/div>\r\n                        <\/div>\r\n                                                            <div class=\"item\">\r\n                            <button @click=\"open = open === 2 ? null : 2\">\r\n                                Kann ich meinen Hormonhaushalt durch Ern\u00e4hrung beeinflussen?                                <img decoding=\"async\" x-show=\"open !== 2\" \r\n                                     src=\"https:\/\/endokrinologie.bayern\/regensburg-adipositas\/wp-content\/themes\/zes_theme\/images\/acc_closed.svg\" \r\n                                     alt=\"Closed\" style=\"display: none;\">\r\n                                <img decoding=\"async\" x-show=\"open === 2\" \r\n                                     src=\"https:\/\/endokrinologie.bayern\/regensburg-adipositas\/wp-content\/themes\/zes_theme\/images\/acc_open.svg\" \r\n                                     alt=\"Open\" style=\"display: none;\">\r\n                            <\/button>\r\n                            <div x-show=\"open === 2\" x-collapse class=\"content\">\r\n                                <p>Ja, eine ausgewogene Ern\u00e4hrung kann helfen, den Hormonhaushalt zu regulieren. Unsere Ern\u00e4hrungsberater erstellen f\u00fcr Sie einen ma\u00dfgeschneiderten Ern\u00e4hrungsplan, der Ihre Gesundheit unterst\u00fctzt.<\/p>\n                            <\/div>\r\n                        <\/div>\r\n                                    \r\n                            <\/div>\r\n        <\/div>\r\n    <\/div>\r\n","protected":false},"excerpt":{"rendered":"","protected":false},"author":1,"featured_media":0,"parent":282,"menu_order":0,"comment_status":"closed","ping_status":"closed","template":"","meta":{"_acf_changed":false,"footnotes":""},"standort":[],"class_list":["post-294","page","type-page","status-publish","hentry"],"acf":[],"yoast_head":"<!-- This site is optimized with the Yoast SEO plugin v27.3 - https:\/\/yoast.com\/product\/yoast-seo-wordpress\/ -->\n<title>ZES Regensburg Adipositas- Endokrinologie<\/title>\n<meta name=\"description\" content=\"In unserer Praxis in Regensburg unterst\u00fctzen wir Sie bei hormonellen Erkrankungen und Gewichtsreduktion mit individuellen L\u00f6sungen.\" \/>\n<meta name=\"robots\" content=\"index, follow, max-snippet:-1, max-image-preview:large, max-video-preview:-1\" \/>\n<link rel=\"canonical\" href=\"https:\/\/endokrinologie.bayern\/regensburg-adipositas\/leistungen\/endokrinologie\/\" \/>\n<meta property=\"og:locale\" content=\"de_DE\" \/>\n<meta property=\"og:type\" content=\"article\" \/>\n<meta property=\"og:title\" content=\"ZES Regensburg Adipositas- Endokrinologie\" \/>\n<meta property=\"og:description\" content=\"In unserer Praxis in Regensburg unterst\u00fctzen wir Sie bei hormonellen Erkrankungen und Gewichtsreduktion mit individuellen L\u00f6sungen.\" \/>\n<meta property=\"og:url\" content=\"https:\/\/endokrinologie.bayern\/regensburg-adipositas\/leistungen\/endokrinologie\/\" \/>\n<meta property=\"og:site_name\" content=\"ZES Regensburg Adipositas\" \/>\n<meta property=\"article:modified_time\" content=\"2025-05-21T06:06:28+00:00\" \/>\n<meta name=\"twitter:card\" content=\"summary_large_image\" \/>\n<script type=\"application\/ld+json\" class=\"yoast-schema-graph\">{\"@context\":\"https:\\\/\\\/schema.org\",\"@graph\":[{\"@type\":\"WebPage\",\"@id\":\"https:\\\/\\\/endokrinologie.bayern\\\/regensburg-adipositas\\\/leistungen\\\/endokrinologie\\\/\",\"url\":\"https:\\\/\\\/endokrinologie.bayern\\\/regensburg-adipositas\\\/leistungen\\\/endokrinologie\\\/\",\"name\":\"ZES Regensburg Adipositas- Endokrinologie\",\"isPartOf\":{\"@id\":\"https:\\\/\\\/endokrinologie.bayern\\\/regensburg-adipositas\\\/#website\"},\"datePublished\":\"2024-07-03T21:38:50+00:00\",\"dateModified\":\"2025-05-21T06:06:28+00:00\",\"description\":\"In unserer Praxis in Regensburg unterst\u00fctzen wir Sie bei hormonellen Erkrankungen und Gewichtsreduktion mit individuellen L\u00f6sungen.\",\"breadcrumb\":{\"@id\":\"https:\\\/\\\/endokrinologie.bayern\\\/regensburg-adipositas\\\/leistungen\\\/endokrinologie\\\/#breadcrumb\"},\"inLanguage\":\"de\",\"potentialAction\":[{\"@type\":\"ReadAction\",\"target\":[\"https:\\\/\\\/endokrinologie.bayern\\\/regensburg-adipositas\\\/leistungen\\\/endokrinologie\\\/\"]}]},{\"@type\":\"BreadcrumbList\",\"@id\":\"https:\\\/\\\/endokrinologie.bayern\\\/regensburg-adipositas\\\/leistungen\\\/endokrinologie\\\/#breadcrumb\",\"itemListElement\":[{\"@type\":\"ListItem\",\"position\":1,\"name\":\"Startseite\",\"item\":\"https:\\\/\\\/endokrinologie.bayern\\\/regensburg-adipositas\\\/\"},{\"@type\":\"ListItem\",\"position\":2,\"name\":\"Leistungen\",\"item\":\"https:\\\/\\\/endokrinologie.bayern\\\/regensburg-adipositas\\\/leistungen\\\/\"},{\"@type\":\"ListItem\",\"position\":3,\"name\":\"Endokrinologie\"}]},{\"@type\":\"WebSite\",\"@id\":\"https:\\\/\\\/endokrinologie.bayern\\\/regensburg-adipositas\\\/#website\",\"url\":\"https:\\\/\\\/endokrinologie.bayern\\\/regensburg-adipositas\\\/\",\"name\":\"ZES Regensburg Dom\",\"description\":\"Hormone im Gleichgewicht\",\"potentialAction\":[{\"@type\":\"SearchAction\",\"target\":{\"@type\":\"EntryPoint\",\"urlTemplate\":\"https:\\\/\\\/endokrinologie.bayern\\\/regensburg-adipositas\\\/?s={search_term_string}\"},\"query-input\":{\"@type\":\"PropertyValueSpecification\",\"valueRequired\":true,\"valueName\":\"search_term_string\"}}],\"inLanguage\":\"de\"}]}<\/script>\n<!-- \/ Yoast SEO plugin. -->","yoast_head_json":{"title":"ZES Regensburg Adipositas- Endokrinologie","description":"In unserer Praxis in Regensburg unterst\u00fctzen wir Sie bei hormonellen Erkrankungen und Gewichtsreduktion mit individuellen L\u00f6sungen.","robots":{"index":"index","follow":"follow","max-snippet":"max-snippet:-1","max-image-preview":"max-image-preview:large","max-video-preview":"max-video-preview:-1"},"canonical":"https:\/\/endokrinologie.bayern\/regensburg-adipositas\/leistungen\/endokrinologie\/","og_locale":"de_DE","og_type":"article","og_title":"ZES Regensburg Adipositas- Endokrinologie","og_description":"In unserer Praxis in Regensburg unterst\u00fctzen wir Sie bei hormonellen Erkrankungen und Gewichtsreduktion mit individuellen L\u00f6sungen.","og_url":"https:\/\/endokrinologie.bayern\/regensburg-adipositas\/leistungen\/endokrinologie\/","og_site_name":"ZES Regensburg Adipositas","article_modified_time":"2025-05-21T06:06:28+00:00","twitter_card":"summary_large_image","schema":{"@context":"https:\/\/schema.org","@graph":[{"@type":"WebPage","@id":"https:\/\/endokrinologie.bayern\/regensburg-adipositas\/leistungen\/endokrinologie\/","url":"https:\/\/endokrinologie.bayern\/regensburg-adipositas\/leistungen\/endokrinologie\/","name":"ZES Regensburg Adipositas- Endokrinologie","isPartOf":{"@id":"https:\/\/endokrinologie.bayern\/regensburg-adipositas\/#website"},"datePublished":"2024-07-03T21:38:50+00:00","dateModified":"2025-05-21T06:06:28+00:00","description":"In unserer Praxis in Regensburg unterst\u00fctzen wir Sie bei hormonellen Erkrankungen und Gewichtsreduktion mit individuellen L\u00f6sungen.","breadcrumb":{"@id":"https:\/\/endokrinologie.bayern\/regensburg-adipositas\/leistungen\/endokrinologie\/#breadcrumb"},"inLanguage":"de","potentialAction":[{"@type":"ReadAction","target":["https:\/\/endokrinologie.bayern\/regensburg-adipositas\/leistungen\/endokrinologie\/"]}]},{"@type":"BreadcrumbList","@id":"https:\/\/endokrinologie.bayern\/regensburg-adipositas\/leistungen\/endokrinologie\/#breadcrumb","itemListElement":[{"@type":"ListItem","position":1,"name":"Startseite","item":"https:\/\/endokrinologie.bayern\/regensburg-adipositas\/"},{"@type":"ListItem","position":2,"name":"Leistungen","item":"https:\/\/endokrinologie.bayern\/regensburg-adipositas\/leistungen\/"},{"@type":"ListItem","position":3,"name":"Endokrinologie"}]},{"@type":"WebSite","@id":"https:\/\/endokrinologie.bayern\/regensburg-adipositas\/#website","url":"https:\/\/endokrinologie.bayern\/regensburg-adipositas\/","name":"ZES Regensburg Dom","description":"Hormone im Gleichgewicht","potentialAction":[{"@type":"SearchAction","target":{"@type":"EntryPoint","urlTemplate":"https:\/\/endokrinologie.bayern\/regensburg-adipositas\/?s={search_term_string}"},"query-input":{"@type":"PropertyValueSpecification","valueRequired":true,"valueName":"search_term_string"}}],"inLanguage":"de"}]}},"_links":{"self":[{"href":"https:\/\/endokrinologie.bayern\/regensburg-adipositas\/wp-json\/wp\/v2\/pages\/294","targetHints":{"allow":["GET"]}}],"collection":[{"href":"https:\/\/endokrinologie.bayern\/regensburg-adipositas\/wp-json\/wp\/v2\/pages"}],"about":[{"href":"https:\/\/endokrinologie.bayern\/regensburg-adipositas\/wp-json\/wp\/v2\/types\/page"}],"author":[{"embeddable":true,"href":"https:\/\/endokrinologie.bayern\/regensburg-adipositas\/wp-json\/wp\/v2\/users\/1"}],"replies":[{"embeddable":true,"href":"https:\/\/endokrinologie.bayern\/regensburg-adipositas\/wp-json\/wp\/v2\/comments?post=294"}],"version-history":[{"count":12,"href":"https:\/\/endokrinologie.bayern\/regensburg-adipositas\/wp-json\/wp\/v2\/pages\/294\/revisions"}],"predecessor-version":[{"id":779,"href":"https:\/\/endokrinologie.bayern\/regensburg-adipositas\/wp-json\/wp\/v2\/pages\/294\/revisions\/779"}],"up":[{"embeddable":true,"href":"https:\/\/endokrinologie.bayern\/regensburg-adipositas\/wp-json\/wp\/v2\/pages\/282"}],"wp:attachment":[{"href":"https:\/\/endokrinologie.bayern\/regensburg-adipositas\/wp-json\/wp\/v2\/media?parent=294"}],"wp:term":[{"taxonomy":"standort","embeddable":true,"href":"https:\/\/endokrinologie.bayern\/regensburg-adipositas\/wp-json\/wp\/v2\/standort?post=294"}],"curies":[{"name":"wp","href":"https:\/\/api.w.org\/{rel}","templated":true}]}}