{"id":282,"date":"2024-07-03T23:11:25","date_gmt":"2024-07-03T21:11:25","guid":{"rendered":"https:\/\/ita-staging.de\/zes\/regensburg-dom-innere-medizin\/?page_id=282"},"modified":"2025-08-22T08:43:13","modified_gmt":"2025-08-22T06:43:13","slug":"leistungen","status":"publish","type":"page","link":"https:\/\/endokrinologie.bayern\/regensburg-adipositas\/leistungen\/","title":{"rendered":"Leistungen"},"content":{"rendered":"\r\n    <div  class=\"simple-header-block\">\r\n        <div class=\"layout-s\">\r\n                            <div class=\"title\">\r\n                                        <h1>Innere Medizin und Pr\u00e4ventionsmedizin:<\/h1>\r\n                <\/div>\r\n                                        <p class=\"subline\">Ihre Spezialistin f\u00fcr ganzheitliche Gesundheit in Regensburg<\/p>\r\n                                        <p>Unsere Praxis am Regensburger Dom widmet sich der umfassenden Betreuung in allen Teilbereichen der Inneren Medizin. Frau Natalia Pesin, eine langj\u00e4hrig erfahrene Internistin, bietet eine breite Palette an diagnostischen und therapeutischen Leistungen an, um Ihre Gesundheit bestm\u00f6glich zu f\u00f6rdern.<\/p>\r\n                                <\/div>\r\n    <\/div>\r\n\n\n\r\n\r\n<div  class=\"leistungsspektrum-block  grey\">\r\n    <div class=\"layout-s\">\r\n        <div class=\"leistungsspektrum-head\">\r\n                            <h3>Unser Leistungsspektrum:<\/h3>\r\n                                                    <p>In unserer Praxis bieten wir umfassende Schulungen f\u00fcr Diabetiker sowie individuelle Ern\u00e4hrungsberatungen an. Frau Natalia Pesin nimmt sich stets ausf\u00fchrlich Zeit f\u00fcr Ihre Anliegen und Bed\u00fcrfnisse, um die bestm\u00f6gliche Versorgung zu gew\u00e4hrleisten. Ihr Engagement f\u00fcr Ihre Gesundheit zeigt sich auch in ihrer aktiven Mitgliedschaft in der Deutschen Adipositas Gesellschaft und der Deutschen Gesellschaft f\u00fcr Innere Medizin.<\/p>\r\n                                        <a href=\"https:\/\/termin.samedi.de\/b\/zes-bayern-zentrum-fur-endokrinologie-und-stoffwechsel\/regensburgdom\" class=\"btn-secondary\">\r\n                    Zur Terminanfrage                    <img decoding=\"async\" src=\"https:\/\/endokrinologie.bayern\/regensburg-adipositas\/wp-content\/themes\/zes_theme\/images\/btn-next-black.svg\" alt=\"btn next\" title=\"btn next\">\r\n                <\/a>\r\n                    <\/div>\r\n                    <div class=\"overline\">\r\n                <img decoding=\"async\" src=\"https:\/\/endokrinologie.bayern\/regensburg-adipositas\/wp-content\/themes\/zes_theme\/images\/icon-diagnostik.svg\" alt=\"icon\">\r\n                <p>Diagnostik und Therapie<\/p>\r\n            <\/div>\r\n            <div x-data=\"{ activeTab: 0 }\" class=\"tabs\">\r\n                <div class=\"tab-buttons\">\r\n                                                                    <div :class=\"{ 'active': activeTab === 0 }\" class=\"btn\" @click=\"activeTab = 0\" data-item=\"0\">\r\n                            <div class=\"tab-head\">\r\n                                                                    <img decoding=\"async\" src=\"https:\/\/endokrinologie.bayern\/regensburg-adipositas\/wp-content\/uploads\/sites\/7\/2024\/07\/icon-schilddruese_2024.svg\" alt=\"icon\" title=\"Icon Schilddr\u00fcse\">\r\n                                                                <p>Schilddr\u00fcse<\/p>\r\n                            <\/div>\r\n                            <img decoding=\"async\" src=\"https:\/\/endokrinologie.bayern\/regensburg-adipositas\/wp-content\/themes\/zes_theme\/images\/btn-next-black.svg\" alt=\"btn next\" title=\"btn next\">\r\n                        <\/div>\r\n                                                                    <div :class=\"{ 'active': activeTab === 1 }\" class=\"btn\" @click=\"activeTab = 1\" data-item=\"1\">\r\n                            <div class=\"tab-head\">\r\n                                                                    <img decoding=\"async\" src=\"https:\/\/endokrinologie.bayern\/regensburg-adipositas\/wp-content\/uploads\/sites\/7\/2024\/07\/icon-diabetes_24.svg\" alt=\"icon\" title=\"Icon Diabetes\">\r\n                                                                <p>Diabetes<\/p>\r\n                            <\/div>\r\n                            <img decoding=\"async\" src=\"https:\/\/endokrinologie.bayern\/regensburg-adipositas\/wp-content\/themes\/zes_theme\/images\/btn-next-black.svg\" alt=\"btn next\" title=\"btn next\">\r\n                        <\/div>\r\n                                                                    <div :class=\"{ 'active': activeTab === 2 }\" class=\"btn\" @click=\"activeTab = 2\" data-item=\"2\">\r\n                            <div class=\"tab-head\">\r\n                                                                    <img decoding=\"async\" src=\"https:\/\/endokrinologie.bayern\/regensburg-adipositas\/wp-content\/uploads\/sites\/7\/2024\/07\/icon-osteoporose_24.svg\" alt=\"icon\" title=\"Icon Osteoporose\">\r\n                                                                <p>Osteoporose<\/p>\r\n                            <\/div>\r\n                            <img decoding=\"async\" src=\"https:\/\/endokrinologie.bayern\/regensburg-adipositas\/wp-content\/themes\/zes_theme\/images\/btn-next-black.svg\" alt=\"btn next\" title=\"btn next\">\r\n                        <\/div>\r\n                                                                    <div :class=\"{ 'active': activeTab === 3 }\" class=\"btn\" @click=\"activeTab = 3\" data-item=\"3\">\r\n                            <div class=\"tab-head\">\r\n                                                                    <img decoding=\"async\" src=\"https:\/\/endokrinologie.bayern\/regensburg-adipositas\/wp-content\/uploads\/sites\/7\/2024\/07\/icon-praeventionsmedizin-24.svg\" alt=\"icon\" title=\"Icon Pr\u00e4ventionsmedizin\">\r\n                                                                <p>Pr\u00e4ventionsmedizin<\/p>\r\n                            <\/div>\r\n                            <img decoding=\"async\" src=\"https:\/\/endokrinologie.bayern\/regensburg-adipositas\/wp-content\/themes\/zes_theme\/images\/btn-next-black.svg\" alt=\"btn next\" title=\"btn next\">\r\n                        <\/div>\r\n                                    <\/div>\r\n                <div class=\"tab-content\">\r\n                                            <div x-show=\"activeTab === 0\" class=\"item\" data-item=\"0\">\r\n                            <p><h3>Schilddr\u00fcsenprobleme und Gewichtsmanagement<\/h3>\n<p>Unsere Spezialisten verstehen die komplexen Wechselwirkungen zwischen Hormonen und Gewicht und bieten ma\u00dfgeschneiderte L\u00f6sungen.<\/p>\n<\/p>\r\n                                                            <a href=\"https:\/\/endokrinologie.bayern\/regensburg-adipositas\/leistungen\/endokrinologie\/\" class=\"btn-primary\">\r\n                                    Zu Endokrinologie                                    <img decoding=\"async\" src=\"https:\/\/endokrinologie.bayern\/regensburg-adipositas\/wp-content\/themes\/zes_theme\/images\/btn-next.svg\" alt=\"btn next\" title=\"btn next\">\r\n                                <\/a>\r\n                                                    <\/div>\r\n                                            <div x-show=\"activeTab === 1\" class=\"item\" data-item=\"1\">\r\n                            <p><h3>Diabetologie<\/h3>\n<p>Wir verstehen die komplexen Zusammenh\u00e4nge zwischen Blutzuckerregulation und Stoffwechsel und bieten individuell abgestimmte Behandlungsans\u00e4tze in der Diabetologie.<\/p>\n<\/p>\r\n                                                            <a href=\"https:\/\/endokrinologie.bayern\/regensburg-adipositas\/leistungen\/diabetologie\/\" class=\"btn-primary\">\r\n                                    Zu Diabetologie                                    <img decoding=\"async\" src=\"https:\/\/endokrinologie.bayern\/regensburg-adipositas\/wp-content\/themes\/zes_theme\/images\/btn-next.svg\" alt=\"btn next\" title=\"btn next\">\r\n                                <\/a>\r\n                                                    <\/div>\r\n                                            <div x-show=\"activeTab === 2\" class=\"item\" data-item=\"2\">\r\n                            <p><h3>Osteologie<\/h3>\n<p>Unser Ansatz in der Osteologie ber\u00fccksichtigt die komplexen Wechselwirkungen zwischen Knochengesundheit und Stoffwechsel und bietet ma\u00dfgeschneiderte L\u00f6sungen.<\/p>\n<p>&nbsp;<\/p>\n<p>Wir bieten in der Osteologie individuelle Behandlungsstrategien, die die komplexen Zusammenh\u00e4nge zwischen Stoffwechsel und Knochengesundheit ber\u00fccksichtigen.<\/p>\n<p>&nbsp;<\/p>\n<p>In der Osteologie legen wir Wert auf die individuellen Bed\u00fcrfnisse unserer Patienten und verstehen die komplexen Wechselwirkungen zwischen Stoffwechsel und Knochengesundheit.<\/p>\n<\/p>\r\n                                                            <a href=\"https:\/\/endokrinologie.bayern\/regensburg-adipositas\/leistungen\/osteologie\/\" class=\"btn-primary\">\r\n                                    Zu Osteologie                                    <img decoding=\"async\" src=\"https:\/\/endokrinologie.bayern\/regensburg-adipositas\/wp-content\/themes\/zes_theme\/images\/btn-next.svg\" alt=\"btn next\" title=\"btn next\">\r\n                                <\/a>\r\n                                                    <\/div>\r\n                                            <div x-show=\"activeTab === 3\" class=\"item\" data-item=\"3\">\r\n                            <p><h3>Pr\u00e4ventionsmedizin<\/h3>\n<p>Ein besonderer Schwerpunkt unserer Praxis liegt in der Pr\u00e4ventionsmedizin, um die Entstehung von Wohlstandskrankheiten zu verhindern. Wir bieten moderne Diagnostikverfahren wie Ultraschalluntersuchungen der Bauchorgane, Halsorgane, Dr\u00fcsen und des Herzens an. Zus\u00e4tzlich f\u00fchren wir EKG, Belastungs-EKG und Dopplersonographie der Arterien durch.<\/p>\n<\/p>\r\n                                                            <a href=\"https:\/\/endokrinologie.bayern\/regensburg-adipositas\/leistungen\/praeventionsmedizin\/\" class=\"btn-primary\">\r\n                                    Zu Pr\u00e4ventionsmedizin                                    <img decoding=\"async\" src=\"https:\/\/endokrinologie.bayern\/regensburg-adipositas\/wp-content\/themes\/zes_theme\/images\/btn-next.svg\" alt=\"btn next\" title=\"btn next\">\r\n                                <\/a>\r\n                                                    <\/div>\r\n                                    <\/div>\r\n            <\/div>\r\n            <\/div>\r\n<\/div>\r\n\r\n\n\n\r\n\r\n    <div  class=\"standort-list-block\" style=\"background:#EFEFEF;\" >\r\n      <div class=\"layout-s\">\r\n                   <h3>Finden Sie hochqualifizierte Unterst\u00fctzung bei Hormon- und Stoffwechselproblemen an unseren Standorten in Bayern und Baden-W\u00fcrttemberg<\/h3>\r\n                 \r\n            <div class=\"standorte\"> \r\n                            <div class=\"list\"> \r\n                <div class=\"standort\">\r\n                  <img decoding=\"async\" src=\"https:\/\/endokrinologie.bayern\/regensburg-adipositas\/wp-content\/themes\/zes_theme\/images\/standort.svg\" alt=\"standort\">\r\n                  <a href=\"\/muenchen\" target=\"_self\" class=\"btn-secondary\">\r\n                    M\u00fcnchen\r\n                    <img decoding=\"async\" src=\"https:\/\/endokrinologie.bayern\/wp-content\/themes\/zes_theme\/images\/btn-next-black.svg\" alt=\"btn next\" title=\"btn next\">\r\n                  <\/a> \r\n                <\/div>\r\n                <div class=\"standort\">\r\n                  <img decoding=\"async\" src=\"https:\/\/endokrinologie.bayern\/regensburg-adipositas\/wp-content\/themes\/zes_theme\/images\/standort.svg\" alt=\"standort\">\r\n                  <a href=\"\/ingolstadt\" target=\"_self\" class=\"btn-secondary\">\r\n                    Ingolstadt\r\n                    <img decoding=\"async\" src=\"https:\/\/endokrinologie.bayern\/wp-content\/themes\/zes_theme\/images\/btn-next-black.svg\" alt=\"btn next\" title=\"btn next\">\r\n                  <\/a> \r\n                <\/div>\r\n                <div class=\"standort\">\r\n                  <img decoding=\"async\" src=\"https:\/\/endokrinologie.bayern\/regensburg-adipositas\/wp-content\/themes\/zes_theme\/images\/standort.svg\" alt=\"standort\">\r\n                  <a href=\"\/landshut\" target=\"_self\" class=\"btn-secondary\">\r\n                    Landshut\r\n                    <img decoding=\"async\" src=\"https:\/\/endokrinologie.bayern\/wp-content\/themes\/zes_theme\/images\/btn-next-black.svg\" alt=\"btn next\" title=\"btn next\">\r\n                  <\/a> \r\n                <\/div> \r\n                <div class=\"standort\">\r\n                  <img decoding=\"async\" src=\"https:\/\/endokrinologie.bayern\/regensburg-adipositas\/wp-content\/themes\/zes_theme\/images\/standort.svg\" alt=\"standort\">\r\n                  <a href=\"\/passau\" target=\"_self\" class=\"btn-secondary\">\r\n                    Passau\r\n                    <img decoding=\"async\" src=\"https:\/\/endokrinologie.bayern\/wp-content\/themes\/zes_theme\/images\/btn-next-black.svg\" alt=\"btn next\" title=\"btn next\">\r\n                  <\/a> \r\n                <\/div> \r\n                <div class=\"standort\">\r\n                  <img decoding=\"async\" src=\"https:\/\/endokrinologie.bayern\/regensburg-adipositas\/wp-content\/themes\/zes_theme\/images\/standort.svg\" alt=\"standort\">\r\n                  <a href=\"\/regensburg-adipositas\" target=\"_self\" class=\"btn-secondary\">\r\n                    Regensburg Adipositas\r\n                    <img decoding=\"async\" src=\"https:\/\/endokrinologie.bayern\/wp-content\/themes\/zes_theme\/images\/btn-next-black.svg\" alt=\"btn next\" title=\"btn next\">\r\n                  <\/a> \r\n                <\/div> \r\n                <div class=\"standort\">\r\n                  <img decoding=\"async\" src=\"https:\/\/endokrinologie.bayern\/regensburg-adipositas\/wp-content\/themes\/zes_theme\/images\/standort.svg\" alt=\"standort\">\r\n                  <a href=\"\/regensburg-dez\" target=\"_self\" class=\"btn-secondary\">\r\n                    Regensburg (DEZ)\r\n                    <img decoding=\"async\" src=\"https:\/\/endokrinologie.bayern\/wp-content\/themes\/zes_theme\/images\/btn-next-black.svg\" alt=\"btn next\" title=\"btn next\">\r\n                  <\/a> \r\n                <\/div> \r\n                <div class=\"standort\">\r\n                  <img decoding=\"async\" src=\"https:\/\/endokrinologie.bayern\/regensburg-adipositas\/wp-content\/themes\/zes_theme\/images\/standort.svg\" alt=\"standort\">\r\n                  <a href=\"\/analysenlabor\" target=\"_self\" class=\"btn-secondary\">\r\n                    Analysenlabor\r\n                    <img decoding=\"async\" src=\"https:\/\/endokrinologie.bayern\/wp-content\/themes\/zes_theme\/images\/btn-next-black.svg\" alt=\"btn next\" title=\"btn next\">\r\n                  <\/a> \r\n                <\/div> \r\n                <div class=\"standort\">\r\n                  <img decoding=\"async\" src=\"https:\/\/endokrinologie.bayern\/regensburg-adipositas\/wp-content\/themes\/zes_theme\/images\/standort.svg\" alt=\"standort\">\r\n                  <a href=\"\/augsburg\" target=\"_self\" class=\"btn-secondary\">\r\n                    Augsburg\r\n                    <img decoding=\"async\" src=\"https:\/\/endokrinologie.bayern\/wp-content\/themes\/zes_theme\/images\/btn-next-black.svg\" alt=\"btn next\" title=\"btn next\">\r\n                  <\/a> \r\n                <\/div> \r\n                <div class=\"standort\">\r\n                  <img decoding=\"async\" src=\"https:\/\/endokrinologie.bayern\/regensburg-adipositas\/wp-content\/themes\/zes_theme\/images\/standort.svg\" alt=\"standort\">\r\n                  <a href=\"\/tuebingen\" target=\"_self\" class=\"btn-secondary\">\r\n                    T\u00fcbingen\r\n                    <img decoding=\"async\" src=\"https:\/\/endokrinologie.bayern\/wp-content\/themes\/zes_theme\/images\/btn-next-black.svg\" alt=\"btn next\" title=\"btn next\">\r\n                  <\/a> \r\n                <\/div> \r\n                <div class=\"standort\">\r\n                  <img decoding=\"async\" src=\"https:\/\/endokrinologie.bayern\/regensburg-adipositas\/wp-content\/themes\/zes_theme\/images\/standort.svg\" alt=\"standort\">\r\n                  <a href=\"\/gruenwald\" target=\"_self\" class=\"btn-secondary\">\r\n                    Gr\u00fcnwald\r\n                    <img decoding=\"async\" src=\"https:\/\/endokrinologie.bayern\/wp-content\/themes\/zes_theme\/images\/btn-next-black.svg\" alt=\"btn next\" title=\"btn next\">\r\n                  <\/a> \r\n                <\/div>    \r\n              <\/div>\r\n            <\/div>\r\n        \r\n      <\/div>\r\n    <\/div>\r\n\r\n","protected":false},"excerpt":{"rendered":"","protected":false},"author":1,"featured_media":0,"parent":0,"menu_order":0,"comment_status":"closed","ping_status":"closed","template":"","meta":{"_acf_changed":false,"footnotes":""},"standort":[],"class_list":["post-282","page","type-page","status-publish","hentry"],"acf":[],"yoast_head":"<!-- This site is optimized with the Yoast SEO plugin v27.3 - https:\/\/yoast.com\/product\/yoast-seo-wordpress\/ -->\n<title>ZES Regensburg Adipositas- Leistungen<\/title>\n<meta name=\"description\" content=\"Ob Hormonst\u00f6rungen oder Gewichtsprobleme: In unserer Praxis bieten wir Ihnen moderne Diagnostik und ma\u00dfgeschneiderte Therapieans\u00e4tze.\" \/>\n<meta name=\"robots\" content=\"index, follow, max-snippet:-1, max-image-preview:large, max-video-preview:-1\" \/>\n<link rel=\"canonical\" href=\"https:\/\/endokrinologie.bayern\/regensburg-adipositas\/leistungen\/\" \/>\n<meta property=\"og:locale\" content=\"de_DE\" \/>\n<meta property=\"og:type\" content=\"article\" \/>\n<meta property=\"og:title\" content=\"ZES Regensburg Adipositas- Leistungen\" \/>\n<meta property=\"og:description\" content=\"Ob Hormonst\u00f6rungen oder Gewichtsprobleme: In unserer Praxis bieten wir Ihnen moderne Diagnostik und ma\u00dfgeschneiderte Therapieans\u00e4tze.\" \/>\n<meta property=\"og:url\" content=\"https:\/\/endokrinologie.bayern\/regensburg-adipositas\/leistungen\/\" \/>\n<meta property=\"og:site_name\" content=\"ZES Regensburg Adipositas\" \/>\n<meta property=\"article:modified_time\" content=\"2025-08-22T06:43:13+00:00\" \/>\n<meta name=\"twitter:card\" content=\"summary_large_image\" \/>\n<script type=\"application\/ld+json\" class=\"yoast-schema-graph\">{\"@context\":\"https:\\\/\\\/schema.org\",\"@graph\":[{\"@type\":\"WebPage\",\"@id\":\"https:\\\/\\\/endokrinologie.bayern\\\/regensburg-adipositas\\\/leistungen\\\/\",\"url\":\"https:\\\/\\\/endokrinologie.bayern\\\/regensburg-adipositas\\\/leistungen\\\/\",\"name\":\"ZES Regensburg Adipositas- Leistungen\",\"isPartOf\":{\"@id\":\"https:\\\/\\\/endokrinologie.bayern\\\/regensburg-adipositas\\\/#website\"},\"datePublished\":\"2024-07-03T21:11:25+00:00\",\"dateModified\":\"2025-08-22T06:43:13+00:00\",\"description\":\"Ob Hormonst\u00f6rungen oder Gewichtsprobleme: In unserer Praxis bieten wir Ihnen moderne Diagnostik und ma\u00dfgeschneiderte Therapieans\u00e4tze.\",\"breadcrumb\":{\"@id\":\"https:\\\/\\\/endokrinologie.bayern\\\/regensburg-adipositas\\\/leistungen\\\/#breadcrumb\"},\"inLanguage\":\"de\",\"potentialAction\":[{\"@type\":\"ReadAction\",\"target\":[\"https:\\\/\\\/endokrinologie.bayern\\\/regensburg-adipositas\\\/leistungen\\\/\"]}]},{\"@type\":\"BreadcrumbList\",\"@id\":\"https:\\\/\\\/endokrinologie.bayern\\\/regensburg-adipositas\\\/leistungen\\\/#breadcrumb\",\"itemListElement\":[{\"@type\":\"ListItem\",\"position\":1,\"name\":\"Startseite\",\"item\":\"https:\\\/\\\/endokrinologie.bayern\\\/regensburg-adipositas\\\/\"},{\"@type\":\"ListItem\",\"position\":2,\"name\":\"Leistungen\"}]},{\"@type\":\"WebSite\",\"@id\":\"https:\\\/\\\/endokrinologie.bayern\\\/regensburg-adipositas\\\/#website\",\"url\":\"https:\\\/\\\/endokrinologie.bayern\\\/regensburg-adipositas\\\/\",\"name\":\"ZES Regensburg Dom\",\"description\":\"Hormone im Gleichgewicht\",\"potentialAction\":[{\"@type\":\"SearchAction\",\"target\":{\"@type\":\"EntryPoint\",\"urlTemplate\":\"https:\\\/\\\/endokrinologie.bayern\\\/regensburg-adipositas\\\/?s={search_term_string}\"},\"query-input\":{\"@type\":\"PropertyValueSpecification\",\"valueRequired\":true,\"valueName\":\"search_term_string\"}}],\"inLanguage\":\"de\"}]}<\/script>\n<!-- \/ Yoast SEO plugin. -->","yoast_head_json":{"title":"ZES Regensburg Adipositas- Leistungen","description":"Ob Hormonst\u00f6rungen oder Gewichtsprobleme: In unserer Praxis bieten wir Ihnen moderne Diagnostik und ma\u00dfgeschneiderte Therapieans\u00e4tze.","robots":{"index":"index","follow":"follow","max-snippet":"max-snippet:-1","max-image-preview":"max-image-preview:large","max-video-preview":"max-video-preview:-1"},"canonical":"https:\/\/endokrinologie.bayern\/regensburg-adipositas\/leistungen\/","og_locale":"de_DE","og_type":"article","og_title":"ZES Regensburg Adipositas- Leistungen","og_description":"Ob Hormonst\u00f6rungen oder Gewichtsprobleme: In unserer Praxis bieten wir Ihnen moderne Diagnostik und ma\u00dfgeschneiderte Therapieans\u00e4tze.","og_url":"https:\/\/endokrinologie.bayern\/regensburg-adipositas\/leistungen\/","og_site_name":"ZES Regensburg Adipositas","article_modified_time":"2025-08-22T06:43:13+00:00","twitter_card":"summary_large_image","schema":{"@context":"https:\/\/schema.org","@graph":[{"@type":"WebPage","@id":"https:\/\/endokrinologie.bayern\/regensburg-adipositas\/leistungen\/","url":"https:\/\/endokrinologie.bayern\/regensburg-adipositas\/leistungen\/","name":"ZES Regensburg Adipositas- Leistungen","isPartOf":{"@id":"https:\/\/endokrinologie.bayern\/regensburg-adipositas\/#website"},"datePublished":"2024-07-03T21:11:25+00:00","dateModified":"2025-08-22T06:43:13+00:00","description":"Ob Hormonst\u00f6rungen oder Gewichtsprobleme: In unserer Praxis bieten wir Ihnen moderne Diagnostik und ma\u00dfgeschneiderte Therapieans\u00e4tze.","breadcrumb":{"@id":"https:\/\/endokrinologie.bayern\/regensburg-adipositas\/leistungen\/#breadcrumb"},"inLanguage":"de","potentialAction":[{"@type":"ReadAction","target":["https:\/\/endokrinologie.bayern\/regensburg-adipositas\/leistungen\/"]}]},{"@type":"BreadcrumbList","@id":"https:\/\/endokrinologie.bayern\/regensburg-adipositas\/leistungen\/#breadcrumb","itemListElement":[{"@type":"ListItem","position":1,"name":"Startseite","item":"https:\/\/endokrinologie.bayern\/regensburg-adipositas\/"},{"@type":"ListItem","position":2,"name":"Leistungen"}]},{"@type":"WebSite","@id":"https:\/\/endokrinologie.bayern\/regensburg-adipositas\/#website","url":"https:\/\/endokrinologie.bayern\/regensburg-adipositas\/","name":"ZES Regensburg Dom","description":"Hormone im Gleichgewicht","potentialAction":[{"@type":"SearchAction","target":{"@type":"EntryPoint","urlTemplate":"https:\/\/endokrinologie.bayern\/regensburg-adipositas\/?s={search_term_string}"},"query-input":{"@type":"PropertyValueSpecification","valueRequired":true,"valueName":"search_term_string"}}],"inLanguage":"de"}]}},"_links":{"self":[{"href":"https:\/\/endokrinologie.bayern\/regensburg-adipositas\/wp-json\/wp\/v2\/pages\/282","targetHints":{"allow":["GET"]}}],"collection":[{"href":"https:\/\/endokrinologie.bayern\/regensburg-adipositas\/wp-json\/wp\/v2\/pages"}],"about":[{"href":"https:\/\/endokrinologie.bayern\/regensburg-adipositas\/wp-json\/wp\/v2\/types\/page"}],"author":[{"embeddable":true,"href":"https:\/\/endokrinologie.bayern\/regensburg-adipositas\/wp-json\/wp\/v2\/users\/1"}],"replies":[{"embeddable":true,"href":"https:\/\/endokrinologie.bayern\/regensburg-adipositas\/wp-json\/wp\/v2\/comments?post=282"}],"version-history":[{"count":14,"href":"https:\/\/endokrinologie.bayern\/regensburg-adipositas\/wp-json\/wp\/v2\/pages\/282\/revisions"}],"predecessor-version":[{"id":941,"href":"https:\/\/endokrinologie.bayern\/regensburg-adipositas\/wp-json\/wp\/v2\/pages\/282\/revisions\/941"}],"wp:attachment":[{"href":"https:\/\/endokrinologie.bayern\/regensburg-adipositas\/wp-json\/wp\/v2\/media?parent=282"}],"wp:term":[{"taxonomy":"standort","embeddable":true,"href":"https:\/\/endokrinologie.bayern\/regensburg-adipositas\/wp-json\/wp\/v2\/standort?post=282"}],"curies":[{"name":"wp","href":"https:\/\/api.w.org\/{rel}","templated":true}]}}