{"id":949,"date":"2025-12-16T14:52:50","date_gmt":"2025-12-16T13:52:50","guid":{"rendered":"https:\/\/endokrinologie.bayern\/passau\/?page_id=949"},"modified":"2025-12-16T14:52:52","modified_gmt":"2025-12-16T13:52:52","slug":"christian-seifarth","status":"publish","type":"page","link":"https:\/\/endokrinologie.bayern\/passau\/team\/christian-seifarth\/","title":{"rendered":"Christian Seifarth"},"content":{"rendered":"\r\n\r\n    <div  class=\"arzt-block\">\r\n      <div class=\"layout\">\r\n                    <div class=\"arzt-details\">\r\n                <div class=\"about\">\r\n                  <div class=\"left\">\r\n                                          <img decoding=\"async\" src=\"https:\/\/endokrinologie.bayern\/wp-content\/uploads\/2024\/06\/christian_seifarth_2026.jpg\" alt=\"Christian Seifarth\">\r\n                    \r\n                                          <a href=\"https:\/\/termin.samedi.de\/b\/zes-bayern-zentrum-fur-endokrinologie-und-stoffwechsel\/muenchen?ref=papp-my-doctors\" class=\"btn-primary\">Zur Terminvereinbarung (M\u00fcnchen) \r\n                      <\/a>\r\n                                                              <a href=\"https:\/\/termin.samedi.de\/b\/zes-bayern-zentrum-fur-endokrinologie-und-stoffwechsel\/regensburg?ref=papp-my-doctors\" class=\"btn-primary\">Zur Terminvereinbarung (Regensburg DEZ) \r\n                      <\/a>\r\n                                                              <a href=\"https:\/\/termin.samedi.de\/b\/zes-bayern-zentrum-fur-endokrinologie-und-stoffwechsel\/passau\" class=\"btn-primary\">Zur Terminvereinbarung (Passau) \r\n                      <\/a>\r\n                                      <\/div>\r\n\r\n\r\n                  <div class=\"profil\"> \r\n                    <h1>Prof. Dr. med.  Christian Seifarth<\/h1> \r\n                    <p>\r\n                      Internist, Endokrinologe, Diabetologe und Osteologe                    <\/p>\r\n\r\n                                          <div class=\"vorstellung\">\r\n                        <p>Prof. Dr. med. Christian Seifarth\u00a0behandelt Patienten mit allen endokrinologischen (hormonell bedingten) Erkrankungen an den Standorten\u00a0M\u00fcnchen und Regensburg.<\/p>\n<p>\u00dcberdies ist er Dozent an der Friedrich-Alexander-Universit\u00e4t Erlangen-N\u00fcrnberg<br \/>\nStudium der Humanmedizin\u00a0in Regensburg, M\u00fcnchen, Kapstadt (S\u00fcdafrika) und der Schweiz<\/p>\n<p>Zahlreiche Vortr\u00e4ge und internationale Publikationen, sowie Buchbeitr\u00e4ge<br \/>\n<a href=\"https:\/\/www.pnp.de\/nachrichten\/panorama\/bioidentische-hormone-bei-wechseljahr-beschwerden-naturnah-aber-nicht-harmlos-12154125\" target=\"_blank\" rel=\"noopener noreferrer\">hier klicken<\/a><\/p>\n                      <\/div>\r\n                                      <\/div>\r\n                <\/div>\r\n                    \r\n                                <div class=\"arzt-kontakte\">\r\n                                      <p>E-Mail: <a href=\"mailto:seifarth@endokrinologie.bayern\">seifarth@endokrinologie.bayern<\/a><\/p>\r\n                    \r\n                                  <\/div>\r\n                \r\n                \r\n                                  <div class=\"qualifikation\">\r\n                    <h3>Qualifikation:<\/h3> \r\n\r\n                    <div class=\"items\">\r\n                     \r\n                      <div class=\"item\">\r\n                        <p class=\"jahr\">1994 :<\/p>\r\n                        <p>Approbation<\/p> \r\n                      <\/div>\r\n                     \r\n                      <div class=\"item\">\r\n                        <p class=\"jahr\">1997 :<\/p>\r\n                        <p>Promotion &quot;magna cum laude&quot; an der Technischen Universit\u00e4t M\u00fcnchen<\/p> \r\n                      <\/div>\r\n                     \r\n                      <div class=\"item\">\r\n                        <p class=\"jahr\">:<\/p>\r\n                        <p>Internistische Facharztausbildung an den Universit\u00e4tskliniken Regensburg, Bochum und Erlangen<\/p> \r\n                      <\/div>\r\n                     \r\n                      <div class=\"item\">\r\n                        <p class=\"jahr\">2-j\u00e4hriger:<\/p>\r\n                        <p>Forschungsaufenthalt in den U.S.A. zum Thema \u201eimmunologische Therapieans\u00e4tze bei endokrinen Autoimmunerkrankungen\u201c<\/p> \r\n                      <\/div>\r\n                     \r\n                      <div class=\"item\">\r\n                        <p class=\"jahr\">2003 :<\/p>\r\n                        <p>Facharzt f\u00fcr Innere Medizin<\/p> \r\n                      <\/div>\r\n                     \r\n                      <div class=\"item\">\r\n                        <p class=\"jahr\">2003 :<\/p>\r\n                        <p>Anerkennung als Diabetologe (Deutsche Diabetes Gesellschaft, DDG)<\/p> \r\n                      <\/div>\r\n                     \r\n                      <div class=\"item\">\r\n                        <p class=\"jahr\">2004:<\/p>\r\n                        <p>Anerkennung als Endokrinologe<\/p> \r\n                      <\/div>\r\n                     \r\n                      <div class=\"item\">\r\n                        <p class=\"jahr\">2005:<\/p>\r\n                        <p>Anerkennung als Osteologe (Dachverband Osteologie e.V., DVO)<\/p> \r\n                      <\/div>\r\n                     \r\n                      <div class=\"item\">\r\n                        <p class=\"jahr\">2005:<\/p>\r\n                        <p>Habilitation zum Thema \u201eImmunologische Therapieans\u00e4tze bei Diabetes mellitus Typ 1\u201c an der Universit\u00e4t Erlangen-N\u00fcrnberg<\/p> \r\n                      <\/div>\r\n                     \r\n                      <div class=\"item\">\r\n                        <p class=\"jahr\">2007:<\/p>\r\n                        <p>Gr\u00fcndung des Zentrums f\u00fcr Endokrinologie und Stoffwechsel <\/p> \r\n                      <\/div>\r\n                     \r\n                      <div class=\"item\">\r\n                        <p class=\"jahr\">09\/2007 :<\/p>\r\n                        <p>Er\u00f6ffnung der Praxis Standort Regensburg<\/p> \r\n                      <\/div>\r\n                     \r\n                      <div class=\"item\">\r\n                        <p class=\"jahr\">2013 :<\/p>\r\n                        <p>Ernennung zum au\u00dferplanm\u00e4\u00dfigen Professor der Medizinischen Fakult\u00e4t der Friedrich-Alexander-Universit\u00e4t Erlangen-N\u00fcrnberg <\/p> \r\n                      <\/div>\r\n                     \r\n                      <div class=\"item\">\r\n                        <p class=\"jahr\">2014 :<\/p>\r\n                        <p>Erweiterung des Zentrums f\u00fcr Endokrinologie und Stoffwechsel <\/p> \r\n                      <\/div>\r\n                     \r\n                      <div class=\"item\">\r\n                        <p class=\"jahr\">02\/2014 :<\/p>\r\n                        <p>Er\u00f6ffnung der Praxis Standort Landshut<\/p> \r\n                      <\/div>\r\n                     \r\n                      <div class=\"item\">\r\n                        <p class=\"jahr\">10\/2014 :<\/p>\r\n                        <p>Er\u00f6ffnung der Praxis Standort M\u00fcnchen<\/p> \r\n                      <\/div>\r\n                     \r\n                      <div class=\"item\">\r\n                        <p class=\"jahr\">2015 :<\/p>\r\n                        <p>Erweiterung des Zentrums f\u00fcr Endokrinologie und Stoffwechsel <\/p> \r\n                      <\/div>\r\n                     \r\n                      <div class=\"item\">\r\n                        <p class=\"jahr\">01\/2015 :<\/p>\r\n                        <p>Er\u00f6ffnung der Praxis Standort Ingolstadt<\/p> \r\n                      <\/div>\r\n                     \r\n                      <div class=\"item\">\r\n                        <p class=\"jahr\">2022:<\/p>\r\n                        <p>Erweiterung des Zentrums f\u00fcr Endokrinologie und Stoffwechsel<\/p> \r\n                      <\/div>\r\n                     \r\n                      <div class=\"item\">\r\n                        <p class=\"jahr\">07\/2022 :<\/p>\r\n                        <p>Er\u00f6ffnung der Praxis Standort Passau<\/p> \r\n                      <\/div>\r\n                     \r\n                      <div class=\"item\">\r\n                        <p class=\"jahr\">2023:<\/p>\r\n                        <p>Erweiterung des Zentrums f\u00fcr Endokrinologie und Stoffwechsel<\/p> \r\n                      <\/div>\r\n                     \r\n                      <div class=\"item\">\r\n                        <p class=\"jahr\">10\/2023:<\/p>\r\n                        <p>Er\u00f6ffnung der Praxis f\u00fcr Gewichtsreduktion und Ern\u00e4hrung Regensburg<\/p> \r\n                      <\/div>\r\n                     \r\n                      <div class=\"item\">\r\n                        <p class=\"jahr\">2026:<\/p>\r\n                        <p>Erweiterung des Zentrums f\u00fcr Endokrinologie und Stoffwechsel<\/p> \r\n                      <\/div>\r\n                     \r\n                      <div class=\"item\">\r\n                        <p class=\"jahr\">04\/2026:<\/p>\r\n                        <p>Er\u00f6ffnung der Praxis Standort T\u00fcbingen<\/p> \r\n                      <\/div>\r\n                     \r\n                    <\/div>\r\n                  <\/div>\r\n                                \r\n                \r\n\r\n            <\/div>\r\n              <\/div>\r\n    <\/div>\r\n\r\n\n\n    <div  class=\"cta-block  cta\">\r\n        <div class=\"layout\">\r\n                            <div class=\"col\">\r\n                                            <h3>Besuchen Sie unsere ZES-Zentren<\/h3>\r\n                                                            <a href=\"\/zes\/standorte\" class=\"btn-primary\">Zu den Standorten<img decoding=\"async\" src=\"https:\/\/endokrinologie.bayern\/passau\/wp-content\/themes\/zes_theme\/images\/btn-next.svg\" alt=\"btn next\" title=\"btn next\"><\/a>                <\/div>\r\n                <div class=\"col\">\r\n                                            <div class=\"content\">\r\n                            <p>Wir laden Sie ein, unsere Endokrinologie-Zentren in Bayern zu besuchen und die Vorteile einer spezialisierten Endokrinologie-Betreuung zu erleben. Unsere Standorte sind darauf ausgerichtet, Ihnen in der Endokrinologie eine umfassende Betreuung zu bieten, die Ihr Leben nachhaltig verbessert.<\/p>\n                        <\/div>\r\n                                    <\/div>\r\n                    <\/div>\r\n    <\/div>\r\n","protected":false},"excerpt":{"rendered":"","protected":false},"author":1,"featured_media":0,"parent":156,"menu_order":0,"comment_status":"closed","ping_status":"closed","template":"","meta":{"_acf_changed":false,"footnotes":""},"standort":[],"class_list":["post-949","page","type-page","status-publish","hentry"],"acf":[],"yoast_head":"<!-- This site is optimized with the Yoast SEO plugin v27.3 - https:\/\/yoast.com\/product\/yoast-seo-wordpress\/ -->\n<title>Zentrum f\u00fcr Endokrinologie und Stoffwechsel Passau - Christian Seifarth<\/title>\n<meta name=\"description\" content=\"Das Zentrum f\u00fcr Endokrinologie und Stoffwechsel Passau ist Ihr Ansprechpartner f\u00fcr hormonelle Gesundheit.\" \/>\n<meta name=\"robots\" content=\"index, follow, max-snippet:-1, max-image-preview:large, max-video-preview:-1\" \/>\n<link rel=\"canonical\" href=\"https:\/\/endokrinologie.bayern\/passau\/team\/christian-seifarth\/\" \/>\n<meta property=\"og:locale\" content=\"de_DE\" \/>\n<meta property=\"og:type\" content=\"article\" \/>\n<meta property=\"og:title\" content=\"Zentrum f\u00fcr Endokrinologie und Stoffwechsel Passau - Christian Seifarth\" \/>\n<meta property=\"og:description\" content=\"Das Zentrum f\u00fcr Endokrinologie und Stoffwechsel Passau ist Ihr Ansprechpartner f\u00fcr hormonelle Gesundheit.\" \/>\n<meta property=\"og:url\" content=\"https:\/\/endokrinologie.bayern\/passau\/team\/christian-seifarth\/\" \/>\n<meta property=\"og:site_name\" content=\"ZES Passau\" \/>\n<meta property=\"article:modified_time\" content=\"2025-12-16T13:52:52+00:00\" \/>\n<meta name=\"twitter:card\" content=\"summary_large_image\" \/>\n<script type=\"application\/ld+json\" class=\"yoast-schema-graph\">{\"@context\":\"https:\\\/\\\/schema.org\",\"@graph\":[{\"@type\":\"WebPage\",\"@id\":\"https:\\\/\\\/endokrinologie.bayern\\\/passau\\\/team\\\/christian-seifarth\\\/\",\"url\":\"https:\\\/\\\/endokrinologie.bayern\\\/passau\\\/team\\\/christian-seifarth\\\/\",\"name\":\"Zentrum f\u00fcr Endokrinologie und Stoffwechsel Passau - Christian Seifarth\",\"isPartOf\":{\"@id\":\"https:\\\/\\\/endokrinologie.bayern\\\/passau\\\/#website\"},\"datePublished\":\"2025-12-16T13:52:50+00:00\",\"dateModified\":\"2025-12-16T13:52:52+00:00\",\"description\":\"Das Zentrum f\u00fcr Endokrinologie und Stoffwechsel Passau ist Ihr Ansprechpartner f\u00fcr hormonelle Gesundheit.\",\"breadcrumb\":{\"@id\":\"https:\\\/\\\/endokrinologie.bayern\\\/passau\\\/team\\\/christian-seifarth\\\/#breadcrumb\"},\"inLanguage\":\"de\",\"potentialAction\":[{\"@type\":\"ReadAction\",\"target\":[\"https:\\\/\\\/endokrinologie.bayern\\\/passau\\\/team\\\/christian-seifarth\\\/\"]}]},{\"@type\":\"BreadcrumbList\",\"@id\":\"https:\\\/\\\/endokrinologie.bayern\\\/passau\\\/team\\\/christian-seifarth\\\/#breadcrumb\",\"itemListElement\":[{\"@type\":\"ListItem\",\"position\":1,\"name\":\"Startseite\",\"item\":\"https:\\\/\\\/endokrinologie.bayern\\\/passau\\\/\"},{\"@type\":\"ListItem\",\"position\":2,\"name\":\"Team\",\"item\":\"https:\\\/\\\/endokrinologie.bayern\\\/passau\\\/team\\\/\"},{\"@type\":\"ListItem\",\"position\":3,\"name\":\"Christian Seifarth\"}]},{\"@type\":\"WebSite\",\"@id\":\"https:\\\/\\\/endokrinologie.bayern\\\/passau\\\/#website\",\"url\":\"https:\\\/\\\/endokrinologie.bayern\\\/passau\\\/\",\"name\":\"Zentrum f\u00fcr Endokrinologie und Stoffwechsel Passau\",\"description\":\"Hormone im Gleichgewicht\",\"potentialAction\":[{\"@type\":\"SearchAction\",\"target\":{\"@type\":\"EntryPoint\",\"urlTemplate\":\"https:\\\/\\\/endokrinologie.bayern\\\/passau\\\/?s={search_term_string}\"},\"query-input\":{\"@type\":\"PropertyValueSpecification\",\"valueRequired\":true,\"valueName\":\"search_term_string\"}}],\"inLanguage\":\"de\"}]}<\/script>\n<!-- \/ Yoast SEO plugin. -->","yoast_head_json":{"title":"Zentrum f\u00fcr Endokrinologie und Stoffwechsel Passau - Christian Seifarth","description":"Das Zentrum f\u00fcr Endokrinologie und Stoffwechsel Passau ist Ihr Ansprechpartner f\u00fcr hormonelle Gesundheit.","robots":{"index":"index","follow":"follow","max-snippet":"max-snippet:-1","max-image-preview":"max-image-preview:large","max-video-preview":"max-video-preview:-1"},"canonical":"https:\/\/endokrinologie.bayern\/passau\/team\/christian-seifarth\/","og_locale":"de_DE","og_type":"article","og_title":"Zentrum f\u00fcr Endokrinologie und Stoffwechsel Passau - Christian Seifarth","og_description":"Das Zentrum f\u00fcr Endokrinologie und Stoffwechsel Passau ist Ihr Ansprechpartner f\u00fcr hormonelle Gesundheit.","og_url":"https:\/\/endokrinologie.bayern\/passau\/team\/christian-seifarth\/","og_site_name":"ZES Passau","article_modified_time":"2025-12-16T13:52:52+00:00","twitter_card":"summary_large_image","schema":{"@context":"https:\/\/schema.org","@graph":[{"@type":"WebPage","@id":"https:\/\/endokrinologie.bayern\/passau\/team\/christian-seifarth\/","url":"https:\/\/endokrinologie.bayern\/passau\/team\/christian-seifarth\/","name":"Zentrum f\u00fcr Endokrinologie und Stoffwechsel Passau - Christian Seifarth","isPartOf":{"@id":"https:\/\/endokrinologie.bayern\/passau\/#website"},"datePublished":"2025-12-16T13:52:50+00:00","dateModified":"2025-12-16T13:52:52+00:00","description":"Das Zentrum f\u00fcr Endokrinologie und Stoffwechsel Passau ist Ihr Ansprechpartner f\u00fcr hormonelle Gesundheit.","breadcrumb":{"@id":"https:\/\/endokrinologie.bayern\/passau\/team\/christian-seifarth\/#breadcrumb"},"inLanguage":"de","potentialAction":[{"@type":"ReadAction","target":["https:\/\/endokrinologie.bayern\/passau\/team\/christian-seifarth\/"]}]},{"@type":"BreadcrumbList","@id":"https:\/\/endokrinologie.bayern\/passau\/team\/christian-seifarth\/#breadcrumb","itemListElement":[{"@type":"ListItem","position":1,"name":"Startseite","item":"https:\/\/endokrinologie.bayern\/passau\/"},{"@type":"ListItem","position":2,"name":"Team","item":"https:\/\/endokrinologie.bayern\/passau\/team\/"},{"@type":"ListItem","position":3,"name":"Christian Seifarth"}]},{"@type":"WebSite","@id":"https:\/\/endokrinologie.bayern\/passau\/#website","url":"https:\/\/endokrinologie.bayern\/passau\/","name":"Zentrum f\u00fcr Endokrinologie und Stoffwechsel Passau","description":"Hormone im Gleichgewicht","potentialAction":[{"@type":"SearchAction","target":{"@type":"EntryPoint","urlTemplate":"https:\/\/endokrinologie.bayern\/passau\/?s={search_term_string}"},"query-input":{"@type":"PropertyValueSpecification","valueRequired":true,"valueName":"search_term_string"}}],"inLanguage":"de"}]}},"_links":{"self":[{"href":"https:\/\/endokrinologie.bayern\/passau\/wp-json\/wp\/v2\/pages\/949","targetHints":{"allow":["GET"]}}],"collection":[{"href":"https:\/\/endokrinologie.bayern\/passau\/wp-json\/wp\/v2\/pages"}],"about":[{"href":"https:\/\/endokrinologie.bayern\/passau\/wp-json\/wp\/v2\/types\/page"}],"author":[{"embeddable":true,"href":"https:\/\/endokrinologie.bayern\/passau\/wp-json\/wp\/v2\/users\/1"}],"replies":[{"embeddable":true,"href":"https:\/\/endokrinologie.bayern\/passau\/wp-json\/wp\/v2\/comments?post=949"}],"version-history":[{"count":1,"href":"https:\/\/endokrinologie.bayern\/passau\/wp-json\/wp\/v2\/pages\/949\/revisions"}],"predecessor-version":[{"id":950,"href":"https:\/\/endokrinologie.bayern\/passau\/wp-json\/wp\/v2\/pages\/949\/revisions\/950"}],"up":[{"embeddable":true,"href":"https:\/\/endokrinologie.bayern\/passau\/wp-json\/wp\/v2\/pages\/156"}],"wp:attachment":[{"href":"https:\/\/endokrinologie.bayern\/passau\/wp-json\/wp\/v2\/media?parent=949"}],"wp:term":[{"taxonomy":"standort","embeddable":true,"href":"https:\/\/endokrinologie.bayern\/passau\/wp-json\/wp\/v2\/standort?post=949"}],"curies":[{"name":"wp","href":"https:\/\/api.w.org\/{rel}","templated":true}]}}