{"id":839,"date":"2024-12-17T19:31:33","date_gmt":"2024-12-17T18:31:33","guid":{"rendered":"https:\/\/ita-staging.de\/zes\/passau\/?page_id=839"},"modified":"2024-12-17T19:31:33","modified_gmt":"2024-12-17T18:31:33","slug":"hormonelle-beschwerden","status":"publish","type":"page","link":"https:\/\/endokrinologie.bayern\/passau\/leistungen\/endokrinologie\/hormonelle-beschwerden\/","title":{"rendered":"Hormonelle Beschwerden"},"content":{"rendered":"\r\n    <div  class=\"simple-header-block\">\r\n        <div class=\"layout-s\">\r\n                            <div class=\"title\">\r\n                                        <h1>Endokrinologie: hormonelle Beschwerden<\/h1>\r\n                <\/div>\r\n                                        <p class=\"subline\">Ursachen erkennen, gezielt behandeln<\/p>\r\n                                        <p>Hormonelle St\u00f6rungen k\u00f6nnen vielf\u00e4ltige Symptome verursachen, die Ihren Alltag erheblich beeintr\u00e4chtigen. Von unerkl\u00e4rlichen Gewichtsver\u00e4nderungen und M\u00fcdigkeit bis hin zu Zyklusst\u00f6rungen, Haarausfall oder vermehrtem Schwitzen \u2013 unsere Endokrinologie-Experten bieten Ihnen spezialisierte Diagnostik und individuelle Therapiekonzepte. Durch moderne medizinische Verfahren und pers\u00f6nliche Betreuung helfen wir Ihnen, Ihre Hormonbalance wiederherzustellen und Ihre Lebensqualit\u00e4t nachhaltig zu verbessern.\r\n\r\nErfahren Sie, wie wir Ihnen bei hormonellen Beschwerden gezielt helfen k\u00f6nnen.<\/p>\r\n                                <\/div>\r\n    <\/div>\r\n\n\n\r\n\r\n  <div  class=\"fachbereiche-block white col-2\">\r\n\r\n<div class=\"layout-s\">\r\n      <h3>hormonelle Beschwerden<\/h3>\r\n  \r\n  <div class=\"items\" x-data=\"{ openItem: null }\">\r\n          <div class=\"item\"> \r\n          <div class=\"head-elm\">\r\n            <img decoding=\"async\" src=\"https:\/\/endokrinologie.bayern\/passau\/wp-content\/themes\/zes_theme\/images\/icon-check.svg\" alt=\"icon\" title=\"icon\">  \r\n            <p class=\"\" @click=\"openItem = openItem === 'item-0' ? null : 'item-0'\"> \r\n                                                \u00dcbergewicht, Adipositas, unklare Gewichtsver\u00e4nderungen                                <\/b>\r\n                                                          \r\n                          <\/p>\r\n          <\/div>\r\n                        <\/div>\r\n                          \r\n          <div class=\"item\"> \r\n          <div class=\"head-elm\">\r\n            <img decoding=\"async\" src=\"https:\/\/endokrinologie.bayern\/passau\/wp-content\/themes\/zes_theme\/images\/icon-check.svg\" alt=\"icon\" title=\"icon\">  \r\n            <p class=\"\" @click=\"openItem = openItem === 'item-1' ? null : 'item-1'\"> \r\n                                                St\u00f6rungen des sexuellen Verlangens  und Impotenz                                <\/b>\r\n                                                          \r\n                          <\/p>\r\n          <\/div>\r\n                        <\/div>\r\n                          \r\n          <div class=\"item\"> \r\n          <div class=\"head-elm\">\r\n            <img decoding=\"async\" src=\"https:\/\/endokrinologie.bayern\/passau\/wp-content\/themes\/zes_theme\/images\/icon-check.svg\" alt=\"icon\" title=\"icon\">  \r\n            <p class=\"\" @click=\"openItem = openItem === 'item-2' ? null : 'item-2'\"> \r\n                                                M\u00fcdigkeit, Abgeschlagenheit                                <\/b>\r\n                                                          \r\n                          <\/p>\r\n          <\/div>\r\n                        <\/div>\r\n                          \r\n          <div class=\"item\"> \r\n          <div class=\"head-elm\">\r\n            <img decoding=\"async\" src=\"https:\/\/endokrinologie.bayern\/passau\/wp-content\/themes\/zes_theme\/images\/icon-check.svg\" alt=\"icon\" title=\"icon\">  \r\n            <p class=\"\" @click=\"openItem = openItem === 'item-3' ? null : 'item-3'\"> \r\n                                                vermehrtes Schwitzen                                <\/b>\r\n                                                          \r\n                          <\/p>\r\n          <\/div>\r\n                        <\/div>\r\n                          \r\n          <div class=\"item\"> \r\n          <div class=\"head-elm\">\r\n            <img decoding=\"async\" src=\"https:\/\/endokrinologie.bayern\/passau\/wp-content\/themes\/zes_theme\/images\/icon-check.svg\" alt=\"icon\" title=\"icon\">  \r\n            <p class=\"\" @click=\"openItem = openItem === 'item-4' ? null : 'item-4'\"> \r\n                                                Schlafst\u00f6rungen, psychische Ver\u00e4nderungen                                <\/b>\r\n                                                          \r\n                          <\/p>\r\n          <\/div>\r\n                        <\/div>\r\n                          \r\n          <div class=\"item\"> \r\n          <div class=\"head-elm\">\r\n            <img decoding=\"async\" src=\"https:\/\/endokrinologie.bayern\/passau\/wp-content\/themes\/zes_theme\/images\/icon-check.svg\" alt=\"icon\" title=\"icon\">  \r\n            <p class=\"\" @click=\"openItem = openItem === 'item-5' ? null : 'item-5'\"> \r\n                                                Haarausfall, vermehrte Behaarung am K\u00f6rper                                <\/b>\r\n                                                          \r\n                          <\/p>\r\n          <\/div>\r\n                        <\/div>\r\n                          \r\n          <div class=\"item\"> \r\n          <div class=\"head-elm\">\r\n            <img decoding=\"async\" src=\"https:\/\/endokrinologie.bayern\/passau\/wp-content\/themes\/zes_theme\/images\/icon-check.svg\" alt=\"icon\" title=\"icon\">  \r\n            <p class=\"\" @click=\"openItem = openItem === 'item-6' ? null : 'item-6'\"> \r\n                                                Zyklusst\u00f6rungen (St\u00f6rungen der Periodenblutung) und Kinderwunsch                                <\/b>\r\n                                                          \r\n                          <\/p>\r\n          <\/div>\r\n                        <\/div>\r\n                          \r\n          <div class=\"item\"> \r\n          <div class=\"head-elm\">\r\n            <img decoding=\"async\" src=\"https:\/\/endokrinologie.bayern\/passau\/wp-content\/themes\/zes_theme\/images\/icon-check.svg\" alt=\"icon\" title=\"icon\">  \r\n            <p class=\"\" @click=\"openItem = openItem === 'item-7' ? null : 'item-7'\"> \r\n                                                Akne                                <\/b>\r\n                                                          \r\n                          <\/p>\r\n          <\/div>\r\n                        <\/div>\r\n                          \r\n          <div class=\"item\"> \r\n          <div class=\"head-elm\">\r\n            <img decoding=\"async\" src=\"https:\/\/endokrinologie.bayern\/passau\/wp-content\/themes\/zes_theme\/images\/icon-check.svg\" alt=\"icon\" title=\"icon\">  \r\n            <p class=\"\" @click=\"openItem = openItem === 'item-8' ? null : 'item-8'\"> \r\n                                                schwer einstellbarer Blutdruck                                <\/b>\r\n                                                          \r\n                          <\/p>\r\n          <\/div>\r\n                        <\/div>\r\n                          \r\n          <div class=\"item\"> \r\n          <div class=\"head-elm\">\r\n            <img decoding=\"async\" src=\"https:\/\/endokrinologie.bayern\/passau\/wp-content\/themes\/zes_theme\/images\/icon-check.svg\" alt=\"icon\" title=\"icon\">  \r\n            <p class=\"\" @click=\"openItem = openItem === 'item-9' ? null : 'item-9'\"> \r\n                                                h\u00e4ufige Knochenbr\u00fcche                                <\/b>\r\n                                                          \r\n                          <\/p>\r\n          <\/div>\r\n                        <\/div>\r\n                          \r\n          <div class=\"item\"> \r\n          <div class=\"head-elm\">\r\n            <img decoding=\"async\" src=\"https:\/\/endokrinologie.bayern\/passau\/wp-content\/themes\/zes_theme\/images\/icon-check.svg\" alt=\"icon\" title=\"icon\">  \r\n            <p class=\"\" @click=\"openItem = openItem === 'item-10' ? null : 'item-10'\"> \r\n                                                Brustdr\u00fcsenvergr\u00f6\u00dferung beim Mann                                <\/b>\r\n                                                          \r\n                          <\/p>\r\n          <\/div>\r\n                        <\/div>\r\n                          \r\n          <div class=\"item\"> \r\n          <div class=\"head-elm\">\r\n            <img decoding=\"async\" src=\"https:\/\/endokrinologie.bayern\/passau\/wp-content\/themes\/zes_theme\/images\/icon-check.svg\" alt=\"icon\" title=\"icon\">  \r\n            <p class=\"\" @click=\"openItem = openItem === 'item-11' ? null : 'item-11'\"> \r\n                                                Cholesterinerh\u00f6hung                                <\/b>\r\n                                                          \r\n                          <\/p>\r\n          <\/div>\r\n                        <\/div>\r\n                          \r\n      <\/div>\r\n\r\n        <a href=\"https:\/\/endokrinologie.bayern\/passau\/team\/\" class=\"btn-secondary\">\r\n        Zu unseren Spezialisten        <img decoding=\"async\" src=\"https:\/\/endokrinologie.bayern\/passau\/wp-content\/themes\/zes_theme\/images\/btn-next-black.svg\" alt=\"btn-next\" title=\"btn-next\">\r\n      <\/a>\r\n  <\/div>\r\n\r\n<\/div>\r\n\r\n\n\n\r\n\r\n    <div  class=\"kachel-block leistungen\"> \r\n      <div class=\"layout-s\">\r\n                   <h3>Weitere Behandlungsschwerpunkte<\/h3>\r\n                \r\n\r\n        <div class=\"kacheln spalte-3\">\r\n                      <div class=\"kachel \">\r\n                              <a href=\"https:\/\/endokrinologie.bayern\/passau\/leistungen\/krankheitsbilder\/\">\r\n                                                <p class=\"title\">\r\n                    Krankheitsbilder                  <\/p>\r\n                                                                  <img src='https:\/\/endokrinologie.bayern\/passau\/wp-content\/uploads\/sites\/8\/2024\/07\/icon-ver-endokrenologie.svg' alt='' title='icon-ver-endokrenologie'>\r\n                                                  <p class=\"btn-secondary\">Mehr erfahren\r\n                    <img decoding=\"async\" src=\"https:\/\/endokrinologie.bayern\/wp-content\/themes\/zes_theme\/images\/btn-next-black.svg\" alt=\"btn-next\" title=\"btn-next\">\r\n                  <\/p>\r\n                                              <\/a>\r\n                          <\/div>\r\n                      <div class=\"kachel \">\r\n                              <a href=\"https:\/\/endokrinologie.bayern\/passau\/leistungen\/diabetologie\/\">\r\n                                                <p class=\"title\">\r\n                    Diabetes (Diabetologie)                  <\/p>\r\n                                                                  <img src='https:\/\/endokrinologie.bayern\/passau\/wp-content\/uploads\/sites\/8\/2024\/07\/icon-finger.svg' alt='' title='icon-finger'>\r\n                                                  <p class=\"btn-secondary\">Mehr erfahren\r\n                    <img decoding=\"async\" src=\"https:\/\/endokrinologie.bayern\/wp-content\/themes\/zes_theme\/images\/btn-next-black.svg\" alt=\"btn-next\" title=\"btn-next\">\r\n                  <\/p>\r\n                                              <\/a>\r\n                          <\/div>\r\n                      <div class=\"kachel \">\r\n                              <a href=\"https:\/\/endokrinologie.bayern\/passau\/leistungen\/adipositas\/\">\r\n                                                <p class=\"title\">\r\n                    \u00dcbergewicht (Adipositas)                  <\/p>\r\n                                                                  <img src='https:\/\/endokrinologie.bayern\/passau\/wp-content\/uploads\/sites\/8\/2024\/07\/icon-ver-adipositas-24.svg' alt='' title='icon-ver-adipositas-24'>\r\n                                                  <p class=\"btn-secondary\">Mehr erfahren\r\n                    <img decoding=\"async\" src=\"https:\/\/endokrinologie.bayern\/wp-content\/themes\/zes_theme\/images\/btn-next-black.svg\" alt=\"btn-next\" title=\"btn-next\">\r\n                  <\/p>\r\n                                              <\/a>\r\n                          <\/div>\r\n                      <div class=\"kachel \">\r\n                              <a href=\"https:\/\/endokrinologie.bayern\/passau\/leistungen\/osteologie\/\">\r\n                                                <p class=\"title\">\r\n                    Osteoporose (Osteologie)                  <\/p>\r\n                                                                  <img src='https:\/\/endokrinologie.bayern\/passau\/wp-content\/uploads\/sites\/8\/2024\/07\/icon-osteoporose_24.svg' alt='' title='icon-osteoporose_24'>\r\n                                                  <p class=\"btn-secondary\">Mehr erfahren\r\n                    <img decoding=\"async\" src=\"https:\/\/endokrinologie.bayern\/wp-content\/themes\/zes_theme\/images\/btn-next-black.svg\" alt=\"btn-next\" title=\"btn-next\">\r\n                  <\/p>\r\n                                              <\/a>\r\n                          <\/div>\r\n                      <div class=\"kachel \">\r\n                              <a href=\"https:\/\/endokrinologie.bayern\/passau\/leistungen\/praeventionsmedizin\/\">\r\n                                                <p class=\"title\">\r\n                    Pr\u00e4ventionsmedizin                  <\/p>\r\n                                                                  <img src='https:\/\/endokrinologie.bayern\/passau\/wp-content\/uploads\/sites\/8\/2024\/07\/icon-praeventionsmedizin-24.svg' alt='' title='icon-praeventionsmedizin-24'>\r\n                                                  <p class=\"btn-secondary\">Mehr erfahren\r\n                    <img decoding=\"async\" src=\"https:\/\/endokrinologie.bayern\/wp-content\/themes\/zes_theme\/images\/btn-next-black.svg\" alt=\"btn-next\" title=\"btn-next\">\r\n                  <\/p>\r\n                                              <\/a>\r\n                          <\/div>\r\n                  <\/div>\r\n\r\n                    <a href=\"https:\/\/endokrinologie.bayern\/passau\/leistungen\/\" class=\"btn-primary spalte-3\">\r\n              Zu der Leistungs\u00fcbersicht              <img decoding=\"async\" src=\"https:\/\/endokrinologie.bayern\/wp-content\/themes\/zes_theme\/images\/btn-next.svg\" alt=\"btn next\" title=\"btn next\">\r\n            <\/a>\r\n              <\/div>\r\n    <\/div>\r\n\r\n","protected":false},"excerpt":{"rendered":"","protected":false},"author":1,"featured_media":0,"parent":294,"menu_order":0,"comment_status":"closed","ping_status":"closed","template":"","meta":{"_acf_changed":false,"footnotes":""},"standort":[],"class_list":["post-839","page","type-page","status-publish","hentry"],"acf":[],"yoast_head":"<!-- This site is optimized with the Yoast SEO plugin v27.3 - https:\/\/yoast.com\/product\/yoast-seo-wordpress\/ -->\n<title>Zentrum f\u00fcr Endokrinologie und Stoffwechsel Passau - Hormonelle Beschwerden<\/title>\n<meta name=\"description\" content=\"Das Zentrum f\u00fcr Endokrinologie und Stoffwechsel Passau ist Ihr Ansprechpartner f\u00fcr hormonelle Gesundheit.\" \/>\n<meta name=\"robots\" content=\"index, follow, max-snippet:-1, max-image-preview:large, max-video-preview:-1\" \/>\n<link rel=\"canonical\" href=\"https:\/\/endokrinologie.bayern\/passau\/leistungen\/endokrinologie\/hormonelle-beschwerden\/\" \/>\n<meta property=\"og:locale\" content=\"de_DE\" \/>\n<meta property=\"og:type\" content=\"article\" \/>\n<meta property=\"og:title\" content=\"Zentrum f\u00fcr Endokrinologie und Stoffwechsel Passau - Hormonelle Beschwerden\" \/>\n<meta property=\"og:description\" content=\"Das Zentrum f\u00fcr Endokrinologie und Stoffwechsel Passau ist Ihr Ansprechpartner f\u00fcr hormonelle Gesundheit.\" \/>\n<meta property=\"og:url\" content=\"https:\/\/endokrinologie.bayern\/passau\/leistungen\/endokrinologie\/hormonelle-beschwerden\/\" \/>\n<meta property=\"og:site_name\" content=\"ZES Passau\" \/>\n<meta name=\"twitter:card\" content=\"summary_large_image\" \/>\n<script type=\"application\/ld+json\" class=\"yoast-schema-graph\">{\"@context\":\"https:\\\/\\\/schema.org\",\"@graph\":[{\"@type\":\"WebPage\",\"@id\":\"https:\\\/\\\/endokrinologie.bayern\\\/passau\\\/leistungen\\\/endokrinologie\\\/hormonelle-beschwerden\\\/\",\"url\":\"https:\\\/\\\/endokrinologie.bayern\\\/passau\\\/leistungen\\\/endokrinologie\\\/hormonelle-beschwerden\\\/\",\"name\":\"Zentrum f\u00fcr Endokrinologie und Stoffwechsel Passau - Hormonelle Beschwerden\",\"isPartOf\":{\"@id\":\"https:\\\/\\\/endokrinologie.bayern\\\/passau\\\/#website\"},\"datePublished\":\"2024-12-17T18:31:33+00:00\",\"description\":\"Das Zentrum f\u00fcr Endokrinologie und Stoffwechsel Passau ist Ihr Ansprechpartner f\u00fcr hormonelle Gesundheit.\",\"breadcrumb\":{\"@id\":\"https:\\\/\\\/endokrinologie.bayern\\\/passau\\\/leistungen\\\/endokrinologie\\\/hormonelle-beschwerden\\\/#breadcrumb\"},\"inLanguage\":\"de\",\"potentialAction\":[{\"@type\":\"ReadAction\",\"target\":[\"https:\\\/\\\/endokrinologie.bayern\\\/passau\\\/leistungen\\\/endokrinologie\\\/hormonelle-beschwerden\\\/\"]}]},{\"@type\":\"BreadcrumbList\",\"@id\":\"https:\\\/\\\/endokrinologie.bayern\\\/passau\\\/leistungen\\\/endokrinologie\\\/hormonelle-beschwerden\\\/#breadcrumb\",\"itemListElement\":[{\"@type\":\"ListItem\",\"position\":1,\"name\":\"Startseite\",\"item\":\"https:\\\/\\\/endokrinologie.bayern\\\/passau\\\/\"},{\"@type\":\"ListItem\",\"position\":2,\"name\":\"Leistungen\",\"item\":\"https:\\\/\\\/endokrinologie.bayern\\\/passau\\\/leistungen\\\/\"},{\"@type\":\"ListItem\",\"position\":3,\"name\":\"Endokrinologie\",\"item\":\"https:\\\/\\\/endokrinologie.bayern\\\/passau\\\/leistungen\\\/endokrinologie\\\/\"},{\"@type\":\"ListItem\",\"position\":4,\"name\":\"Hormonelle Beschwerden\"}]},{\"@type\":\"WebSite\",\"@id\":\"https:\\\/\\\/endokrinologie.bayern\\\/passau\\\/#website\",\"url\":\"https:\\\/\\\/endokrinologie.bayern\\\/passau\\\/\",\"name\":\"Zentrum f\u00fcr Endokrinologie und Stoffwechsel Passau\",\"description\":\"Hormone im Gleichgewicht\",\"potentialAction\":[{\"@type\":\"SearchAction\",\"target\":{\"@type\":\"EntryPoint\",\"urlTemplate\":\"https:\\\/\\\/endokrinologie.bayern\\\/passau\\\/?s={search_term_string}\"},\"query-input\":{\"@type\":\"PropertyValueSpecification\",\"valueRequired\":true,\"valueName\":\"search_term_string\"}}],\"inLanguage\":\"de\"}]}<\/script>\n<!-- \/ Yoast SEO plugin. -->","yoast_head_json":{"title":"Zentrum f\u00fcr Endokrinologie und Stoffwechsel Passau - Hormonelle Beschwerden","description":"Das Zentrum f\u00fcr Endokrinologie und Stoffwechsel Passau ist Ihr Ansprechpartner f\u00fcr hormonelle Gesundheit.","robots":{"index":"index","follow":"follow","max-snippet":"max-snippet:-1","max-image-preview":"max-image-preview:large","max-video-preview":"max-video-preview:-1"},"canonical":"https:\/\/endokrinologie.bayern\/passau\/leistungen\/endokrinologie\/hormonelle-beschwerden\/","og_locale":"de_DE","og_type":"article","og_title":"Zentrum f\u00fcr Endokrinologie und Stoffwechsel Passau - Hormonelle Beschwerden","og_description":"Das Zentrum f\u00fcr Endokrinologie und Stoffwechsel Passau ist Ihr Ansprechpartner f\u00fcr hormonelle Gesundheit.","og_url":"https:\/\/endokrinologie.bayern\/passau\/leistungen\/endokrinologie\/hormonelle-beschwerden\/","og_site_name":"ZES Passau","twitter_card":"summary_large_image","schema":{"@context":"https:\/\/schema.org","@graph":[{"@type":"WebPage","@id":"https:\/\/endokrinologie.bayern\/passau\/leistungen\/endokrinologie\/hormonelle-beschwerden\/","url":"https:\/\/endokrinologie.bayern\/passau\/leistungen\/endokrinologie\/hormonelle-beschwerden\/","name":"Zentrum f\u00fcr Endokrinologie und Stoffwechsel Passau - Hormonelle Beschwerden","isPartOf":{"@id":"https:\/\/endokrinologie.bayern\/passau\/#website"},"datePublished":"2024-12-17T18:31:33+00:00","description":"Das Zentrum f\u00fcr Endokrinologie und Stoffwechsel Passau ist Ihr Ansprechpartner f\u00fcr hormonelle Gesundheit.","breadcrumb":{"@id":"https:\/\/endokrinologie.bayern\/passau\/leistungen\/endokrinologie\/hormonelle-beschwerden\/#breadcrumb"},"inLanguage":"de","potentialAction":[{"@type":"ReadAction","target":["https:\/\/endokrinologie.bayern\/passau\/leistungen\/endokrinologie\/hormonelle-beschwerden\/"]}]},{"@type":"BreadcrumbList","@id":"https:\/\/endokrinologie.bayern\/passau\/leistungen\/endokrinologie\/hormonelle-beschwerden\/#breadcrumb","itemListElement":[{"@type":"ListItem","position":1,"name":"Startseite","item":"https:\/\/endokrinologie.bayern\/passau\/"},{"@type":"ListItem","position":2,"name":"Leistungen","item":"https:\/\/endokrinologie.bayern\/passau\/leistungen\/"},{"@type":"ListItem","position":3,"name":"Endokrinologie","item":"https:\/\/endokrinologie.bayern\/passau\/leistungen\/endokrinologie\/"},{"@type":"ListItem","position":4,"name":"Hormonelle Beschwerden"}]},{"@type":"WebSite","@id":"https:\/\/endokrinologie.bayern\/passau\/#website","url":"https:\/\/endokrinologie.bayern\/passau\/","name":"Zentrum f\u00fcr Endokrinologie und Stoffwechsel Passau","description":"Hormone im Gleichgewicht","potentialAction":[{"@type":"SearchAction","target":{"@type":"EntryPoint","urlTemplate":"https:\/\/endokrinologie.bayern\/passau\/?s={search_term_string}"},"query-input":{"@type":"PropertyValueSpecification","valueRequired":true,"valueName":"search_term_string"}}],"inLanguage":"de"}]}},"_links":{"self":[{"href":"https:\/\/endokrinologie.bayern\/passau\/wp-json\/wp\/v2\/pages\/839","targetHints":{"allow":["GET"]}}],"collection":[{"href":"https:\/\/endokrinologie.bayern\/passau\/wp-json\/wp\/v2\/pages"}],"about":[{"href":"https:\/\/endokrinologie.bayern\/passau\/wp-json\/wp\/v2\/types\/page"}],"author":[{"embeddable":true,"href":"https:\/\/endokrinologie.bayern\/passau\/wp-json\/wp\/v2\/users\/1"}],"replies":[{"embeddable":true,"href":"https:\/\/endokrinologie.bayern\/passau\/wp-json\/wp\/v2\/comments?post=839"}],"version-history":[{"count":1,"href":"https:\/\/endokrinologie.bayern\/passau\/wp-json\/wp\/v2\/pages\/839\/revisions"}],"predecessor-version":[{"id":840,"href":"https:\/\/endokrinologie.bayern\/passau\/wp-json\/wp\/v2\/pages\/839\/revisions\/840"}],"up":[{"embeddable":true,"href":"https:\/\/endokrinologie.bayern\/passau\/wp-json\/wp\/v2\/pages\/294"}],"wp:attachment":[{"href":"https:\/\/endokrinologie.bayern\/passau\/wp-json\/wp\/v2\/media?parent=839"}],"wp:term":[{"taxonomy":"standort","embeddable":true,"href":"https:\/\/endokrinologie.bayern\/passau\/wp-json\/wp\/v2\/standort?post=839"}],"curies":[{"name":"wp","href":"https:\/\/api.w.org\/{rel}","templated":true}]}}