{"id":494,"date":"2024-07-16T12:41:57","date_gmt":"2024-07-16T10:41:57","guid":{"rendered":"https:\/\/ita-staging.de\/zes\/passau\/?page_id=494"},"modified":"2024-11-13T23:22:32","modified_gmt":"2024-11-13T22:22:32","slug":"ernaehrungsberatung","status":"publish","type":"page","link":"https:\/\/endokrinologie.bayern\/passau\/leistungen\/ernaehrungsberatung\/","title":{"rendered":"Ern\u00e4hrungsberatung"},"content":{"rendered":"\r\n    <div  class=\"simple-header-block\">\r\n        <div class=\"layout-s\">\r\n                            <div class=\"title\">\r\n                                            <img decoding=\"async\" src=\"https:\/\/endokrinologie.bayern\/passau\/wp-content\/uploads\/sites\/8\/2024\/11\/icon-ver-ernaehrungsberatung.svg\" alt=\"icon-ver-ernaehrungsberatung\"> \r\n                                        <h1>Ern\u00e4hrungsberatung in Passau<\/h1>\r\n                <\/div>\r\n                                        <p class=\"subline\">Ihre Spezialistin f\u00fcr gesunde Ern\u00e4hrung<\/p>\r\n                                        <p>Unsere Praxis in Passau bietet spezialisierte und ganzheitliche Ern\u00e4hrungsberatung, um Ihre Gesundheit und Ihr Wohlbefinden zu f\u00f6rdern. Mit individuell angepassten Ern\u00e4hrungspl\u00e4nen und fachkundiger Beratung unterst\u00fctzen wir Sie dabei, gesunde Essgewohnheiten zu entwickeln und zu erhalten. Unser Ziel ist es, Ihnen zu helfen, Ihre Ern\u00e4hrungsziele zu erreichen und Ihre Lebensqualit\u00e4t zu verbessern.<\/p>\r\n                                <\/div>\r\n    <\/div>\r\n\n\n\r\n\r\n  <div  class=\"fachbereiche-block white col-2\">\r\n\r\n<div class=\"layout-s\">\r\n      <h3>Unsere speziellen Leistungen<\/h3>\r\n  \r\n  <div class=\"items\" x-data=\"{ openItem: null }\">\r\n          <div class=\"item\"> \r\n          <div class=\"head-elm\">\r\n            <img decoding=\"async\" src=\"https:\/\/endokrinologie.bayern\/passau\/wp-content\/themes\/zes_theme\/images\/icon-check.svg\" alt=\"icon\" title=\"icon\">  \r\n            <p class=\"\" @click=\"openItem = openItem === 'item-0' ? null : 'item-0'\"> \r\n                                                Individuelle Ern\u00e4hrungspl\u00e4ne                                <\/b>\r\n                                                          \r\n                          <\/p>\r\n          <\/div>\r\n                        <\/div>\r\n                          \r\n          <div class=\"item\"> \r\n          <div class=\"head-elm\">\r\n            <img decoding=\"async\" src=\"https:\/\/endokrinologie.bayern\/passau\/wp-content\/themes\/zes_theme\/images\/icon-check.svg\" alt=\"icon\" title=\"icon\">  \r\n            <p class=\"\" @click=\"openItem = openItem === 'item-1' ? null : 'item-1'\"> \r\n                                                Ern\u00e4hrungsanalyse                                <\/b>\r\n                                                          \r\n                          <\/p>\r\n          <\/div>\r\n                        <\/div>\r\n                          \r\n          <div class=\"item\"> \r\n          <div class=\"head-elm\">\r\n            <img decoding=\"async\" src=\"https:\/\/endokrinologie.bayern\/passau\/wp-content\/themes\/zes_theme\/images\/icon-check.svg\" alt=\"icon\" title=\"icon\">  \r\n            <p class=\"\" @click=\"openItem = openItem === 'item-2' ? null : 'item-2'\"> \r\n                                                Kontinuierliche Betreuung                                <\/b>\r\n                                                          \r\n                          <\/p>\r\n          <\/div>\r\n                        <\/div>\r\n                          \r\n          <div class=\"item\"> \r\n          <div class=\"head-elm\">\r\n            <img decoding=\"async\" src=\"https:\/\/endokrinologie.bayern\/passau\/wp-content\/themes\/zes_theme\/images\/icon-check.svg\" alt=\"icon\" title=\"icon\">  \r\n            <p class=\"cursor-pointer\" @click=\"openItem = openItem === 'item-3' ? null : 'item-3'\"> \r\n                              <span class=\"headline\">\r\n                  Spezialprogramme                                  <\/span>\r\n                          \r\n                              <span class=\"underline\"><\/span>\r\n                          <\/p>\r\n          <\/div>\r\n                        <\/div>\r\n               \r\n          <div x-show=\"openItem === 'item-3'\" class=\"item\">\r\n                          <img decoding=\"async\" src=\"https:\/\/endokrinologie.bayern\/passau\/wp-content\/themes\/zes_theme\/images\/icon-check.svg\" alt=\"icon\" title=\"icon\"> \r\n                        <div class=\"text\">\r\n              <p class=\"meta\">\r\n                Spezialprogramme              <\/p>\r\n              <p><p>Diabetesmanagement<\/p>\n<\/p>\r\n            <\/div>\r\n          <\/div> \r\n         \r\n          <div x-show=\"openItem === 'item-3'\" class=\"item\">\r\n                          <img decoding=\"async\" src=\"https:\/\/endokrinologie.bayern\/passau\/wp-content\/themes\/zes_theme\/images\/icon-check.svg\" alt=\"icon\" title=\"icon\"> \r\n                        <div class=\"text\">\r\n              <p class=\"meta\">\r\n                Spezialprogramme              <\/p>\r\n              <p><p>Gewichtsreduktion<\/p>\n<\/p>\r\n            <\/div>\r\n          <\/div> \r\n         \r\n          <div x-show=\"openItem === 'item-3'\" class=\"item\">\r\n                          <img decoding=\"async\" src=\"https:\/\/endokrinologie.bayern\/passau\/wp-content\/themes\/zes_theme\/images\/icon-check.svg\" alt=\"icon\" title=\"icon\"> \r\n                        <div class=\"text\">\r\n              <p class=\"meta\">\r\n                Spezialprogramme              <\/p>\r\n              <p><p>Schilddr\u00fcsenerkrankungen<\/p>\n<\/p>\r\n            <\/div>\r\n          <\/div> \r\n                    \r\n      <\/div>\r\n\r\n        <a href=\"https:\/\/endokrinologie.bayern\/passau\/aerzte\/\" class=\"btn-secondary\">\r\n        Zu unseren Spezialisten        <img decoding=\"async\" src=\"https:\/\/endokrinologie.bayern\/passau\/wp-content\/themes\/zes_theme\/images\/btn-next-black.svg\" alt=\"btn-next\" title=\"btn-next\">\r\n      <\/a>\r\n  <\/div>\r\n\r\n<\/div>\r\n\r\n\n\n\r\n\r\n    <div  class=\"kachel-block leistungen\"> \r\n      <div class=\"layout-s\">\r\n                   <h3>Weitere Behandlungsschwerpunkte<\/h3>\r\n                \r\n\r\n        <div class=\"kacheln \">\r\n                      <div class=\"kachel \">\r\n                              <a href=\"https:\/\/endokrinologie.bayern\/passau\/leistungen\/endokrinologie\/\">\r\n                                                <p class=\"title\">\r\n                    Endokrinologie                  <\/p>\r\n                                                                  <img src='https:\/\/endokrinologie.bayern\/passau\/wp-content\/uploads\/sites\/8\/2024\/07\/icon-ver-endokrenologie.svg' alt='' title='icon-ver-endokrenologie'>\r\n                                                  <p class=\"btn-secondary\">Mehr erfahren\r\n                    <img decoding=\"async\" src=\"https:\/\/endokrinologie.bayern\/wp-content\/themes\/zes_theme\/images\/btn-next-black.svg\" alt=\"btn-next\" title=\"btn-next\">\r\n                  <\/p>\r\n                                              <\/a>\r\n                          <\/div>\r\n                      <div class=\"kachel \">\r\n                              <a href=\"https:\/\/endokrinologie.bayern\/passau\/leistungen\/adipositas\/\">\r\n                                                <p class=\"title\">\r\n                    Adipositas  (\u00dcbergewicht)                  <\/p>\r\n                                                                  <img src='https:\/\/endokrinologie.bayern\/passau\/wp-content\/uploads\/sites\/8\/2024\/07\/icon-ver-adipositas-24.svg' alt='' title='icon-ver-adipositas-24'>\r\n                                                  <p class=\"btn-secondary\">Mehr erfahren\r\n                    <img decoding=\"async\" src=\"https:\/\/endokrinologie.bayern\/wp-content\/themes\/zes_theme\/images\/btn-next-black.svg\" alt=\"btn-next\" title=\"btn-next\">\r\n                  <\/p>\r\n                                              <\/a>\r\n                          <\/div>\r\n                      <div class=\"kachel \">\r\n                              <a href=\"https:\/\/endokrinologie.bayern\/passau\/leistungen\/diabetologie\/\">\r\n                                                <p class=\"title\">\r\n                    Diabetologie                  <\/p>\r\n                                                                  <img src='https:\/\/endokrinologie.bayern\/passau\/wp-content\/uploads\/sites\/8\/2024\/07\/icon-finger.svg' alt='' title='icon-finger'>\r\n                                                  <p class=\"btn-secondary\">Mehr erfahren\r\n                    <img decoding=\"async\" src=\"https:\/\/endokrinologie.bayern\/wp-content\/themes\/zes_theme\/images\/btn-next-black.svg\" alt=\"btn-next\" title=\"btn-next\">\r\n                  <\/p>\r\n                                              <\/a>\r\n                          <\/div>\r\n                      <div class=\"kachel \">\r\n                              <a href=\"https:\/\/endokrinologie.bayern\/passau\/leistungen\/osteologie\/\">\r\n                                                <p class=\"title\">\r\n                    Osteologie                  <\/p>\r\n                                                                  <img src='https:\/\/endokrinologie.bayern\/passau\/wp-content\/uploads\/sites\/8\/2024\/07\/icon-osteoporose_24.svg' alt='' title='icon-osteoporose_24'>\r\n                                                  <p class=\"btn-secondary\">Mehr erfahren\r\n                    <img decoding=\"async\" src=\"https:\/\/endokrinologie.bayern\/wp-content\/themes\/zes_theme\/images\/btn-next-black.svg\" alt=\"btn-next\" title=\"btn-next\">\r\n                  <\/p>\r\n                                              <\/a>\r\n                          <\/div>\r\n                      <div class=\"kachel \">\r\n                              <a href=\"https:\/\/endokrinologie.bayern\/passau\/leistungen\/praeventionsmedizin\/\">\r\n                                                <p class=\"title\">\r\n                    Pr\u00e4ventionsmedizin                  <\/p>\r\n                                                                  <img src='https:\/\/endokrinologie.bayern\/passau\/wp-content\/uploads\/sites\/8\/2024\/07\/icon-praeventionsmedizin-24.svg' alt='' title='icon-praeventionsmedizin-24'>\r\n                                                  <p class=\"btn-secondary\">Mehr erfahren\r\n                    <img decoding=\"async\" src=\"https:\/\/endokrinologie.bayern\/wp-content\/themes\/zes_theme\/images\/btn-next-black.svg\" alt=\"btn-next\" title=\"btn-next\">\r\n                  <\/p>\r\n                                              <\/a>\r\n                          <\/div>\r\n                  <\/div>\r\n\r\n                    <a href=\"https:\/\/endokrinologie.bayern\/passau\/leistungen\/\" class=\"btn-primary \">\r\n              Zu der Leistungs\u00fcbersicht              <img decoding=\"async\" src=\"https:\/\/endokrinologie.bayern\/wp-content\/themes\/zes_theme\/images\/btn-next.svg\" alt=\"btn next\" title=\"btn next\">\r\n            <\/a>\r\n              <\/div>\r\n    <\/div>\r\n\r\n\n\n    <div  class=\"accordion-block grey\">\r\n        <div class=\"layout-s\">\r\n                            <h3>Infopool<\/h3>\r\n            \r\n            <div class=\"accordion\" x-data=\"{ open: null }\">\r\n                                        <div class=\"item\">\r\n                            <button @click=\"open = open === 0 ? null : 0\">\r\n                                Wie l\u00e4uft die Ern\u00e4hrungsberatung ab?                                <img decoding=\"async\" x-show=\"open !== 0\" \r\n                                     src=\"https:\/\/endokrinologie.bayern\/passau\/wp-content\/themes\/zes_theme\/images\/acc_closed.svg\" \r\n                                     alt=\"Closed\" style=\"display: none;\">\r\n                                <img decoding=\"async\" x-show=\"open === 0\" \r\n                                     src=\"https:\/\/endokrinologie.bayern\/passau\/wp-content\/themes\/zes_theme\/images\/acc_open.svg\" \r\n                                     alt=\"Open\" style=\"display: none;\">\r\n                            <\/button>\r\n                            <div x-show=\"open === 0\" x-collapse class=\"content\">\r\n                                <p>Die Beratung beginnt mit einer detaillierten Analyse Ihrer aktuellen Ern\u00e4hrungsgewohnheiten und gesundheitlichen Bed\u00fcrfnisse. Darauf basierend erstellen wir einen individuellen Ern\u00e4hrungsplan und bieten fortlaufende Unterst\u00fctzung, um sicherzustellen, dass Sie Ihre Ziele erreichen.<\/p>\n                            <\/div>\r\n                        <\/div>\r\n                                                            <div class=\"item\">\r\n                            <button @click=\"open = open === 1 ? null : 1\">\r\n                                Kann die Ern\u00e4hrungsberatung bei spezifischen Gesundheitszust\u00e4nden helfen?                                <img decoding=\"async\" x-show=\"open !== 1\" \r\n                                     src=\"https:\/\/endokrinologie.bayern\/passau\/wp-content\/themes\/zes_theme\/images\/acc_closed.svg\" \r\n                                     alt=\"Closed\" style=\"display: none;\">\r\n                                <img decoding=\"async\" x-show=\"open === 1\" \r\n                                     src=\"https:\/\/endokrinologie.bayern\/passau\/wp-content\/themes\/zes_theme\/images\/acc_open.svg\" \r\n                                     alt=\"Open\" style=\"display: none;\">\r\n                            <\/button>\r\n                            <div x-show=\"open === 1\" x-collapse class=\"content\">\r\n                                <p>Ja, unsere Ern\u00e4hrungsberatung richtet sich an Patienten mit verschiedenen gesundheitlichen Bedingungen wie Diabetes, Adipositas und Herz-Kreislauf-Erkrankungen. Wir bieten spezifische Empfehlungen, die dazu beitragen, diese Bedingungen zu managen und Ihre Gesundheit zu verbessern.<\/p>\n                            <\/div>\r\n                        <\/div>\r\n                                                            <div class=\"item\">\r\n                            <button @click=\"open = open === 2 ? null : 2\">\r\n                                Wie werden langfristige Erfolge in der Ern\u00e4hrungsberatung sichergestellt?                                <img decoding=\"async\" x-show=\"open !== 2\" \r\n                                     src=\"https:\/\/endokrinologie.bayern\/passau\/wp-content\/themes\/zes_theme\/images\/acc_closed.svg\" \r\n                                     alt=\"Closed\" style=\"display: none;\">\r\n                                <img decoding=\"async\" x-show=\"open === 2\" \r\n                                     src=\"https:\/\/endokrinologie.bayern\/passau\/wp-content\/themes\/zes_theme\/images\/acc_open.svg\" \r\n                                     alt=\"Open\" style=\"display: none;\">\r\n                            <\/button>\r\n                            <div x-show=\"open === 2\" x-collapse class=\"content\">\r\n                                <p>Wir legen gro\u00dfen Wert auf kontinuierliche Unterst\u00fctzung und Nachsorge. Regelm\u00e4\u00dfige Check-ins und Anpassungen Ihrer Ern\u00e4hrungspl\u00e4ne helfen Ihnen, auf dem richtigen Weg zu bleiben und langfristige Erfolge zu erzielen.<\/p>\n                            <\/div>\r\n                        <\/div>\r\n                                    \r\n                            <\/div>\r\n        <\/div>\r\n    <\/div>\r\n","protected":false},"excerpt":{"rendered":"","protected":false},"author":1,"featured_media":0,"parent":282,"menu_order":0,"comment_status":"closed","ping_status":"closed","template":"","meta":{"_acf_changed":false,"footnotes":""},"standort":[],"class_list":["post-494","page","type-page","status-publish","hentry"],"acf":[],"yoast_head":"<!-- This site is optimized with the Yoast SEO plugin v27.3 - https:\/\/yoast.com\/product\/yoast-seo-wordpress\/ -->\n<title>Zentrum f\u00fcr Endokrinologie und Stoffwechsel Passau - Ern\u00e4hrungsberatung<\/title>\n<meta name=\"description\" content=\"Das Zentrum f\u00fcr Endokrinologie und Stoffwechsel Passau ist Ihr Ansprechpartner f\u00fcr hormonelle Gesundheit.\" \/>\n<meta name=\"robots\" content=\"index, follow, max-snippet:-1, max-image-preview:large, max-video-preview:-1\" \/>\n<link rel=\"canonical\" href=\"https:\/\/endokrinologie.bayern\/passau\/leistungen\/ernaehrungsberatung\/\" \/>\n<meta property=\"og:locale\" content=\"de_DE\" \/>\n<meta property=\"og:type\" content=\"article\" \/>\n<meta property=\"og:title\" content=\"Zentrum f\u00fcr Endokrinologie und Stoffwechsel Passau - Ern\u00e4hrungsberatung\" \/>\n<meta property=\"og:description\" content=\"Das Zentrum f\u00fcr Endokrinologie und Stoffwechsel Passau ist Ihr Ansprechpartner f\u00fcr hormonelle Gesundheit.\" \/>\n<meta property=\"og:url\" content=\"https:\/\/endokrinologie.bayern\/passau\/leistungen\/ernaehrungsberatung\/\" \/>\n<meta property=\"og:site_name\" content=\"ZES Passau\" \/>\n<meta property=\"article:modified_time\" content=\"2024-11-13T22:22:32+00:00\" \/>\n<meta name=\"twitter:card\" content=\"summary_large_image\" \/>\n<script type=\"application\/ld+json\" class=\"yoast-schema-graph\">{\"@context\":\"https:\\\/\\\/schema.org\",\"@graph\":[{\"@type\":\"WebPage\",\"@id\":\"https:\\\/\\\/endokrinologie.bayern\\\/passau\\\/leistungen\\\/ernaehrungsberatung\\\/\",\"url\":\"https:\\\/\\\/endokrinologie.bayern\\\/passau\\\/leistungen\\\/ernaehrungsberatung\\\/\",\"name\":\"Zentrum f\u00fcr Endokrinologie und Stoffwechsel Passau - Ern\u00e4hrungsberatung\",\"isPartOf\":{\"@id\":\"https:\\\/\\\/endokrinologie.bayern\\\/passau\\\/#website\"},\"datePublished\":\"2024-07-16T10:41:57+00:00\",\"dateModified\":\"2024-11-13T22:22:32+00:00\",\"description\":\"Das Zentrum f\u00fcr Endokrinologie und Stoffwechsel Passau ist Ihr Ansprechpartner f\u00fcr hormonelle Gesundheit.\",\"breadcrumb\":{\"@id\":\"https:\\\/\\\/endokrinologie.bayern\\\/passau\\\/leistungen\\\/ernaehrungsberatung\\\/#breadcrumb\"},\"inLanguage\":\"de\",\"potentialAction\":[{\"@type\":\"ReadAction\",\"target\":[\"https:\\\/\\\/endokrinologie.bayern\\\/passau\\\/leistungen\\\/ernaehrungsberatung\\\/\"]}]},{\"@type\":\"BreadcrumbList\",\"@id\":\"https:\\\/\\\/endokrinologie.bayern\\\/passau\\\/leistungen\\\/ernaehrungsberatung\\\/#breadcrumb\",\"itemListElement\":[{\"@type\":\"ListItem\",\"position\":1,\"name\":\"Startseite\",\"item\":\"https:\\\/\\\/endokrinologie.bayern\\\/passau\\\/\"},{\"@type\":\"ListItem\",\"position\":2,\"name\":\"Leistungen\",\"item\":\"https:\\\/\\\/endokrinologie.bayern\\\/passau\\\/leistungen\\\/\"},{\"@type\":\"ListItem\",\"position\":3,\"name\":\"Ern\u00e4hrungsberatung\"}]},{\"@type\":\"WebSite\",\"@id\":\"https:\\\/\\\/endokrinologie.bayern\\\/passau\\\/#website\",\"url\":\"https:\\\/\\\/endokrinologie.bayern\\\/passau\\\/\",\"name\":\"Zentrum f\u00fcr Endokrinologie und Stoffwechsel Passau\",\"description\":\"Hormone im Gleichgewicht\",\"potentialAction\":[{\"@type\":\"SearchAction\",\"target\":{\"@type\":\"EntryPoint\",\"urlTemplate\":\"https:\\\/\\\/endokrinologie.bayern\\\/passau\\\/?s={search_term_string}\"},\"query-input\":{\"@type\":\"PropertyValueSpecification\",\"valueRequired\":true,\"valueName\":\"search_term_string\"}}],\"inLanguage\":\"de\"}]}<\/script>\n<!-- \/ Yoast SEO plugin. -->","yoast_head_json":{"title":"Zentrum f\u00fcr Endokrinologie und Stoffwechsel Passau - Ern\u00e4hrungsberatung","description":"Das Zentrum f\u00fcr Endokrinologie und Stoffwechsel Passau ist Ihr Ansprechpartner f\u00fcr hormonelle Gesundheit.","robots":{"index":"index","follow":"follow","max-snippet":"max-snippet:-1","max-image-preview":"max-image-preview:large","max-video-preview":"max-video-preview:-1"},"canonical":"https:\/\/endokrinologie.bayern\/passau\/leistungen\/ernaehrungsberatung\/","og_locale":"de_DE","og_type":"article","og_title":"Zentrum f\u00fcr Endokrinologie und Stoffwechsel Passau - Ern\u00e4hrungsberatung","og_description":"Das Zentrum f\u00fcr Endokrinologie und Stoffwechsel Passau ist Ihr Ansprechpartner f\u00fcr hormonelle Gesundheit.","og_url":"https:\/\/endokrinologie.bayern\/passau\/leistungen\/ernaehrungsberatung\/","og_site_name":"ZES Passau","article_modified_time":"2024-11-13T22:22:32+00:00","twitter_card":"summary_large_image","schema":{"@context":"https:\/\/schema.org","@graph":[{"@type":"WebPage","@id":"https:\/\/endokrinologie.bayern\/passau\/leistungen\/ernaehrungsberatung\/","url":"https:\/\/endokrinologie.bayern\/passau\/leistungen\/ernaehrungsberatung\/","name":"Zentrum f\u00fcr Endokrinologie und Stoffwechsel Passau - Ern\u00e4hrungsberatung","isPartOf":{"@id":"https:\/\/endokrinologie.bayern\/passau\/#website"},"datePublished":"2024-07-16T10:41:57+00:00","dateModified":"2024-11-13T22:22:32+00:00","description":"Das Zentrum f\u00fcr Endokrinologie und Stoffwechsel Passau ist Ihr Ansprechpartner f\u00fcr hormonelle Gesundheit.","breadcrumb":{"@id":"https:\/\/endokrinologie.bayern\/passau\/leistungen\/ernaehrungsberatung\/#breadcrumb"},"inLanguage":"de","potentialAction":[{"@type":"ReadAction","target":["https:\/\/endokrinologie.bayern\/passau\/leistungen\/ernaehrungsberatung\/"]}]},{"@type":"BreadcrumbList","@id":"https:\/\/endokrinologie.bayern\/passau\/leistungen\/ernaehrungsberatung\/#breadcrumb","itemListElement":[{"@type":"ListItem","position":1,"name":"Startseite","item":"https:\/\/endokrinologie.bayern\/passau\/"},{"@type":"ListItem","position":2,"name":"Leistungen","item":"https:\/\/endokrinologie.bayern\/passau\/leistungen\/"},{"@type":"ListItem","position":3,"name":"Ern\u00e4hrungsberatung"}]},{"@type":"WebSite","@id":"https:\/\/endokrinologie.bayern\/passau\/#website","url":"https:\/\/endokrinologie.bayern\/passau\/","name":"Zentrum f\u00fcr Endokrinologie und Stoffwechsel Passau","description":"Hormone im Gleichgewicht","potentialAction":[{"@type":"SearchAction","target":{"@type":"EntryPoint","urlTemplate":"https:\/\/endokrinologie.bayern\/passau\/?s={search_term_string}"},"query-input":{"@type":"PropertyValueSpecification","valueRequired":true,"valueName":"search_term_string"}}],"inLanguage":"de"}]}},"_links":{"self":[{"href":"https:\/\/endokrinologie.bayern\/passau\/wp-json\/wp\/v2\/pages\/494","targetHints":{"allow":["GET"]}}],"collection":[{"href":"https:\/\/endokrinologie.bayern\/passau\/wp-json\/wp\/v2\/pages"}],"about":[{"href":"https:\/\/endokrinologie.bayern\/passau\/wp-json\/wp\/v2\/types\/page"}],"author":[{"embeddable":true,"href":"https:\/\/endokrinologie.bayern\/passau\/wp-json\/wp\/v2\/users\/1"}],"replies":[{"embeddable":true,"href":"https:\/\/endokrinologie.bayern\/passau\/wp-json\/wp\/v2\/comments?post=494"}],"version-history":[{"count":7,"href":"https:\/\/endokrinologie.bayern\/passau\/wp-json\/wp\/v2\/pages\/494\/revisions"}],"predecessor-version":[{"id":733,"href":"https:\/\/endokrinologie.bayern\/passau\/wp-json\/wp\/v2\/pages\/494\/revisions\/733"}],"up":[{"embeddable":true,"href":"https:\/\/endokrinologie.bayern\/passau\/wp-json\/wp\/v2\/pages\/282"}],"wp:attachment":[{"href":"https:\/\/endokrinologie.bayern\/passau\/wp-json\/wp\/v2\/media?parent=494"}],"wp:term":[{"taxonomy":"standort","embeddable":true,"href":"https:\/\/endokrinologie.bayern\/passau\/wp-json\/wp\/v2\/standort?post=494"}],"curies":[{"name":"wp","href":"https:\/\/api.w.org\/{rel}","templated":true}]}}