{"id":341,"date":"2024-07-04T14:18:45","date_gmt":"2024-07-04T12:18:45","guid":{"rendered":"https:\/\/ita-staging.de\/zes\/passau\/?page_id=341"},"modified":"2024-08-21T15:33:11","modified_gmt":"2024-08-21T13:33:11","slug":"karriere","status":"publish","type":"page","link":"https:\/\/endokrinologie.bayern\/passau\/karriere\/","title":{"rendered":"Karriere"},"content":{"rendered":"\r\n\r\n    <div  class=\"text-block mb0 \">\r\n      <div class=\"layout-s\">\r\n                                            <div class=\"content \">\r\n            <div class=\"col\">\r\n              <h1>Karriere<\/h1>\n<div class=\"content\">\n<p>Aktuell sind am Standort Passau keine freien Stellen.<\/p>\n<\/div>\n            <\/div> \r\n                      <\/div> \r\n                \r\n                \r\n        \r\n        \r\n\r\n      <\/div>\r\n    <\/div>\r\n\r\n\n\n\r\n\r\n    <div  class=\"image-slider-text-block\">\r\n      <div class=\"layout\">\r\n\r\n                  <h3>Unsere Praxis in Passau<\/h3>\r\n        \r\n        <div class=\"image-slider-text-wrapper\">\r\n           \r\n          <div class='swiper image-slider-text'> \r\n            <div class='swiper-wrapper'>\r\n                              <div class='item swiper-slide'>\r\n                  <img src='https:\/\/endokrinologie.bayern\/passau\/wp-content\/uploads\/sites\/8\/2024\/07\/placeholder-1024x576.png' alt='' title='placeholder'>\r\n                <\/div> \r\n                              <div class='item swiper-slide'>\r\n                  <img src='https:\/\/endokrinologie.bayern\/passau\/wp-content\/uploads\/sites\/8\/2024\/07\/placeholder-1024x576.png' alt='' title='placeholder'>\r\n                <\/div> \r\n                              <div class='item swiper-slide'>\r\n                  <img src='https:\/\/endokrinologie.bayern\/passau\/wp-content\/uploads\/sites\/8\/2024\/07\/placeholder-1024x576.png' alt='' title='placeholder'>\r\n                <\/div> \r\n                            <\/div>\r\n            <div class=\"swiper-pagination\"><\/div>\r\n          <\/div>\r\n             \r\n\r\n          <div class=\"content\">\r\n            <h3>Ihre Benefits<\/h3>\n<ul>\n<li>Weiterbildungsm\u00f6glichkeiten<\/li>\n<li>Praxisevents<\/li>\n<li>Ein junges und dynamisches Team<\/li>\n<li>Attraktives Gehalt<\/li>\n<\/ul>\n          <\/div>\r\n        <\/div>\r\n\r\n        <div class='image-slider-text-nav'>\r\n          <div class='swiper-button-prev'><\/div>\r\n          <div class='swiper-button-next'><\/div>\r\n        <\/div>\r\n\r\n      \r\n      <\/div>\r\n    <\/div>\r\n\r\n\n\n\r\n\r\n    <div  class=\"kachel-block benefits\"> \r\n      <div class=\"layout\">\r\n                   <h3>Unsere Werte<\/h3>\r\n                           <p>Bei ZES &#8211; Zentrum f\u00fcr Endokrinologie und Stoffwechsel stehen unsere Werte im Mittelpunkt unseres Handelns. Sie sind der Kompass, der uns in unserem t\u00e4glichen Streben nach exzellenter Patientenversorgung leitet.<\/p>\r\n        \r\n\r\n        <div class=\"kacheln spalte-3\">\r\n                      <div class=\"kachel green\">\r\n                                                <p class=\"title\">\r\n                    Integrit\u00e4t                  <\/p>\r\n                                                  <p>\r\n                    <p>Wir handeln stets transparent, ehrlich und verantwortungsbewusst. Integrit\u00e4t ist das Fundament unserer t\u00e4glichen Arbeit und unserer Beziehungen zu Patienten, Kollegen und Partnern.<\/p>\n                  <\/p>\r\n                                                                          <\/div>\r\n                      <div class=\"kachel purple\">\r\n                                                <p class=\"title\">\r\n                    Exzellenz                  <\/p>\r\n                                                  <p>\r\n                    <p>Wir streben nach h\u00f6chster Qualit\u00e4t in allem, was wir tun. Unser Ziel ist es, exzellente medizinische Versorgung zu bieten und st\u00e4ndig nach Verbesserungen und Innovationen zu suchen.<\/p>\n                  <\/p>\r\n                                                                          <\/div>\r\n                      <div class=\"kachel orange\">\r\n                                                <p class=\"title\">\r\n                    Empathie                  <\/p>\r\n                                                  <p>\r\n                    <p>Wir begegnen unseren Patienten mit Respekt und Mitgef\u00fchl. Die Bed\u00fcrfnisse und das Wohlbefinden unserer Patienten stehen im Zentrum unserer Bem\u00fchungen.<\/p>\n                  <\/p>\r\n                                                                          <\/div>\r\n                      <div class=\"kachel purple\">\r\n                                                <p class=\"title\">\r\n                    Teamarbeit                  <\/p>\r\n                                                  <p>\r\n                    <p>Wir glauben an die St\u00e4rke des Teams. Durch Zusammenarbeit und gegenseitige Unterst\u00fctzung schaffen wir ein positives und produktives Arbeitsumfeld.<\/p>\n                  <\/p>\r\n                                                                          <\/div>\r\n                      <div class=\"kachel orange\">\r\n                                                <p class=\"title\">\r\n                    Fortschritt                  <\/p>\r\n                                                  <p>\r\n                    <p>Wir setzen auf kontinuierliche Weiterbildung und berufliche Entwicklung. Unsere Mitarbeiter haben Zugang zu den neuesten wissenschaftlichen Erkenntnissen und Technologien.<\/p>\n                  <\/p>\r\n                                                                          <\/div>\r\n                  <\/div>\r\n\r\n                    <a href=\"mailto:info@endokrinologie-passau.de\" class=\"btn-primary spalte-3\">\r\n              Jetzt bewerben              <img decoding=\"async\" src=\"https:\/\/endokrinologie.bayern\/wp-content\/themes\/zes_theme\/images\/btn-next.svg\" alt=\"btn next\" title=\"btn next\">\r\n            <\/a>\r\n              <\/div>\r\n    <\/div>\r\n\r\n","protected":false},"excerpt":{"rendered":"","protected":false},"author":1,"featured_media":0,"parent":0,"menu_order":0,"comment_status":"closed","ping_status":"closed","template":"","meta":{"_acf_changed":false,"footnotes":""},"standort":[],"class_list":["post-341","page","type-page","status-publish","hentry"],"acf":[],"yoast_head":"<!-- This site is optimized with the Yoast SEO plugin v27.3 - https:\/\/yoast.com\/product\/yoast-seo-wordpress\/ -->\n<title>Zentrum f\u00fcr Endokrinologie und Stoffwechsel Passau - Karriere<\/title>\n<meta name=\"description\" content=\"Das Zentrum f\u00fcr Endokrinologie und Stoffwechsel Passau ist Ihr Ansprechpartner f\u00fcr hormonelle Gesundheit.\" \/>\n<meta name=\"robots\" content=\"index, follow, max-snippet:-1, max-image-preview:large, max-video-preview:-1\" \/>\n<link rel=\"canonical\" href=\"https:\/\/endokrinologie.bayern\/passau\/karriere\/\" \/>\n<meta property=\"og:locale\" content=\"de_DE\" \/>\n<meta property=\"og:type\" content=\"article\" \/>\n<meta property=\"og:title\" content=\"Zentrum f\u00fcr Endokrinologie und Stoffwechsel Passau - Karriere\" \/>\n<meta property=\"og:description\" content=\"Das Zentrum f\u00fcr Endokrinologie und Stoffwechsel Passau ist Ihr Ansprechpartner f\u00fcr hormonelle Gesundheit.\" \/>\n<meta property=\"og:url\" content=\"https:\/\/endokrinologie.bayern\/passau\/karriere\/\" \/>\n<meta property=\"og:site_name\" content=\"ZES Passau\" \/>\n<meta property=\"article:modified_time\" content=\"2024-08-21T13:33:11+00:00\" \/>\n<meta name=\"twitter:card\" content=\"summary_large_image\" \/>\n<script type=\"application\/ld+json\" class=\"yoast-schema-graph\">{\"@context\":\"https:\\\/\\\/schema.org\",\"@graph\":[{\"@type\":\"WebPage\",\"@id\":\"https:\\\/\\\/endokrinologie.bayern\\\/passau\\\/karriere\\\/\",\"url\":\"https:\\\/\\\/endokrinologie.bayern\\\/passau\\\/karriere\\\/\",\"name\":\"Zentrum f\u00fcr Endokrinologie und Stoffwechsel Passau - Karriere\",\"isPartOf\":{\"@id\":\"https:\\\/\\\/endokrinologie.bayern\\\/passau\\\/#website\"},\"datePublished\":\"2024-07-04T12:18:45+00:00\",\"dateModified\":\"2024-08-21T13:33:11+00:00\",\"description\":\"Das Zentrum f\u00fcr Endokrinologie und Stoffwechsel Passau ist Ihr Ansprechpartner f\u00fcr hormonelle Gesundheit.\",\"breadcrumb\":{\"@id\":\"https:\\\/\\\/endokrinologie.bayern\\\/passau\\\/karriere\\\/#breadcrumb\"},\"inLanguage\":\"de\",\"potentialAction\":[{\"@type\":\"ReadAction\",\"target\":[\"https:\\\/\\\/endokrinologie.bayern\\\/passau\\\/karriere\\\/\"]}]},{\"@type\":\"BreadcrumbList\",\"@id\":\"https:\\\/\\\/endokrinologie.bayern\\\/passau\\\/karriere\\\/#breadcrumb\",\"itemListElement\":[{\"@type\":\"ListItem\",\"position\":1,\"name\":\"Startseite\",\"item\":\"https:\\\/\\\/endokrinologie.bayern\\\/passau\\\/\"},{\"@type\":\"ListItem\",\"position\":2,\"name\":\"Karriere\"}]},{\"@type\":\"WebSite\",\"@id\":\"https:\\\/\\\/endokrinologie.bayern\\\/passau\\\/#website\",\"url\":\"https:\\\/\\\/endokrinologie.bayern\\\/passau\\\/\",\"name\":\"Zentrum f\u00fcr Endokrinologie und Stoffwechsel Passau\",\"description\":\"Hormone im Gleichgewicht\",\"potentialAction\":[{\"@type\":\"SearchAction\",\"target\":{\"@type\":\"EntryPoint\",\"urlTemplate\":\"https:\\\/\\\/endokrinologie.bayern\\\/passau\\\/?s={search_term_string}\"},\"query-input\":{\"@type\":\"PropertyValueSpecification\",\"valueRequired\":true,\"valueName\":\"search_term_string\"}}],\"inLanguage\":\"de\"}]}<\/script>\n<!-- \/ Yoast SEO plugin. -->","yoast_head_json":{"title":"Zentrum f\u00fcr Endokrinologie und Stoffwechsel Passau - Karriere","description":"Das Zentrum f\u00fcr Endokrinologie und Stoffwechsel Passau ist Ihr Ansprechpartner f\u00fcr hormonelle Gesundheit.","robots":{"index":"index","follow":"follow","max-snippet":"max-snippet:-1","max-image-preview":"max-image-preview:large","max-video-preview":"max-video-preview:-1"},"canonical":"https:\/\/endokrinologie.bayern\/passau\/karriere\/","og_locale":"de_DE","og_type":"article","og_title":"Zentrum f\u00fcr Endokrinologie und Stoffwechsel Passau - Karriere","og_description":"Das Zentrum f\u00fcr Endokrinologie und Stoffwechsel Passau ist Ihr Ansprechpartner f\u00fcr hormonelle Gesundheit.","og_url":"https:\/\/endokrinologie.bayern\/passau\/karriere\/","og_site_name":"ZES Passau","article_modified_time":"2024-08-21T13:33:11+00:00","twitter_card":"summary_large_image","schema":{"@context":"https:\/\/schema.org","@graph":[{"@type":"WebPage","@id":"https:\/\/endokrinologie.bayern\/passau\/karriere\/","url":"https:\/\/endokrinologie.bayern\/passau\/karriere\/","name":"Zentrum f\u00fcr Endokrinologie und Stoffwechsel Passau - Karriere","isPartOf":{"@id":"https:\/\/endokrinologie.bayern\/passau\/#website"},"datePublished":"2024-07-04T12:18:45+00:00","dateModified":"2024-08-21T13:33:11+00:00","description":"Das Zentrum f\u00fcr Endokrinologie und Stoffwechsel Passau ist Ihr Ansprechpartner f\u00fcr hormonelle Gesundheit.","breadcrumb":{"@id":"https:\/\/endokrinologie.bayern\/passau\/karriere\/#breadcrumb"},"inLanguage":"de","potentialAction":[{"@type":"ReadAction","target":["https:\/\/endokrinologie.bayern\/passau\/karriere\/"]}]},{"@type":"BreadcrumbList","@id":"https:\/\/endokrinologie.bayern\/passau\/karriere\/#breadcrumb","itemListElement":[{"@type":"ListItem","position":1,"name":"Startseite","item":"https:\/\/endokrinologie.bayern\/passau\/"},{"@type":"ListItem","position":2,"name":"Karriere"}]},{"@type":"WebSite","@id":"https:\/\/endokrinologie.bayern\/passau\/#website","url":"https:\/\/endokrinologie.bayern\/passau\/","name":"Zentrum f\u00fcr Endokrinologie und Stoffwechsel Passau","description":"Hormone im Gleichgewicht","potentialAction":[{"@type":"SearchAction","target":{"@type":"EntryPoint","urlTemplate":"https:\/\/endokrinologie.bayern\/passau\/?s={search_term_string}"},"query-input":{"@type":"PropertyValueSpecification","valueRequired":true,"valueName":"search_term_string"}}],"inLanguage":"de"}]}},"_links":{"self":[{"href":"https:\/\/endokrinologie.bayern\/passau\/wp-json\/wp\/v2\/pages\/341","targetHints":{"allow":["GET"]}}],"collection":[{"href":"https:\/\/endokrinologie.bayern\/passau\/wp-json\/wp\/v2\/pages"}],"about":[{"href":"https:\/\/endokrinologie.bayern\/passau\/wp-json\/wp\/v2\/types\/page"}],"author":[{"embeddable":true,"href":"https:\/\/endokrinologie.bayern\/passau\/wp-json\/wp\/v2\/users\/1"}],"replies":[{"embeddable":true,"href":"https:\/\/endokrinologie.bayern\/passau\/wp-json\/wp\/v2\/comments?post=341"}],"version-history":[{"count":34,"href":"https:\/\/endokrinologie.bayern\/passau\/wp-json\/wp\/v2\/pages\/341\/revisions"}],"predecessor-version":[{"id":707,"href":"https:\/\/endokrinologie.bayern\/passau\/wp-json\/wp\/v2\/pages\/341\/revisions\/707"}],"wp:attachment":[{"href":"https:\/\/endokrinologie.bayern\/passau\/wp-json\/wp\/v2\/media?parent=341"}],"wp:term":[{"taxonomy":"standort","embeddable":true,"href":"https:\/\/endokrinologie.bayern\/passau\/wp-json\/wp\/v2\/standort?post=341"}],"curies":[{"name":"wp","href":"https:\/\/api.w.org\/{rel}","templated":true}]}}