{"id":301,"date":"2024-07-03T23:58:05","date_gmt":"2024-07-03T21:58:05","guid":{"rendered":"https:\/\/ita-staging.de\/zes\/passau\/?page_id=301"},"modified":"2024-12-13T16:55:20","modified_gmt":"2024-12-13T15:55:20","slug":"adipositas","status":"publish","type":"page","link":"https:\/\/endokrinologie.bayern\/passau\/leistungen\/adipositas\/","title":{"rendered":"Adipositas"},"content":{"rendered":"\r\n    <div  class=\"simple-header-block\">\r\n        <div class=\"layout-s\">\r\n                            <div class=\"title\">\r\n                                            <img decoding=\"async\" src=\"https:\/\/endokrinologie.bayern\/passau\/wp-content\/uploads\/sites\/8\/2024\/11\/icon-ver-adipositas.svg\" alt=\"icon-ver-adipositas\"> \r\n                                        <h1>Adipositas Behandlung und Pr\u00e4vention in Passau<\/h1>\r\n                <\/div>\r\n                                        <p class=\"subline\">Ihr Weg zu einem ges\u00fcnderen Ich<\/p>\r\n                                        <p>\r\n\r\n<\/p>\r\n                                <\/div>\r\n    <\/div>\r\n\n\n\r\n\r\n    <div  class=\"text-block  \">\r\n      <div class=\"layout-s\">\r\n                                            <div class=\"content \">\r\n            <div class=\"col\">\r\n              <p>Weitere Schwerpunkte unserer Praxis sind die Diagnostik und Therapie von \u00dcbergewicht und Adipositas sowie des metabolischen Syndroms. Wir kl\u00e4ren endokrine oder auch genetische Ursachen der ungewollten Gewichtszunahme ab. <\/p>\n<p>Wir planen dann gemeinsam mit Ihnen in einem individualisierten Ansatz Wege zur nachhaltigen Gewichtsreduktion. H\u00e4ufig setzen wir auch etablierte, effektive Medikamente ein, die in vielen F\u00e4llen den Durchbruch erm\u00f6glichen. Wir besitzen zudem umfassende Erfahrung in der Abkl\u00e4rung, Vorbereitung und Nachbetreuung verschiedener metabolisch chirurgischer Operationen (z.B. Magen-Verkleinerungen \/ Magen-Bypass-Operationen). Es besteht hier eine enge Kooperation mit auf die bariatrische Chirurgie spezialisierten Zentren.<\/p>\n            <\/div> \r\n                      <\/div> \r\n                \r\n                \r\n        \r\n        \r\n\r\n      <\/div>\r\n    <\/div>\r\n\r\n\n\n\r\n\r\n    <div  class=\"kachel-block leistungen\"> \r\n      <div class=\"layout-s\">\r\n                   <h3>Weitere Behandlungsschwerpunkte<\/h3>\r\n                \r\n\r\n        <div class=\"kacheln spalte-3\">\r\n                      <div class=\"kachel \">\r\n                              <a href=\"https:\/\/endokrinologie.bayern\/passau\/leistungen\/krankheitsbilder\/\">\r\n                                                <p class=\"title\">\r\n                    Krankheitsbilder                  <\/p>\r\n                                                                  <img src='https:\/\/endokrinologie.bayern\/passau\/wp-content\/uploads\/sites\/8\/2024\/07\/icon-ver-endokrenologie.svg' alt='' title='icon-ver-endokrenologie'>\r\n                                                  <p class=\"btn-secondary\">Mehr erfahren\r\n                    <img decoding=\"async\" src=\"https:\/\/endokrinologie.bayern\/wp-content\/themes\/zes_theme\/images\/btn-next-black.svg\" alt=\"btn-next\" title=\"btn-next\">\r\n                  <\/p>\r\n                                              <\/a>\r\n                          <\/div>\r\n                      <div class=\"kachel \">\r\n                              <a href=\"https:\/\/endokrinologie.bayern\/passau\/leistungen\/endokrinologie\/\">\r\n                                                <p class=\"title\">\r\n                    Hormonst\u00f6rung (Endokrinologie)                  <\/p>\r\n                                                                  <img src='https:\/\/endokrinologie.bayern\/passau\/wp-content\/uploads\/sites\/8\/2024\/07\/icon-hormone.svg' alt='' title='icon-hormone'>\r\n                                                  <p class=\"btn-secondary\">Mehr erfahren\r\n                    <img decoding=\"async\" src=\"https:\/\/endokrinologie.bayern\/wp-content\/themes\/zes_theme\/images\/btn-next-black.svg\" alt=\"btn-next\" title=\"btn-next\">\r\n                  <\/p>\r\n                                              <\/a>\r\n                          <\/div>\r\n                      <div class=\"kachel \">\r\n                              <a href=\"https:\/\/endokrinologie.bayern\/passau\/leistungen\/diabetologie\/\">\r\n                                                <p class=\"title\">\r\n                    Diabetes (Diabetologie)                  <\/p>\r\n                                                                  <img src='https:\/\/endokrinologie.bayern\/passau\/wp-content\/uploads\/sites\/8\/2024\/07\/icon-finger.svg' alt='' title='icon-finger'>\r\n                                                  <p class=\"btn-secondary\">Mehr erfahren\r\n                    <img decoding=\"async\" src=\"https:\/\/endokrinologie.bayern\/wp-content\/themes\/zes_theme\/images\/btn-next-black.svg\" alt=\"btn-next\" title=\"btn-next\">\r\n                  <\/p>\r\n                                              <\/a>\r\n                          <\/div>\r\n                      <div class=\"kachel \">\r\n                              <a href=\"https:\/\/endokrinologie.bayern\/passau\/leistungen\/osteologie\/\">\r\n                                                <p class=\"title\">\r\n                    Osteoporose (Osteologie)                  <\/p>\r\n                                                                  <img src='https:\/\/endokrinologie.bayern\/passau\/wp-content\/uploads\/sites\/8\/2024\/07\/icon-osteoporose_24.svg' alt='' title='icon-osteoporose_24'>\r\n                                                  <p class=\"btn-secondary\">Mehr erfahren\r\n                    <img decoding=\"async\" src=\"https:\/\/endokrinologie.bayern\/wp-content\/themes\/zes_theme\/images\/btn-next-black.svg\" alt=\"btn-next\" title=\"btn-next\">\r\n                  <\/p>\r\n                                              <\/a>\r\n                          <\/div>\r\n                      <div class=\"kachel \">\r\n                              <a href=\"https:\/\/endokrinologie.bayern\/passau\/leistungen\/praeventionsmedizin\/\">\r\n                                                <p class=\"title\">\r\n                    Pr\u00e4ventionsmedizin                  <\/p>\r\n                                                                  <img src='https:\/\/endokrinologie.bayern\/passau\/wp-content\/uploads\/sites\/8\/2024\/07\/icon-praeventionsmedizin-24.svg' alt='' title='icon-praeventionsmedizin-24'>\r\n                                                  <p class=\"btn-secondary\">Mehr erfahren\r\n                    <img decoding=\"async\" src=\"https:\/\/endokrinologie.bayern\/wp-content\/themes\/zes_theme\/images\/btn-next-black.svg\" alt=\"btn-next\" title=\"btn-next\">\r\n                  <\/p>\r\n                                              <\/a>\r\n                          <\/div>\r\n                  <\/div>\r\n\r\n                    <a href=\"https:\/\/endokrinologie.bayern\/passau\/leistungen\/\" class=\"btn-primary spalte-3\">\r\n              Zu der Leistungs\u00fcbersicht              <img decoding=\"async\" src=\"https:\/\/endokrinologie.bayern\/wp-content\/themes\/zes_theme\/images\/btn-next.svg\" alt=\"btn next\" title=\"btn next\">\r\n            <\/a>\r\n              <\/div>\r\n    <\/div>\r\n\r\n\n\n    <div  class=\"accordion-block grey\">\r\n        <div class=\"layout-s\">\r\n                            <h3>Infopool<\/h3>\r\n            \r\n            <div class=\"accordion\" x-data=\"{ open: null }\">\r\n                                        <div class=\"item\">\r\n                            <button @click=\"open = open === 0 ? null : 0\">\r\n                                Wie funktioniert die Diagnostik bei Adipositas?                                <img decoding=\"async\" x-show=\"open !== 0\" \r\n                                     src=\"https:\/\/endokrinologie.bayern\/passau\/wp-content\/themes\/zes_theme\/images\/acc_closed.svg\" \r\n                                     alt=\"Closed\" style=\"display: none;\">\r\n                                <img decoding=\"async\" x-show=\"open === 0\" \r\n                                     src=\"https:\/\/endokrinologie.bayern\/passau\/wp-content\/themes\/zes_theme\/images\/acc_open.svg\" \r\n                                     alt=\"Open\" style=\"display: none;\">\r\n                            <\/button>\r\n                            <div x-show=\"open === 0\" x-collapse class=\"content\">\r\n                                <p>Wir setzen modernste Diagnostikverfahren ein, um Ihren Gesundheitszustand umfassend zu beurteilen. Dazu geh\u00f6ren unter anderem K\u00f6rperzusammensetzungsanalysen, Blutuntersuchungen und bildgebende Verfahren. Diese Daten helfen uns, ein genaues Bild Ihrer Gesundheit zu zeichnen und einen individuellen Therapieplan zu erstellen.<\/p>\n                            <\/div>\r\n                        <\/div>\r\n                                                            <div class=\"item\">\r\n                            <button @click=\"open = open === 1 ? null : 1\">\r\n                                Welche Art von Unterst\u00fctzung bietet die Ern\u00e4hrungsberatung?                                <img decoding=\"async\" x-show=\"open !== 1\" \r\n                                     src=\"https:\/\/endokrinologie.bayern\/passau\/wp-content\/themes\/zes_theme\/images\/acc_closed.svg\" \r\n                                     alt=\"Closed\" style=\"display: none;\">\r\n                                <img decoding=\"async\" x-show=\"open === 1\" \r\n                                     src=\"https:\/\/endokrinologie.bayern\/passau\/wp-content\/themes\/zes_theme\/images\/acc_open.svg\" \r\n                                     alt=\"Open\" style=\"display: none;\">\r\n                            <\/button>\r\n                            <div x-show=\"open === 1\" x-collapse class=\"content\">\r\n                                <p>Unsere Ern\u00e4hrungsberatung basiert auf wissenschaftlichen Erkenntnissen und wird individuell auf Ihre Bed\u00fcrfnisse zugeschnitten. Wir helfen Ihnen, gesunde Essgewohnheiten zu entwickeln, die zu einer nachhaltigen Gewichtsreduktion beitragen. Zudem erhalten Sie praktische Tipps und Rezepte, die in Ihren Alltag integriert werden k\u00f6nnen.<\/p>\n                            <\/div>\r\n                        <\/div>\r\n                                                            <div class=\"item\">\r\n                            <button @click=\"open = open === 2 ? null : 2\">\r\n                                Welche psychologische Unterst\u00fctzung wird angeboten?                                <img decoding=\"async\" x-show=\"open !== 2\" \r\n                                     src=\"https:\/\/endokrinologie.bayern\/passau\/wp-content\/themes\/zes_theme\/images\/acc_closed.svg\" \r\n                                     alt=\"Closed\" style=\"display: none;\">\r\n                                <img decoding=\"async\" x-show=\"open === 2\" \r\n                                     src=\"https:\/\/endokrinologie.bayern\/passau\/wp-content\/themes\/zes_theme\/images\/acc_open.svg\" \r\n                                     alt=\"Open\" style=\"display: none;\">\r\n                            <\/button>\r\n                            <div x-show=\"open === 2\" x-collapse class=\"content\">\r\n                                <p>Adipositas kann oft mit psychologischen Herausforderungen verbunden sein. Unsere Verhaltens- und Psychotherapie hilft Ihnen, ungesunde Verhaltensmuster zu erkennen und zu \u00e4ndern. Diese Unterst\u00fctzung ist entscheidend, um langfristige Ver\u00e4nderungen in Ihrem Lebensstil zu verankern und R\u00fcckf\u00e4lle zu vermeiden.<\/p>\n                            <\/div>\r\n                        <\/div>\r\n                                    \r\n                            <\/div>\r\n        <\/div>\r\n    <\/div>\r\n","protected":false},"excerpt":{"rendered":"","protected":false},"author":1,"featured_media":0,"parent":282,"menu_order":0,"comment_status":"closed","ping_status":"closed","template":"","meta":{"_acf_changed":false,"footnotes":""},"standort":[],"class_list":["post-301","page","type-page","status-publish","hentry"],"acf":[],"yoast_head":"<!-- This site is optimized with the Yoast SEO plugin v27.3 - https:\/\/yoast.com\/product\/yoast-seo-wordpress\/ -->\n<title>Zentrum f\u00fcr Endokrinologie und Stoffwechsel Passau - Adipositas<\/title>\n<meta name=\"description\" content=\"Das Zentrum f\u00fcr Endokrinologie und Stoffwechsel Passau ist Ihr Ansprechpartner f\u00fcr hormonelle Gesundheit.\" \/>\n<meta name=\"robots\" content=\"index, follow, max-snippet:-1, max-image-preview:large, max-video-preview:-1\" \/>\n<link rel=\"canonical\" href=\"https:\/\/endokrinologie.bayern\/passau\/leistungen\/adipositas\/\" \/>\n<meta property=\"og:locale\" content=\"de_DE\" \/>\n<meta property=\"og:type\" content=\"article\" \/>\n<meta property=\"og:title\" content=\"Zentrum f\u00fcr Endokrinologie und Stoffwechsel Passau - Adipositas\" \/>\n<meta property=\"og:description\" content=\"Das Zentrum f\u00fcr Endokrinologie und Stoffwechsel Passau ist Ihr Ansprechpartner f\u00fcr hormonelle Gesundheit.\" \/>\n<meta property=\"og:url\" content=\"https:\/\/endokrinologie.bayern\/passau\/leistungen\/adipositas\/\" \/>\n<meta property=\"og:site_name\" content=\"ZES Passau\" \/>\n<meta property=\"article:modified_time\" content=\"2024-12-13T15:55:20+00:00\" \/>\n<meta name=\"twitter:card\" content=\"summary_large_image\" \/>\n<script type=\"application\/ld+json\" class=\"yoast-schema-graph\">{\"@context\":\"https:\\\/\\\/schema.org\",\"@graph\":[{\"@type\":\"WebPage\",\"@id\":\"https:\\\/\\\/endokrinologie.bayern\\\/passau\\\/leistungen\\\/adipositas\\\/\",\"url\":\"https:\\\/\\\/endokrinologie.bayern\\\/passau\\\/leistungen\\\/adipositas\\\/\",\"name\":\"Zentrum f\u00fcr Endokrinologie und Stoffwechsel Passau - Adipositas\",\"isPartOf\":{\"@id\":\"https:\\\/\\\/endokrinologie.bayern\\\/passau\\\/#website\"},\"datePublished\":\"2024-07-03T21:58:05+00:00\",\"dateModified\":\"2024-12-13T15:55:20+00:00\",\"description\":\"Das Zentrum f\u00fcr Endokrinologie und Stoffwechsel Passau ist Ihr Ansprechpartner f\u00fcr hormonelle Gesundheit.\",\"breadcrumb\":{\"@id\":\"https:\\\/\\\/endokrinologie.bayern\\\/passau\\\/leistungen\\\/adipositas\\\/#breadcrumb\"},\"inLanguage\":\"de\",\"potentialAction\":[{\"@type\":\"ReadAction\",\"target\":[\"https:\\\/\\\/endokrinologie.bayern\\\/passau\\\/leistungen\\\/adipositas\\\/\"]}]},{\"@type\":\"BreadcrumbList\",\"@id\":\"https:\\\/\\\/endokrinologie.bayern\\\/passau\\\/leistungen\\\/adipositas\\\/#breadcrumb\",\"itemListElement\":[{\"@type\":\"ListItem\",\"position\":1,\"name\":\"Startseite\",\"item\":\"https:\\\/\\\/endokrinologie.bayern\\\/passau\\\/\"},{\"@type\":\"ListItem\",\"position\":2,\"name\":\"Leistungen\",\"item\":\"https:\\\/\\\/endokrinologie.bayern\\\/passau\\\/leistungen\\\/\"},{\"@type\":\"ListItem\",\"position\":3,\"name\":\"Adipositas\"}]},{\"@type\":\"WebSite\",\"@id\":\"https:\\\/\\\/endokrinologie.bayern\\\/passau\\\/#website\",\"url\":\"https:\\\/\\\/endokrinologie.bayern\\\/passau\\\/\",\"name\":\"Zentrum f\u00fcr Endokrinologie und Stoffwechsel Passau\",\"description\":\"Hormone im Gleichgewicht\",\"potentialAction\":[{\"@type\":\"SearchAction\",\"target\":{\"@type\":\"EntryPoint\",\"urlTemplate\":\"https:\\\/\\\/endokrinologie.bayern\\\/passau\\\/?s={search_term_string}\"},\"query-input\":{\"@type\":\"PropertyValueSpecification\",\"valueRequired\":true,\"valueName\":\"search_term_string\"}}],\"inLanguage\":\"de\"}]}<\/script>\n<!-- \/ Yoast SEO plugin. -->","yoast_head_json":{"title":"Zentrum f\u00fcr Endokrinologie und Stoffwechsel Passau - Adipositas","description":"Das Zentrum f\u00fcr Endokrinologie und Stoffwechsel Passau ist Ihr Ansprechpartner f\u00fcr hormonelle Gesundheit.","robots":{"index":"index","follow":"follow","max-snippet":"max-snippet:-1","max-image-preview":"max-image-preview:large","max-video-preview":"max-video-preview:-1"},"canonical":"https:\/\/endokrinologie.bayern\/passau\/leistungen\/adipositas\/","og_locale":"de_DE","og_type":"article","og_title":"Zentrum f\u00fcr Endokrinologie und Stoffwechsel Passau - Adipositas","og_description":"Das Zentrum f\u00fcr Endokrinologie und Stoffwechsel Passau ist Ihr Ansprechpartner f\u00fcr hormonelle Gesundheit.","og_url":"https:\/\/endokrinologie.bayern\/passau\/leistungen\/adipositas\/","og_site_name":"ZES Passau","article_modified_time":"2024-12-13T15:55:20+00:00","twitter_card":"summary_large_image","schema":{"@context":"https:\/\/schema.org","@graph":[{"@type":"WebPage","@id":"https:\/\/endokrinologie.bayern\/passau\/leistungen\/adipositas\/","url":"https:\/\/endokrinologie.bayern\/passau\/leistungen\/adipositas\/","name":"Zentrum f\u00fcr Endokrinologie und Stoffwechsel Passau - Adipositas","isPartOf":{"@id":"https:\/\/endokrinologie.bayern\/passau\/#website"},"datePublished":"2024-07-03T21:58:05+00:00","dateModified":"2024-12-13T15:55:20+00:00","description":"Das Zentrum f\u00fcr Endokrinologie und Stoffwechsel Passau ist Ihr Ansprechpartner f\u00fcr hormonelle Gesundheit.","breadcrumb":{"@id":"https:\/\/endokrinologie.bayern\/passau\/leistungen\/adipositas\/#breadcrumb"},"inLanguage":"de","potentialAction":[{"@type":"ReadAction","target":["https:\/\/endokrinologie.bayern\/passau\/leistungen\/adipositas\/"]}]},{"@type":"BreadcrumbList","@id":"https:\/\/endokrinologie.bayern\/passau\/leistungen\/adipositas\/#breadcrumb","itemListElement":[{"@type":"ListItem","position":1,"name":"Startseite","item":"https:\/\/endokrinologie.bayern\/passau\/"},{"@type":"ListItem","position":2,"name":"Leistungen","item":"https:\/\/endokrinologie.bayern\/passau\/leistungen\/"},{"@type":"ListItem","position":3,"name":"Adipositas"}]},{"@type":"WebSite","@id":"https:\/\/endokrinologie.bayern\/passau\/#website","url":"https:\/\/endokrinologie.bayern\/passau\/","name":"Zentrum f\u00fcr Endokrinologie und Stoffwechsel Passau","description":"Hormone im Gleichgewicht","potentialAction":[{"@type":"SearchAction","target":{"@type":"EntryPoint","urlTemplate":"https:\/\/endokrinologie.bayern\/passau\/?s={search_term_string}"},"query-input":{"@type":"PropertyValueSpecification","valueRequired":true,"valueName":"search_term_string"}}],"inLanguage":"de"}]}},"_links":{"self":[{"href":"https:\/\/endokrinologie.bayern\/passau\/wp-json\/wp\/v2\/pages\/301","targetHints":{"allow":["GET"]}}],"collection":[{"href":"https:\/\/endokrinologie.bayern\/passau\/wp-json\/wp\/v2\/pages"}],"about":[{"href":"https:\/\/endokrinologie.bayern\/passau\/wp-json\/wp\/v2\/types\/page"}],"author":[{"embeddable":true,"href":"https:\/\/endokrinologie.bayern\/passau\/wp-json\/wp\/v2\/users\/1"}],"replies":[{"embeddable":true,"href":"https:\/\/endokrinologie.bayern\/passau\/wp-json\/wp\/v2\/comments?post=301"}],"version-history":[{"count":20,"href":"https:\/\/endokrinologie.bayern\/passau\/wp-json\/wp\/v2\/pages\/301\/revisions"}],"predecessor-version":[{"id":818,"href":"https:\/\/endokrinologie.bayern\/passau\/wp-json\/wp\/v2\/pages\/301\/revisions\/818"}],"up":[{"embeddable":true,"href":"https:\/\/endokrinologie.bayern\/passau\/wp-json\/wp\/v2\/pages\/282"}],"wp:attachment":[{"href":"https:\/\/endokrinologie.bayern\/passau\/wp-json\/wp\/v2\/media?parent=301"}],"wp:term":[{"taxonomy":"standort","embeddable":true,"href":"https:\/\/endokrinologie.bayern\/passau\/wp-json\/wp\/v2\/standort?post=301"}],"curies":[{"name":"wp","href":"https:\/\/api.w.org\/{rel}","templated":true}]}}