{"id":156,"date":"2024-07-01T13:44:06","date_gmt":"2024-07-01T11:44:06","guid":{"rendered":"https:\/\/ita-staging.de\/zes\/passau\/?page_id=156"},"modified":"2026-03-19T07:59:36","modified_gmt":"2026-03-19T06:59:36","slug":"team","status":"publish","type":"page","link":"https:\/\/endokrinologie.bayern\/passau\/team\/","title":{"rendered":"Team"},"content":{"rendered":"  <div  class=\"mfa-block \">\r\n    <div class=\"layout-s\">\r\n        <div class=\"content\">\r\n                      <h3>Das \u00c4rzteteam<\/h3>\n<p>Treffen Sie unsere \u00c4rzte \u2013 Spezialisten f\u00fcr Endokrinologie und Stoffwechsel.<\/p>\n                  <\/div>\r\n        <div class=\"mitarbeiter  typ-arzt\">\r\n                  <div class=\"item vita\">\r\n                          <a href=\"https:\/\/endokrinologie.bayern\/passau\/team\/margarita-bala\/\">\r\n             \r\n\r\n                          <img decoding=\"async\" src=\"https:\/\/endokrinologie.bayern\/passau\/wp-content\/uploads\/sites\/8\/2026\/03\/261803-bala.jpg\" \r\n                alt=\"\" \r\n                title=\"261803-bala\">\r\n             \r\n\r\n            <div class=\"name-box\">\r\n                              <div class=\"div\">\r\n                                      <p class=\"name\">Dr. med. Margarita Bala<\/p>\r\n                                                        <p>Internistin, Endokrinologin und Diabetologin<\/p>\r\n                                                    <\/div>\r\n                                        <\/div>  \r\n                          <\/a>\r\n                      <\/div>\r\n                  <div class=\"item vita\">\r\n                          <a href=\"https:\/\/endokrinologie.bayern\/passau\/team\/christian-seifarth\/\">\r\n             \r\n\r\n                          <img decoding=\"async\" src=\"https:\/\/endokrinologie.bayern\/passau\/wp-content\/uploads\/sites\/8\/2026\/02\/christian_seifarth_2026.jpg\" \r\n                alt=\"\" \r\n                title=\"christian_seifarth_2026\">\r\n             \r\n\r\n            <div class=\"name-box\">\r\n                              <div class=\"div\">\r\n                                      <p class=\"name\">Prof. Dr. med. Christian Seifarth<\/p>\r\n                                                        <p>Internist, Endokrinologe, Diabetologe und Osteologe<\/p>\r\n                                                    <\/div>\r\n                                        <\/div>  \r\n                          <\/a>\r\n                      <\/div>\r\n        \r\n           \r\n        <\/div>\r\n    <\/div>\r\n  <\/div>\r\n\n\n  <div  class=\"mfa-block \">\r\n    <div class=\"layout-s\">\r\n        <div class=\"content\">\r\n                      <h3>Praxisteam des ZES Passau<\/h3>\n<p>Unser kompetentes Praxisteam steht Ihnen zur Verf\u00fcgung f\u00fcr Ihre Sorgen und Fragen.<br \/>\nWir freuen uns, Ihnen helfen zu k\u00f6nnen.<\/p>\n                  <\/div>\r\n        <div class=\"mitarbeiter  typ-mitarbeiter\">\r\n                  <div class=\"item cta\">\r\n             \r\n\r\n                          <img decoding=\"async\" src=\"https:\/\/endokrinologie.bayern\/passau\/wp-content\/uploads\/sites\/8\/2024\/12\/passau-daniela.jpg\" \r\n                alt=\"\" \r\n                title=\"passau-daniela\">\r\n             \r\n\r\n            <div class=\"name-box\">\r\n                              <div class=\"div\">\r\n                                      <p class=\"name\">Daniela G\u00e4hring<\/p>\r\n                                                        <p>Praxismanagerin, zertifizierte Ern\u00e4hrungsberaterin, Medizinische Fachangestellte<\/p>\r\n                                                    <\/div>\r\n                                        <\/div>  \r\n                      <\/div>\r\n                  <div class=\"item cta\">\r\n             \r\n\r\n                          <img decoding=\"async\" src=\"https:\/\/endokrinologie.bayern\/passau\/wp-content\/uploads\/sites\/8\/2024\/12\/pas-rosi.jpg\" \r\n                alt=\"\" \r\n                title=\"pas-rosi\">\r\n             \r\n\r\n            <div class=\"name-box\">\r\n                              <div class=\"div\">\r\n                                      <p class=\"name\">Roswitha Wei\u00df<\/p>\r\n                                                        <p>Medizinische Fachangestellte, zertifizierte Endokrinologie-Assistentin DGE<\/p>\r\n                                                    <\/div>\r\n                                        <\/div>  \r\n                      <\/div>\r\n                  <div class=\"item cta\">\r\n             \r\n\r\n                          <img decoding=\"async\" src=\"https:\/\/endokrinologie.bayern\/passau\/wp-content\/uploads\/sites\/8\/2024\/07\/placehold-person.png\" \r\n                alt=\"\" \r\n                title=\"placehold-person\">\r\n             \r\n\r\n            <div class=\"name-box\">\r\n                              <div class=\"div\">\r\n                                      <p class=\"name\">Nadine Westphal <\/p>\r\n                                                        <p>Medizinische Fachangestellte<\/p>\r\n                                                    <\/div>\r\n                                        <\/div>  \r\n                      <\/div>\r\n        \r\n           \r\n        <\/div>\r\n    <\/div>\r\n  <\/div>\r\n\n\n    <div  class=\"cta-block  cta\">\r\n        <div class=\"layout\">\r\n                            <div class=\"col\">\r\n                                            <h3>Besuchen Sie unsere ZES-Zentren<\/h3>\r\n                                                            <a href=\"\/standorte\" class=\"btn-primary\">Zu den Standorten<img decoding=\"async\" src=\"https:\/\/endokrinologie.bayern\/passau\/wp-content\/themes\/zes_theme\/images\/btn-next.svg\" alt=\"btn next\" title=\"btn next\"><\/a>                <\/div>\r\n                <div class=\"col\">\r\n                                            <div class=\"content\">\r\n                            <p>Wir laden Sie ein, unsere Endokrinologie-Zentren in Bayern zu besuchen und die Vorteile einer spezialisierten Endokrinologie-Betreuung zu erleben. Unsere Standorte sind darauf ausgerichtet, Ihnen in der Endokrinologie eine umfassende Betreuung zu bieten, die Ihr Leben nachhaltig verbessert.<\/p>\n                        <\/div>\r\n                                    <\/div>\r\n                    <\/div>\r\n    <\/div>\r\n","protected":false},"excerpt":{"rendered":"","protected":false},"author":1,"featured_media":0,"parent":0,"menu_order":0,"comment_status":"closed","ping_status":"closed","template":"","meta":{"_acf_changed":false,"footnotes":""},"standort":[],"class_list":["post-156","page","type-page","status-publish","hentry"],"acf":[],"yoast_head":"<!-- This site is optimized with the Yoast SEO plugin v27.3 - https:\/\/yoast.com\/product\/yoast-seo-wordpress\/ -->\n<title>Zentrum f\u00fcr Endokrinologie und Stoffwechsel Passau - \u00c4rzteteam<\/title>\n<meta name=\"description\" content=\"Unsere Fach\u00e4rzte in Passau bieten kompetente Betreuung bei hormonellen und stoffwechselbedingten Erkrankungen.\" \/>\n<meta name=\"robots\" content=\"index, follow, max-snippet:-1, max-image-preview:large, max-video-preview:-1\" \/>\n<link rel=\"canonical\" href=\"https:\/\/endokrinologie.bayern\/passau\/team\/\" \/>\n<meta property=\"og:locale\" content=\"de_DE\" \/>\n<meta property=\"og:type\" content=\"article\" \/>\n<meta property=\"og:title\" content=\"Zentrum f\u00fcr Endokrinologie und Stoffwechsel Passau - \u00c4rzteteam\" \/>\n<meta property=\"og:description\" content=\"Unsere Fach\u00e4rzte in Passau bieten kompetente Betreuung bei hormonellen und stoffwechselbedingten Erkrankungen.\" \/>\n<meta property=\"og:url\" content=\"https:\/\/endokrinologie.bayern\/passau\/team\/\" \/>\n<meta property=\"og:site_name\" content=\"ZES Passau\" \/>\n<meta property=\"article:modified_time\" content=\"2026-03-19T06:59:36+00:00\" \/>\n<meta name=\"twitter:card\" content=\"summary_large_image\" \/>\n<script type=\"application\/ld+json\" class=\"yoast-schema-graph\">{\"@context\":\"https:\\\/\\\/schema.org\",\"@graph\":[{\"@type\":\"WebPage\",\"@id\":\"https:\\\/\\\/endokrinologie.bayern\\\/passau\\\/team\\\/\",\"url\":\"https:\\\/\\\/endokrinologie.bayern\\\/passau\\\/team\\\/\",\"name\":\"Zentrum f\u00fcr Endokrinologie und Stoffwechsel Passau - \u00c4rzteteam\",\"isPartOf\":{\"@id\":\"https:\\\/\\\/endokrinologie.bayern\\\/passau\\\/#website\"},\"datePublished\":\"2024-07-01T11:44:06+00:00\",\"dateModified\":\"2026-03-19T06:59:36+00:00\",\"description\":\"Unsere Fach\u00e4rzte in Passau bieten kompetente Betreuung bei hormonellen und stoffwechselbedingten Erkrankungen.\",\"breadcrumb\":{\"@id\":\"https:\\\/\\\/endokrinologie.bayern\\\/passau\\\/team\\\/#breadcrumb\"},\"inLanguage\":\"de\",\"potentialAction\":[{\"@type\":\"ReadAction\",\"target\":[\"https:\\\/\\\/endokrinologie.bayern\\\/passau\\\/team\\\/\"]}]},{\"@type\":\"BreadcrumbList\",\"@id\":\"https:\\\/\\\/endokrinologie.bayern\\\/passau\\\/team\\\/#breadcrumb\",\"itemListElement\":[{\"@type\":\"ListItem\",\"position\":1,\"name\":\"Startseite\",\"item\":\"https:\\\/\\\/endokrinologie.bayern\\\/passau\\\/\"},{\"@type\":\"ListItem\",\"position\":2,\"name\":\"Team\"}]},{\"@type\":\"WebSite\",\"@id\":\"https:\\\/\\\/endokrinologie.bayern\\\/passau\\\/#website\",\"url\":\"https:\\\/\\\/endokrinologie.bayern\\\/passau\\\/\",\"name\":\"Zentrum f\u00fcr Endokrinologie und Stoffwechsel Passau\",\"description\":\"Hormone im Gleichgewicht\",\"potentialAction\":[{\"@type\":\"SearchAction\",\"target\":{\"@type\":\"EntryPoint\",\"urlTemplate\":\"https:\\\/\\\/endokrinologie.bayern\\\/passau\\\/?s={search_term_string}\"},\"query-input\":{\"@type\":\"PropertyValueSpecification\",\"valueRequired\":true,\"valueName\":\"search_term_string\"}}],\"inLanguage\":\"de\"}]}<\/script>\n<!-- \/ Yoast SEO plugin. -->","yoast_head_json":{"title":"Zentrum f\u00fcr Endokrinologie und Stoffwechsel Passau - \u00c4rzteteam","description":"Unsere Fach\u00e4rzte in Passau bieten kompetente Betreuung bei hormonellen und stoffwechselbedingten Erkrankungen.","robots":{"index":"index","follow":"follow","max-snippet":"max-snippet:-1","max-image-preview":"max-image-preview:large","max-video-preview":"max-video-preview:-1"},"canonical":"https:\/\/endokrinologie.bayern\/passau\/team\/","og_locale":"de_DE","og_type":"article","og_title":"Zentrum f\u00fcr Endokrinologie und Stoffwechsel Passau - \u00c4rzteteam","og_description":"Unsere Fach\u00e4rzte in Passau bieten kompetente Betreuung bei hormonellen und stoffwechselbedingten Erkrankungen.","og_url":"https:\/\/endokrinologie.bayern\/passau\/team\/","og_site_name":"ZES Passau","article_modified_time":"2026-03-19T06:59:36+00:00","twitter_card":"summary_large_image","schema":{"@context":"https:\/\/schema.org","@graph":[{"@type":"WebPage","@id":"https:\/\/endokrinologie.bayern\/passau\/team\/","url":"https:\/\/endokrinologie.bayern\/passau\/team\/","name":"Zentrum f\u00fcr Endokrinologie und Stoffwechsel Passau - \u00c4rzteteam","isPartOf":{"@id":"https:\/\/endokrinologie.bayern\/passau\/#website"},"datePublished":"2024-07-01T11:44:06+00:00","dateModified":"2026-03-19T06:59:36+00:00","description":"Unsere Fach\u00e4rzte in Passau bieten kompetente Betreuung bei hormonellen und stoffwechselbedingten Erkrankungen.","breadcrumb":{"@id":"https:\/\/endokrinologie.bayern\/passau\/team\/#breadcrumb"},"inLanguage":"de","potentialAction":[{"@type":"ReadAction","target":["https:\/\/endokrinologie.bayern\/passau\/team\/"]}]},{"@type":"BreadcrumbList","@id":"https:\/\/endokrinologie.bayern\/passau\/team\/#breadcrumb","itemListElement":[{"@type":"ListItem","position":1,"name":"Startseite","item":"https:\/\/endokrinologie.bayern\/passau\/"},{"@type":"ListItem","position":2,"name":"Team"}]},{"@type":"WebSite","@id":"https:\/\/endokrinologie.bayern\/passau\/#website","url":"https:\/\/endokrinologie.bayern\/passau\/","name":"Zentrum f\u00fcr Endokrinologie und Stoffwechsel Passau","description":"Hormone im Gleichgewicht","potentialAction":[{"@type":"SearchAction","target":{"@type":"EntryPoint","urlTemplate":"https:\/\/endokrinologie.bayern\/passau\/?s={search_term_string}"},"query-input":{"@type":"PropertyValueSpecification","valueRequired":true,"valueName":"search_term_string"}}],"inLanguage":"de"}]}},"_links":{"self":[{"href":"https:\/\/endokrinologie.bayern\/passau\/wp-json\/wp\/v2\/pages\/156","targetHints":{"allow":["GET"]}}],"collection":[{"href":"https:\/\/endokrinologie.bayern\/passau\/wp-json\/wp\/v2\/pages"}],"about":[{"href":"https:\/\/endokrinologie.bayern\/passau\/wp-json\/wp\/v2\/types\/page"}],"author":[{"embeddable":true,"href":"https:\/\/endokrinologie.bayern\/passau\/wp-json\/wp\/v2\/users\/1"}],"replies":[{"embeddable":true,"href":"https:\/\/endokrinologie.bayern\/passau\/wp-json\/wp\/v2\/comments?post=156"}],"version-history":[{"count":43,"href":"https:\/\/endokrinologie.bayern\/passau\/wp-json\/wp\/v2\/pages\/156\/revisions"}],"predecessor-version":[{"id":969,"href":"https:\/\/endokrinologie.bayern\/passau\/wp-json\/wp\/v2\/pages\/156\/revisions\/969"}],"wp:attachment":[{"href":"https:\/\/endokrinologie.bayern\/passau\/wp-json\/wp\/v2\/media?parent=156"}],"wp:term":[{"taxonomy":"standort","embeddable":true,"href":"https:\/\/endokrinologie.bayern\/passau\/wp-json\/wp\/v2\/standort?post=156"}],"curies":[{"name":"wp","href":"https:\/\/api.w.org\/{rel}","templated":true}]}}