{"id":758,"date":"2024-08-27T16:07:10","date_gmt":"2024-08-27T14:07:10","guid":{"rendered":"https:\/\/ita-staging.de\/zes\/muenchen\/?page_id=758"},"modified":"2024-08-28T11:34:24","modified_gmt":"2024-08-28T09:34:24","slug":"das-polyzystische-ovarsyndrom","status":"publish","type":"page","link":"https:\/\/endokrinologie.bayern\/muenchen\/leistungen\/endokrinologie\/das-polyzystische-ovarsyndrom\/","title":{"rendered":"Das Polyzystische Ovarsyndrom"},"content":{"rendered":"\r\n\r\n    <div  class=\"text-block  \">\r\n      <div class=\"layout-s\">\r\n                                            <div class=\"content \">\r\n            <div class=\"col\">\r\n              <h1>Das Polyzystische Ovarsyndrom<\/h1>\n<p>Das Polyzystische Ovarsyndrom (PCOS) ist eine Erkrankung, die bei etwa 5-10% der geschlechtsreifen Frauen auftritt. Der Erkrankungsbeginn liegt typischerweise zwischen dem 15 und 25 Lebensjahr.<\/p>\n<p>&nbsp;<\/p>\n<p>Das PCOS ist charakterisiert durch Zyklusst\u00f6rungen (A- oder Oligomenorrhoe) in Kombination mit einem m\u00e4nnlichen Behaarungstyp (Hirsutismus), Akne oder Haarausfall (Alopezie) und\/oder einer Erh\u00f6hung der m\u00e4nnlichen Geschlechtshormone im Blut (Hyperandrogen\u00e4mie). Andere Erkrankungen der Hirnanhangsdr\u00fcse, der Nebenniere und der Eierst\u00f6cke m\u00fcssen zudem ausgeschlossen werden. Nach dieser im Jahre 1990 von der NIH (National Institutes of Health) festgelegten Definition finden sich nur bei 70% der Patientinnen sonographisch die klassischen polyzystischen Ovarien, die urspr\u00fcnglich (Stein und Leventhal 1935) namensgebend waren.<\/p>\n<p>&nbsp;<\/p>\n<p>Das PCOS zeigt eine famili\u00e4re H\u00e4ufung, so dass eine genetische Komponente urs\u00e4chlich anzunehmen ist. Bisher liegen von verschiedenen Studien jedoch sehr heterogene Ergebnisse vor. In zahlreichen Untersuchungen konnte ein Zusammenhang des PCOS mit dem Metabolischen Syndrom festgestellt werden. Das Metabolische Syndrom umfasst eine \u00dcbergewichtigkeit (Adipositas), Zuckerverwertungsst\u00f6rung (Diabetes mellitus), Blutfettwerterh\u00f6hung (Hyperlipid\u00e4mie), Bluthochdruck (Arterielle Hypertonie) und die Gef\u00e4\u00dfverkalkung.<\/p>\n<p>&nbsp;<\/p>\n<p>Das Krankheitsbild PCOS wird jedoch nicht nur durch die k\u00f6rperlichen Beschwerden gepr\u00e4gt. Die klinische Symptomatik des PCOS, vor allem die vermehrte K\u00f6rperbehaarung, das \u00dcbergewicht und die Unfruchtbarkeit haben deutliche Auswirkungen auf psychosozialer Ebene mit massiven Einschr\u00e4nkungen im Bereich der Lebensqualit\u00e4t, der Lebenszufriedenheit und der Sexualit\u00e4t<\/p>\n<p>&nbsp;<\/p>\n<p>Zur Diagnostik des PCOS sind umfangreiche Untersuchungen notwendig. Dazu geh\u00f6rt immer ein ausf\u00fchrliches Gespr\u00e4ch mit der Patientin (Beginn der ersten Periode, Menstruationszyklus, Pubert\u00e4tsentwicklung, Familiengeschichte etc.), eine k\u00f6rperliche Untersuchung mit Beurteilung der Haut und der K\u00f6rperbehaarung und Bluttests mit Bestimmung verschiedener Hormone. Komplettierend sollte eine Ultraschalluntersuchung der Eierst\u00f6cke durchgef\u00fchrt werden. Eine Erkrankung der Hirnanhangsdr\u00fcse (Hypophyse), der Nebenniere und des Eierstocks (Ovar) muss ausgeschlossen werden. Zudem ist eine Untersuchung der Schilddr\u00fcsenfunktion erforderlich, da ein Teil der PCOS Patientinnen zus\u00e4tzlich noch an einer Autoimmunentz\u00fcndung der Schilddr\u00fcse (Autoimmunthyreoiditis) leidet, die zu einer Unterfunktion f\u00fchren kann. Diese Schilddr\u00fcsenunterfunktion kann, genauso wie das PCOS, Ursache f\u00fcr einen unerf\u00fcllten Kinderwunsch sein.<\/p>\n<p>&nbsp;<\/p>\n<p><a href=\"https:\/\/endokrinologie.bayern\/muenchen\/leistungen\/endokrinologie\/\">Zur Endokrinologie<\/a><\/p>\n            <\/div> \r\n                      <\/div> \r\n                \r\n                \r\n        \r\n        \r\n\r\n      <\/div>\r\n    <\/div>\r\n\r\n","protected":false},"excerpt":{"rendered":"","protected":false},"author":1,"featured_media":0,"parent":294,"menu_order":0,"comment_status":"closed","ping_status":"closed","template":"","meta":{"_acf_changed":false,"footnotes":""},"standort":[],"class_list":["post-758","page","type-page","status-publish","hentry"],"acf":[],"yoast_head":"<!-- This site is optimized with the Yoast SEO plugin v27.3 - https:\/\/yoast.com\/product\/yoast-seo-wordpress\/ -->\n<title>Zentrum f\u00fcr Endokrinologie und Stoffwechsel M\u00fcnchen - Das Polyzystische Ovarsyndrom<\/title>\n<meta name=\"description\" content=\"Ihr Spezialist in M\u00fcnchen f\u00fcr hormonelle und stoffwechselbedingte Erkrankungen. Wir bieten moderne Diagnostik, individuelle Therapien &amp; ganzheitliche Betreuung.\" \/>\n<meta name=\"robots\" content=\"index, follow, max-snippet:-1, max-image-preview:large, max-video-preview:-1\" \/>\n<link rel=\"canonical\" href=\"https:\/\/endokrinologie.bayern\/muenchen\/leistungen\/endokrinologie\/das-polyzystische-ovarsyndrom\/\" \/>\n<meta property=\"og:locale\" content=\"de_DE\" \/>\n<meta property=\"og:type\" content=\"article\" \/>\n<meta property=\"og:title\" content=\"Zentrum f\u00fcr Endokrinologie und Stoffwechsel M\u00fcnchen - Das Polyzystische Ovarsyndrom\" \/>\n<meta property=\"og:description\" content=\"Ihr Spezialist in M\u00fcnchen f\u00fcr hormonelle und stoffwechselbedingte Erkrankungen. Wir bieten moderne Diagnostik, individuelle Therapien &amp; ganzheitliche Betreuung.\" \/>\n<meta property=\"og:url\" content=\"https:\/\/endokrinologie.bayern\/muenchen\/leistungen\/endokrinologie\/das-polyzystische-ovarsyndrom\/\" \/>\n<meta property=\"og:site_name\" content=\"ZES M\u00fcnchen\" \/>\n<meta property=\"article:modified_time\" content=\"2024-08-28T09:34:24+00:00\" \/>\n<meta name=\"twitter:card\" content=\"summary_large_image\" \/>\n<script type=\"application\/ld+json\" class=\"yoast-schema-graph\">{\"@context\":\"https:\\\/\\\/schema.org\",\"@graph\":[{\"@type\":\"WebPage\",\"@id\":\"https:\\\/\\\/endokrinologie.bayern\\\/muenchen\\\/leistungen\\\/endokrinologie\\\/das-polyzystische-ovarsyndrom\\\/\",\"url\":\"https:\\\/\\\/endokrinologie.bayern\\\/muenchen\\\/leistungen\\\/endokrinologie\\\/das-polyzystische-ovarsyndrom\\\/\",\"name\":\"Zentrum f\u00fcr Endokrinologie und Stoffwechsel M\u00fcnchen - Das Polyzystische Ovarsyndrom\",\"isPartOf\":{\"@id\":\"https:\\\/\\\/endokrinologie.bayern\\\/muenchen\\\/#website\"},\"datePublished\":\"2024-08-27T14:07:10+00:00\",\"dateModified\":\"2024-08-28T09:34:24+00:00\",\"description\":\"Ihr Spezialist in M\u00fcnchen f\u00fcr hormonelle und stoffwechselbedingte Erkrankungen. Wir bieten moderne Diagnostik, individuelle Therapien & ganzheitliche Betreuung.\",\"breadcrumb\":{\"@id\":\"https:\\\/\\\/endokrinologie.bayern\\\/muenchen\\\/leistungen\\\/endokrinologie\\\/das-polyzystische-ovarsyndrom\\\/#breadcrumb\"},\"inLanguage\":\"de\",\"potentialAction\":[{\"@type\":\"ReadAction\",\"target\":[\"https:\\\/\\\/endokrinologie.bayern\\\/muenchen\\\/leistungen\\\/endokrinologie\\\/das-polyzystische-ovarsyndrom\\\/\"]}]},{\"@type\":\"BreadcrumbList\",\"@id\":\"https:\\\/\\\/endokrinologie.bayern\\\/muenchen\\\/leistungen\\\/endokrinologie\\\/das-polyzystische-ovarsyndrom\\\/#breadcrumb\",\"itemListElement\":[{\"@type\":\"ListItem\",\"position\":1,\"name\":\"Startseite\",\"item\":\"https:\\\/\\\/endokrinologie.bayern\\\/muenchen\\\/\"},{\"@type\":\"ListItem\",\"position\":2,\"name\":\"Leistungen\",\"item\":\"https:\\\/\\\/endokrinologie.bayern\\\/muenchen\\\/leistungen\\\/\"},{\"@type\":\"ListItem\",\"position\":3,\"name\":\"Endokrinologie\",\"item\":\"https:\\\/\\\/endokrinologie.bayern\\\/muenchen\\\/leistungen\\\/endokrinologie\\\/\"},{\"@type\":\"ListItem\",\"position\":4,\"name\":\"Das Polyzystische Ovarsyndrom\"}]},{\"@type\":\"WebSite\",\"@id\":\"https:\\\/\\\/endokrinologie.bayern\\\/muenchen\\\/#website\",\"url\":\"https:\\\/\\\/endokrinologie.bayern\\\/muenchen\\\/\",\"name\":\"Zentrum f\u00fcr Endokrinologie und Stoffwechsel M\u00fcnchen\",\"description\":\"Hormone im Gleichgewicht\",\"potentialAction\":[{\"@type\":\"SearchAction\",\"target\":{\"@type\":\"EntryPoint\",\"urlTemplate\":\"https:\\\/\\\/endokrinologie.bayern\\\/muenchen\\\/?s={search_term_string}\"},\"query-input\":{\"@type\":\"PropertyValueSpecification\",\"valueRequired\":true,\"valueName\":\"search_term_string\"}}],\"inLanguage\":\"de\"}]}<\/script>\n<!-- \/ Yoast SEO plugin. -->","yoast_head_json":{"title":"Zentrum f\u00fcr Endokrinologie und Stoffwechsel M\u00fcnchen - Das Polyzystische Ovarsyndrom","description":"Ihr Spezialist in M\u00fcnchen f\u00fcr hormonelle und stoffwechselbedingte Erkrankungen. Wir bieten moderne Diagnostik, individuelle Therapien & ganzheitliche Betreuung.","robots":{"index":"index","follow":"follow","max-snippet":"max-snippet:-1","max-image-preview":"max-image-preview:large","max-video-preview":"max-video-preview:-1"},"canonical":"https:\/\/endokrinologie.bayern\/muenchen\/leistungen\/endokrinologie\/das-polyzystische-ovarsyndrom\/","og_locale":"de_DE","og_type":"article","og_title":"Zentrum f\u00fcr Endokrinologie und Stoffwechsel M\u00fcnchen - Das Polyzystische Ovarsyndrom","og_description":"Ihr Spezialist in M\u00fcnchen f\u00fcr hormonelle und stoffwechselbedingte Erkrankungen. Wir bieten moderne Diagnostik, individuelle Therapien & ganzheitliche Betreuung.","og_url":"https:\/\/endokrinologie.bayern\/muenchen\/leistungen\/endokrinologie\/das-polyzystische-ovarsyndrom\/","og_site_name":"ZES M\u00fcnchen","article_modified_time":"2024-08-28T09:34:24+00:00","twitter_card":"summary_large_image","schema":{"@context":"https:\/\/schema.org","@graph":[{"@type":"WebPage","@id":"https:\/\/endokrinologie.bayern\/muenchen\/leistungen\/endokrinologie\/das-polyzystische-ovarsyndrom\/","url":"https:\/\/endokrinologie.bayern\/muenchen\/leistungen\/endokrinologie\/das-polyzystische-ovarsyndrom\/","name":"Zentrum f\u00fcr Endokrinologie und Stoffwechsel M\u00fcnchen - Das Polyzystische Ovarsyndrom","isPartOf":{"@id":"https:\/\/endokrinologie.bayern\/muenchen\/#website"},"datePublished":"2024-08-27T14:07:10+00:00","dateModified":"2024-08-28T09:34:24+00:00","description":"Ihr Spezialist in M\u00fcnchen f\u00fcr hormonelle und stoffwechselbedingte Erkrankungen. Wir bieten moderne Diagnostik, individuelle Therapien & ganzheitliche Betreuung.","breadcrumb":{"@id":"https:\/\/endokrinologie.bayern\/muenchen\/leistungen\/endokrinologie\/das-polyzystische-ovarsyndrom\/#breadcrumb"},"inLanguage":"de","potentialAction":[{"@type":"ReadAction","target":["https:\/\/endokrinologie.bayern\/muenchen\/leistungen\/endokrinologie\/das-polyzystische-ovarsyndrom\/"]}]},{"@type":"BreadcrumbList","@id":"https:\/\/endokrinologie.bayern\/muenchen\/leistungen\/endokrinologie\/das-polyzystische-ovarsyndrom\/#breadcrumb","itemListElement":[{"@type":"ListItem","position":1,"name":"Startseite","item":"https:\/\/endokrinologie.bayern\/muenchen\/"},{"@type":"ListItem","position":2,"name":"Leistungen","item":"https:\/\/endokrinologie.bayern\/muenchen\/leistungen\/"},{"@type":"ListItem","position":3,"name":"Endokrinologie","item":"https:\/\/endokrinologie.bayern\/muenchen\/leistungen\/endokrinologie\/"},{"@type":"ListItem","position":4,"name":"Das Polyzystische Ovarsyndrom"}]},{"@type":"WebSite","@id":"https:\/\/endokrinologie.bayern\/muenchen\/#website","url":"https:\/\/endokrinologie.bayern\/muenchen\/","name":"Zentrum f\u00fcr Endokrinologie und Stoffwechsel M\u00fcnchen","description":"Hormone im Gleichgewicht","potentialAction":[{"@type":"SearchAction","target":{"@type":"EntryPoint","urlTemplate":"https:\/\/endokrinologie.bayern\/muenchen\/?s={search_term_string}"},"query-input":{"@type":"PropertyValueSpecification","valueRequired":true,"valueName":"search_term_string"}}],"inLanguage":"de"}]}},"_links":{"self":[{"href":"https:\/\/endokrinologie.bayern\/muenchen\/wp-json\/wp\/v2\/pages\/758","targetHints":{"allow":["GET"]}}],"collection":[{"href":"https:\/\/endokrinologie.bayern\/muenchen\/wp-json\/wp\/v2\/pages"}],"about":[{"href":"https:\/\/endokrinologie.bayern\/muenchen\/wp-json\/wp\/v2\/types\/page"}],"author":[{"embeddable":true,"href":"https:\/\/endokrinologie.bayern\/muenchen\/wp-json\/wp\/v2\/users\/1"}],"replies":[{"embeddable":true,"href":"https:\/\/endokrinologie.bayern\/muenchen\/wp-json\/wp\/v2\/comments?post=758"}],"version-history":[{"count":3,"href":"https:\/\/endokrinologie.bayern\/muenchen\/wp-json\/wp\/v2\/pages\/758\/revisions"}],"predecessor-version":[{"id":772,"href":"https:\/\/endokrinologie.bayern\/muenchen\/wp-json\/wp\/v2\/pages\/758\/revisions\/772"}],"up":[{"embeddable":true,"href":"https:\/\/endokrinologie.bayern\/muenchen\/wp-json\/wp\/v2\/pages\/294"}],"wp:attachment":[{"href":"https:\/\/endokrinologie.bayern\/muenchen\/wp-json\/wp\/v2\/media?parent=758"}],"wp:term":[{"taxonomy":"standort","embeddable":true,"href":"https:\/\/endokrinologie.bayern\/muenchen\/wp-json\/wp\/v2\/standort?post=758"}],"curies":[{"name":"wp","href":"https:\/\/api.w.org\/{rel}","templated":true}]}}