{"id":741,"date":"2024-08-27T15:57:33","date_gmt":"2024-08-27T13:57:33","guid":{"rendered":"https:\/\/ita-staging.de\/zes\/muenchen\/?page_id=741"},"modified":"2024-11-15T18:29:09","modified_gmt":"2024-11-15T17:29:09","slug":"cushing-syndrom","status":"publish","type":"page","link":"https:\/\/endokrinologie.bayern\/muenchen\/leistungen\/endokrinologie\/cushing-syndrom\/","title":{"rendered":"Cushing-Syndrom"},"content":{"rendered":"\r\n\r\n    <div  class=\"text-block  \">\r\n      <div class=\"layout-s\">\r\n                                            <div class=\"content \">\r\n            <div class=\"col\">\r\n              <h1>Cushing-Syndrom<\/h1>\n<p>Das klinische Bild des Cushing-Syndroms ist die Folge einer krankhaft gesteigerten Produktion des Nebennierenhormons Cortisol. Die gro\u00dfe Mehrzahl der Cushing-Erkrankungen wird durch einen gutartigen Tumor in der Hirnanhangsdr\u00fcse ausgel\u00f6st, der eine \u00dcberproduktion des Hormons ACTH zur Folge hat. Wenn dies der Fall ist spricht man von der sog. Cushing-Erkrankung (Morbus Cushing). Dieses ACTH stimuliert dann die Nebennierenhormonproduktion und f\u00fchrt damit zu einem Anstieg von Cortisol im Blut. Daneben kann die Quelle der ACTH-\u00dcberproduktion allerdings auch in anderen Organen liegen (sog. ektopes Cushing-Syndrom). Zus\u00e4tzlich k\u00f6nnen Tumoren der Nebenniere (gutartige Adenome oder b\u00f6sartige Karzinome) direkt Cortisol produzieren.<\/p>\n<p>&nbsp;<\/p>\n<p>Ein Zeichen der Erkrankung ist die\u00a0<strong>Gewichtszunahme<\/strong>, insbesondere\u00a0<strong>am K\u00f6rperstamm<\/strong>. Auch kommt es zum Auftreten von Hamsterb\u00e4ckchen und manchmal eines runden sog. Vollmondgesichtes. Typischerweise bleiben Arme und Beine dabei schlank. Dabei k\u00f6nnen Dehnungsstreifen an Bauch, H\u00fcfte und Achseln entstehen, die Schwangerschaftsstreifen \u00e4hneln, jedoch breiter sind und durch\u00a0<strong>kleinere Einblutungen<\/strong>\u00a0oft rot erscheinen (rote Streifen &#8211; Striae rubrae). Allerdings hat nur ein sehr kleiner Teil der Menschen mit Gewichtszunahme ein Cushing-Syndrom. Das Cushing-Syndrom f\u00fchrt durch eine erh\u00f6hte Gef\u00e4\u00dfbr\u00fcchigkeit auch zum h\u00e4ufigeren Auftreten von Bluterg\u00fcssen sowie zu einer\u00a0<strong>schlechteren Wundheilung<\/strong>. Als weitere Zeichen an der Haut kann es zu einer vermehrten K\u00f6rperbehaarung vom m\u00e4nnlichen Typ (= Hirsutismus) bei einer betroffenen Frau kommen sowie bei beiden Geschlechtern zum Auftritt von\u00a0<strong>Akne<\/strong>\u00a0kommen. Ebenso kann die Haut insgesamt d\u00fcnner werden (&#8222;Pergamenthaut&#8220;). Typischerweise wird die monatliche Regelblutung von betroffenen Frauen unregelm\u00e4\u00dfig oder bleibt ganz aus (Amenorrhoe). Oft kommt es zum einem\u00a0<strong>Verlust der Muskelkraft<\/strong>\u00a0(Myopathie), der besonders die Ges\u00e4\u00df- und Oberschenkelmuskulatur betrifft. Dadurch kommt es typischerweise zu Schwierigkeiten beim Treppensteigen oder beim Aufstehen aus der Hocke. Weiterhin kann ein Zuviel an Cortisol sich negativ auf das\u00a0<strong>Gem\u00fct<\/strong>\u00a0und die Stimmung auswirken und ein Mehr an \u00c4ngstlichkeit und depressiven Gedanken sowie Stimmungsschwankungen ausl\u00f6sen.<\/p>\n<p>&nbsp;<\/p>\n<p>Ein Zuviel an Cortisol hat auch ernste Stoffwechsel- und Kreislaufeffekte. So kann es zum Auftritt einer\u00a0<strong>Zuckerkrankheit<\/strong>\u00a0kommen (Diabetes mellitus), der dem sog. Altersdiabetes-Typ entspricht. Die Wirkung von Cortisol auf das Blutdruckregulationssystem in der Niere kann zu\u00a0<strong>Bluthochdruck<\/strong>\u00a0f\u00fchren und gleichzeitig mit einer Verarmung des K\u00f6rpers an Kalium einhergehen. Ein\u00a0<strong>niedriger Kaliumwert im Blut<\/strong>\u00a0ist potentiell gef\u00e4hrlich f\u00fcr die Aufrechterhaltung einer normalen Kreislauffunktion, insbesondere eines regelm\u00e4\u00dfigen Herzrhythmus. Ein Zuviel an Cortisol wirkt sich auch ung\u00fcnstig auf den Knochen aus und f\u00fchrt zum Knochenmassenverlust (<strong>Osteoporose<\/strong>). Je nachdem wie ausgepr\u00e4gt die Cushing-Erkrankung ist, kann es dadurch zu Br\u00fcchen (Frakturen) der Wirbelk\u00f6rper kommen, was sich meist durch schlagartig einsetzende R\u00fcckenschmerzen \u00e4u\u00dfert.<\/p>\n<p>&nbsp;<\/p>\n<p>Quelle mit freundlicher Genehmigung:\u00a0<a href=\"https:\/\/www.endokrinologie.net\/cushing-syndrom.php\" target=\"_blank\" rel=\"noopener noreferrer\">www.endokrinologie.net\/cushing-syndrom.php<\/a><\/p>\n<p><a href=\"https:\/\/endokrinologie.bayern\/muenchen\/leistungen\/endokrinologie\/\">Zur Endokrinologie<\/a><\/p>\n            <\/div> \r\n                      <\/div> \r\n                \r\n                \r\n        \r\n        \r\n\r\n      <\/div>\r\n    <\/div>\r\n\r\n","protected":false},"excerpt":{"rendered":"","protected":false},"author":1,"featured_media":0,"parent":294,"menu_order":0,"comment_status":"closed","ping_status":"closed","template":"","meta":{"_acf_changed":false,"footnotes":""},"standort":[],"class_list":["post-741","page","type-page","status-publish","hentry"],"acf":[],"yoast_head":"<!-- This site is optimized with the Yoast SEO plugin v27.4 - https:\/\/yoast.com\/product\/yoast-seo-wordpress\/ -->\n<title>Zentrum f\u00fcr Endokrinologie und Stoffwechsel M\u00fcnchen - Cushing-Syndrom<\/title>\n<meta name=\"description\" content=\"Ihr Spezialist in M\u00fcnchen f\u00fcr hormonelle und stoffwechselbedingte Erkrankungen. Wir bieten moderne Diagnostik, individuelle Therapien &amp; ganzheitliche Betreuung.\" \/>\n<meta name=\"robots\" content=\"index, follow, max-snippet:-1, max-image-preview:large, max-video-preview:-1\" \/>\n<link rel=\"canonical\" href=\"https:\/\/endokrinologie.bayern\/muenchen\/leistungen\/endokrinologie\/cushing-syndrom\/\" \/>\n<meta property=\"og:locale\" content=\"de_DE\" \/>\n<meta property=\"og:type\" content=\"article\" \/>\n<meta property=\"og:title\" content=\"Zentrum f\u00fcr Endokrinologie und Stoffwechsel M\u00fcnchen - Cushing-Syndrom\" \/>\n<meta property=\"og:description\" content=\"Ihr Spezialist in M\u00fcnchen f\u00fcr hormonelle und stoffwechselbedingte Erkrankungen. Wir bieten moderne Diagnostik, individuelle Therapien &amp; ganzheitliche Betreuung.\" \/>\n<meta property=\"og:url\" content=\"https:\/\/endokrinologie.bayern\/muenchen\/leistungen\/endokrinologie\/cushing-syndrom\/\" \/>\n<meta property=\"og:site_name\" content=\"ZES M\u00fcnchen\" \/>\n<meta property=\"article:modified_time\" content=\"2024-11-15T17:29:09+00:00\" \/>\n<meta name=\"twitter:card\" content=\"summary_large_image\" \/>\n<script type=\"application\/ld+json\" class=\"yoast-schema-graph\">{\"@context\":\"https:\\\/\\\/schema.org\",\"@graph\":[{\"@type\":\"WebPage\",\"@id\":\"https:\\\/\\\/endokrinologie.bayern\\\/muenchen\\\/leistungen\\\/endokrinologie\\\/cushing-syndrom\\\/\",\"url\":\"https:\\\/\\\/endokrinologie.bayern\\\/muenchen\\\/leistungen\\\/endokrinologie\\\/cushing-syndrom\\\/\",\"name\":\"Zentrum f\u00fcr Endokrinologie und Stoffwechsel M\u00fcnchen - Cushing-Syndrom\",\"isPartOf\":{\"@id\":\"https:\\\/\\\/endokrinologie.bayern\\\/muenchen\\\/#website\"},\"datePublished\":\"2024-08-27T13:57:33+00:00\",\"dateModified\":\"2024-11-15T17:29:09+00:00\",\"description\":\"Ihr Spezialist in M\u00fcnchen f\u00fcr hormonelle und stoffwechselbedingte Erkrankungen. Wir bieten moderne Diagnostik, individuelle Therapien & ganzheitliche Betreuung.\",\"breadcrumb\":{\"@id\":\"https:\\\/\\\/endokrinologie.bayern\\\/muenchen\\\/leistungen\\\/endokrinologie\\\/cushing-syndrom\\\/#breadcrumb\"},\"inLanguage\":\"de\",\"potentialAction\":[{\"@type\":\"ReadAction\",\"target\":[\"https:\\\/\\\/endokrinologie.bayern\\\/muenchen\\\/leistungen\\\/endokrinologie\\\/cushing-syndrom\\\/\"]}]},{\"@type\":\"BreadcrumbList\",\"@id\":\"https:\\\/\\\/endokrinologie.bayern\\\/muenchen\\\/leistungen\\\/endokrinologie\\\/cushing-syndrom\\\/#breadcrumb\",\"itemListElement\":[{\"@type\":\"ListItem\",\"position\":1,\"name\":\"Startseite\",\"item\":\"https:\\\/\\\/endokrinologie.bayern\\\/muenchen\\\/\"},{\"@type\":\"ListItem\",\"position\":2,\"name\":\"Leistungen\",\"item\":\"https:\\\/\\\/endokrinologie.bayern\\\/muenchen\\\/leistungen\\\/\"},{\"@type\":\"ListItem\",\"position\":3,\"name\":\"Endokrinologie\",\"item\":\"https:\\\/\\\/endokrinologie.bayern\\\/muenchen\\\/leistungen\\\/endokrinologie\\\/\"},{\"@type\":\"ListItem\",\"position\":4,\"name\":\"Cushing-Syndrom\"}]},{\"@type\":\"WebSite\",\"@id\":\"https:\\\/\\\/endokrinologie.bayern\\\/muenchen\\\/#website\",\"url\":\"https:\\\/\\\/endokrinologie.bayern\\\/muenchen\\\/\",\"name\":\"Zentrum f\u00fcr Endokrinologie und Stoffwechsel M\u00fcnchen\",\"description\":\"Hormone im Gleichgewicht\",\"potentialAction\":[{\"@type\":\"SearchAction\",\"target\":{\"@type\":\"EntryPoint\",\"urlTemplate\":\"https:\\\/\\\/endokrinologie.bayern\\\/muenchen\\\/?s={search_term_string}\"},\"query-input\":{\"@type\":\"PropertyValueSpecification\",\"valueRequired\":true,\"valueName\":\"search_term_string\"}}],\"inLanguage\":\"de\"}]}<\/script>\n<!-- \/ Yoast SEO plugin. -->","yoast_head_json":{"title":"Zentrum f\u00fcr Endokrinologie und Stoffwechsel M\u00fcnchen - Cushing-Syndrom","description":"Ihr Spezialist in M\u00fcnchen f\u00fcr hormonelle und stoffwechselbedingte Erkrankungen. Wir bieten moderne Diagnostik, individuelle Therapien & ganzheitliche Betreuung.","robots":{"index":"index","follow":"follow","max-snippet":"max-snippet:-1","max-image-preview":"max-image-preview:large","max-video-preview":"max-video-preview:-1"},"canonical":"https:\/\/endokrinologie.bayern\/muenchen\/leistungen\/endokrinologie\/cushing-syndrom\/","og_locale":"de_DE","og_type":"article","og_title":"Zentrum f\u00fcr Endokrinologie und Stoffwechsel M\u00fcnchen - Cushing-Syndrom","og_description":"Ihr Spezialist in M\u00fcnchen f\u00fcr hormonelle und stoffwechselbedingte Erkrankungen. Wir bieten moderne Diagnostik, individuelle Therapien & ganzheitliche Betreuung.","og_url":"https:\/\/endokrinologie.bayern\/muenchen\/leistungen\/endokrinologie\/cushing-syndrom\/","og_site_name":"ZES M\u00fcnchen","article_modified_time":"2024-11-15T17:29:09+00:00","twitter_card":"summary_large_image","schema":{"@context":"https:\/\/schema.org","@graph":[{"@type":"WebPage","@id":"https:\/\/endokrinologie.bayern\/muenchen\/leistungen\/endokrinologie\/cushing-syndrom\/","url":"https:\/\/endokrinologie.bayern\/muenchen\/leistungen\/endokrinologie\/cushing-syndrom\/","name":"Zentrum f\u00fcr Endokrinologie und Stoffwechsel M\u00fcnchen - Cushing-Syndrom","isPartOf":{"@id":"https:\/\/endokrinologie.bayern\/muenchen\/#website"},"datePublished":"2024-08-27T13:57:33+00:00","dateModified":"2024-11-15T17:29:09+00:00","description":"Ihr Spezialist in M\u00fcnchen f\u00fcr hormonelle und stoffwechselbedingte Erkrankungen. Wir bieten moderne Diagnostik, individuelle Therapien & ganzheitliche Betreuung.","breadcrumb":{"@id":"https:\/\/endokrinologie.bayern\/muenchen\/leistungen\/endokrinologie\/cushing-syndrom\/#breadcrumb"},"inLanguage":"de","potentialAction":[{"@type":"ReadAction","target":["https:\/\/endokrinologie.bayern\/muenchen\/leistungen\/endokrinologie\/cushing-syndrom\/"]}]},{"@type":"BreadcrumbList","@id":"https:\/\/endokrinologie.bayern\/muenchen\/leistungen\/endokrinologie\/cushing-syndrom\/#breadcrumb","itemListElement":[{"@type":"ListItem","position":1,"name":"Startseite","item":"https:\/\/endokrinologie.bayern\/muenchen\/"},{"@type":"ListItem","position":2,"name":"Leistungen","item":"https:\/\/endokrinologie.bayern\/muenchen\/leistungen\/"},{"@type":"ListItem","position":3,"name":"Endokrinologie","item":"https:\/\/endokrinologie.bayern\/muenchen\/leistungen\/endokrinologie\/"},{"@type":"ListItem","position":4,"name":"Cushing-Syndrom"}]},{"@type":"WebSite","@id":"https:\/\/endokrinologie.bayern\/muenchen\/#website","url":"https:\/\/endokrinologie.bayern\/muenchen\/","name":"Zentrum f\u00fcr Endokrinologie und Stoffwechsel M\u00fcnchen","description":"Hormone im Gleichgewicht","potentialAction":[{"@type":"SearchAction","target":{"@type":"EntryPoint","urlTemplate":"https:\/\/endokrinologie.bayern\/muenchen\/?s={search_term_string}"},"query-input":{"@type":"PropertyValueSpecification","valueRequired":true,"valueName":"search_term_string"}}],"inLanguage":"de"}]}},"_links":{"self":[{"href":"https:\/\/endokrinologie.bayern\/muenchen\/wp-json\/wp\/v2\/pages\/741","targetHints":{"allow":["GET"]}}],"collection":[{"href":"https:\/\/endokrinologie.bayern\/muenchen\/wp-json\/wp\/v2\/pages"}],"about":[{"href":"https:\/\/endokrinologie.bayern\/muenchen\/wp-json\/wp\/v2\/types\/page"}],"author":[{"embeddable":true,"href":"https:\/\/endokrinologie.bayern\/muenchen\/wp-json\/wp\/v2\/users\/1"}],"replies":[{"embeddable":true,"href":"https:\/\/endokrinologie.bayern\/muenchen\/wp-json\/wp\/v2\/comments?post=741"}],"version-history":[{"count":5,"href":"https:\/\/endokrinologie.bayern\/muenchen\/wp-json\/wp\/v2\/pages\/741\/revisions"}],"predecessor-version":[{"id":816,"href":"https:\/\/endokrinologie.bayern\/muenchen\/wp-json\/wp\/v2\/pages\/741\/revisions\/816"}],"up":[{"embeddable":true,"href":"https:\/\/endokrinologie.bayern\/muenchen\/wp-json\/wp\/v2\/pages\/294"}],"wp:attachment":[{"href":"https:\/\/endokrinologie.bayern\/muenchen\/wp-json\/wp\/v2\/media?parent=741"}],"wp:term":[{"taxonomy":"standort","embeddable":true,"href":"https:\/\/endokrinologie.bayern\/muenchen\/wp-json\/wp\/v2\/standort?post=741"}],"curies":[{"name":"wp","href":"https:\/\/api.w.org\/{rel}","templated":true}]}}