{"id":494,"date":"2024-07-16T12:41:57","date_gmt":"2024-07-16T10:41:57","guid":{"rendered":"https:\/\/ita-staging.de\/zes\/muenchen\/?page_id=494"},"modified":"2024-12-03T23:37:46","modified_gmt":"2024-12-03T22:37:46","slug":"ernaehrungsberatung","status":"publish","type":"page","link":"https:\/\/endokrinologie.bayern\/muenchen\/leistungen\/ernaehrungsberatung\/","title":{"rendered":"Ern\u00e4hrungsberatung"},"content":{"rendered":"\r\n    <div  class=\"simple-header-block\">\r\n        <div class=\"layout-s\">\r\n                            <div class=\"title\">\r\n                                            <img decoding=\"async\" src=\"https:\/\/endokrinologie.bayern\/muenchen\/wp-content\/uploads\/sites\/4\/2024\/11\/icon-ver-ernaehrungsberatung.svg\" alt=\"icon-ver-ernaehrungsberatung\"> \r\n                                        <h1>Ern\u00e4hrungsberatung in M\u00fcnchen<\/h1>\r\n                <\/div>\r\n                                        <p class=\"subline\"> Ihr Weg zu einem ges\u00fcnderen Leben<\/p>\r\n                                        <p>Unsere Ern\u00e4hrungsberatung in M\u00fcnchen basiert auf einem ganzheitlichen Ansatz. Wir betrachten den gesamten Gesundheitszustand unserer Patienten und erstellen individuelle Ern\u00e4hrungspl\u00e4ne, die auf ihre spezifischen Bed\u00fcrfnisse und Ziele abgestimmt sind.<\/p>\r\n                                <\/div>\r\n    <\/div>\r\n\n\n\r\n\r\n  <div  class=\"fachbereiche-block white col-2\">\r\n\r\n<div class=\"layout-s\">\r\n      <h3>Unsere speziellen Leistungen<\/h3>\r\n  \r\n  <div class=\"items\" x-data=\"{ openItem: null }\">\r\n          <div class=\"item\"> \r\n          <div class=\"head-elm\">\r\n            <img decoding=\"async\" src=\"https:\/\/endokrinologie.bayern\/muenchen\/wp-content\/themes\/zes_theme\/images\/icon-check.svg\" alt=\"icon\" title=\"icon\">  \r\n            <p class=\"\" @click=\"openItem = openItem === 'item-0' ? null : 'item-0'\"> \r\n                                                Individuelle Ern\u00e4hrungspl\u00e4ne                                <\/b>\r\n                                                          \r\n                          <\/p>\r\n          <\/div>\r\n                        <\/div>\r\n                          \r\n          <div class=\"item\"> \r\n          <div class=\"head-elm\">\r\n            <img decoding=\"async\" src=\"https:\/\/endokrinologie.bayern\/muenchen\/wp-content\/themes\/zes_theme\/images\/icon-check.svg\" alt=\"icon\" title=\"icon\">  \r\n            <p class=\"\" @click=\"openItem = openItem === 'item-1' ? null : 'item-1'\"> \r\n                                                Ern\u00e4hrungsanalyse                                <\/b>\r\n                                                          \r\n                          <\/p>\r\n          <\/div>\r\n                        <\/div>\r\n                          \r\n          <div class=\"item\"> \r\n          <div class=\"head-elm\">\r\n            <img decoding=\"async\" src=\"https:\/\/endokrinologie.bayern\/muenchen\/wp-content\/themes\/zes_theme\/images\/icon-check.svg\" alt=\"icon\" title=\"icon\">  \r\n            <p class=\"\" @click=\"openItem = openItem === 'item-2' ? null : 'item-2'\"> \r\n                                                Kontinuierliche Betreuung                                <\/b>\r\n                                                          \r\n                          <\/p>\r\n          <\/div>\r\n                        <\/div>\r\n                          \r\n          <div class=\"item\"> \r\n          <div class=\"head-elm\">\r\n            <img decoding=\"async\" src=\"https:\/\/endokrinologie.bayern\/muenchen\/wp-content\/themes\/zes_theme\/images\/icon-check.svg\" alt=\"icon\" title=\"icon\">  \r\n            <p class=\"cursor-pointer\" @click=\"openItem = openItem === 'item-3' ? null : 'item-3'\"> \r\n                              <span class=\"headline\">\r\n                  Spezialprogramme                                  <\/span>\r\n                          \r\n                              <span class=\"underline\"><\/span>\r\n                          <\/p>\r\n          <\/div>\r\n                        <\/div>\r\n               \r\n          <div x-show=\"openItem === 'item-3'\" class=\"item\">\r\n                          <img decoding=\"async\" src=\"https:\/\/endokrinologie.bayern\/muenchen\/wp-content\/themes\/zes_theme\/images\/icon-check.svg\" alt=\"icon\" title=\"icon\"> \r\n                        <div class=\"text\">\r\n              <p class=\"meta\">\r\n                Spezialprogramme              <\/p>\r\n              <p><p>Diabetesmanagement<\/p>\n<\/p>\r\n            <\/div>\r\n          <\/div> \r\n         \r\n          <div x-show=\"openItem === 'item-3'\" class=\"item\">\r\n                          <img decoding=\"async\" src=\"https:\/\/endokrinologie.bayern\/muenchen\/wp-content\/themes\/zes_theme\/images\/icon-check.svg\" alt=\"icon\" title=\"icon\"> \r\n                        <div class=\"text\">\r\n              <p class=\"meta\">\r\n                Spezialprogramme              <\/p>\r\n              <p><p>Gewichtsreduktion<\/p>\n<\/p>\r\n            <\/div>\r\n          <\/div> \r\n         \r\n          <div x-show=\"openItem === 'item-3'\" class=\"item\">\r\n                          <img decoding=\"async\" src=\"https:\/\/endokrinologie.bayern\/muenchen\/wp-content\/themes\/zes_theme\/images\/icon-check.svg\" alt=\"icon\" title=\"icon\"> \r\n                        <div class=\"text\">\r\n              <p class=\"meta\">\r\n                Spezialprogramme              <\/p>\r\n              <p><p>Schilddr\u00fcsenerkrankungen<\/p>\n<\/p>\r\n            <\/div>\r\n          <\/div> \r\n                    \r\n      <\/div>\r\n\r\n        <a href=\"https:\/\/endokrinologie.bayern\/muenchen\/team\/\" class=\"btn-secondary\">\r\n        Zu unserem Team        <img decoding=\"async\" src=\"https:\/\/endokrinologie.bayern\/muenchen\/wp-content\/themes\/zes_theme\/images\/btn-next-black.svg\" alt=\"btn-next\" title=\"btn-next\">\r\n      <\/a>\r\n  <\/div>\r\n\r\n<\/div>\r\n\r\n\n\n\r\n\r\n    <div  class=\"kachel-block leistungen\"> \r\n      <div class=\"layout-s\">\r\n                   <h3>Weitere Behandlungsschwerpunkte<\/h3>\r\n                \r\n\r\n        <div class=\"kacheln \">\r\n                      <div class=\"kachel \">\r\n                              <a href=\"https:\/\/endokrinologie.bayern\/muenchen\/leistungen\/endokrinologie\/\">\r\n                                                <p class=\"title\">\r\n                    Endokrinologie                  <\/p>\r\n                                                                  <img src='https:\/\/endokrinologie.bayern\/muenchen\/wp-content\/uploads\/sites\/4\/2024\/07\/icon-ver-endokrenologie.svg' alt='' title='icon-ver-endokrenologie'>\r\n                                                  <p class=\"btn-secondary\">Mehr erfahren\r\n                    <img decoding=\"async\" src=\"https:\/\/endokrinologie.bayern\/wp-content\/themes\/zes_theme\/images\/btn-next-black.svg\" alt=\"btn-next\" title=\"btn-next\">\r\n                  <\/p>\r\n                                              <\/a>\r\n                          <\/div>\r\n                      <div class=\"kachel \">\r\n                              <a href=\"https:\/\/endokrinologie.bayern\/muenchen\/leistungen\/adipositas\/\">\r\n                                                <p class=\"title\">\r\n                    Adipositas  (\u00dcbergewicht)                  <\/p>\r\n                                                                  <img src='https:\/\/endokrinologie.bayern\/muenchen\/wp-content\/uploads\/sites\/4\/2024\/07\/icon-ver-adipositas-24.svg' alt='' title='icon-ver-adipositas-24'>\r\n                                                  <p class=\"btn-secondary\">Mehr erfahren\r\n                    <img decoding=\"async\" src=\"https:\/\/endokrinologie.bayern\/wp-content\/themes\/zes_theme\/images\/btn-next-black.svg\" alt=\"btn-next\" title=\"btn-next\">\r\n                  <\/p>\r\n                                              <\/a>\r\n                          <\/div>\r\n                      <div class=\"kachel \">\r\n                              <a href=\"https:\/\/endokrinologie.bayern\/muenchen\/leistungen\/diabetologie\/\">\r\n                                                <p class=\"title\">\r\n                    Diabetologie                  <\/p>\r\n                                                                  <img src='https:\/\/endokrinologie.bayern\/muenchen\/wp-content\/uploads\/sites\/4\/2024\/07\/icon-finger.svg' alt='' title='icon-finger'>\r\n                                                  <p class=\"btn-secondary\">Mehr erfahren\r\n                    <img decoding=\"async\" src=\"https:\/\/endokrinologie.bayern\/wp-content\/themes\/zes_theme\/images\/btn-next-black.svg\" alt=\"btn-next\" title=\"btn-next\">\r\n                  <\/p>\r\n                                              <\/a>\r\n                          <\/div>\r\n                      <div class=\"kachel \">\r\n                              <a href=\"https:\/\/endokrinologie.bayern\/muenchen\/leistungen\/osteologie\/\">\r\n                                                <p class=\"title\">\r\n                    Osteologie                  <\/p>\r\n                                                                  <img src='https:\/\/endokrinologie.bayern\/muenchen\/wp-content\/uploads\/sites\/4\/2024\/07\/icon-osteoporose_24.svg' alt='' title='icon-osteoporose_24'>\r\n                                                  <p class=\"btn-secondary\">Mehr erfahren\r\n                    <img decoding=\"async\" src=\"https:\/\/endokrinologie.bayern\/wp-content\/themes\/zes_theme\/images\/btn-next-black.svg\" alt=\"btn-next\" title=\"btn-next\">\r\n                  <\/p>\r\n                                              <\/a>\r\n                          <\/div>\r\n                      <div class=\"kachel \">\r\n                              <a href=\"https:\/\/endokrinologie.bayern\/muenchen\/leistungen\/praeventionsmedizin\/\">\r\n                                                <p class=\"title\">\r\n                    Pr\u00e4ventionsmedizin                  <\/p>\r\n                                                                  <img src='https:\/\/endokrinologie.bayern\/muenchen\/wp-content\/uploads\/sites\/4\/2024\/07\/icon-praeventionsmedizin-24.svg' alt='' title='icon-praeventionsmedizin-24'>\r\n                                                  <p class=\"btn-secondary\">Mehr erfahren\r\n                    <img decoding=\"async\" src=\"https:\/\/endokrinologie.bayern\/wp-content\/themes\/zes_theme\/images\/btn-next-black.svg\" alt=\"btn-next\" title=\"btn-next\">\r\n                  <\/p>\r\n                                              <\/a>\r\n                          <\/div>\r\n                  <\/div>\r\n\r\n                    <a href=\"https:\/\/endokrinologie.bayern\/muenchen\/leistungen\/\" class=\"btn-primary \">\r\n              Zu der Leistungs\u00fcbersicht              <img decoding=\"async\" src=\"https:\/\/endokrinologie.bayern\/wp-content\/themes\/zes_theme\/images\/btn-next.svg\" alt=\"btn next\" title=\"btn next\">\r\n            <\/a>\r\n              <\/div>\r\n    <\/div>\r\n\r\n\n\n    <div  class=\"accordion-block \">\r\n        <div class=\"layout-s\">\r\n                            <h3>Infopool<\/h3>\r\n            \r\n            <div class=\"accordion\" x-data=\"{ open: null }\">\r\n                                        <div class=\"item\">\r\n                            <button @click=\"open = open === 0 ? null : 0\">\r\n                                Was ist Ern\u00e4hrungsberatung und wie kann sie bei Hormon- und Stoffwechselst\u00f6rungen helfen?                                <img decoding=\"async\" x-show=\"open !== 0\" \r\n                                     src=\"https:\/\/endokrinologie.bayern\/muenchen\/wp-content\/themes\/zes_theme\/images\/acc_closed.svg\" \r\n                                     alt=\"Closed\" style=\"display: none;\">\r\n                                <img decoding=\"async\" x-show=\"open === 0\" \r\n                                     src=\"https:\/\/endokrinologie.bayern\/muenchen\/wp-content\/themes\/zes_theme\/images\/acc_open.svg\" \r\n                                     alt=\"Open\" style=\"display: none;\">\r\n                            <\/button>\r\n                            <div x-show=\"open === 0\" x-collapse class=\"content\">\r\n                                <p>Ern\u00e4hrungsberatung ist die professionelle Unterst\u00fctzung bei der Auswahl und Planung einer gesunden Ern\u00e4hrung. Sie kann helfen, Hormon- und Stoffwechselst\u00f6rungen zu behandeln, indem sie spezifische Ern\u00e4hrungsbed\u00fcrfnisse ber\u00fccksichtigt und individuelle Ern\u00e4hrungspl\u00e4ne erstellt.<\/p>\n                            <\/div>\r\n                        <\/div>\r\n                                                            <div class=\"item\">\r\n                            <button @click=\"open = open === 1 ? null : 1\">\r\n                                Welche Hormon- und Stoffwechselst\u00f6rungen behandeln wir mit Ern\u00e4hrungsberatung?                                <img decoding=\"async\" x-show=\"open !== 1\" \r\n                                     src=\"https:\/\/endokrinologie.bayern\/muenchen\/wp-content\/themes\/zes_theme\/images\/acc_closed.svg\" \r\n                                     alt=\"Closed\" style=\"display: none;\">\r\n                                <img decoding=\"async\" x-show=\"open === 1\" \r\n                                     src=\"https:\/\/endokrinologie.bayern\/muenchen\/wp-content\/themes\/zes_theme\/images\/acc_open.svg\" \r\n                                     alt=\"Open\" style=\"display: none;\">\r\n                            <\/button>\r\n                            <div x-show=\"open === 1\" x-collapse class=\"content\">\r\n                                <p>Wir behandeln eine Vielzahl von St\u00f6rungen, darunter Diabetes, Schilddr\u00fcsenst\u00f6rungen, PCOS, Adipositas und \u00dcbergewicht.<\/p>\n                            <\/div>\r\n                        <\/div>\r\n                                                            <div class=\"item\">\r\n                            <button @click=\"open = open === 2 ? null : 2\">\r\n                                Kann eine Ern\u00e4hrungsumstellung allein Hormonst\u00f6rungen heilen?                                <img decoding=\"async\" x-show=\"open !== 2\" \r\n                                     src=\"https:\/\/endokrinologie.bayern\/muenchen\/wp-content\/themes\/zes_theme\/images\/acc_closed.svg\" \r\n                                     alt=\"Closed\" style=\"display: none;\">\r\n                                <img decoding=\"async\" x-show=\"open === 2\" \r\n                                     src=\"https:\/\/endokrinologie.bayern\/muenchen\/wp-content\/themes\/zes_theme\/images\/acc_open.svg\" \r\n                                     alt=\"Open\" style=\"display: none;\">\r\n                            <\/button>\r\n                            <div x-show=\"open === 2\" x-collapse class=\"content\">\r\n                                <p>Eine Ern\u00e4hrungsumstellung kann Hormonst\u00f6rungen erheblich verbessern und in manchen F\u00e4llen die Symptome lindern. In Kombination mit medizinischer Behandlung und Lebensstil\u00e4nderungen kann sie jedoch am effektivsten sein.<\/p>\n                            <\/div>\r\n                        <\/div>\r\n                                    \r\n                            <\/div>\r\n        <\/div>\r\n    <\/div>\r\n","protected":false},"excerpt":{"rendered":"","protected":false},"author":1,"featured_media":0,"parent":282,"menu_order":0,"comment_status":"closed","ping_status":"closed","template":"","meta":{"_acf_changed":false,"footnotes":""},"standort":[],"class_list":["post-494","page","type-page","status-publish","hentry"],"acf":[],"yoast_head":"<!-- This site is optimized with the Yoast SEO plugin v27.4 - https:\/\/yoast.com\/product\/yoast-seo-wordpress\/ -->\n<title>Zentrum f\u00fcr Endokrinologie und Stoffwechsel M\u00fcnchen - Ern\u00e4hrungsberatung<\/title>\n<meta name=\"description\" content=\"Ihr Spezialist in M\u00fcnchen f\u00fcr hormonelle und stoffwechselbedingte Erkrankungen. Wir bieten moderne Diagnostik, individuelle Therapien &amp; ganzheitliche Betreuung.\" \/>\n<meta name=\"robots\" content=\"index, follow, max-snippet:-1, max-image-preview:large, max-video-preview:-1\" \/>\n<link rel=\"canonical\" href=\"https:\/\/endokrinologie.bayern\/muenchen\/leistungen\/ernaehrungsberatung\/\" \/>\n<meta property=\"og:locale\" content=\"de_DE\" \/>\n<meta property=\"og:type\" content=\"article\" \/>\n<meta property=\"og:title\" content=\"Zentrum f\u00fcr Endokrinologie und Stoffwechsel M\u00fcnchen - Ern\u00e4hrungsberatung\" \/>\n<meta property=\"og:description\" content=\"Ihr Spezialist in M\u00fcnchen f\u00fcr hormonelle und stoffwechselbedingte Erkrankungen. Wir bieten moderne Diagnostik, individuelle Therapien &amp; ganzheitliche Betreuung.\" \/>\n<meta property=\"og:url\" content=\"https:\/\/endokrinologie.bayern\/muenchen\/leistungen\/ernaehrungsberatung\/\" \/>\n<meta property=\"og:site_name\" content=\"ZES M\u00fcnchen\" \/>\n<meta property=\"article:modified_time\" content=\"2024-12-03T22:37:46+00:00\" \/>\n<meta name=\"twitter:card\" content=\"summary_large_image\" \/>\n<script type=\"application\/ld+json\" class=\"yoast-schema-graph\">{\"@context\":\"https:\\\/\\\/schema.org\",\"@graph\":[{\"@type\":\"WebPage\",\"@id\":\"https:\\\/\\\/endokrinologie.bayern\\\/muenchen\\\/leistungen\\\/ernaehrungsberatung\\\/\",\"url\":\"https:\\\/\\\/endokrinologie.bayern\\\/muenchen\\\/leistungen\\\/ernaehrungsberatung\\\/\",\"name\":\"Zentrum f\u00fcr Endokrinologie und Stoffwechsel M\u00fcnchen - Ern\u00e4hrungsberatung\",\"isPartOf\":{\"@id\":\"https:\\\/\\\/endokrinologie.bayern\\\/muenchen\\\/#website\"},\"datePublished\":\"2024-07-16T10:41:57+00:00\",\"dateModified\":\"2024-12-03T22:37:46+00:00\",\"description\":\"Ihr Spezialist in M\u00fcnchen f\u00fcr hormonelle und stoffwechselbedingte Erkrankungen. Wir bieten moderne Diagnostik, individuelle Therapien & ganzheitliche Betreuung.\",\"breadcrumb\":{\"@id\":\"https:\\\/\\\/endokrinologie.bayern\\\/muenchen\\\/leistungen\\\/ernaehrungsberatung\\\/#breadcrumb\"},\"inLanguage\":\"de\",\"potentialAction\":[{\"@type\":\"ReadAction\",\"target\":[\"https:\\\/\\\/endokrinologie.bayern\\\/muenchen\\\/leistungen\\\/ernaehrungsberatung\\\/\"]}]},{\"@type\":\"BreadcrumbList\",\"@id\":\"https:\\\/\\\/endokrinologie.bayern\\\/muenchen\\\/leistungen\\\/ernaehrungsberatung\\\/#breadcrumb\",\"itemListElement\":[{\"@type\":\"ListItem\",\"position\":1,\"name\":\"Startseite\",\"item\":\"https:\\\/\\\/endokrinologie.bayern\\\/muenchen\\\/\"},{\"@type\":\"ListItem\",\"position\":2,\"name\":\"Leistungen\",\"item\":\"https:\\\/\\\/endokrinologie.bayern\\\/muenchen\\\/leistungen\\\/\"},{\"@type\":\"ListItem\",\"position\":3,\"name\":\"Ern\u00e4hrungsberatung\"}]},{\"@type\":\"WebSite\",\"@id\":\"https:\\\/\\\/endokrinologie.bayern\\\/muenchen\\\/#website\",\"url\":\"https:\\\/\\\/endokrinologie.bayern\\\/muenchen\\\/\",\"name\":\"Zentrum f\u00fcr Endokrinologie und Stoffwechsel M\u00fcnchen\",\"description\":\"Hormone im Gleichgewicht\",\"potentialAction\":[{\"@type\":\"SearchAction\",\"target\":{\"@type\":\"EntryPoint\",\"urlTemplate\":\"https:\\\/\\\/endokrinologie.bayern\\\/muenchen\\\/?s={search_term_string}\"},\"query-input\":{\"@type\":\"PropertyValueSpecification\",\"valueRequired\":true,\"valueName\":\"search_term_string\"}}],\"inLanguage\":\"de\"}]}<\/script>\n<!-- \/ Yoast SEO plugin. -->","yoast_head_json":{"title":"Zentrum f\u00fcr Endokrinologie und Stoffwechsel M\u00fcnchen - Ern\u00e4hrungsberatung","description":"Ihr Spezialist in M\u00fcnchen f\u00fcr hormonelle und stoffwechselbedingte Erkrankungen. Wir bieten moderne Diagnostik, individuelle Therapien & ganzheitliche Betreuung.","robots":{"index":"index","follow":"follow","max-snippet":"max-snippet:-1","max-image-preview":"max-image-preview:large","max-video-preview":"max-video-preview:-1"},"canonical":"https:\/\/endokrinologie.bayern\/muenchen\/leistungen\/ernaehrungsberatung\/","og_locale":"de_DE","og_type":"article","og_title":"Zentrum f\u00fcr Endokrinologie und Stoffwechsel M\u00fcnchen - Ern\u00e4hrungsberatung","og_description":"Ihr Spezialist in M\u00fcnchen f\u00fcr hormonelle und stoffwechselbedingte Erkrankungen. Wir bieten moderne Diagnostik, individuelle Therapien & ganzheitliche Betreuung.","og_url":"https:\/\/endokrinologie.bayern\/muenchen\/leistungen\/ernaehrungsberatung\/","og_site_name":"ZES M\u00fcnchen","article_modified_time":"2024-12-03T22:37:46+00:00","twitter_card":"summary_large_image","schema":{"@context":"https:\/\/schema.org","@graph":[{"@type":"WebPage","@id":"https:\/\/endokrinologie.bayern\/muenchen\/leistungen\/ernaehrungsberatung\/","url":"https:\/\/endokrinologie.bayern\/muenchen\/leistungen\/ernaehrungsberatung\/","name":"Zentrum f\u00fcr Endokrinologie und Stoffwechsel M\u00fcnchen - Ern\u00e4hrungsberatung","isPartOf":{"@id":"https:\/\/endokrinologie.bayern\/muenchen\/#website"},"datePublished":"2024-07-16T10:41:57+00:00","dateModified":"2024-12-03T22:37:46+00:00","description":"Ihr Spezialist in M\u00fcnchen f\u00fcr hormonelle und stoffwechselbedingte Erkrankungen. Wir bieten moderne Diagnostik, individuelle Therapien & ganzheitliche Betreuung.","breadcrumb":{"@id":"https:\/\/endokrinologie.bayern\/muenchen\/leistungen\/ernaehrungsberatung\/#breadcrumb"},"inLanguage":"de","potentialAction":[{"@type":"ReadAction","target":["https:\/\/endokrinologie.bayern\/muenchen\/leistungen\/ernaehrungsberatung\/"]}]},{"@type":"BreadcrumbList","@id":"https:\/\/endokrinologie.bayern\/muenchen\/leistungen\/ernaehrungsberatung\/#breadcrumb","itemListElement":[{"@type":"ListItem","position":1,"name":"Startseite","item":"https:\/\/endokrinologie.bayern\/muenchen\/"},{"@type":"ListItem","position":2,"name":"Leistungen","item":"https:\/\/endokrinologie.bayern\/muenchen\/leistungen\/"},{"@type":"ListItem","position":3,"name":"Ern\u00e4hrungsberatung"}]},{"@type":"WebSite","@id":"https:\/\/endokrinologie.bayern\/muenchen\/#website","url":"https:\/\/endokrinologie.bayern\/muenchen\/","name":"Zentrum f\u00fcr Endokrinologie und Stoffwechsel M\u00fcnchen","description":"Hormone im Gleichgewicht","potentialAction":[{"@type":"SearchAction","target":{"@type":"EntryPoint","urlTemplate":"https:\/\/endokrinologie.bayern\/muenchen\/?s={search_term_string}"},"query-input":{"@type":"PropertyValueSpecification","valueRequired":true,"valueName":"search_term_string"}}],"inLanguage":"de"}]}},"_links":{"self":[{"href":"https:\/\/endokrinologie.bayern\/muenchen\/wp-json\/wp\/v2\/pages\/494","targetHints":{"allow":["GET"]}}],"collection":[{"href":"https:\/\/endokrinologie.bayern\/muenchen\/wp-json\/wp\/v2\/pages"}],"about":[{"href":"https:\/\/endokrinologie.bayern\/muenchen\/wp-json\/wp\/v2\/types\/page"}],"author":[{"embeddable":true,"href":"https:\/\/endokrinologie.bayern\/muenchen\/wp-json\/wp\/v2\/users\/1"}],"replies":[{"embeddable":true,"href":"https:\/\/endokrinologie.bayern\/muenchen\/wp-json\/wp\/v2\/comments?post=494"}],"version-history":[{"count":8,"href":"https:\/\/endokrinologie.bayern\/muenchen\/wp-json\/wp\/v2\/pages\/494\/revisions"}],"predecessor-version":[{"id":885,"href":"https:\/\/endokrinologie.bayern\/muenchen\/wp-json\/wp\/v2\/pages\/494\/revisions\/885"}],"up":[{"embeddable":true,"href":"https:\/\/endokrinologie.bayern\/muenchen\/wp-json\/wp\/v2\/pages\/282"}],"wp:attachment":[{"href":"https:\/\/endokrinologie.bayern\/muenchen\/wp-json\/wp\/v2\/media?parent=494"}],"wp:term":[{"taxonomy":"standort","embeddable":true,"href":"https:\/\/endokrinologie.bayern\/muenchen\/wp-json\/wp\/v2\/standort?post=494"}],"curies":[{"name":"wp","href":"https:\/\/api.w.org\/{rel}","templated":true}]}}