{"id":296,"date":"2024-07-03T23:41:20","date_gmt":"2024-07-03T21:41:20","guid":{"rendered":"https:\/\/ita-staging.de\/zes\/muenchen\/?page_id=296"},"modified":"2024-11-15T18:25:47","modified_gmt":"2024-11-15T17:25:47","slug":"osteologie","status":"publish","type":"page","link":"https:\/\/endokrinologie.bayern\/muenchen\/leistungen\/osteologie\/","title":{"rendered":"Osteologie"},"content":{"rendered":"\r\n    <div  class=\"simple-header-block\">\r\n        <div class=\"layout-s\">\r\n                            <div class=\"title\">\r\n                                            <img decoding=\"async\" src=\"https:\/\/endokrinologie.bayern\/muenchen\/wp-content\/uploads\/sites\/4\/2024\/11\/icon-ver-osteologie.svg\" alt=\"icon-ver-osteologie\"> \r\n                                        <h1>Osteologie in M\u00fcnchen<\/h1>\r\n                <\/div>\r\n                                        <p class=\"subline\">Ihre Experten f\u00fcr Knochengesundheit<\/p>\r\n                                        <p>Osteoprose (krankhafter Knochenschwund) ist eine Volkskrankheit mit erh\u00f6hter Knochenbr\u00fcchigkeit.\r\n\r\nDiese Erkrankung tritt insbesondere in fortgeschrittenem Lebensalter bei Frauen auf. Prinzipiell kann aber jeder Mensch davon betroffen sein. Eine Osteoporose ist manchmal auch Ausdruck einer anderen endokrinologischen Erkrankung (z.B. einer Calciumstoffwechselst\u00f6rung).\r\n\r\nZur Diagnostik und Therapie einer Osteoporose geh\u00f6rt eine endokrinologische Abkl\u00e4rung, da eine Reihe von Hormonst\u00f6rungen (z.B. Schilddr\u00fcsen- und Nebenschilddr\u00fcsenerkrankungen, Hormonmangelzust\u00e4nde, Hormonbehandlungen) eine Osteoporose verursachen k\u00f6nnen.<\/p>\r\n                                <\/div>\r\n    <\/div>\r\n\n\n\r\n\r\n    <div  class=\"text-block  \">\r\n      <div class=\"layout-s\">\r\n                                            <div class=\"content \">\r\n            <div class=\"col\">\r\n              <h3>Osteoporose-Fr\u00fcherkennung<\/h3>\n<p>Durch Messung der Knochendichte und eine entsprechende k\u00f6rperliche Untersuchung wird das Risiko der Entwicklung einer Osteoporose festgelegt und daraufhin eine individuelle Behandlung zur Verbesserung der Knochendichte erarbeitet.<\/p>\n<h3><\/h3>\n<h3>Osteoporose-Risikotest<\/h3>\n<p>Der Dachverband Osteologie hat auf Grundlage seiner 2009 ver\u00f6ffentlichten Empfehlungen zu Diagnostik und Therapie der Osteoporose einen Risikotest entwickelt. Mit Ver\u00f6ffentlichung der \u00fcberarbeiteten Empfehlungen 2014 ist dieser veraltet und nicht weiter verf\u00fcgbar. Sollten Sie Fragen zur Osteoporose und Ihrem individuellen Risiko haben:\u00a0Wir\u00a0beraten\u00a0Sie gerne pers\u00f6nlich!<\/p>\n            <\/div> \r\n                      <\/div> \r\n                \r\n                \r\n        \r\n        \r\n\r\n      <\/div>\r\n    <\/div>\r\n\r\n\n\n\r\n\r\n    <div  class=\"kachel-block leistungen\"> \r\n      <div class=\"layout-s\">\r\n                   <h3>Weitere Behandlungsschwerpunkte<\/h3>\r\n                \r\n\r\n        <div class=\"kacheln \">\r\n                      <div class=\"kachel \">\r\n                              <a href=\"https:\/\/endokrinologie.bayern\/muenchen\/leistungen\/endokrinologie\/\">\r\n                                                <p class=\"title\">\r\n                    Endokrinologie                  <\/p>\r\n                                                                  <img src='https:\/\/endokrinologie.bayern\/muenchen\/wp-content\/uploads\/sites\/4\/2024\/07\/icon-ver-endokrenologie.svg' alt='' title='icon-ver-endokrenologie'>\r\n                                                  <p class=\"btn-secondary\">Mehr erfahren\r\n                    <img decoding=\"async\" src=\"https:\/\/endokrinologie.bayern\/wp-content\/themes\/zes_theme\/images\/btn-next-black.svg\" alt=\"btn-next\" title=\"btn-next\">\r\n                  <\/p>\r\n                                              <\/a>\r\n                          <\/div>\r\n                      <div class=\"kachel \">\r\n                              <a href=\"https:\/\/endokrinologie.bayern\/muenchen\/leistungen\/adipositas\/\">\r\n                                                <p class=\"title\">\r\n                    Adipositas  (\u00dcbergewicht)                  <\/p>\r\n                                                                  <img src='https:\/\/endokrinologie.bayern\/muenchen\/wp-content\/uploads\/sites\/4\/2024\/07\/icon-ver-adipositas-24.svg' alt='' title='icon-ver-adipositas-24'>\r\n                                                  <p class=\"btn-secondary\">Mehr erfahren\r\n                    <img decoding=\"async\" src=\"https:\/\/endokrinologie.bayern\/wp-content\/themes\/zes_theme\/images\/btn-next-black.svg\" alt=\"btn-next\" title=\"btn-next\">\r\n                  <\/p>\r\n                                              <\/a>\r\n                          <\/div>\r\n                      <div class=\"kachel \">\r\n                              <a href=\"https:\/\/endokrinologie.bayern\/muenchen\/leistungen\/diabetologie\/\">\r\n                                                <p class=\"title\">\r\n                    Diabetologie                  <\/p>\r\n                                                                  <img src='https:\/\/endokrinologie.bayern\/muenchen\/wp-content\/uploads\/sites\/4\/2024\/07\/icon-finger.svg' alt='' title='icon-finger'>\r\n                                                  <p class=\"btn-secondary\">Mehr erfahren\r\n                    <img decoding=\"async\" src=\"https:\/\/endokrinologie.bayern\/wp-content\/themes\/zes_theme\/images\/btn-next-black.svg\" alt=\"btn-next\" title=\"btn-next\">\r\n                  <\/p>\r\n                                              <\/a>\r\n                          <\/div>\r\n                      <div class=\"kachel \">\r\n                              <a href=\"https:\/\/endokrinologie.bayern\/muenchen\/leistungen\/praeventionsmedizin\/\">\r\n                                                <p class=\"title\">\r\n                    Pr\u00e4ventionsmedizin                  <\/p>\r\n                                                                  <img src='https:\/\/endokrinologie.bayern\/muenchen\/wp-content\/uploads\/sites\/4\/2024\/07\/icon-praeventionsmedizin-24.svg' alt='' title='icon-praeventionsmedizin-24'>\r\n                                                  <p class=\"btn-secondary\">Mehr erfahren\r\n                    <img decoding=\"async\" src=\"https:\/\/endokrinologie.bayern\/wp-content\/themes\/zes_theme\/images\/btn-next-black.svg\" alt=\"btn-next\" title=\"btn-next\">\r\n                  <\/p>\r\n                                              <\/a>\r\n                          <\/div>\r\n                      <div class=\"kachel \">\r\n                              <a href=\"https:\/\/endokrinologie.bayern\/muenchen\/leistungen\/ernaehrungsberatung\/\">\r\n                                                <p class=\"title\">\r\n                    Ern\u00e4hrungs- beratung                  <\/p>\r\n                                                                  <img src='https:\/\/endokrinologie.bayern\/muenchen\/wp-content\/uploads\/sites\/4\/2024\/07\/icon-ernaehrungsberatung.svg' alt='' title='icon-ernaehrungsberatung'>\r\n                                                  <p class=\"btn-secondary\">Mehr erfahren\r\n                    <img decoding=\"async\" src=\"https:\/\/endokrinologie.bayern\/wp-content\/themes\/zes_theme\/images\/btn-next-black.svg\" alt=\"btn-next\" title=\"btn-next\">\r\n                  <\/p>\r\n                                              <\/a>\r\n                          <\/div>\r\n                  <\/div>\r\n\r\n                    <a href=\"https:\/\/endokrinologie.bayern\/muenchen\/leistungen\/\" class=\"btn-primary \">\r\n              Zu der Leistungs\u00fcbersicht              <img decoding=\"async\" src=\"https:\/\/endokrinologie.bayern\/wp-content\/themes\/zes_theme\/images\/btn-next.svg\" alt=\"btn next\" title=\"btn next\">\r\n            <\/a>\r\n              <\/div>\r\n    <\/div>\r\n\r\n","protected":false},"excerpt":{"rendered":"","protected":false},"author":1,"featured_media":0,"parent":282,"menu_order":0,"comment_status":"closed","ping_status":"closed","template":"","meta":{"_acf_changed":false,"footnotes":""},"standort":[],"class_list":["post-296","page","type-page","status-publish","hentry"],"acf":[],"yoast_head":"<!-- This site is optimized with the Yoast SEO plugin v27.4 - https:\/\/yoast.com\/product\/yoast-seo-wordpress\/ -->\n<title>Zentrum f\u00fcr Endokrinologie und Stoffwechsel M\u00fcnchen - Osteologie<\/title>\n<meta name=\"description\" content=\"Ihr Spezialist in M\u00fcnchen f\u00fcr hormonelle und stoffwechselbedingte Erkrankungen. Wir bieten moderne Diagnostik, individuelle Therapien &amp; ganzheitliche Betreuung.\" \/>\n<meta name=\"robots\" content=\"index, follow, max-snippet:-1, max-image-preview:large, max-video-preview:-1\" \/>\n<link rel=\"canonical\" href=\"https:\/\/endokrinologie.bayern\/muenchen\/leistungen\/osteologie\/\" \/>\n<meta property=\"og:locale\" content=\"de_DE\" \/>\n<meta property=\"og:type\" content=\"article\" \/>\n<meta property=\"og:title\" content=\"Zentrum f\u00fcr Endokrinologie und Stoffwechsel M\u00fcnchen - Osteologie\" \/>\n<meta property=\"og:description\" content=\"Ihr Spezialist in M\u00fcnchen f\u00fcr hormonelle und stoffwechselbedingte Erkrankungen. Wir bieten moderne Diagnostik, individuelle Therapien &amp; ganzheitliche Betreuung.\" \/>\n<meta property=\"og:url\" content=\"https:\/\/endokrinologie.bayern\/muenchen\/leistungen\/osteologie\/\" \/>\n<meta property=\"og:site_name\" content=\"ZES M\u00fcnchen\" \/>\n<meta property=\"article:modified_time\" content=\"2024-11-15T17:25:47+00:00\" \/>\n<meta name=\"twitter:card\" content=\"summary_large_image\" \/>\n<script type=\"application\/ld+json\" class=\"yoast-schema-graph\">{\"@context\":\"https:\\\/\\\/schema.org\",\"@graph\":[{\"@type\":\"WebPage\",\"@id\":\"https:\\\/\\\/endokrinologie.bayern\\\/muenchen\\\/leistungen\\\/osteologie\\\/\",\"url\":\"https:\\\/\\\/endokrinologie.bayern\\\/muenchen\\\/leistungen\\\/osteologie\\\/\",\"name\":\"Zentrum f\u00fcr Endokrinologie und Stoffwechsel M\u00fcnchen - Osteologie\",\"isPartOf\":{\"@id\":\"https:\\\/\\\/endokrinologie.bayern\\\/muenchen\\\/#website\"},\"datePublished\":\"2024-07-03T21:41:20+00:00\",\"dateModified\":\"2024-11-15T17:25:47+00:00\",\"description\":\"Ihr Spezialist in M\u00fcnchen f\u00fcr hormonelle und stoffwechselbedingte Erkrankungen. Wir bieten moderne Diagnostik, individuelle Therapien & ganzheitliche Betreuung.\",\"breadcrumb\":{\"@id\":\"https:\\\/\\\/endokrinologie.bayern\\\/muenchen\\\/leistungen\\\/osteologie\\\/#breadcrumb\"},\"inLanguage\":\"de\",\"potentialAction\":[{\"@type\":\"ReadAction\",\"target\":[\"https:\\\/\\\/endokrinologie.bayern\\\/muenchen\\\/leistungen\\\/osteologie\\\/\"]}]},{\"@type\":\"BreadcrumbList\",\"@id\":\"https:\\\/\\\/endokrinologie.bayern\\\/muenchen\\\/leistungen\\\/osteologie\\\/#breadcrumb\",\"itemListElement\":[{\"@type\":\"ListItem\",\"position\":1,\"name\":\"Startseite\",\"item\":\"https:\\\/\\\/endokrinologie.bayern\\\/muenchen\\\/\"},{\"@type\":\"ListItem\",\"position\":2,\"name\":\"Leistungen\",\"item\":\"https:\\\/\\\/endokrinologie.bayern\\\/muenchen\\\/leistungen\\\/\"},{\"@type\":\"ListItem\",\"position\":3,\"name\":\"Osteologie\"}]},{\"@type\":\"WebSite\",\"@id\":\"https:\\\/\\\/endokrinologie.bayern\\\/muenchen\\\/#website\",\"url\":\"https:\\\/\\\/endokrinologie.bayern\\\/muenchen\\\/\",\"name\":\"Zentrum f\u00fcr Endokrinologie und Stoffwechsel M\u00fcnchen\",\"description\":\"Hormone im Gleichgewicht\",\"potentialAction\":[{\"@type\":\"SearchAction\",\"target\":{\"@type\":\"EntryPoint\",\"urlTemplate\":\"https:\\\/\\\/endokrinologie.bayern\\\/muenchen\\\/?s={search_term_string}\"},\"query-input\":{\"@type\":\"PropertyValueSpecification\",\"valueRequired\":true,\"valueName\":\"search_term_string\"}}],\"inLanguage\":\"de\"}]}<\/script>\n<!-- \/ Yoast SEO plugin. -->","yoast_head_json":{"title":"Zentrum f\u00fcr Endokrinologie und Stoffwechsel M\u00fcnchen - Osteologie","description":"Ihr Spezialist in M\u00fcnchen f\u00fcr hormonelle und stoffwechselbedingte Erkrankungen. Wir bieten moderne Diagnostik, individuelle Therapien & ganzheitliche Betreuung.","robots":{"index":"index","follow":"follow","max-snippet":"max-snippet:-1","max-image-preview":"max-image-preview:large","max-video-preview":"max-video-preview:-1"},"canonical":"https:\/\/endokrinologie.bayern\/muenchen\/leistungen\/osteologie\/","og_locale":"de_DE","og_type":"article","og_title":"Zentrum f\u00fcr Endokrinologie und Stoffwechsel M\u00fcnchen - Osteologie","og_description":"Ihr Spezialist in M\u00fcnchen f\u00fcr hormonelle und stoffwechselbedingte Erkrankungen. Wir bieten moderne Diagnostik, individuelle Therapien & ganzheitliche Betreuung.","og_url":"https:\/\/endokrinologie.bayern\/muenchen\/leistungen\/osteologie\/","og_site_name":"ZES M\u00fcnchen","article_modified_time":"2024-11-15T17:25:47+00:00","twitter_card":"summary_large_image","schema":{"@context":"https:\/\/schema.org","@graph":[{"@type":"WebPage","@id":"https:\/\/endokrinologie.bayern\/muenchen\/leistungen\/osteologie\/","url":"https:\/\/endokrinologie.bayern\/muenchen\/leistungen\/osteologie\/","name":"Zentrum f\u00fcr Endokrinologie und Stoffwechsel M\u00fcnchen - Osteologie","isPartOf":{"@id":"https:\/\/endokrinologie.bayern\/muenchen\/#website"},"datePublished":"2024-07-03T21:41:20+00:00","dateModified":"2024-11-15T17:25:47+00:00","description":"Ihr Spezialist in M\u00fcnchen f\u00fcr hormonelle und stoffwechselbedingte Erkrankungen. Wir bieten moderne Diagnostik, individuelle Therapien & ganzheitliche Betreuung.","breadcrumb":{"@id":"https:\/\/endokrinologie.bayern\/muenchen\/leistungen\/osteologie\/#breadcrumb"},"inLanguage":"de","potentialAction":[{"@type":"ReadAction","target":["https:\/\/endokrinologie.bayern\/muenchen\/leistungen\/osteologie\/"]}]},{"@type":"BreadcrumbList","@id":"https:\/\/endokrinologie.bayern\/muenchen\/leistungen\/osteologie\/#breadcrumb","itemListElement":[{"@type":"ListItem","position":1,"name":"Startseite","item":"https:\/\/endokrinologie.bayern\/muenchen\/"},{"@type":"ListItem","position":2,"name":"Leistungen","item":"https:\/\/endokrinologie.bayern\/muenchen\/leistungen\/"},{"@type":"ListItem","position":3,"name":"Osteologie"}]},{"@type":"WebSite","@id":"https:\/\/endokrinologie.bayern\/muenchen\/#website","url":"https:\/\/endokrinologie.bayern\/muenchen\/","name":"Zentrum f\u00fcr Endokrinologie und Stoffwechsel M\u00fcnchen","description":"Hormone im Gleichgewicht","potentialAction":[{"@type":"SearchAction","target":{"@type":"EntryPoint","urlTemplate":"https:\/\/endokrinologie.bayern\/muenchen\/?s={search_term_string}"},"query-input":{"@type":"PropertyValueSpecification","valueRequired":true,"valueName":"search_term_string"}}],"inLanguage":"de"}]}},"_links":{"self":[{"href":"https:\/\/endokrinologie.bayern\/muenchen\/wp-json\/wp\/v2\/pages\/296","targetHints":{"allow":["GET"]}}],"collection":[{"href":"https:\/\/endokrinologie.bayern\/muenchen\/wp-json\/wp\/v2\/pages"}],"about":[{"href":"https:\/\/endokrinologie.bayern\/muenchen\/wp-json\/wp\/v2\/types\/page"}],"author":[{"embeddable":true,"href":"https:\/\/endokrinologie.bayern\/muenchen\/wp-json\/wp\/v2\/users\/1"}],"replies":[{"embeddable":true,"href":"https:\/\/endokrinologie.bayern\/muenchen\/wp-json\/wp\/v2\/comments?post=296"}],"version-history":[{"count":9,"href":"https:\/\/endokrinologie.bayern\/muenchen\/wp-json\/wp\/v2\/pages\/296\/revisions"}],"predecessor-version":[{"id":813,"href":"https:\/\/endokrinologie.bayern\/muenchen\/wp-json\/wp\/v2\/pages\/296\/revisions\/813"}],"up":[{"embeddable":true,"href":"https:\/\/endokrinologie.bayern\/muenchen\/wp-json\/wp\/v2\/pages\/282"}],"wp:attachment":[{"href":"https:\/\/endokrinologie.bayern\/muenchen\/wp-json\/wp\/v2\/media?parent=296"}],"wp:term":[{"taxonomy":"standort","embeddable":true,"href":"https:\/\/endokrinologie.bayern\/muenchen\/wp-json\/wp\/v2\/standort?post=296"}],"curies":[{"name":"wp","href":"https:\/\/api.w.org\/{rel}","templated":true}]}}