{"id":156,"date":"2024-07-01T13:44:06","date_gmt":"2024-07-01T11:44:06","guid":{"rendered":"https:\/\/ita-staging.de\/zes\/muenchen\/?page_id=156"},"modified":"2026-03-17T09:40:32","modified_gmt":"2026-03-17T08:40:32","slug":"team","status":"publish","type":"page","link":"https:\/\/endokrinologie.bayern\/muenchen\/team\/","title":{"rendered":"Team"},"content":{"rendered":"\r\n\r\n    <div  class=\"text-block mb0 \">\r\n      <div class=\"layout-s\">\r\n                                            <div class=\"content \">\r\n            <div class=\"col\">\r\n              <h3>Unsere \u00c4rzte und Team<\/h3>\n<p>Das Zentrum f\u00fcr Endokrinologie und Stoffwechsel M\u00fcnchen wird geleitet durch <a href=\"https:\/\/endokrinologie.bayern\/muenchen\/team\/christian-seifarth\/\">Prof. Dr. med. Christian Seifarth<\/a><\/p>\n            <\/div> \r\n                      <\/div> \r\n                \r\n                \r\n        \r\n        \r\n\r\n      <\/div>\r\n    <\/div>\r\n\r\n\n\n  <div  class=\"mfa-block \">\r\n    <div class=\"layout-s\">\r\n        <div class=\"content\">\r\n                      <h3>Das \u00c4rzteteam<\/h3>\n                  <\/div>\r\n        <div class=\"mitarbeiter  typ-arzt\">\r\n                  <div class=\"item vita\">\r\n                          <a href=\"https:\/\/endokrinologie.bayern\/muenchen\/team\/christian-seifarth\/\">\r\n             \r\n\r\n                          <img decoding=\"async\" src=\"https:\/\/endokrinologie.bayern\/muenchen\/wp-content\/uploads\/sites\/4\/2026\/02\/christian_seifarth_2026.jpg\" \r\n                alt=\"\" \r\n                title=\"christian_seifarth_2026\">\r\n             \r\n\r\n            <div class=\"name-box\">\r\n                              <div class=\"div\">\r\n                                      <p class=\"name\">Prof. Dr. med. Christian Seifarth<\/p>\r\n                                                        <p>Internist, Endokrinologe, Diabetologe und Osteologe<\/p>\r\n                                                    <\/div>\r\n                                        <\/div>  \r\n                          <\/a>\r\n                      <\/div>\r\n                  <div class=\"item vita\">\r\n                          <a href=\"https:\/\/endokrinologie.bayern\/muenchen\/team\/harald-j-schneider\/\">\r\n             \r\n\r\n                          <img decoding=\"async\" src=\"https:\/\/endokrinologie.bayern\/muenchen\/wp-content\/uploads\/sites\/4\/2024\/12\/harald_j_schneider.jpg\" \r\n                alt=\"\" \r\n                title=\"harald_j_schneider\">\r\n             \r\n\r\n            <div class=\"name-box\">\r\n                              <div class=\"div\">\r\n                                      <p class=\"name\">Prof. Dr. med. Harald J. Schneider<\/p>\r\n                                                        <p>Internist, Endokrinologe und Diabetologe<\/p>\r\n                                                    <\/div>\r\n                                        <\/div>  \r\n                          <\/a>\r\n                      <\/div>\r\n                  <div class=\"item vita\">\r\n                          <a href=\"https:\/\/endokrinologie.bayern\/muenchen\/team\/george-vlotides\/\">\r\n             \r\n\r\n                          <img decoding=\"async\" src=\"https:\/\/endokrinologie.bayern\/muenchen\/wp-content\/uploads\/sites\/4\/2024\/12\/george_voltides.jpg\" \r\n                alt=\"\" \r\n                title=\"george_voltides\">\r\n             \r\n\r\n            <div class=\"name-box\">\r\n                              <div class=\"div\">\r\n                                      <p class=\"name\">Priv.-Doz. Dr. med. George Vlotides<\/p>\r\n                                                        <p>Internist, Endokrinologe, Lipidologe und Osteologe, Adiposiologe (DAG-DDG)<\/p>\r\n                                                    <\/div>\r\n                                        <\/div>  \r\n                          <\/a>\r\n                      <\/div>\r\n                  <div class=\"item vita\">\r\n                          <a href=\"https:\/\/endokrinologie.bayern\/muenchen\/team\/robert-schmidt\/\">\r\n             \r\n\r\n                          <img decoding=\"async\" src=\"https:\/\/endokrinologie.bayern\/muenchen\/wp-content\/uploads\/sites\/4\/2024\/07\/robert_schmidt.jpg\" \r\n                alt=\"\" \r\n                title=\"robert_schmidt\">\r\n             \r\n\r\n            <div class=\"name-box\">\r\n                              <div class=\"div\">\r\n                                      <p class=\"name\">Dr. med. Robert Schmidt<\/p>\r\n                                                        <p>Internist, Endokrinologe und Diabetologe<\/p>\r\n                                                    <\/div>\r\n                                        <\/div>  \r\n                          <\/a>\r\n                      <\/div>\r\n                  <div class=\"item vita\">\r\n                          <a href=\"https:\/\/endokrinologie.bayern\/muenchen\/team\/verena-kammermeier\/\">\r\n             \r\n\r\n                          <img decoding=\"async\" src=\"https:\/\/endokrinologie.bayern\/muenchen\/wp-content\/uploads\/sites\/4\/2025\/07\/kammermeier.jpg\" \r\n                alt=\"\" \r\n                title=\"kammermeier\">\r\n             \r\n\r\n            <div class=\"name-box\">\r\n                              <div class=\"div\">\r\n                                      <p class=\"name\">Dr. med. Verena Kammermeier<\/p>\r\n                                                        <p>Fach\u00e4rztin f\u00fcr Innere Medizin, Endokrinologin in Weiterbildung<\/p>\r\n                                                    <\/div>\r\n                                        <\/div>  \r\n                          <\/a>\r\n                      <\/div>\r\n                  <div class=\"item vita\">\r\n                          <a href=\"https:\/\/endokrinologie.bayern\/muenchen\/team\/christine-cousin\/\">\r\n             \r\n\r\n                          <img decoding=\"async\" src=\"https:\/\/endokrinologie.bayern\/muenchen\/wp-content\/uploads\/sites\/4\/2025\/10\/cousin.jpg\" \r\n                alt=\"\" \r\n                title=\"cousin\">\r\n             \r\n\r\n            <div class=\"name-box\">\r\n                              <div class=\"div\">\r\n                                      <p class=\"name\">Dr. med. Christine Cousin<\/p>\r\n                                                        <p>F\u00c4 f\u00fcr Innere Medizin, Diabetologin DDG, Endokrinologin i. W.<\/p>\r\n                                                    <\/div>\r\n                                        <\/div>  \r\n                          <\/a>\r\n                      <\/div>\r\n        \r\n           \r\n        <\/div>\r\n    <\/div>\r\n  <\/div>\r\n\n\n  <div  class=\"mfa-block \">\r\n    <div class=\"layout-s\">\r\n        <div class=\"content\">\r\n                      <h3>Praxisteam des ZES M\u00fcnchen<\/h3>\n<p>Unser kompetentes Praxisteam steht Ihnen zur Verf\u00fcgung f\u00fcr Ihre Sorgen und Fragen.<br \/>\nWir freuen uns, Ihnen helfen zu k\u00f6nnen.<\/p>\n                  <\/div>\r\n        <div class=\"mitarbeiter  typ-mitarbeiter\">\r\n                  <div class=\"item cta\">\r\n             \r\n\r\n                          <img decoding=\"async\" src=\"https:\/\/endokrinologie.bayern\/muenchen\/wp-content\/uploads\/sites\/4\/2026\/02\/2026-Larissa_Potrykus.jpg\" \r\n                alt=\"\" \r\n                title=\"2026-Larissa_Potrykus\">\r\n             \r\n\r\n            <div class=\"name-box\">\r\n                              <div class=\"div\">\r\n                                      <p class=\"name\">Larissa Potrykus<\/p>\r\n                                                        <p>Praxismanagerin \/ Medizinische Fachangestellte \/ gepr. Fachwirtin im Gesundheits- und Sozialwesen<\/p>\r\n                                                    <\/div>\r\n                                        <\/div>  \r\n                      <\/div>\r\n                  <div class=\"item cta\">\r\n             \r\n\r\n                          <img decoding=\"async\" src=\"https:\/\/endokrinologie.bayern\/muenchen\/wp-content\/uploads\/sites\/4\/2026\/03\/261703_theresa_seifarth.jpg\" \r\n                alt=\"\" \r\n                title=\"261703_theresa_seifarth\">\r\n             \r\n\r\n            <div class=\"name-box\">\r\n                              <div class=\"div\">\r\n                                      <p class=\"name\">Theresa Seifarth<\/p>\r\n                                                        <p>Medizinische Fachangestellte \/ Backoffice<\/p>\r\n                                                    <\/div>\r\n                                        <\/div>  \r\n                      <\/div>\r\n                  <div class=\"item cta\">\r\n             \r\n\r\n                          <img decoding=\"async\" src=\"https:\/\/endokrinologie.bayern\/muenchen\/wp-content\/uploads\/sites\/4\/2024\/12\/Lorraine_Buglione.jpg\" \r\n                alt=\"\" \r\n                title=\"Lorraine_Buglione\">\r\n             \r\n\r\n            <div class=\"name-box\">\r\n                              <div class=\"div\">\r\n                                      <p class=\"name\">Lorraine Buglione<\/p>\r\n                                                        <p>Leitung Patientenlabor, Endokrinologieassistentin DGE, Medizinische Fachangestellte<\/p>\r\n                                                    <\/div>\r\n                                        <\/div>  \r\n                      <\/div>\r\n                  <div class=\"item cta\">\r\n             \r\n\r\n                          <img decoding=\"async\" src=\"https:\/\/endokrinologie.bayern\/muenchen\/wp-content\/uploads\/sites\/4\/2024\/12\/Anette_Berwarth.jpg\" \r\n                alt=\"\" \r\n                title=\"Anette_Berwarth\">\r\n             \r\n\r\n            <div class=\"name-box\">\r\n                              <div class=\"div\">\r\n                                      <p class=\"name\">Annette Berwarth<\/p>\r\n                                                        <p>Telefonistin<\/p>\r\n                                                    <\/div>\r\n                                        <\/div>  \r\n                      <\/div>\r\n                  <div class=\"item cta\">\r\n             \r\n\r\n                          <img decoding=\"async\" src=\"https:\/\/endokrinologie.bayern\/muenchen\/wp-content\/uploads\/sites\/4\/2025\/02\/Valentina_Neher.jpg\" \r\n                alt=\"\" \r\n                title=\"Valentina_Neher\">\r\n             \r\n\r\n            <div class=\"name-box\">\r\n                              <div class=\"div\">\r\n                                      <p class=\"name\">Valentina Neher<\/p>\r\n                                                        <p>Ern\u00e4hrungsberaterin<\/p>\r\n                                                    <\/div>\r\n                                        <\/div>  \r\n                      <\/div>\r\n                  <div class=\"item cta\">\r\n             \r\n\r\n                          <img decoding=\"async\" src=\"https:\/\/endokrinologie.bayern\/muenchen\/wp-content\/uploads\/sites\/4\/2025\/04\/Josefa-Singhammer.jpg\" \r\n                alt=\"\" \r\n                title=\"Josefa Singhammer\">\r\n             \r\n\r\n            <div class=\"name-box\">\r\n                              <div class=\"div\">\r\n                                      <p class=\"name\">Josefa Singhammer<\/p>\r\n                                                        <p>Diabetesberaterin (DDG) \u2013 Gesundheitscoach \u2013 Gesundheitsberaterin \u2013 Bachelor in Gesundheits- &amp; Pflegewissenschaften<\/p>\r\n                                                    <\/div>\r\n                                        <\/div>  \r\n                      <\/div>\r\n                  <div class=\"item cta\">\r\n             \r\n\r\n                          <img decoding=\"async\" src=\"https:\/\/endokrinologie.bayern\/muenchen\/wp-content\/uploads\/sites\/4\/2024\/07\/placehold-person.png\" \r\n                alt=\"\" \r\n                title=\"placehold-person\">\r\n             \r\n\r\n            <div class=\"name-box\">\r\n                              <div class=\"div\">\r\n                                      <p class=\"name\">Afrah Salh<\/p>\r\n                                                        <p>Medizinische Fachangestellte<\/p>\r\n                                                    <\/div>\r\n                                        <\/div>  \r\n                      <\/div>\r\n                  <div class=\"item cta\">\r\n             \r\n\r\n                          <img decoding=\"async\" src=\"https:\/\/endokrinologie.bayern\/muenchen\/wp-content\/uploads\/sites\/4\/2026\/03\/260303-Chiara_Pericoli-new.jpg\" \r\n                alt=\"\" \r\n                title=\"260303-Chiara_Pericoli-new\">\r\n             \r\n\r\n            <div class=\"name-box\">\r\n                              <div class=\"div\">\r\n                                      <p class=\"name\">Chiara Pericoli<\/p>\r\n                                                        <p>Medizinische Fachangestellte<\/p>\r\n                                                    <\/div>\r\n                                        <\/div>  \r\n                      <\/div>\r\n                  <div class=\"item cta\">\r\n             \r\n\r\n                          <img decoding=\"async\" src=\"https:\/\/endokrinologie.bayern\/muenchen\/wp-content\/uploads\/sites\/4\/2026\/03\/260303-Edelyn_Jhoan_Anacata-new.jpg\" \r\n                alt=\"\" \r\n                title=\"260303-Edelyn_Jhoan_Anacata-new\">\r\n             \r\n\r\n            <div class=\"name-box\">\r\n                              <div class=\"div\">\r\n                                      <p class=\"name\">Edelyn Jhoan A\u00f1acata Giraldo<\/p>\r\n                                                        <p>Medizinische Fachangestellte<\/p>\r\n                                                    <\/div>\r\n                                        <\/div>  \r\n                      <\/div>\r\n                  <div class=\"item cta\">\r\n             \r\n\r\n                          <img decoding=\"async\" src=\"https:\/\/endokrinologie.bayern\/muenchen\/wp-content\/uploads\/sites\/4\/2024\/07\/placehold-person.png\" \r\n                alt=\"\" \r\n                title=\"placehold-person\">\r\n             \r\n\r\n            <div class=\"name-box\">\r\n                              <div class=\"div\">\r\n                                      <p class=\"name\">Veronika Osner <\/p>\r\n                                                        <p>Medizinische Fachangestellte <\/p>\r\n                                                    <\/div>\r\n                                        <\/div>  \r\n                      <\/div>\r\n                  <div class=\"item cta\">\r\n             \r\n\r\n                          <img decoding=\"async\" src=\"https:\/\/endokrinologie.bayern\/muenchen\/wp-content\/uploads\/sites\/4\/2024\/07\/placehold-person.png\" \r\n                alt=\"\" \r\n                title=\"placehold-person\">\r\n             \r\n\r\n            <div class=\"name-box\">\r\n                              <div class=\"div\">\r\n                                      <p class=\"name\">Julia Anna Weber<\/p>\r\n                                                        <p>Medizinische Fachangestellte <\/p>\r\n                                                    <\/div>\r\n                                        <\/div>  \r\n                      <\/div>\r\n        \r\n           \r\n        <\/div>\r\n    <\/div>\r\n  <\/div>\r\n\n\n    <div  class=\"cta-block  cta\">\r\n        <div class=\"layout\">\r\n                            <div class=\"col\">\r\n                                            <h3>Besuchen Sie unsere ZES-Zentren<\/h3>\r\n                                                            <a href=\"\/standorte\" class=\"btn-primary\">Zu den Standorten<img decoding=\"async\" src=\"https:\/\/endokrinologie.bayern\/muenchen\/wp-content\/themes\/zes_theme\/images\/btn-next.svg\" alt=\"btn next\" title=\"btn next\"><\/a>                <\/div>\r\n                <div class=\"col\">\r\n                                            <div class=\"content\">\r\n                            <p>Wir laden Sie ein, unsere Endokrinologie-Zentren in Bayern zu besuchen und die Vorteile einer spezialisierten Endokrinologie-Betreuung zu erleben. Unsere Standorte sind darauf ausgerichtet, Ihnen in der Endokrinologie eine umfassende Betreuung zu bieten, die Ihr Leben nachhaltig verbessert.<\/p>\n                        <\/div>\r\n                                    <\/div>\r\n                    <\/div>\r\n    <\/div>\r\n","protected":false},"excerpt":{"rendered":"","protected":false},"author":1,"featured_media":0,"parent":0,"menu_order":0,"comment_status":"closed","ping_status":"closed","template":"","meta":{"_acf_changed":false,"footnotes":""},"standort":[],"class_list":["post-156","page","type-page","status-publish","hentry"],"acf":[],"yoast_head":"<!-- This site is optimized with the Yoast SEO plugin v27.4 - https:\/\/yoast.com\/product\/yoast-seo-wordpress\/ -->\n<title>Zentrum f\u00fcr Endokrinologie und Stoffwechsel M\u00fcnchen - Team<\/title>\n<meta name=\"description\" content=\"Lernen Sie unser erfahrenes \u00c4rzteteam in M\u00fcnchen kennen! Spezialisiert auf hormonelle und stoffwechselbedingte Erkrankungen.\" \/>\n<meta name=\"robots\" content=\"index, follow, max-snippet:-1, max-image-preview:large, max-video-preview:-1\" \/>\n<link rel=\"canonical\" href=\"https:\/\/endokrinologie.bayern\/muenchen\/team\/\" \/>\n<meta property=\"og:locale\" content=\"de_DE\" \/>\n<meta property=\"og:type\" content=\"article\" \/>\n<meta property=\"og:title\" content=\"Zentrum f\u00fcr Endokrinologie und Stoffwechsel M\u00fcnchen - Team\" \/>\n<meta property=\"og:description\" content=\"Lernen Sie unser erfahrenes \u00c4rzteteam in M\u00fcnchen kennen! Spezialisiert auf hormonelle und stoffwechselbedingte Erkrankungen.\" \/>\n<meta property=\"og:url\" content=\"https:\/\/endokrinologie.bayern\/muenchen\/team\/\" \/>\n<meta property=\"og:site_name\" content=\"ZES M\u00fcnchen\" \/>\n<meta property=\"article:modified_time\" content=\"2026-03-17T08:40:32+00:00\" \/>\n<meta name=\"twitter:card\" content=\"summary_large_image\" \/>\n<script type=\"application\/ld+json\" class=\"yoast-schema-graph\">{\"@context\":\"https:\\\/\\\/schema.org\",\"@graph\":[{\"@type\":\"WebPage\",\"@id\":\"https:\\\/\\\/endokrinologie.bayern\\\/muenchen\\\/team\\\/\",\"url\":\"https:\\\/\\\/endokrinologie.bayern\\\/muenchen\\\/team\\\/\",\"name\":\"Zentrum f\u00fcr Endokrinologie und Stoffwechsel M\u00fcnchen - Team\",\"isPartOf\":{\"@id\":\"https:\\\/\\\/endokrinologie.bayern\\\/muenchen\\\/#website\"},\"datePublished\":\"2024-07-01T11:44:06+00:00\",\"dateModified\":\"2026-03-17T08:40:32+00:00\",\"description\":\"Lernen Sie unser erfahrenes \u00c4rzteteam in M\u00fcnchen kennen! Spezialisiert auf hormonelle und stoffwechselbedingte Erkrankungen.\",\"breadcrumb\":{\"@id\":\"https:\\\/\\\/endokrinologie.bayern\\\/muenchen\\\/team\\\/#breadcrumb\"},\"inLanguage\":\"de\",\"potentialAction\":[{\"@type\":\"ReadAction\",\"target\":[\"https:\\\/\\\/endokrinologie.bayern\\\/muenchen\\\/team\\\/\"]}]},{\"@type\":\"BreadcrumbList\",\"@id\":\"https:\\\/\\\/endokrinologie.bayern\\\/muenchen\\\/team\\\/#breadcrumb\",\"itemListElement\":[{\"@type\":\"ListItem\",\"position\":1,\"name\":\"Startseite\",\"item\":\"https:\\\/\\\/endokrinologie.bayern\\\/muenchen\\\/\"},{\"@type\":\"ListItem\",\"position\":2,\"name\":\"Team\"}]},{\"@type\":\"WebSite\",\"@id\":\"https:\\\/\\\/endokrinologie.bayern\\\/muenchen\\\/#website\",\"url\":\"https:\\\/\\\/endokrinologie.bayern\\\/muenchen\\\/\",\"name\":\"Zentrum f\u00fcr Endokrinologie und Stoffwechsel M\u00fcnchen\",\"description\":\"Hormone im Gleichgewicht\",\"potentialAction\":[{\"@type\":\"SearchAction\",\"target\":{\"@type\":\"EntryPoint\",\"urlTemplate\":\"https:\\\/\\\/endokrinologie.bayern\\\/muenchen\\\/?s={search_term_string}\"},\"query-input\":{\"@type\":\"PropertyValueSpecification\",\"valueRequired\":true,\"valueName\":\"search_term_string\"}}],\"inLanguage\":\"de\"}]}<\/script>\n<!-- \/ Yoast SEO plugin. -->","yoast_head_json":{"title":"Zentrum f\u00fcr Endokrinologie und Stoffwechsel M\u00fcnchen - Team","description":"Lernen Sie unser erfahrenes \u00c4rzteteam in M\u00fcnchen kennen! Spezialisiert auf hormonelle und stoffwechselbedingte Erkrankungen.","robots":{"index":"index","follow":"follow","max-snippet":"max-snippet:-1","max-image-preview":"max-image-preview:large","max-video-preview":"max-video-preview:-1"},"canonical":"https:\/\/endokrinologie.bayern\/muenchen\/team\/","og_locale":"de_DE","og_type":"article","og_title":"Zentrum f\u00fcr Endokrinologie und Stoffwechsel M\u00fcnchen - Team","og_description":"Lernen Sie unser erfahrenes \u00c4rzteteam in M\u00fcnchen kennen! Spezialisiert auf hormonelle und stoffwechselbedingte Erkrankungen.","og_url":"https:\/\/endokrinologie.bayern\/muenchen\/team\/","og_site_name":"ZES M\u00fcnchen","article_modified_time":"2026-03-17T08:40:32+00:00","twitter_card":"summary_large_image","schema":{"@context":"https:\/\/schema.org","@graph":[{"@type":"WebPage","@id":"https:\/\/endokrinologie.bayern\/muenchen\/team\/","url":"https:\/\/endokrinologie.bayern\/muenchen\/team\/","name":"Zentrum f\u00fcr Endokrinologie und Stoffwechsel M\u00fcnchen - Team","isPartOf":{"@id":"https:\/\/endokrinologie.bayern\/muenchen\/#website"},"datePublished":"2024-07-01T11:44:06+00:00","dateModified":"2026-03-17T08:40:32+00:00","description":"Lernen Sie unser erfahrenes \u00c4rzteteam in M\u00fcnchen kennen! Spezialisiert auf hormonelle und stoffwechselbedingte Erkrankungen.","breadcrumb":{"@id":"https:\/\/endokrinologie.bayern\/muenchen\/team\/#breadcrumb"},"inLanguage":"de","potentialAction":[{"@type":"ReadAction","target":["https:\/\/endokrinologie.bayern\/muenchen\/team\/"]}]},{"@type":"BreadcrumbList","@id":"https:\/\/endokrinologie.bayern\/muenchen\/team\/#breadcrumb","itemListElement":[{"@type":"ListItem","position":1,"name":"Startseite","item":"https:\/\/endokrinologie.bayern\/muenchen\/"},{"@type":"ListItem","position":2,"name":"Team"}]},{"@type":"WebSite","@id":"https:\/\/endokrinologie.bayern\/muenchen\/#website","url":"https:\/\/endokrinologie.bayern\/muenchen\/","name":"Zentrum f\u00fcr Endokrinologie und Stoffwechsel M\u00fcnchen","description":"Hormone im Gleichgewicht","potentialAction":[{"@type":"SearchAction","target":{"@type":"EntryPoint","urlTemplate":"https:\/\/endokrinologie.bayern\/muenchen\/?s={search_term_string}"},"query-input":{"@type":"PropertyValueSpecification","valueRequired":true,"valueName":"search_term_string"}}],"inLanguage":"de"}]}},"_links":{"self":[{"href":"https:\/\/endokrinologie.bayern\/muenchen\/wp-json\/wp\/v2\/pages\/156","targetHints":{"allow":["GET"]}}],"collection":[{"href":"https:\/\/endokrinologie.bayern\/muenchen\/wp-json\/wp\/v2\/pages"}],"about":[{"href":"https:\/\/endokrinologie.bayern\/muenchen\/wp-json\/wp\/v2\/types\/page"}],"author":[{"embeddable":true,"href":"https:\/\/endokrinologie.bayern\/muenchen\/wp-json\/wp\/v2\/users\/1"}],"replies":[{"embeddable":true,"href":"https:\/\/endokrinologie.bayern\/muenchen\/wp-json\/wp\/v2\/comments?post=156"}],"version-history":[{"count":66,"href":"https:\/\/endokrinologie.bayern\/muenchen\/wp-json\/wp\/v2\/pages\/156\/revisions"}],"predecessor-version":[{"id":1288,"href":"https:\/\/endokrinologie.bayern\/muenchen\/wp-json\/wp\/v2\/pages\/156\/revisions\/1288"}],"wp:attachment":[{"href":"https:\/\/endokrinologie.bayern\/muenchen\/wp-json\/wp\/v2\/media?parent=156"}],"wp:term":[{"taxonomy":"standort","embeddable":true,"href":"https:\/\/endokrinologie.bayern\/muenchen\/wp-json\/wp\/v2\/standort?post=156"}],"curies":[{"name":"wp","href":"https:\/\/api.w.org\/{rel}","templated":true}]}}