{"id":1014,"date":"2024-12-19T16:11:48","date_gmt":"2024-12-19T15:11:48","guid":{"rendered":"https:\/\/ita-staging.de\/zes\/muenchen\/?page_id=1014"},"modified":"2024-12-19T16:11:48","modified_gmt":"2024-12-19T15:11:48","slug":"hypophysenerkrankungen","status":"publish","type":"page","link":"https:\/\/endokrinologie.bayern\/muenchen\/leistungen\/endokrinologie\/hypophysenerkrankungen\/","title":{"rendered":"Hypophysenerkrankungen"},"content":{"rendered":"\r\n    <div  class=\"simple-header-block\">\r\n        <div class=\"layout-s\">\r\n                            <div class=\"title\">\r\n                                        <h1>Hypophysenerkrankungen<\/h1>\r\n                <\/div>\r\n                                        <p class=\"subline\">Pr\u00e4zise Diagnostik f\u00fcr Ihr Wohlbefinden<\/p>\r\n                                        <p>Die Hypophyse ist ein zentrales Steuerorgan f\u00fcr zahlreiche Hormonprozesse im K\u00f6rper. Erkrankungen wie hormonelle St\u00f6rungen, Adenome oder Entz\u00fcndungen der Hypophyse k\u00f6nnen vielf\u00e4ltige Beschwerden verursachen \u2013 von M\u00fcdigkeit und Stoffwechselver\u00e4nderungen bis hin zu Beeintr\u00e4chtigungen des Wachstums oder der Fruchtbarkeit.\r\n\r\nWir bieten Ihnen spezialisierte Diagnostik und individuell abgestimmte Behandlungskonzepte, um die Funktion der Hypophyse zu stabilisieren und Ihre Lebensqualit\u00e4t nachhaltig zu verbessern. Vertrauen Sie auf unsere Erfahrung und Kompetenz in der Behandlung von Hypophysenerkrankungen.<\/p>\r\n                                <\/div>\r\n    <\/div>\r\n\n\n\r\n\r\n  <div  class=\"fachbereiche-block white col-4\">\r\n\r\n<div class=\"fachbereiche\">\r\n  \r\n  <div class=\"items\" x-data=\"{ openItem: null }\">\r\n          <div class=\"item\"> \r\n          <div class=\"head-elm\">\r\n            <img decoding=\"async\" src=\"https:\/\/endokrinologie.bayern\/muenchen\/wp-content\/themes\/zes_theme\/images\/icon-check.svg\" alt=\"icon\" title=\"icon\">  \r\n            <p class=\"\" @click=\"openItem = openItem === 'item-0' ? null : 'item-0'\"> \r\n                                                Prolaktinom                                                          \r\n                          <\/p>\r\n          <\/div>\r\n                  <div class=\"hidden-items\">\r\n                      <\/div> \r\n                          <\/div>\r\n            \r\n          <div class=\"item\"> \r\n          <div class=\"head-elm\">\r\n            <img decoding=\"async\" src=\"https:\/\/endokrinologie.bayern\/muenchen\/wp-content\/themes\/zes_theme\/images\/icon-check.svg\" alt=\"icon\" title=\"icon\">  \r\n            <p class=\"\" @click=\"openItem = openItem === 'item-1' ? null : 'item-1'\"> \r\n                                                Cushing-Syndrom                                                          \r\n                          <\/p>\r\n          <\/div>\r\n                  <div class=\"hidden-items\">\r\n                      <\/div> \r\n                          <\/div>\r\n            \r\n          <div class=\"item\"> \r\n          <div class=\"head-elm\">\r\n            <img decoding=\"async\" src=\"https:\/\/endokrinologie.bayern\/muenchen\/wp-content\/themes\/zes_theme\/images\/icon-check.svg\" alt=\"icon\" title=\"icon\">  \r\n            <p class=\"\" @click=\"openItem = openItem === 'item-2' ? null : 'item-2'\"> \r\n                                                Akromegalie                                                          \r\n                          <\/p>\r\n          <\/div>\r\n                  <div class=\"hidden-items\">\r\n                      <\/div> \r\n                          <\/div>\r\n            \r\n          <div class=\"item\"> \r\n          <div class=\"head-elm\">\r\n            <img decoding=\"async\" src=\"https:\/\/endokrinologie.bayern\/muenchen\/wp-content\/themes\/zes_theme\/images\/icon-check.svg\" alt=\"icon\" title=\"icon\">  \r\n            <p class=\"\" @click=\"openItem = openItem === 'item-3' ? null : 'item-3'\"> \r\n                                                hormoninaktives Hypophysenadenom                                                          \r\n                          <\/p>\r\n          <\/div>\r\n                  <div class=\"hidden-items\">\r\n                      <\/div> \r\n                          <\/div>\r\n            \r\n          <div class=\"item\"> \r\n          <div class=\"head-elm\">\r\n            <img decoding=\"async\" src=\"https:\/\/endokrinologie.bayern\/muenchen\/wp-content\/themes\/zes_theme\/images\/icon-check.svg\" alt=\"icon\" title=\"icon\">  \r\n            <p class=\"\" @click=\"openItem = openItem === 'item-4' ? null : 'item-4'\"> \r\n                                                Hypophyseninsuffizienz                                                          \r\n                          <\/p>\r\n          <\/div>\r\n                  <div class=\"hidden-items\">\r\n                      <\/div> \r\n                          <\/div>\r\n            \r\n          <div class=\"item\"> \r\n          <div class=\"head-elm\">\r\n            <img decoding=\"async\" src=\"https:\/\/endokrinologie.bayern\/muenchen\/wp-content\/themes\/zes_theme\/images\/icon-check.svg\" alt=\"icon\" title=\"icon\">  \r\n            <p class=\"\" @click=\"openItem = openItem === 'item-5' ? null : 'item-5'\"> \r\n                                                Diabetes insipidus                                                          \r\n                          <\/p>\r\n          <\/div>\r\n                  <div class=\"hidden-items\">\r\n                      <\/div> \r\n                          <\/div>\r\n            \r\n      <\/div>\r\n\r\n        <a href=\"https:\/\/endokrinologie.bayern\/muenchen\/leistungen\/endokrinologie\/\" class=\"btn-secondary\">\r\n        Zur Endokrinologie        <img decoding=\"async\" src=\"https:\/\/endokrinologie.bayern\/muenchen\/wp-content\/themes\/zes_theme\/images\/btn-next-black.svg\" alt=\"btn-next\" title=\"btn-next\">\r\n      <\/a>\r\n  <\/div>\r\n\r\n<\/div>\r\n\r\n","protected":false},"excerpt":{"rendered":"","protected":false},"author":1,"featured_media":0,"parent":294,"menu_order":0,"comment_status":"closed","ping_status":"closed","template":"","meta":{"_acf_changed":false,"footnotes":""},"standort":[],"class_list":["post-1014","page","type-page","status-publish","hentry"],"acf":[],"yoast_head":"<!-- This site is optimized with the Yoast SEO plugin v27.4 - https:\/\/yoast.com\/product\/yoast-seo-wordpress\/ -->\n<title>Zentrum f\u00fcr Endokrinologie und Stoffwechsel M\u00fcnchen - Hypophysenerkrankungen<\/title>\n<meta name=\"description\" content=\"Ihr Spezialist in M\u00fcnchen f\u00fcr hormonelle und stoffwechselbedingte Erkrankungen. Wir bieten moderne Diagnostik, individuelle Therapien &amp; ganzheitliche Betreuung.\" \/>\n<meta name=\"robots\" content=\"index, follow, max-snippet:-1, max-image-preview:large, max-video-preview:-1\" \/>\n<link rel=\"canonical\" href=\"https:\/\/endokrinologie.bayern\/muenchen\/leistungen\/endokrinologie\/hypophysenerkrankungen\/\" \/>\n<meta property=\"og:locale\" content=\"de_DE\" \/>\n<meta property=\"og:type\" content=\"article\" \/>\n<meta property=\"og:title\" content=\"Zentrum f\u00fcr Endokrinologie und Stoffwechsel M\u00fcnchen - Hypophysenerkrankungen\" \/>\n<meta property=\"og:description\" content=\"Ihr Spezialist in M\u00fcnchen f\u00fcr hormonelle und stoffwechselbedingte Erkrankungen. Wir bieten moderne Diagnostik, individuelle Therapien &amp; ganzheitliche Betreuung.\" \/>\n<meta property=\"og:url\" content=\"https:\/\/endokrinologie.bayern\/muenchen\/leistungen\/endokrinologie\/hypophysenerkrankungen\/\" \/>\n<meta property=\"og:site_name\" content=\"ZES M\u00fcnchen\" \/>\n<meta name=\"twitter:card\" content=\"summary_large_image\" \/>\n<script type=\"application\/ld+json\" class=\"yoast-schema-graph\">{\"@context\":\"https:\\\/\\\/schema.org\",\"@graph\":[{\"@type\":\"WebPage\",\"@id\":\"https:\\\/\\\/endokrinologie.bayern\\\/muenchen\\\/leistungen\\\/endokrinologie\\\/hypophysenerkrankungen\\\/\",\"url\":\"https:\\\/\\\/endokrinologie.bayern\\\/muenchen\\\/leistungen\\\/endokrinologie\\\/hypophysenerkrankungen\\\/\",\"name\":\"Zentrum f\u00fcr Endokrinologie und Stoffwechsel M\u00fcnchen - Hypophysenerkrankungen\",\"isPartOf\":{\"@id\":\"https:\\\/\\\/endokrinologie.bayern\\\/muenchen\\\/#website\"},\"datePublished\":\"2024-12-19T15:11:48+00:00\",\"description\":\"Ihr Spezialist in M\u00fcnchen f\u00fcr hormonelle und stoffwechselbedingte Erkrankungen. Wir bieten moderne Diagnostik, individuelle Therapien & ganzheitliche Betreuung.\",\"breadcrumb\":{\"@id\":\"https:\\\/\\\/endokrinologie.bayern\\\/muenchen\\\/leistungen\\\/endokrinologie\\\/hypophysenerkrankungen\\\/#breadcrumb\"},\"inLanguage\":\"de\",\"potentialAction\":[{\"@type\":\"ReadAction\",\"target\":[\"https:\\\/\\\/endokrinologie.bayern\\\/muenchen\\\/leistungen\\\/endokrinologie\\\/hypophysenerkrankungen\\\/\"]}]},{\"@type\":\"BreadcrumbList\",\"@id\":\"https:\\\/\\\/endokrinologie.bayern\\\/muenchen\\\/leistungen\\\/endokrinologie\\\/hypophysenerkrankungen\\\/#breadcrumb\",\"itemListElement\":[{\"@type\":\"ListItem\",\"position\":1,\"name\":\"Startseite\",\"item\":\"https:\\\/\\\/endokrinologie.bayern\\\/muenchen\\\/\"},{\"@type\":\"ListItem\",\"position\":2,\"name\":\"Leistungen\",\"item\":\"https:\\\/\\\/endokrinologie.bayern\\\/muenchen\\\/leistungen\\\/\"},{\"@type\":\"ListItem\",\"position\":3,\"name\":\"Endokrinologie\",\"item\":\"https:\\\/\\\/endokrinologie.bayern\\\/muenchen\\\/leistungen\\\/endokrinologie\\\/\"},{\"@type\":\"ListItem\",\"position\":4,\"name\":\"Hypophysenerkrankungen\"}]},{\"@type\":\"WebSite\",\"@id\":\"https:\\\/\\\/endokrinologie.bayern\\\/muenchen\\\/#website\",\"url\":\"https:\\\/\\\/endokrinologie.bayern\\\/muenchen\\\/\",\"name\":\"Zentrum f\u00fcr Endokrinologie und Stoffwechsel M\u00fcnchen\",\"description\":\"Hormone im Gleichgewicht\",\"potentialAction\":[{\"@type\":\"SearchAction\",\"target\":{\"@type\":\"EntryPoint\",\"urlTemplate\":\"https:\\\/\\\/endokrinologie.bayern\\\/muenchen\\\/?s={search_term_string}\"},\"query-input\":{\"@type\":\"PropertyValueSpecification\",\"valueRequired\":true,\"valueName\":\"search_term_string\"}}],\"inLanguage\":\"de\"}]}<\/script>\n<!-- \/ Yoast SEO plugin. -->","yoast_head_json":{"title":"Zentrum f\u00fcr Endokrinologie und Stoffwechsel M\u00fcnchen - Hypophysenerkrankungen","description":"Ihr Spezialist in M\u00fcnchen f\u00fcr hormonelle und stoffwechselbedingte Erkrankungen. Wir bieten moderne Diagnostik, individuelle Therapien & ganzheitliche Betreuung.","robots":{"index":"index","follow":"follow","max-snippet":"max-snippet:-1","max-image-preview":"max-image-preview:large","max-video-preview":"max-video-preview:-1"},"canonical":"https:\/\/endokrinologie.bayern\/muenchen\/leistungen\/endokrinologie\/hypophysenerkrankungen\/","og_locale":"de_DE","og_type":"article","og_title":"Zentrum f\u00fcr Endokrinologie und Stoffwechsel M\u00fcnchen - Hypophysenerkrankungen","og_description":"Ihr Spezialist in M\u00fcnchen f\u00fcr hormonelle und stoffwechselbedingte Erkrankungen. Wir bieten moderne Diagnostik, individuelle Therapien & ganzheitliche Betreuung.","og_url":"https:\/\/endokrinologie.bayern\/muenchen\/leistungen\/endokrinologie\/hypophysenerkrankungen\/","og_site_name":"ZES M\u00fcnchen","twitter_card":"summary_large_image","schema":{"@context":"https:\/\/schema.org","@graph":[{"@type":"WebPage","@id":"https:\/\/endokrinologie.bayern\/muenchen\/leistungen\/endokrinologie\/hypophysenerkrankungen\/","url":"https:\/\/endokrinologie.bayern\/muenchen\/leistungen\/endokrinologie\/hypophysenerkrankungen\/","name":"Zentrum f\u00fcr Endokrinologie und Stoffwechsel M\u00fcnchen - Hypophysenerkrankungen","isPartOf":{"@id":"https:\/\/endokrinologie.bayern\/muenchen\/#website"},"datePublished":"2024-12-19T15:11:48+00:00","description":"Ihr Spezialist in M\u00fcnchen f\u00fcr hormonelle und stoffwechselbedingte Erkrankungen. Wir bieten moderne Diagnostik, individuelle Therapien & ganzheitliche Betreuung.","breadcrumb":{"@id":"https:\/\/endokrinologie.bayern\/muenchen\/leistungen\/endokrinologie\/hypophysenerkrankungen\/#breadcrumb"},"inLanguage":"de","potentialAction":[{"@type":"ReadAction","target":["https:\/\/endokrinologie.bayern\/muenchen\/leistungen\/endokrinologie\/hypophysenerkrankungen\/"]}]},{"@type":"BreadcrumbList","@id":"https:\/\/endokrinologie.bayern\/muenchen\/leistungen\/endokrinologie\/hypophysenerkrankungen\/#breadcrumb","itemListElement":[{"@type":"ListItem","position":1,"name":"Startseite","item":"https:\/\/endokrinologie.bayern\/muenchen\/"},{"@type":"ListItem","position":2,"name":"Leistungen","item":"https:\/\/endokrinologie.bayern\/muenchen\/leistungen\/"},{"@type":"ListItem","position":3,"name":"Endokrinologie","item":"https:\/\/endokrinologie.bayern\/muenchen\/leistungen\/endokrinologie\/"},{"@type":"ListItem","position":4,"name":"Hypophysenerkrankungen"}]},{"@type":"WebSite","@id":"https:\/\/endokrinologie.bayern\/muenchen\/#website","url":"https:\/\/endokrinologie.bayern\/muenchen\/","name":"Zentrum f\u00fcr Endokrinologie und Stoffwechsel M\u00fcnchen","description":"Hormone im Gleichgewicht","potentialAction":[{"@type":"SearchAction","target":{"@type":"EntryPoint","urlTemplate":"https:\/\/endokrinologie.bayern\/muenchen\/?s={search_term_string}"},"query-input":{"@type":"PropertyValueSpecification","valueRequired":true,"valueName":"search_term_string"}}],"inLanguage":"de"}]}},"_links":{"self":[{"href":"https:\/\/endokrinologie.bayern\/muenchen\/wp-json\/wp\/v2\/pages\/1014","targetHints":{"allow":["GET"]}}],"collection":[{"href":"https:\/\/endokrinologie.bayern\/muenchen\/wp-json\/wp\/v2\/pages"}],"about":[{"href":"https:\/\/endokrinologie.bayern\/muenchen\/wp-json\/wp\/v2\/types\/page"}],"author":[{"embeddable":true,"href":"https:\/\/endokrinologie.bayern\/muenchen\/wp-json\/wp\/v2\/users\/1"}],"replies":[{"embeddable":true,"href":"https:\/\/endokrinologie.bayern\/muenchen\/wp-json\/wp\/v2\/comments?post=1014"}],"version-history":[{"count":1,"href":"https:\/\/endokrinologie.bayern\/muenchen\/wp-json\/wp\/v2\/pages\/1014\/revisions"}],"predecessor-version":[{"id":1015,"href":"https:\/\/endokrinologie.bayern\/muenchen\/wp-json\/wp\/v2\/pages\/1014\/revisions\/1015"}],"up":[{"embeddable":true,"href":"https:\/\/endokrinologie.bayern\/muenchen\/wp-json\/wp\/v2\/pages\/294"}],"wp:attachment":[{"href":"https:\/\/endokrinologie.bayern\/muenchen\/wp-json\/wp\/v2\/media?parent=1014"}],"wp:term":[{"taxonomy":"standort","embeddable":true,"href":"https:\/\/endokrinologie.bayern\/muenchen\/wp-json\/wp\/v2\/standort?post=1014"}],"curies":[{"name":"wp","href":"https:\/\/api.w.org\/{rel}","templated":true}]}}