{"id":493,"date":"2024-07-24T17:53:18","date_gmt":"2024-07-24T15:53:18","guid":{"rendered":"https:\/\/ita-staging.de\/zes\/landshut\/?page_id=493"},"modified":"2025-02-18T15:34:54","modified_gmt":"2025-02-18T14:34:54","slug":"harald-j-schneider","status":"publish","type":"page","link":"https:\/\/endokrinologie.bayern\/landshut\/team\/harald-j-schneider\/","title":{"rendered":"Harald J. Schneider"},"content":{"rendered":"\r\n\r\n    <div  class=\"arzt-block\">\r\n      <div class=\"layout\">\r\n                    <div class=\"arzt-details\">\r\n                <div class=\"about\">\r\n                  <div class=\"left\">\r\n                                          <img decoding=\"async\" src=\"https:\/\/endokrinologie.bayern\/wp-content\/uploads\/2024\/06\/harald_j_schneider.jpg\" alt=\"Harald J. Schneider\">\r\n                    \r\n                                          <a href=\"https:\/\/termin.samedi.de\/b\/zes-bayern-zentrum-fur-endokrinologie-und-stoffwechsel\/muenchen?ref=papp-my-doctors\" class=\"btn-primary\">Zur Terminvereinbarung (M\u00fcnchen) \r\n                      <\/a>\r\n                                                              <a href=\"https:\/\/www.doctolib.de\/praxis\/landshut\/zentrum-fuer-endokrinologie-und-stoffwechsel-in-landshut?utm_campaign=website-button&amp;utm_source=zentrum-fuer-endokrinologie-und-stoffwechsel-in-landshut-website-button&amp;utm_medium=referral&amp;utm_content=option-8&amp;utm_term=zentrum-fuer-endokrinologie-und-stoffwechsel-in-landshut\" class=\"btn-primary\">Zur Terminvereinbarung (Landshut) \r\n                      <\/a>\r\n                                                          <\/div>\r\n\r\n\r\n                  <div class=\"profil\"> \r\n                    <h1>Prof. Dr. med. Harald J. Schneider<\/h1> \r\n                    <p>\r\n                      Internist, Endokrinologe und Diabetologe                    <\/p>\r\n\r\n                                          <div class=\"vorstellung\">\r\n                        <p>Prof. Dr. med. Harald J. Schneider behandelt Patienten mit allen endokrinologischen (hormonell bedingten) Erkrankungen und Adipositas an den Standorten in M\u00fcnchen und Landshut.<\/p>\n<p>\u00dcberdies ist er Dozent an der Ludwigs-Maximilians-Universit\u00e4t in M\u00fcnchen.<\/p>\n<p>Er ist Autor zahlreicher wissenschaftlicher Fachb\u00fccher und Fachartikel und international anerkannter Experte f\u00fcr die Fr\u00fcherkennung von Hormonst\u00f6rungen und Pr\u00e4vention von Herz-Kreislauf- und Stoffwechselrisiken.<\/p>\n<p>Prof. Schneider ist Mitglied in mehreren Fachgesellschaften, u.a. der Deutschen Gesellschaft f\u00fcr Endokrinologie und der European Society of Endocrinology und war langj\u00e4hriger Sprecher der Sektion Angewandte Endokrinologie der Deutschen Gesellschaft f\u00fcr Endokrinologie.<\/p>\n<p>Er ist Autor der Buches: &#8222;Hormone &#8211; Ihr Einfluss auf mein Leben. Wie kleine Molek\u00fcle Gewicht, Stimmung und vieles mehr steuern&#8220; (<a href=\"https:\/\/www.springer.com\/de\/book\/9783662589779\">ISBN 978-3-662-58978-6<\/a>).<\/p>\n<p>&nbsp;<\/p>\n<p><strong>Pressebeitr\u00e4ge<\/strong><\/p>\n<p>28.11.24 HR Alles Wissen \u00fcber Winterspeck <a href=\"https:\/\/www.ardmediathek.de\/video\/alles-wissen\/alles-wissen-vom-28-11-2024\/hr\/NmU1MGVkNTktNWM0ZS00Y2ExLWE5OWYtNDYyYTc3ZmRhZDdh\">alles wissen vom 28.11.2024 &#8211; hier anschauen<\/a><br \/>\n24.4.24 FAZ-Podcast f\u00fcr Deutschland <a href=\"https:\/\/www.faz.net\/podcasts\/f-a-z-podcast-fuer-deutschland\/ist-die-abnehmspritze-teurer-hype-oder-der-grosser-durchbruch-19675445.html\">Ist die Abnehmspritze teurer Hype oder der gro\u00dfer Durchbruch?<\/a><\/p>\n                      <\/div>\r\n                                      <\/div>\r\n                <\/div>\r\n                    \r\n                \r\n                \r\n                                  <div class=\"qualifikation\">\r\n                    <h3>Qualifikation:<\/h3> \r\n\r\n                    <div class=\"items\">\r\n                     \r\n                      <div class=\"item\">\r\n                        <p class=\"jahr\">1991-1992:<\/p>\r\n                        <p>Psychologiestudium Albert-Ludwigs-Universit\u00e4t Freiburg<\/p> \r\n                      <\/div>\r\n                     \r\n                      <div class=\"item\">\r\n                        <p class=\"jahr\">1992-1998:<\/p>\r\n                        <p>Studium der Medizin in Freiburg und Montpellier<\/p> \r\n                      <\/div>\r\n                     \r\n                      <div class=\"item\">\r\n                        <p class=\"jahr\">1999:<\/p>\r\n                        <p>Promotion an der Albert-Ludwigs-Universit\u00e4t Freiburg und Erlangung der Doktorw\u00fcrde<\/p> \r\n                      <\/div>\r\n                     \r\n                      <div class=\"item\">\r\n                        <p class=\"jahr\">1999-2000:<\/p>\r\n                        <p>Deutsches Herzzentrum M\u00fcnchen<\/p> \r\n                      <\/div>\r\n                     \r\n                      <div class=\"item\">\r\n                        <p class=\"jahr\">2001-2007:<\/p>\r\n                        <p>Max-Planck-Institut f\u00fcr Psychiatrie, Abteilung Endokrinologie<\/p> \r\n                      <\/div>\r\n                     \r\n                      <div class=\"item\">\r\n                        <p class=\"jahr\">2005-2007:<\/p>\r\n                        <p>St\u00e4dtisches Klinikum M\u00fcnchen-Schwabing, Innere Medizin<\/p> \r\n                      <\/div>\r\n                     \r\n                      <div class=\"item\">\r\n                        <p class=\"jahr\">2008:<\/p>\r\n                        <p>Anerkennung zum Facharzt f\u00fcr Innere Medizin, Endokrinologie und Diabetologie<\/p> \r\n                      <\/div>\r\n                     \r\n                      <div class=\"item\">\r\n                        <p class=\"jahr\">2008 bis 2013:<\/p>\r\n                        <p>Medizinische Klinik und Poliklinik IV der Ludwig-Maximilians-Universit\u00e4t M\u00fcnchen<\/p> \r\n                      <\/div>\r\n                     \r\n                      <div class=\"item\">\r\n                        <p class=\"jahr\">2009:<\/p>\r\n                        <p>Habilitation zum Thema &quot;Hypophyseninsuffizienz nach Hirnverletzungen&quot; und Ernennung zum Privatdozenten an der Ludwig-Maximilians-Universit\u00e4t M\u00fcnchen<\/p> \r\n                      <\/div>\r\n                     \r\n                      <div class=\"item\">\r\n                        <p class=\"jahr\">2014:<\/p>\r\n                        <p>Gr\u00fcndung des Standortes Landshut und Partner des Zentrums f\u00fcr Endokrinologie und Stoffwechsel<\/p> \r\n                      <\/div>\r\n                     \r\n                      <div class=\"item\">\r\n                        <p class=\"jahr\">2016:<\/p>\r\n                        <p>Ernennung zum APL-Professor der LMU M\u00fcnchen<\/p> \r\n                      <\/div>\r\n                     \r\n                    <\/div>\r\n                  <\/div>\r\n                                \r\n                \r\n\r\n            <\/div>\r\n              <\/div>\r\n    <\/div>\r\n\r\n\n\n    <div  class=\"cta-block  cta\">\r\n        <div class=\"layout\">\r\n                            <div class=\"col\">\r\n                                            <h3>Besuchen Sie unsere ZES-Zentren<\/h3>\r\n                                                            <a href=\"\/zes\/standorte\" class=\"btn-primary\">Zu den Standorten<img decoding=\"async\" src=\"https:\/\/endokrinologie.bayern\/landshut\/wp-content\/themes\/zes_theme\/images\/btn-next.svg\" alt=\"btn next\" title=\"btn next\"><\/a>                <\/div>\r\n                <div class=\"col\">\r\n                                            <div class=\"content\">\r\n                            <p>Wir laden Sie ein, unsere Endokrinologie-Zentren in Bayern zu besuchen und die Vorteile einer spezialisierten Endokrinologie-Betreuung zu erleben. Unsere Standorte sind darauf ausgerichtet, Ihnen in der Endokrinologie eine umfassende Betreuung zu bieten, die Ihr Leben nachhaltig verbessert.<\/p>\n                        <\/div>\r\n                                    <\/div>\r\n                    <\/div>\r\n    <\/div>\r\n","protected":false},"excerpt":{"rendered":"","protected":false},"author":1,"featured_media":0,"parent":156,"menu_order":0,"comment_status":"closed","ping_status":"closed","template":"","meta":{"_acf_changed":false,"footnotes":""},"standort":[],"class_list":["post-493","page","type-page","status-publish","hentry"],"acf":[],"yoast_head":"<!-- This site is optimized with the Yoast SEO plugin v27.3 - https:\/\/yoast.com\/product\/yoast-seo-wordpress\/ -->\n<title>Prof. Dr. med. Harald J. Schneider<\/title>\n<meta name=\"description\" content=\"Ihr Spezialist f\u00fcr hormonelle Erkrankungen, Stoffwechselst\u00f6rungen und Diabetes. Vereinbaren Sie jetzt einen Termin.\" \/>\n<meta name=\"robots\" content=\"index, follow, max-snippet:-1, max-image-preview:large, max-video-preview:-1\" \/>\n<link rel=\"canonical\" href=\"https:\/\/endokrinologie.bayern\/landshut\/team\/harald-j-schneider\/\" \/>\n<meta property=\"og:locale\" content=\"de_DE\" \/>\n<meta property=\"og:type\" content=\"article\" \/>\n<meta property=\"og:title\" content=\"Prof. Dr. med. Harald J. Schneider\" \/>\n<meta property=\"og:description\" content=\"Ihr Spezialist f\u00fcr hormonelle Erkrankungen, Stoffwechselst\u00f6rungen und Diabetes. Vereinbaren Sie jetzt einen Termin.\" \/>\n<meta property=\"og:url\" content=\"https:\/\/endokrinologie.bayern\/landshut\/team\/harald-j-schneider\/\" \/>\n<meta property=\"og:site_name\" content=\"ZES Landshut\" \/>\n<meta property=\"article:modified_time\" content=\"2025-02-18T14:34:54+00:00\" \/>\n<meta name=\"twitter:card\" content=\"summary_large_image\" \/>\n<script type=\"application\/ld+json\" class=\"yoast-schema-graph\">{\"@context\":\"https:\\\/\\\/schema.org\",\"@graph\":[{\"@type\":\"WebPage\",\"@id\":\"https:\\\/\\\/endokrinologie.bayern\\\/landshut\\\/team\\\/harald-j-schneider\\\/\",\"url\":\"https:\\\/\\\/endokrinologie.bayern\\\/landshut\\\/team\\\/harald-j-schneider\\\/\",\"name\":\"Prof. Dr. med. Harald J. Schneider\",\"isPartOf\":{\"@id\":\"https:\\\/\\\/endokrinologie.bayern\\\/landshut\\\/#website\"},\"datePublished\":\"2024-07-24T15:53:18+00:00\",\"dateModified\":\"2025-02-18T14:34:54+00:00\",\"description\":\"Ihr Spezialist f\u00fcr hormonelle Erkrankungen, Stoffwechselst\u00f6rungen und Diabetes. Vereinbaren Sie jetzt einen Termin.\",\"breadcrumb\":{\"@id\":\"https:\\\/\\\/endokrinologie.bayern\\\/landshut\\\/team\\\/harald-j-schneider\\\/#breadcrumb\"},\"inLanguage\":\"de\",\"potentialAction\":[{\"@type\":\"ReadAction\",\"target\":[\"https:\\\/\\\/endokrinologie.bayern\\\/landshut\\\/team\\\/harald-j-schneider\\\/\"]}]},{\"@type\":\"BreadcrumbList\",\"@id\":\"https:\\\/\\\/endokrinologie.bayern\\\/landshut\\\/team\\\/harald-j-schneider\\\/#breadcrumb\",\"itemListElement\":[{\"@type\":\"ListItem\",\"position\":1,\"name\":\"Startseite\",\"item\":\"https:\\\/\\\/endokrinologie.bayern\\\/landshut\\\/\"},{\"@type\":\"ListItem\",\"position\":2,\"name\":\"Team\",\"item\":\"https:\\\/\\\/endokrinologie.bayern\\\/landshut\\\/team\\\/\"},{\"@type\":\"ListItem\",\"position\":3,\"name\":\"Harald J. Schneider\"}]},{\"@type\":\"WebSite\",\"@id\":\"https:\\\/\\\/endokrinologie.bayern\\\/landshut\\\/#website\",\"url\":\"https:\\\/\\\/endokrinologie.bayern\\\/landshut\\\/\",\"name\":\"Zentrum f\u00fcr Endokrinologie und Stoffwechsel Landshut\",\"description\":\"Hormone im Gleichgewicht\",\"potentialAction\":[{\"@type\":\"SearchAction\",\"target\":{\"@type\":\"EntryPoint\",\"urlTemplate\":\"https:\\\/\\\/endokrinologie.bayern\\\/landshut\\\/?s={search_term_string}\"},\"query-input\":{\"@type\":\"PropertyValueSpecification\",\"valueRequired\":true,\"valueName\":\"search_term_string\"}}],\"inLanguage\":\"de\"}]}<\/script>\n<!-- \/ Yoast SEO plugin. -->","yoast_head_json":{"title":"Prof. Dr. med. Harald J. Schneider","description":"Ihr Spezialist f\u00fcr hormonelle Erkrankungen, Stoffwechselst\u00f6rungen und Diabetes. Vereinbaren Sie jetzt einen Termin.","robots":{"index":"index","follow":"follow","max-snippet":"max-snippet:-1","max-image-preview":"max-image-preview:large","max-video-preview":"max-video-preview:-1"},"canonical":"https:\/\/endokrinologie.bayern\/landshut\/team\/harald-j-schneider\/","og_locale":"de_DE","og_type":"article","og_title":"Prof. Dr. med. Harald J. Schneider","og_description":"Ihr Spezialist f\u00fcr hormonelle Erkrankungen, Stoffwechselst\u00f6rungen und Diabetes. Vereinbaren Sie jetzt einen Termin.","og_url":"https:\/\/endokrinologie.bayern\/landshut\/team\/harald-j-schneider\/","og_site_name":"ZES Landshut","article_modified_time":"2025-02-18T14:34:54+00:00","twitter_card":"summary_large_image","schema":{"@context":"https:\/\/schema.org","@graph":[{"@type":"WebPage","@id":"https:\/\/endokrinologie.bayern\/landshut\/team\/harald-j-schneider\/","url":"https:\/\/endokrinologie.bayern\/landshut\/team\/harald-j-schneider\/","name":"Prof. Dr. med. Harald J. Schneider","isPartOf":{"@id":"https:\/\/endokrinologie.bayern\/landshut\/#website"},"datePublished":"2024-07-24T15:53:18+00:00","dateModified":"2025-02-18T14:34:54+00:00","description":"Ihr Spezialist f\u00fcr hormonelle Erkrankungen, Stoffwechselst\u00f6rungen und Diabetes. Vereinbaren Sie jetzt einen Termin.","breadcrumb":{"@id":"https:\/\/endokrinologie.bayern\/landshut\/team\/harald-j-schneider\/#breadcrumb"},"inLanguage":"de","potentialAction":[{"@type":"ReadAction","target":["https:\/\/endokrinologie.bayern\/landshut\/team\/harald-j-schneider\/"]}]},{"@type":"BreadcrumbList","@id":"https:\/\/endokrinologie.bayern\/landshut\/team\/harald-j-schneider\/#breadcrumb","itemListElement":[{"@type":"ListItem","position":1,"name":"Startseite","item":"https:\/\/endokrinologie.bayern\/landshut\/"},{"@type":"ListItem","position":2,"name":"Team","item":"https:\/\/endokrinologie.bayern\/landshut\/team\/"},{"@type":"ListItem","position":3,"name":"Harald J. Schneider"}]},{"@type":"WebSite","@id":"https:\/\/endokrinologie.bayern\/landshut\/#website","url":"https:\/\/endokrinologie.bayern\/landshut\/","name":"Zentrum f\u00fcr Endokrinologie und Stoffwechsel Landshut","description":"Hormone im Gleichgewicht","potentialAction":[{"@type":"SearchAction","target":{"@type":"EntryPoint","urlTemplate":"https:\/\/endokrinologie.bayern\/landshut\/?s={search_term_string}"},"query-input":{"@type":"PropertyValueSpecification","valueRequired":true,"valueName":"search_term_string"}}],"inLanguage":"de"}]}},"_links":{"self":[{"href":"https:\/\/endokrinologie.bayern\/landshut\/wp-json\/wp\/v2\/pages\/493","targetHints":{"allow":["GET"]}}],"collection":[{"href":"https:\/\/endokrinologie.bayern\/landshut\/wp-json\/wp\/v2\/pages"}],"about":[{"href":"https:\/\/endokrinologie.bayern\/landshut\/wp-json\/wp\/v2\/types\/page"}],"author":[{"embeddable":true,"href":"https:\/\/endokrinologie.bayern\/landshut\/wp-json\/wp\/v2\/users\/1"}],"replies":[{"embeddable":true,"href":"https:\/\/endokrinologie.bayern\/landshut\/wp-json\/wp\/v2\/comments?post=493"}],"version-history":[{"count":3,"href":"https:\/\/endokrinologie.bayern\/landshut\/wp-json\/wp\/v2\/pages\/493\/revisions"}],"predecessor-version":[{"id":645,"href":"https:\/\/endokrinologie.bayern\/landshut\/wp-json\/wp\/v2\/pages\/493\/revisions\/645"}],"up":[{"embeddable":true,"href":"https:\/\/endokrinologie.bayern\/landshut\/wp-json\/wp\/v2\/pages\/156"}],"wp:attachment":[{"href":"https:\/\/endokrinologie.bayern\/landshut\/wp-json\/wp\/v2\/media?parent=493"}],"wp:term":[{"taxonomy":"standort","embeddable":true,"href":"https:\/\/endokrinologie.bayern\/landshut\/wp-json\/wp\/v2\/standort?post=493"}],"curies":[{"name":"wp","href":"https:\/\/api.w.org\/{rel}","templated":true}]}}