{"id":488,"date":"2024-07-24T17:44:46","date_gmt":"2024-07-24T15:44:46","guid":{"rendered":"https:\/\/ita-staging.de\/zes\/landshut\/?page_id=488"},"modified":"2024-12-06T16:24:40","modified_gmt":"2024-12-06T15:24:40","slug":"robert-schmidt","status":"publish","type":"page","link":"https:\/\/endokrinologie.bayern\/landshut\/team\/robert-schmidt\/","title":{"rendered":"Robert Schmidt"},"content":{"rendered":"\r\n\r\n    <div  class=\"arzt-block\">\r\n      <div class=\"layout\">\r\n                    <div class=\"arzt-details\">\r\n                <div class=\"about\">\r\n                  <div class=\"left\">\r\n                                          <img decoding=\"async\" src=\"https:\/\/endokrinologie.bayern\/wp-content\/uploads\/2024\/07\/robert_schmidt.jpg\" alt=\"Robert Schmidt\">\r\n                    \r\n                                          <a href=\"https:\/\/www.doctolib.de\/praxis\/landshut\/zentrum-fuer-endokrinologie-und-stoffwechsel-in-landshut?utm_campaign=website-button&amp;utm_source=zentrum-fuer-endokrinologie-und-stoffwechsel-in-landshut-website-button&amp;utm_medium=referral&amp;utm_content=option-8&amp;utm_term=zentrum-fuer-endokrinologie-und-stoffwechsel-in-landshut\" class=\"btn-primary\">Zur Terminvereinbarung (Landshut) \r\n                      <\/a>\r\n                                                              <a href=\"https:\/\/termin.samedi.de\/b\/zes-bayern-zentrum-fur-endokrinologie-und-stoffwechsel\/muenchen?ref=papp-my-doctors\" class=\"btn-primary\">Zur Terminvereinbarung (M\u00fcnchen) \r\n                      <\/a>\r\n                                                          <\/div>\r\n\r\n\r\n                  <div class=\"profil\"> \r\n                    <h1>Dr. med. Robert Schmidt<\/h1> \r\n                    <p>\r\n                      Internist, Endokrinologe und Diabetologe                    <\/p>\r\n\r\n                                          <div class=\"vorstellung\">\r\n                        <p>Dr. med. Robert Schmidt behandelt Patienten mit allen endokrinologischen (hormonell bedingten) Erkrankungen an den Standorten\u00a0M\u00fcnchen und Landshut.<\/p>\n                      <\/div>\r\n                                      <\/div>\r\n                <\/div>\r\n                    \r\n                \r\n                                  <div class=\"spezifikation\">\r\n                                          <h3>Mitgliedschaften und Engagements:<\/h3> \r\n                    \r\n                    <div class=\"items\">\r\n                     \r\n                      <div class=\"item\"> \r\n                        <p>Deutsche Gesellschaft f\u00fcr Innere Medizin (DGIM)<\/p> \r\n                      <\/div>\r\n                     \r\n                      <div class=\"item\"> \r\n                        <p>Deutsche Diabetes Gesellschaft (DDG); 2014 und 2016 Stipendiat der DDG<\/p> \r\n                      <\/div>\r\n                     \r\n                      <div class=\"item\"> \r\n                        <p>Deutsche Gesellschaft f\u00fcr Endokrinologie (DGE)<\/p> \r\n                      <\/div>\r\n                     \r\n                      <div class=\"item\"> \r\n                        <p>European Association for the Study of Diabetes (EASD)<\/p> \r\n                      <\/div>\r\n                     \r\n                      <div class=\"item\"> \r\n                        <p>Deutsche Adipositas Gesellschaft (DAG)<\/p> \r\n                      <\/div>\r\n                     \r\n                    <\/div>\r\n                  <\/div>\r\n                \r\n                                  <div class=\"qualifikation\">\r\n                    <h3>Qualifikation:<\/h3> \r\n\r\n                    <div class=\"items\">\r\n                     \r\n                      <div class=\"item\">\r\n                        <p class=\"jahr\">04\/2023:<\/p>\r\n                        <p>Anerkennung als Facharzt f\u00fcr Innere Medizin, Endokrinologie und Diabetologie<\/p> \r\n                      <\/div>\r\n                     \r\n                      <div class=\"item\">\r\n                        <p class=\"jahr\">seit 10\/2020:<\/p>\r\n                        <p>\u00c4rztliche T\u00e4tigkeit im Zentrum f\u00fcr Endokrinologie und Stoffwechsel an den Standorten M\u00fcnchen und Landshut<\/p> \r\n                      <\/div>\r\n                     \r\n                      <div class=\"item\">\r\n                        <p class=\"jahr\">02\/2014 &#8211; 09\/2020  :<\/p>\r\n                        <p>\u00c4rztliche T\u00e4tigkeit in der Klinik f\u00fcr Endokrinologie, Diabetologie, Angiologie und Innere Medizin, Notfallzentrum und Tagesklinik, M\u00fcnchen Klinik Neuperlach, M\u00fcnchen<\/p> \r\n                      <\/div>\r\n                     \r\n                      <div class=\"item\">\r\n                        <p class=\"jahr\">01\/2020:<\/p>\r\n                        <p>Anerkennung als Diabetologe DDG<\/p> \r\n                      <\/div>\r\n                     \r\n                      <div class=\"item\">\r\n                        <p class=\"jahr\">11\/2019:<\/p>\r\n                        <p>Anerkennung als Facharzt f\u00fcr Innere Medizin<\/p> \r\n                      <\/div>\r\n                     \r\n                      <div class=\"item\">\r\n                        <p class=\"jahr\">2018:<\/p>\r\n                        <p>Promotion an der LMU M\u00fcnchen zum Thema \u201eUntersuchung kortikaler Aktivierungen in der funktionellen Magnetresonanztomographie w\u00e4hrend galvanischer vestibul\u00e4rer Stimulation\u201c<\/p> \r\n                      <\/div>\r\n                     \r\n                      <div class=\"item\">\r\n                        <p class=\"jahr\">2007 &#8211; 2013  :<\/p>\r\n                        <p>Studium der Humanmedizin an der LMU M\u00fcnchen, Approbation als Arzt<\/p> \r\n                      <\/div>\r\n                     \r\n                      <div class=\"item\">\r\n                        <p class=\"jahr\">2006 &#8211; 2007:<\/p>\r\n                        <p>Zivildienst im Pflegedienst, Klinikum der LMU M\u00fcnchen<\/p> \r\n                      <\/div>\r\n                     \r\n                      <div class=\"item\">\r\n                        <p class=\"jahr\">2006:<\/p>\r\n                        <p>Hochschulreife am Internatsgymnasium P\u00e4dagogium Bad Sachsa<\/p> \r\n                      <\/div>\r\n                     \r\n                    <\/div>\r\n                  <\/div>\r\n                                \r\n                \r\n\r\n            <\/div>\r\n              <\/div>\r\n    <\/div>\r\n\r\n\n\n    <div  class=\"cta-block  cta\">\r\n        <div class=\"layout\">\r\n                            <div class=\"col\">\r\n                                            <h3>Besuchen Sie unsere ZES-Zentren<\/h3>\r\n                                                            <a href=\"\/zes\/standorte\" class=\"btn-primary\">Zu den Standorten<img decoding=\"async\" src=\"https:\/\/endokrinologie.bayern\/landshut\/wp-content\/themes\/zes_theme\/images\/btn-next.svg\" alt=\"btn next\" title=\"btn next\"><\/a>                <\/div>\r\n                <div class=\"col\">\r\n                                            <div class=\"content\">\r\n                            <p>Wir laden Sie ein, unsere Endokrinologie-Zentren in Bayern zu besuchen und die Vorteile einer spezialisierten Endokrinologie-Betreuung zu erleben. Unsere Standorte sind darauf ausgerichtet, Ihnen in der Endokrinologie eine umfassende Betreuung zu bieten, die Ihr Leben nachhaltig verbessert.<\/p>\n                        <\/div>\r\n                                    <\/div>\r\n                    <\/div>\r\n    <\/div>\r\n","protected":false},"excerpt":{"rendered":"","protected":false},"author":1,"featured_media":0,"parent":156,"menu_order":0,"comment_status":"closed","ping_status":"closed","template":"","meta":{"_acf_changed":false,"footnotes":""},"standort":[],"class_list":["post-488","page","type-page","status-publish","hentry"],"acf":[],"yoast_head":"<!-- This site is optimized with the Yoast SEO plugin v27.3 - https:\/\/yoast.com\/product\/yoast-seo-wordpress\/ -->\n<title>Zentrum f\u00fcr Endokrinologie und Stoffwechsel Landshut - Robert Schmidt<\/title>\n<meta name=\"description\" content=\"Ihr Spezialist in Landshut f\u00fcr hormonelle und stoffwechselbedingte Erkrankungen. Mit moderner Diagnostik und individuellen Therapien f\u00fcr Ihre Gesundheit.\" \/>\n<meta name=\"robots\" content=\"index, follow, max-snippet:-1, max-image-preview:large, max-video-preview:-1\" \/>\n<link rel=\"canonical\" href=\"https:\/\/endokrinologie.bayern\/landshut\/team\/robert-schmidt\/\" \/>\n<meta property=\"og:locale\" content=\"de_DE\" \/>\n<meta property=\"og:type\" content=\"article\" \/>\n<meta property=\"og:title\" content=\"Zentrum f\u00fcr Endokrinologie und Stoffwechsel Landshut - Robert Schmidt\" \/>\n<meta property=\"og:description\" content=\"Ihr Spezialist in Landshut f\u00fcr hormonelle und stoffwechselbedingte Erkrankungen. Mit moderner Diagnostik und individuellen Therapien f\u00fcr Ihre Gesundheit.\" \/>\n<meta property=\"og:url\" content=\"https:\/\/endokrinologie.bayern\/landshut\/team\/robert-schmidt\/\" \/>\n<meta property=\"og:site_name\" content=\"ZES Landshut\" \/>\n<meta property=\"article:modified_time\" content=\"2024-12-06T15:24:40+00:00\" \/>\n<meta name=\"twitter:card\" content=\"summary_large_image\" \/>\n<script type=\"application\/ld+json\" class=\"yoast-schema-graph\">{\"@context\":\"https:\\\/\\\/schema.org\",\"@graph\":[{\"@type\":\"WebPage\",\"@id\":\"https:\\\/\\\/endokrinologie.bayern\\\/landshut\\\/team\\\/robert-schmidt\\\/\",\"url\":\"https:\\\/\\\/endokrinologie.bayern\\\/landshut\\\/team\\\/robert-schmidt\\\/\",\"name\":\"Zentrum f\u00fcr Endokrinologie und Stoffwechsel Landshut - Robert Schmidt\",\"isPartOf\":{\"@id\":\"https:\\\/\\\/endokrinologie.bayern\\\/landshut\\\/#website\"},\"datePublished\":\"2024-07-24T15:44:46+00:00\",\"dateModified\":\"2024-12-06T15:24:40+00:00\",\"description\":\"Ihr Spezialist in Landshut f\u00fcr hormonelle und stoffwechselbedingte Erkrankungen. Mit moderner Diagnostik und individuellen Therapien f\u00fcr Ihre Gesundheit.\",\"breadcrumb\":{\"@id\":\"https:\\\/\\\/endokrinologie.bayern\\\/landshut\\\/team\\\/robert-schmidt\\\/#breadcrumb\"},\"inLanguage\":\"de\",\"potentialAction\":[{\"@type\":\"ReadAction\",\"target\":[\"https:\\\/\\\/endokrinologie.bayern\\\/landshut\\\/team\\\/robert-schmidt\\\/\"]}]},{\"@type\":\"BreadcrumbList\",\"@id\":\"https:\\\/\\\/endokrinologie.bayern\\\/landshut\\\/team\\\/robert-schmidt\\\/#breadcrumb\",\"itemListElement\":[{\"@type\":\"ListItem\",\"position\":1,\"name\":\"Startseite\",\"item\":\"https:\\\/\\\/endokrinologie.bayern\\\/landshut\\\/\"},{\"@type\":\"ListItem\",\"position\":2,\"name\":\"Team\",\"item\":\"https:\\\/\\\/endokrinologie.bayern\\\/landshut\\\/team\\\/\"},{\"@type\":\"ListItem\",\"position\":3,\"name\":\"Robert Schmidt\"}]},{\"@type\":\"WebSite\",\"@id\":\"https:\\\/\\\/endokrinologie.bayern\\\/landshut\\\/#website\",\"url\":\"https:\\\/\\\/endokrinologie.bayern\\\/landshut\\\/\",\"name\":\"Zentrum f\u00fcr Endokrinologie und Stoffwechsel Landshut\",\"description\":\"Hormone im Gleichgewicht\",\"potentialAction\":[{\"@type\":\"SearchAction\",\"target\":{\"@type\":\"EntryPoint\",\"urlTemplate\":\"https:\\\/\\\/endokrinologie.bayern\\\/landshut\\\/?s={search_term_string}\"},\"query-input\":{\"@type\":\"PropertyValueSpecification\",\"valueRequired\":true,\"valueName\":\"search_term_string\"}}],\"inLanguage\":\"de\"}]}<\/script>\n<!-- \/ Yoast SEO plugin. -->","yoast_head_json":{"title":"Zentrum f\u00fcr Endokrinologie und Stoffwechsel Landshut - Robert Schmidt","description":"Ihr Spezialist in Landshut f\u00fcr hormonelle und stoffwechselbedingte Erkrankungen. Mit moderner Diagnostik und individuellen Therapien f\u00fcr Ihre Gesundheit.","robots":{"index":"index","follow":"follow","max-snippet":"max-snippet:-1","max-image-preview":"max-image-preview:large","max-video-preview":"max-video-preview:-1"},"canonical":"https:\/\/endokrinologie.bayern\/landshut\/team\/robert-schmidt\/","og_locale":"de_DE","og_type":"article","og_title":"Zentrum f\u00fcr Endokrinologie und Stoffwechsel Landshut - Robert Schmidt","og_description":"Ihr Spezialist in Landshut f\u00fcr hormonelle und stoffwechselbedingte Erkrankungen. Mit moderner Diagnostik und individuellen Therapien f\u00fcr Ihre Gesundheit.","og_url":"https:\/\/endokrinologie.bayern\/landshut\/team\/robert-schmidt\/","og_site_name":"ZES Landshut","article_modified_time":"2024-12-06T15:24:40+00:00","twitter_card":"summary_large_image","schema":{"@context":"https:\/\/schema.org","@graph":[{"@type":"WebPage","@id":"https:\/\/endokrinologie.bayern\/landshut\/team\/robert-schmidt\/","url":"https:\/\/endokrinologie.bayern\/landshut\/team\/robert-schmidt\/","name":"Zentrum f\u00fcr Endokrinologie und Stoffwechsel Landshut - Robert Schmidt","isPartOf":{"@id":"https:\/\/endokrinologie.bayern\/landshut\/#website"},"datePublished":"2024-07-24T15:44:46+00:00","dateModified":"2024-12-06T15:24:40+00:00","description":"Ihr Spezialist in Landshut f\u00fcr hormonelle und stoffwechselbedingte Erkrankungen. Mit moderner Diagnostik und individuellen Therapien f\u00fcr Ihre Gesundheit.","breadcrumb":{"@id":"https:\/\/endokrinologie.bayern\/landshut\/team\/robert-schmidt\/#breadcrumb"},"inLanguage":"de","potentialAction":[{"@type":"ReadAction","target":["https:\/\/endokrinologie.bayern\/landshut\/team\/robert-schmidt\/"]}]},{"@type":"BreadcrumbList","@id":"https:\/\/endokrinologie.bayern\/landshut\/team\/robert-schmidt\/#breadcrumb","itemListElement":[{"@type":"ListItem","position":1,"name":"Startseite","item":"https:\/\/endokrinologie.bayern\/landshut\/"},{"@type":"ListItem","position":2,"name":"Team","item":"https:\/\/endokrinologie.bayern\/landshut\/team\/"},{"@type":"ListItem","position":3,"name":"Robert Schmidt"}]},{"@type":"WebSite","@id":"https:\/\/endokrinologie.bayern\/landshut\/#website","url":"https:\/\/endokrinologie.bayern\/landshut\/","name":"Zentrum f\u00fcr Endokrinologie und Stoffwechsel Landshut","description":"Hormone im Gleichgewicht","potentialAction":[{"@type":"SearchAction","target":{"@type":"EntryPoint","urlTemplate":"https:\/\/endokrinologie.bayern\/landshut\/?s={search_term_string}"},"query-input":{"@type":"PropertyValueSpecification","valueRequired":true,"valueName":"search_term_string"}}],"inLanguage":"de"}]}},"_links":{"self":[{"href":"https:\/\/endokrinologie.bayern\/landshut\/wp-json\/wp\/v2\/pages\/488","targetHints":{"allow":["GET"]}}],"collection":[{"href":"https:\/\/endokrinologie.bayern\/landshut\/wp-json\/wp\/v2\/pages"}],"about":[{"href":"https:\/\/endokrinologie.bayern\/landshut\/wp-json\/wp\/v2\/types\/page"}],"author":[{"embeddable":true,"href":"https:\/\/endokrinologie.bayern\/landshut\/wp-json\/wp\/v2\/users\/1"}],"replies":[{"embeddable":true,"href":"https:\/\/endokrinologie.bayern\/landshut\/wp-json\/wp\/v2\/comments?post=488"}],"version-history":[{"count":4,"href":"https:\/\/endokrinologie.bayern\/landshut\/wp-json\/wp\/v2\/pages\/488\/revisions"}],"predecessor-version":[{"id":644,"href":"https:\/\/endokrinologie.bayern\/landshut\/wp-json\/wp\/v2\/pages\/488\/revisions\/644"}],"up":[{"embeddable":true,"href":"https:\/\/endokrinologie.bayern\/landshut\/wp-json\/wp\/v2\/pages\/156"}],"wp:attachment":[{"href":"https:\/\/endokrinologie.bayern\/landshut\/wp-json\/wp\/v2\/media?parent=488"}],"wp:term":[{"taxonomy":"standort","embeddable":true,"href":"https:\/\/endokrinologie.bayern\/landshut\/wp-json\/wp\/v2\/standort?post=488"}],"curies":[{"name":"wp","href":"https:\/\/api.w.org\/{rel}","templated":true}]}}