{"id":446,"date":"2024-07-16T14:04:14","date_gmt":"2024-07-16T12:04:14","guid":{"rendered":"https:\/\/ita-staging.de\/zes\/landshut\/?page_id=446"},"modified":"2024-12-03T20:05:52","modified_gmt":"2024-12-03T19:05:52","slug":"ernaehrungsberatung","status":"publish","type":"page","link":"https:\/\/endokrinologie.bayern\/landshut\/leistungen\/ernaehrungsberatung\/","title":{"rendered":"Ern\u00e4hrungsberatung"},"content":{"rendered":"\r\n    <div  class=\"simple-header-block\">\r\n        <div class=\"layout-s\">\r\n                            <div class=\"title\">\r\n                                            <img decoding=\"async\" src=\"https:\/\/endokrinologie.bayern\/landshut\/wp-content\/uploads\/sites\/3\/2024\/11\/icon-ver-praeventionsmedizin.svg\" alt=\"icon-ver-praeventionsmedizin\"> \r\n                                        <h1>Ern\u00e4hrungsberatung in Landshut<\/h1>\r\n                <\/div>\r\n                                        <p class=\"subline\"> Ihr Weg zu einem ges\u00fcnderen Leben<\/p>\r\n                                        <p>Ern\u00e4hrungsberatung ist viel mehr als nur Kalorienz\u00e4hlen. Bei uns geht es darum, eine nachhaltige, gesunde Lebensweise zu f\u00f6rdern, die auf Ihre spezifischen Bed\u00fcrfnisse zugeschnitten ist. Ob Sie Gewicht verlieren, Ihre Energie steigern oder spezielle gesundheitliche Probleme wie Diabetes oder Hormonst\u00f6rungen angehen m\u00f6chten \u2013 wir sind hier, um Ihnen zu helfen.<\/p>\r\n                                <\/div>\r\n    <\/div>\r\n\n\n\r\n\r\n  <div  class=\"fachbereiche-block white col-2\">\r\n\r\n<div class=\"layout-s\">\r\n      <h3>Unsere spezialisierten Leistungen<\/h3>\r\n  \r\n  <div class=\"items\" x-data=\"{ openItem: null }\">\r\n          <div class=\"item\"> \r\n          <div class=\"head-elm\">\r\n            <img decoding=\"async\" src=\"https:\/\/endokrinologie.bayern\/landshut\/wp-content\/themes\/zes_theme\/images\/icon-check.svg\" alt=\"icon\" title=\"icon\">  \r\n            <p class=\"\" @click=\"openItem = openItem === 'item-0' ? null : 'item-0'\"> \r\n                                                Ern\u00e4hrungsanalyse                                <\/b>\r\n                                                          \r\n                          <\/p>\r\n          <\/div>\r\n                        <\/div>\r\n                          \r\n          <div class=\"item\"> \r\n          <div class=\"head-elm\">\r\n            <img decoding=\"async\" src=\"https:\/\/endokrinologie.bayern\/landshut\/wp-content\/themes\/zes_theme\/images\/icon-check.svg\" alt=\"icon\" title=\"icon\">  \r\n            <p class=\"\" @click=\"openItem = openItem === 'item-1' ? null : 'item-1'\"> \r\n                                                Individuelle Ern\u00e4hrungspl\u00e4ne                                <\/b>\r\n                                                          \r\n                          <\/p>\r\n          <\/div>\r\n                        <\/div>\r\n                          \r\n          <div class=\"item\"> \r\n          <div class=\"head-elm\">\r\n            <img decoding=\"async\" src=\"https:\/\/endokrinologie.bayern\/landshut\/wp-content\/themes\/zes_theme\/images\/icon-check.svg\" alt=\"icon\" title=\"icon\">  \r\n            <p class=\"\" @click=\"openItem = openItem === 'item-2' ? null : 'item-2'\"> \r\n                                                Kontinuierliche Betreuung                                <\/b>\r\n                                                          \r\n                          <\/p>\r\n          <\/div>\r\n                        <\/div>\r\n                          \r\n          <div class=\"item\"> \r\n          <div class=\"head-elm\">\r\n            <img decoding=\"async\" src=\"https:\/\/endokrinologie.bayern\/landshut\/wp-content\/themes\/zes_theme\/images\/icon-check.svg\" alt=\"icon\" title=\"icon\">  \r\n            <p class=\"cursor-pointer\" @click=\"openItem = openItem === 'item-3' ? null : 'item-3'\"> \r\n                              <span class=\"headline\">\r\n                  Spezialprogramme                                  <\/span>\r\n                          \r\n                              <span class=\"underline\"><\/span>\r\n                          <\/p>\r\n          <\/div>\r\n                        <\/div>\r\n               \r\n          <div x-show=\"openItem === 'item-3'\" class=\"item\">\r\n                          <img decoding=\"async\" src=\"https:\/\/endokrinologie.bayern\/landshut\/wp-content\/themes\/zes_theme\/images\/icon-check.svg\" alt=\"icon\" title=\"icon\"> \r\n                        <div class=\"text\">\r\n              <p class=\"meta\">\r\n                Spezialprogramme              <\/p>\r\n              <p><p>Diabetesmanagement<\/p>\n<\/p>\r\n            <\/div>\r\n          <\/div> \r\n         \r\n          <div x-show=\"openItem === 'item-3'\" class=\"item\">\r\n                          <img decoding=\"async\" src=\"https:\/\/endokrinologie.bayern\/landshut\/wp-content\/themes\/zes_theme\/images\/icon-check.svg\" alt=\"icon\" title=\"icon\"> \r\n                        <div class=\"text\">\r\n              <p class=\"meta\">\r\n                Spezialprogramme              <\/p>\r\n              <p><p>Gewichtsreduktion<\/p>\n<\/p>\r\n            <\/div>\r\n          <\/div> \r\n         \r\n          <div x-show=\"openItem === 'item-3'\" class=\"item\">\r\n                          <img decoding=\"async\" src=\"https:\/\/endokrinologie.bayern\/landshut\/wp-content\/themes\/zes_theme\/images\/icon-check.svg\" alt=\"icon\" title=\"icon\"> \r\n                        <div class=\"text\">\r\n              <p class=\"meta\">\r\n                Spezialprogramme              <\/p>\r\n              <p><p>Schilddr\u00fcsenerkrankungen<\/p>\n<\/p>\r\n            <\/div>\r\n          <\/div> \r\n                    \r\n      <\/div>\r\n\r\n        <a href=\"https:\/\/endokrinologie.bayern\/landshut\/team\/\" class=\"btn-secondary\">\r\n        Zu unseren Spezialisten        <img decoding=\"async\" src=\"https:\/\/endokrinologie.bayern\/landshut\/wp-content\/themes\/zes_theme\/images\/btn-next-black.svg\" alt=\"btn-next\" title=\"btn-next\">\r\n      <\/a>\r\n  <\/div>\r\n\r\n<\/div>\r\n\r\n\n\n\r\n\r\n    <div  class=\"kachel-block leistungen\"> \r\n      <div class=\"layout-s\">\r\n                   <h3>Weitere Behandlungsschwerpunkte<\/h3>\r\n                \r\n\r\n        <div class=\"kacheln \">\r\n                      <div class=\"kachel \">\r\n                              <a href=\"https:\/\/endokrinologie.bayern\/landshut\/leistungen\/endokrinologie\/\">\r\n                                                <p class=\"title\">\r\n                    Endokrinologie                  <\/p>\r\n                                                                  <img src='https:\/\/endokrinologie.bayern\/landshut\/wp-content\/uploads\/sites\/3\/2024\/07\/icon-ver-endokrenologie.svg' alt='' title='icon-ver-endokrenologie'>\r\n                                                  <p class=\"btn-secondary\">Mehr erfahren\r\n                    <img decoding=\"async\" src=\"https:\/\/endokrinologie.bayern\/wp-content\/themes\/zes_theme\/images\/btn-next-black.svg\" alt=\"btn-next\" title=\"btn-next\">\r\n                  <\/p>\r\n                                              <\/a>\r\n                          <\/div>\r\n                      <div class=\"kachel \">\r\n                              <a href=\"#\">\r\n                                                <p class=\"title\">\r\n                    Adipositas  (\u00dcbergewicht)                  <\/p>\r\n                                                                  <img src='https:\/\/endokrinologie.bayern\/landshut\/wp-content\/uploads\/sites\/3\/2024\/07\/icon-ver-adipositas-24.svg' alt='' title='icon-ver-adipositas-24'>\r\n                                                  <p class=\"btn-secondary\">Mehr erfahren\r\n                    <img decoding=\"async\" src=\"https:\/\/endokrinologie.bayern\/wp-content\/themes\/zes_theme\/images\/btn-next-black.svg\" alt=\"btn-next\" title=\"btn-next\">\r\n                  <\/p>\r\n                                              <\/a>\r\n                          <\/div>\r\n                      <div class=\"kachel \">\r\n                              <a href=\"https:\/\/endokrinologie.bayern\/landshut\/leistungen\/diabetologie\/\">\r\n                                                <p class=\"title\">\r\n                    Diabetologie                  <\/p>\r\n                                                                  <img src='https:\/\/endokrinologie.bayern\/landshut\/wp-content\/uploads\/sites\/3\/2024\/07\/icon-finger.svg' alt='' title='icon-finger'>\r\n                                                  <p class=\"btn-secondary\">Mehr erfahren\r\n                    <img decoding=\"async\" src=\"https:\/\/endokrinologie.bayern\/wp-content\/themes\/zes_theme\/images\/btn-next-black.svg\" alt=\"btn-next\" title=\"btn-next\">\r\n                  <\/p>\r\n                                              <\/a>\r\n                          <\/div>\r\n                      <div class=\"kachel \">\r\n                              <a href=\"https:\/\/endokrinologie.bayern\/landshut\/leistungen\/osteologie\/\">\r\n                                                <p class=\"title\">\r\n                    Osteologie                  <\/p>\r\n                                                                  <img src='https:\/\/endokrinologie.bayern\/landshut\/wp-content\/uploads\/sites\/3\/2024\/07\/icon-osteoporose_24.svg' alt='' title='icon-osteoporose_24'>\r\n                                                  <p class=\"btn-secondary\">Mehr erfahren\r\n                    <img decoding=\"async\" src=\"https:\/\/endokrinologie.bayern\/wp-content\/themes\/zes_theme\/images\/btn-next-black.svg\" alt=\"btn-next\" title=\"btn-next\">\r\n                  <\/p>\r\n                                              <\/a>\r\n                          <\/div>\r\n                      <div class=\"kachel \">\r\n                              <a href=\"#\">\r\n                                                <p class=\"title\">\r\n                    Ern\u00e4hrungs- beratung                  <\/p>\r\n                                                                  <img src='https:\/\/endokrinologie.bayern\/landshut\/wp-content\/uploads\/sites\/3\/2024\/07\/icon-ernaehrungsberatung.svg' alt='' title='icon-ernaehrungsberatung'>\r\n                                                  <p class=\"btn-secondary\">Mehr erfahren\r\n                    <img decoding=\"async\" src=\"https:\/\/endokrinologie.bayern\/wp-content\/themes\/zes_theme\/images\/btn-next-black.svg\" alt=\"btn-next\" title=\"btn-next\">\r\n                  <\/p>\r\n                                              <\/a>\r\n                          <\/div>\r\n                  <\/div>\r\n\r\n                    <a href=\"https:\/\/endokrinologie.bayern\/landshut\/leistungen\/\" class=\"btn-primary \">\r\n              Zu der Leistungs\u00fcbersicht              <img decoding=\"async\" src=\"https:\/\/endokrinologie.bayern\/wp-content\/themes\/zes_theme\/images\/btn-next.svg\" alt=\"btn next\" title=\"btn next\">\r\n            <\/a>\r\n              <\/div>\r\n    <\/div>\r\n\r\n\n\n    <div  class=\"accordion-block \">\r\n        <div class=\"layout-s\">\r\n                            <h3>Infopool<\/h3>\r\n            \r\n            <div class=\"accordion\" x-data=\"{ open: null }\">\r\n                                        <div class=\"item\">\r\n                            <button @click=\"open = open === 0 ? null : 0\">\r\n                                Wie lange dauert eine Ern\u00e4hrungsberatungssitzung?                                <img decoding=\"async\" x-show=\"open !== 0\" \r\n                                     src=\"https:\/\/endokrinologie.bayern\/landshut\/wp-content\/themes\/zes_theme\/images\/acc_closed.svg\" \r\n                                     alt=\"Closed\" style=\"display: none;\">\r\n                                <img decoding=\"async\" x-show=\"open === 0\" \r\n                                     src=\"https:\/\/endokrinologie.bayern\/landshut\/wp-content\/themes\/zes_theme\/images\/acc_open.svg\" \r\n                                     alt=\"Open\" style=\"display: none;\">\r\n                            <\/button>\r\n                            <div x-show=\"open === 0\" x-collapse class=\"content\">\r\n                                <p>In der Regel dauert eine Sitzung etwa 60 Minuten. Bei Bedarf k\u00f6nnen l\u00e4ngere Sitzungen vereinbart werden.<\/p>\n                            <\/div>\r\n                        <\/div>\r\n                                                            <div class=\"item\">\r\n                            <button @click=\"open = open === 1 ? null : 1\">\r\n                                Muss ich Medikamente einnehmen?                                <img decoding=\"async\" x-show=\"open !== 1\" \r\n                                     src=\"https:\/\/endokrinologie.bayern\/landshut\/wp-content\/themes\/zes_theme\/images\/acc_closed.svg\" \r\n                                     alt=\"Closed\" style=\"display: none;\">\r\n                                <img decoding=\"async\" x-show=\"open === 1\" \r\n                                     src=\"https:\/\/endokrinologie.bayern\/landshut\/wp-content\/themes\/zes_theme\/images\/acc_open.svg\" \r\n                                     alt=\"Open\" style=\"display: none;\">\r\n                            <\/button>\r\n                            <div x-show=\"open === 1\" x-collapse class=\"content\">\r\n                                <p>Unsere Ern\u00e4hrungsberatung zielt darauf ab, Ihre Gesundheit durch Ern\u00e4hrung zu verbessern. Medikamente werden nur bei medizinischer Notwendigkeit und in Absprache mit unseren Endokrinologen empfohlen.<\/p>\n                            <\/div>\r\n                        <\/div>\r\n                                                            <div class=\"item\">\r\n                            <button @click=\"open = open === 2 ? null : 2\">\r\n                                Muss ich bestimmte Lebensmittel vermeiden?                                <img decoding=\"async\" x-show=\"open !== 2\" \r\n                                     src=\"https:\/\/endokrinologie.bayern\/landshut\/wp-content\/themes\/zes_theme\/images\/acc_closed.svg\" \r\n                                     alt=\"Closed\" style=\"display: none;\">\r\n                                <img decoding=\"async\" x-show=\"open === 2\" \r\n                                     src=\"https:\/\/endokrinologie.bayern\/landshut\/wp-content\/themes\/zes_theme\/images\/acc_open.svg\" \r\n                                     alt=\"Open\" style=\"display: none;\">\r\n                            <\/button>\r\n                            <div x-show=\"open === 2\" x-collapse class=\"content\">\r\n                                <p>Unser Ziel ist es, Ihnen eine ausgewogene Ern\u00e4hrung zu erm\u00f6glichen. Einschr\u00e4nkungen gibt es nur, wenn diese medizinisch notwendig sind, beispielsweise bei Lebensmittelunvertr\u00e4glichkeiten.<\/p>\n<h3><\/h3>\n                            <\/div>\r\n                        <\/div>\r\n                                    \r\n                            <\/div>\r\n        <\/div>\r\n    <\/div>\r\n","protected":false},"excerpt":{"rendered":"","protected":false},"author":1,"featured_media":0,"parent":282,"menu_order":0,"comment_status":"closed","ping_status":"closed","template":"","meta":{"_acf_changed":false,"footnotes":""},"standort":[],"class_list":["post-446","page","type-page","status-publish","hentry"],"acf":[],"yoast_head":"<!-- This site is optimized with the Yoast SEO plugin v27.3 - https:\/\/yoast.com\/product\/yoast-seo-wordpress\/ -->\n<title>Zentrum f\u00fcr Endokrinologie und Stoffwechsel Landshut - Ern\u00e4hrungsberatung<\/title>\n<meta name=\"description\" content=\"Ihr Spezialist in Landshut f\u00fcr hormonelle und stoffwechselbedingte Erkrankungen. Mit moderner Diagnostik und individuellen Therapien f\u00fcr Ihre Gesundheit.\" \/>\n<meta name=\"robots\" content=\"index, follow, max-snippet:-1, max-image-preview:large, max-video-preview:-1\" \/>\n<link rel=\"canonical\" href=\"https:\/\/endokrinologie.bayern\/landshut\/leistungen\/ernaehrungsberatung\/\" \/>\n<meta property=\"og:locale\" content=\"de_DE\" \/>\n<meta property=\"og:type\" content=\"article\" \/>\n<meta property=\"og:title\" content=\"Zentrum f\u00fcr Endokrinologie und Stoffwechsel Landshut - Ern\u00e4hrungsberatung\" \/>\n<meta property=\"og:description\" content=\"Ihr Spezialist in Landshut f\u00fcr hormonelle und stoffwechselbedingte Erkrankungen. Mit moderner Diagnostik und individuellen Therapien f\u00fcr Ihre Gesundheit.\" \/>\n<meta property=\"og:url\" content=\"https:\/\/endokrinologie.bayern\/landshut\/leistungen\/ernaehrungsberatung\/\" \/>\n<meta property=\"og:site_name\" content=\"ZES Landshut\" \/>\n<meta property=\"article:modified_time\" content=\"2024-12-03T19:05:52+00:00\" \/>\n<meta name=\"twitter:card\" content=\"summary_large_image\" \/>\n<script type=\"application\/ld+json\" class=\"yoast-schema-graph\">{\"@context\":\"https:\\\/\\\/schema.org\",\"@graph\":[{\"@type\":\"WebPage\",\"@id\":\"https:\\\/\\\/endokrinologie.bayern\\\/landshut\\\/leistungen\\\/ernaehrungsberatung\\\/\",\"url\":\"https:\\\/\\\/endokrinologie.bayern\\\/landshut\\\/leistungen\\\/ernaehrungsberatung\\\/\",\"name\":\"Zentrum f\u00fcr Endokrinologie und Stoffwechsel Landshut - Ern\u00e4hrungsberatung\",\"isPartOf\":{\"@id\":\"https:\\\/\\\/endokrinologie.bayern\\\/landshut\\\/#website\"},\"datePublished\":\"2024-07-16T12:04:14+00:00\",\"dateModified\":\"2024-12-03T19:05:52+00:00\",\"description\":\"Ihr Spezialist in Landshut f\u00fcr hormonelle und stoffwechselbedingte Erkrankungen. Mit moderner Diagnostik und individuellen Therapien f\u00fcr Ihre Gesundheit.\",\"breadcrumb\":{\"@id\":\"https:\\\/\\\/endokrinologie.bayern\\\/landshut\\\/leistungen\\\/ernaehrungsberatung\\\/#breadcrumb\"},\"inLanguage\":\"de\",\"potentialAction\":[{\"@type\":\"ReadAction\",\"target\":[\"https:\\\/\\\/endokrinologie.bayern\\\/landshut\\\/leistungen\\\/ernaehrungsberatung\\\/\"]}]},{\"@type\":\"BreadcrumbList\",\"@id\":\"https:\\\/\\\/endokrinologie.bayern\\\/landshut\\\/leistungen\\\/ernaehrungsberatung\\\/#breadcrumb\",\"itemListElement\":[{\"@type\":\"ListItem\",\"position\":1,\"name\":\"Startseite\",\"item\":\"https:\\\/\\\/endokrinologie.bayern\\\/landshut\\\/\"},{\"@type\":\"ListItem\",\"position\":2,\"name\":\"Leistungen\",\"item\":\"https:\\\/\\\/endokrinologie.bayern\\\/landshut\\\/leistungen\\\/\"},{\"@type\":\"ListItem\",\"position\":3,\"name\":\"Ern\u00e4hrungsberatung\"}]},{\"@type\":\"WebSite\",\"@id\":\"https:\\\/\\\/endokrinologie.bayern\\\/landshut\\\/#website\",\"url\":\"https:\\\/\\\/endokrinologie.bayern\\\/landshut\\\/\",\"name\":\"Zentrum f\u00fcr Endokrinologie und Stoffwechsel Landshut\",\"description\":\"Hormone im Gleichgewicht\",\"potentialAction\":[{\"@type\":\"SearchAction\",\"target\":{\"@type\":\"EntryPoint\",\"urlTemplate\":\"https:\\\/\\\/endokrinologie.bayern\\\/landshut\\\/?s={search_term_string}\"},\"query-input\":{\"@type\":\"PropertyValueSpecification\",\"valueRequired\":true,\"valueName\":\"search_term_string\"}}],\"inLanguage\":\"de\"}]}<\/script>\n<!-- \/ Yoast SEO plugin. -->","yoast_head_json":{"title":"Zentrum f\u00fcr Endokrinologie und Stoffwechsel Landshut - Ern\u00e4hrungsberatung","description":"Ihr Spezialist in Landshut f\u00fcr hormonelle und stoffwechselbedingte Erkrankungen. Mit moderner Diagnostik und individuellen Therapien f\u00fcr Ihre Gesundheit.","robots":{"index":"index","follow":"follow","max-snippet":"max-snippet:-1","max-image-preview":"max-image-preview:large","max-video-preview":"max-video-preview:-1"},"canonical":"https:\/\/endokrinologie.bayern\/landshut\/leistungen\/ernaehrungsberatung\/","og_locale":"de_DE","og_type":"article","og_title":"Zentrum f\u00fcr Endokrinologie und Stoffwechsel Landshut - Ern\u00e4hrungsberatung","og_description":"Ihr Spezialist in Landshut f\u00fcr hormonelle und stoffwechselbedingte Erkrankungen. Mit moderner Diagnostik und individuellen Therapien f\u00fcr Ihre Gesundheit.","og_url":"https:\/\/endokrinologie.bayern\/landshut\/leistungen\/ernaehrungsberatung\/","og_site_name":"ZES Landshut","article_modified_time":"2024-12-03T19:05:52+00:00","twitter_card":"summary_large_image","schema":{"@context":"https:\/\/schema.org","@graph":[{"@type":"WebPage","@id":"https:\/\/endokrinologie.bayern\/landshut\/leistungen\/ernaehrungsberatung\/","url":"https:\/\/endokrinologie.bayern\/landshut\/leistungen\/ernaehrungsberatung\/","name":"Zentrum f\u00fcr Endokrinologie und Stoffwechsel Landshut - Ern\u00e4hrungsberatung","isPartOf":{"@id":"https:\/\/endokrinologie.bayern\/landshut\/#website"},"datePublished":"2024-07-16T12:04:14+00:00","dateModified":"2024-12-03T19:05:52+00:00","description":"Ihr Spezialist in Landshut f\u00fcr hormonelle und stoffwechselbedingte Erkrankungen. Mit moderner Diagnostik und individuellen Therapien f\u00fcr Ihre Gesundheit.","breadcrumb":{"@id":"https:\/\/endokrinologie.bayern\/landshut\/leistungen\/ernaehrungsberatung\/#breadcrumb"},"inLanguage":"de","potentialAction":[{"@type":"ReadAction","target":["https:\/\/endokrinologie.bayern\/landshut\/leistungen\/ernaehrungsberatung\/"]}]},{"@type":"BreadcrumbList","@id":"https:\/\/endokrinologie.bayern\/landshut\/leistungen\/ernaehrungsberatung\/#breadcrumb","itemListElement":[{"@type":"ListItem","position":1,"name":"Startseite","item":"https:\/\/endokrinologie.bayern\/landshut\/"},{"@type":"ListItem","position":2,"name":"Leistungen","item":"https:\/\/endokrinologie.bayern\/landshut\/leistungen\/"},{"@type":"ListItem","position":3,"name":"Ern\u00e4hrungsberatung"}]},{"@type":"WebSite","@id":"https:\/\/endokrinologie.bayern\/landshut\/#website","url":"https:\/\/endokrinologie.bayern\/landshut\/","name":"Zentrum f\u00fcr Endokrinologie und Stoffwechsel Landshut","description":"Hormone im Gleichgewicht","potentialAction":[{"@type":"SearchAction","target":{"@type":"EntryPoint","urlTemplate":"https:\/\/endokrinologie.bayern\/landshut\/?s={search_term_string}"},"query-input":{"@type":"PropertyValueSpecification","valueRequired":true,"valueName":"search_term_string"}}],"inLanguage":"de"}]}},"_links":{"self":[{"href":"https:\/\/endokrinologie.bayern\/landshut\/wp-json\/wp\/v2\/pages\/446","targetHints":{"allow":["GET"]}}],"collection":[{"href":"https:\/\/endokrinologie.bayern\/landshut\/wp-json\/wp\/v2\/pages"}],"about":[{"href":"https:\/\/endokrinologie.bayern\/landshut\/wp-json\/wp\/v2\/types\/page"}],"author":[{"embeddable":true,"href":"https:\/\/endokrinologie.bayern\/landshut\/wp-json\/wp\/v2\/users\/1"}],"replies":[{"embeddable":true,"href":"https:\/\/endokrinologie.bayern\/landshut\/wp-json\/wp\/v2\/comments?post=446"}],"version-history":[{"count":4,"href":"https:\/\/endokrinologie.bayern\/landshut\/wp-json\/wp\/v2\/pages\/446\/revisions"}],"predecessor-version":[{"id":609,"href":"https:\/\/endokrinologie.bayern\/landshut\/wp-json\/wp\/v2\/pages\/446\/revisions\/609"}],"up":[{"embeddable":true,"href":"https:\/\/endokrinologie.bayern\/landshut\/wp-json\/wp\/v2\/pages\/282"}],"wp:attachment":[{"href":"https:\/\/endokrinologie.bayern\/landshut\/wp-json\/wp\/v2\/media?parent=446"}],"wp:term":[{"taxonomy":"standort","embeddable":true,"href":"https:\/\/endokrinologie.bayern\/landshut\/wp-json\/wp\/v2\/standort?post=446"}],"curies":[{"name":"wp","href":"https:\/\/api.w.org\/{rel}","templated":true}]}}