{"id":296,"date":"2024-07-03T23:41:20","date_gmt":"2024-07-03T21:41:20","guid":{"rendered":"https:\/\/ita-staging.de\/zes\/landshut\/?page_id=296"},"modified":"2024-12-18T18:43:58","modified_gmt":"2024-12-18T17:43:58","slug":"osteologie","status":"publish","type":"page","link":"https:\/\/endokrinologie.bayern\/landshut\/leistungen\/osteologie\/","title":{"rendered":"Osteologie"},"content":{"rendered":"\r\n    <div  class=\"simple-header-block\">\r\n        <div class=\"layout-s\">\r\n                            <div class=\"title\">\r\n                                            <img decoding=\"async\" src=\"https:\/\/endokrinologie.bayern\/landshut\/wp-content\/uploads\/sites\/3\/2024\/11\/icon-ver-osteologie.svg\" alt=\"icon-ver-osteologie\"> \r\n                                        <h1>Osteologie in Landshut<\/h1>\r\n                <\/div>\r\n                                        <p class=\"subline\">Ihre Experten f\u00fcr Knochengesundheit<\/p>\r\n                                        <p>Die Osteologie befasst sich mit der Diagnose und Behandlung von Knochenerkrankungen. Gesunde Knochen sind entscheidend f\u00fcr Ihre allgemeine Gesundheit und Lebensqualit\u00e4t. Knochenkrankheiten wie Osteoporose, Osteomalazie und andere Skeletterkrankungen k\u00f6nnen Ihre Mobilit\u00e4t und Ihr Wohlbefinden stark beeintr\u00e4chtigen. Unser Ziel ist es, Ihnen zu helfen, Ihre Knochengesundheit zu erhalten oder wiederherzustellen.<\/p>\r\n                                <\/div>\r\n    <\/div>\r\n\n\n\r\n\r\n  <div  class=\"fachbereiche-block white col-4\">\r\n\r\n<div class=\"layout\">\r\n      <h3>Unsere spezialisierten Leistungen<\/h3>\r\n  \r\n  <div class=\"items\" x-data=\"{ openItem: null }\">\r\n          <div class=\"item\"> \r\n          <div class=\"head-elm\">\r\n            <img decoding=\"async\" src=\"https:\/\/endokrinologie.bayern\/landshut\/wp-content\/themes\/zes_theme\/images\/icon-check.svg\" alt=\"icon\" title=\"icon\">  \r\n            <p class=\"\" @click=\"openItem = openItem === 'item-0' ? null : 'item-0'\"> \r\n                                                Individuelle Behandlungspl\u00e4ne                                <\/b>\r\n                                                          \r\n                          <\/p>\r\n          <\/div>\r\n                        <\/div>\r\n                          \r\n          <div class=\"item\"> \r\n          <div class=\"head-elm\">\r\n            <img decoding=\"async\" src=\"https:\/\/endokrinologie.bayern\/landshut\/wp-content\/themes\/zes_theme\/images\/icon-check.svg\" alt=\"icon\" title=\"icon\">  \r\n            <p class=\"\" @click=\"openItem = openItem === 'item-1' ? null : 'item-1'\"> \r\n                                                Ern\u00e4hrungsberatung                                <\/b>\r\n                                                          \r\n                          <\/p>\r\n          <\/div>\r\n                        <\/div>\r\n                          \r\n          <div class=\"item\"> \r\n          <div class=\"head-elm\">\r\n            <img decoding=\"async\" src=\"https:\/\/endokrinologie.bayern\/landshut\/wp-content\/themes\/zes_theme\/images\/icon-check.svg\" alt=\"icon\" title=\"icon\">  \r\n            <p class=\"\" @click=\"openItem = openItem === 'item-2' ? null : 'item-2'\"> \r\n                                                Bewegungstherapie                                <\/b>\r\n                                                          \r\n                          <\/p>\r\n          <\/div>\r\n                        <\/div>\r\n                          \r\n          <div class=\"item\"> \r\n          <div class=\"head-elm\">\r\n            <img decoding=\"async\" src=\"https:\/\/endokrinologie.bayern\/landshut\/wp-content\/themes\/zes_theme\/images\/icon-check.svg\" alt=\"icon\" title=\"icon\">  \r\n            <p class=\"\" @click=\"openItem = openItem === 'item-3' ? null : 'item-3'\"> \r\n                                                Medikament\u00f6se Therapie                                <\/b>\r\n                                                          \r\n                          <\/p>\r\n          <\/div>\r\n                        <\/div>\r\n                          \r\n          <div class=\"item\"> \r\n          <div class=\"head-elm\">\r\n            <img decoding=\"async\" src=\"https:\/\/endokrinologie.bayern\/landshut\/wp-content\/themes\/zes_theme\/images\/icon-check.svg\" alt=\"icon\" title=\"icon\">  \r\n            <p class=\"\" @click=\"openItem = openItem === 'item-4' ? null : 'item-4'\"> \r\n                                                Pr\u00e4vention und Schulung                                <\/b>\r\n                                                          \r\n                          <\/p>\r\n          <\/div>\r\n                        <\/div>\r\n                          \r\n      <\/div>\r\n\r\n        <a href=\"https:\/\/endokrinologie.bayern\/landshut\/team\/\" class=\"btn-secondary\">\r\n        Zu unseren Spezialisten        <img decoding=\"async\" src=\"https:\/\/endokrinologie.bayern\/landshut\/wp-content\/themes\/zes_theme\/images\/btn-next-black.svg\" alt=\"btn-next\" title=\"btn-next\">\r\n      <\/a>\r\n  <\/div>\r\n\r\n<\/div>\r\n\r\n\n\n\r\n\r\n    <div  class=\"kachel-block leistungen\"> \r\n      <div class=\"layout-s\">\r\n                   <h3>Weitere Behandlungsschwerpunkte<\/h3>\r\n                \r\n\r\n        <div class=\"kacheln \">\r\n                      <div class=\"kachel \">\r\n                              <a href=\"https:\/\/endokrinologie.bayern\/landshut\/leistungen\/endokrinologie\/\">\r\n                                                <p class=\"title\">\r\n                    Endokrinologie                  <\/p>\r\n                                                                  <img src='https:\/\/endokrinologie.bayern\/landshut\/wp-content\/uploads\/sites\/3\/2024\/07\/icon-ver-endokrenologie.svg' alt='' title='icon-ver-endokrenologie'>\r\n                                                  <p class=\"btn-secondary\">Mehr erfahren\r\n                    <img decoding=\"async\" src=\"https:\/\/endokrinologie.bayern\/wp-content\/themes\/zes_theme\/images\/btn-next-black.svg\" alt=\"btn-next\" title=\"btn-next\">\r\n                  <\/p>\r\n                                              <\/a>\r\n                          <\/div>\r\n                      <div class=\"kachel \">\r\n                              <a href=\"https:\/\/endokrinologie.bayern\/landshut\/leistungen\/adipositas\/\">\r\n                                                <p class=\"title\">\r\n                    Adipositas  (\u00dcbergewicht)                  <\/p>\r\n                                                                  <img src='https:\/\/endokrinologie.bayern\/landshut\/wp-content\/uploads\/sites\/3\/2024\/07\/icon-ver-adipositas-24.svg' alt='' title='icon-ver-adipositas-24'>\r\n                                                  <p class=\"btn-secondary\">Mehr erfahren\r\n                    <img decoding=\"async\" src=\"https:\/\/endokrinologie.bayern\/wp-content\/themes\/zes_theme\/images\/btn-next-black.svg\" alt=\"btn-next\" title=\"btn-next\">\r\n                  <\/p>\r\n                                              <\/a>\r\n                          <\/div>\r\n                      <div class=\"kachel \">\r\n                              <a href=\"https:\/\/endokrinologie.bayern\/landshut\/leistungen\/diabetologie\/\">\r\n                                                <p class=\"title\">\r\n                    Diabetologie                  <\/p>\r\n                                                                  <img src='https:\/\/endokrinologie.bayern\/landshut\/wp-content\/uploads\/sites\/3\/2024\/07\/icon-finger.svg' alt='' title='icon-finger'>\r\n                                                  <p class=\"btn-secondary\">Mehr erfahren\r\n                    <img decoding=\"async\" src=\"https:\/\/endokrinologie.bayern\/wp-content\/themes\/zes_theme\/images\/btn-next-black.svg\" alt=\"btn-next\" title=\"btn-next\">\r\n                  <\/p>\r\n                                              <\/a>\r\n                          <\/div>\r\n                      <div class=\"kachel \">\r\n                              <a href=\"https:\/\/endokrinologie.bayern\/landshut\/leistungen\/praeventionsmedizin\/\">\r\n                                                <p class=\"title\">\r\n                    Pr\u00e4ventionsmedizin                  <\/p>\r\n                                                                  <img src='https:\/\/endokrinologie.bayern\/landshut\/wp-content\/uploads\/sites\/3\/2024\/07\/icon-praeventionsmedizin-24.svg' alt='' title='icon-praeventionsmedizin-24'>\r\n                                                  <p class=\"btn-secondary\">Mehr erfahren\r\n                    <img decoding=\"async\" src=\"https:\/\/endokrinologie.bayern\/wp-content\/themes\/zes_theme\/images\/btn-next-black.svg\" alt=\"btn-next\" title=\"btn-next\">\r\n                  <\/p>\r\n                                              <\/a>\r\n                          <\/div>\r\n                      <div class=\"kachel \">\r\n                              <a href=\"https:\/\/endokrinologie.bayern\/landshut\/leistungen\/ernaehrungsberatung\/\">\r\n                                                <p class=\"title\">\r\n                    Ern\u00e4hrungs- beratung                  <\/p>\r\n                                                                  <img src='https:\/\/endokrinologie.bayern\/landshut\/wp-content\/uploads\/sites\/3\/2024\/07\/icon-ernaehrungsberatung.svg' alt='' title='icon-ernaehrungsberatung'>\r\n                                                  <p class=\"btn-secondary\">Mehr erfahren\r\n                    <img decoding=\"async\" src=\"https:\/\/endokrinologie.bayern\/wp-content\/themes\/zes_theme\/images\/btn-next-black.svg\" alt=\"btn-next\" title=\"btn-next\">\r\n                  <\/p>\r\n                                              <\/a>\r\n                          <\/div>\r\n                  <\/div>\r\n\r\n                    <a href=\"https:\/\/endokrinologie.bayern\/landshut\/leistungen\/\" class=\"btn-primary \">\r\n              Zu der Leistungs\u00fcbersicht              <img decoding=\"async\" src=\"https:\/\/endokrinologie.bayern\/wp-content\/themes\/zes_theme\/images\/btn-next.svg\" alt=\"btn next\" title=\"btn next\">\r\n            <\/a>\r\n              <\/div>\r\n    <\/div>\r\n\r\n\n\n    <div  class=\"accordion-block \">\r\n        <div class=\"layout-s\">\r\n                            <h3>Infopool<\/h3>\r\n            \r\n            <div class=\"accordion\" x-data=\"{ open: null }\">\r\n                                        <div class=\"item\">\r\n                            <button @click=\"open = open === 0 ? null : 0\">\r\n                                Wie wird die Knochendichte gemessen?                                <img decoding=\"async\" x-show=\"open !== 0\" \r\n                                     src=\"https:\/\/endokrinologie.bayern\/landshut\/wp-content\/themes\/zes_theme\/images\/acc_closed.svg\" \r\n                                     alt=\"Closed\" style=\"display: none;\">\r\n                                <img decoding=\"async\" x-show=\"open === 0\" \r\n                                     src=\"https:\/\/endokrinologie.bayern\/landshut\/wp-content\/themes\/zes_theme\/images\/acc_open.svg\" \r\n                                     alt=\"Open\" style=\"display: none;\">\r\n                            <\/button>\r\n                            <div x-show=\"open === 0\" x-collapse class=\"content\">\r\n                                <p>Die Knochendichte wird mithilfe eines DEXA-Scans gemessen. Dieses nicht-invasive Verfahren verwendet geringe Mengen R\u00f6ntgenstrahlung, um die Dichte Ihrer Knochen zu bestimmen.<\/p>\n                            <\/div>\r\n                        <\/div>\r\n                                                            <div class=\"item\">\r\n                            <button @click=\"open = open === 1 ? null : 1\">\r\n                                Welche Symptome deuten auf Knochenerkrankungen hin?                                <img decoding=\"async\" x-show=\"open !== 1\" \r\n                                     src=\"https:\/\/endokrinologie.bayern\/landshut\/wp-content\/themes\/zes_theme\/images\/acc_closed.svg\" \r\n                                     alt=\"Closed\" style=\"display: none;\">\r\n                                <img decoding=\"async\" x-show=\"open === 1\" \r\n                                     src=\"https:\/\/endokrinologie.bayern\/landshut\/wp-content\/themes\/zes_theme\/images\/acc_open.svg\" \r\n                                     alt=\"Open\" style=\"display: none;\">\r\n                            <\/button>\r\n                            <div x-show=\"open === 1\" x-collapse class=\"content\">\r\n                                <p>H\u00e4ufige Symptome von Knochenerkrankungen sind R\u00fcckenschmerzen, eine Abnahme der K\u00f6rpergr\u00f6\u00dfe, h\u00e4ufige Knochenbr\u00fcche und eine geb\u00fcckte Haltung. Bei solchen Symptomen sollten Sie unbedingt einen Arzt aufsuchen.<\/p>\n                            <\/div>\r\n                        <\/div>\r\n                                                            <div class=\"item\">\r\n                            <button @click=\"open = open === 2 ? null : 2\">\r\n                                Welche Rolle spielt Vitamin D f\u00fcr die Knochengesundheit?                                <img decoding=\"async\" x-show=\"open !== 2\" \r\n                                     src=\"https:\/\/endokrinologie.bayern\/landshut\/wp-content\/themes\/zes_theme\/images\/acc_closed.svg\" \r\n                                     alt=\"Closed\" style=\"display: none;\">\r\n                                <img decoding=\"async\" x-show=\"open === 2\" \r\n                                     src=\"https:\/\/endokrinologie.bayern\/landshut\/wp-content\/themes\/zes_theme\/images\/acc_open.svg\" \r\n                                     alt=\"Open\" style=\"display: none;\">\r\n                            <\/button>\r\n                            <div x-show=\"open === 2\" x-collapse class=\"content\">\r\n                                <p>Vitamin D ist entscheidend f\u00fcr die Aufnahme von Kalzium im Darm und somit f\u00fcr die Knochengesundheit. Ein Mangel an Vitamin D kann zu einer Verringerung der Knochendichte und einem erh\u00f6hten Risiko f\u00fcr Knochenbr\u00fcche f\u00fchren.<\/p>\n                            <\/div>\r\n                        <\/div>\r\n                                    \r\n                            <\/div>\r\n        <\/div>\r\n    <\/div>\r\n","protected":false},"excerpt":{"rendered":"","protected":false},"author":1,"featured_media":0,"parent":282,"menu_order":0,"comment_status":"closed","ping_status":"closed","template":"","meta":{"_acf_changed":false,"footnotes":""},"standort":[],"class_list":["post-296","page","type-page","status-publish","hentry"],"acf":[],"yoast_head":"<!-- This site is optimized with the Yoast SEO plugin v27.3 - https:\/\/yoast.com\/product\/yoast-seo-wordpress\/ -->\n<title>Zentrum f\u00fcr Endokrinologie und Stoffwechsel Landshut - Osteologie<\/title>\n<meta name=\"description\" content=\"Ihr Spezialist in Landshut f\u00fcr hormonelle und stoffwechselbedingte Erkrankungen. Mit moderner Diagnostik und individuellen Therapien f\u00fcr Ihre Gesundheit.\" \/>\n<meta name=\"robots\" content=\"index, follow, max-snippet:-1, max-image-preview:large, max-video-preview:-1\" \/>\n<link rel=\"canonical\" href=\"https:\/\/endokrinologie.bayern\/landshut\/leistungen\/osteologie\/\" \/>\n<meta property=\"og:locale\" content=\"de_DE\" \/>\n<meta property=\"og:type\" content=\"article\" \/>\n<meta property=\"og:title\" content=\"Zentrum f\u00fcr Endokrinologie und Stoffwechsel Landshut - Osteologie\" \/>\n<meta property=\"og:description\" content=\"Ihr Spezialist in Landshut f\u00fcr hormonelle und stoffwechselbedingte Erkrankungen. Mit moderner Diagnostik und individuellen Therapien f\u00fcr Ihre Gesundheit.\" \/>\n<meta property=\"og:url\" content=\"https:\/\/endokrinologie.bayern\/landshut\/leistungen\/osteologie\/\" \/>\n<meta property=\"og:site_name\" content=\"ZES Landshut\" \/>\n<meta property=\"article:modified_time\" content=\"2024-12-18T17:43:58+00:00\" \/>\n<meta name=\"twitter:card\" content=\"summary_large_image\" \/>\n<script type=\"application\/ld+json\" class=\"yoast-schema-graph\">{\"@context\":\"https:\\\/\\\/schema.org\",\"@graph\":[{\"@type\":\"WebPage\",\"@id\":\"https:\\\/\\\/endokrinologie.bayern\\\/landshut\\\/leistungen\\\/osteologie\\\/\",\"url\":\"https:\\\/\\\/endokrinologie.bayern\\\/landshut\\\/leistungen\\\/osteologie\\\/\",\"name\":\"Zentrum f\u00fcr Endokrinologie und Stoffwechsel Landshut - Osteologie\",\"isPartOf\":{\"@id\":\"https:\\\/\\\/endokrinologie.bayern\\\/landshut\\\/#website\"},\"datePublished\":\"2024-07-03T21:41:20+00:00\",\"dateModified\":\"2024-12-18T17:43:58+00:00\",\"description\":\"Ihr Spezialist in Landshut f\u00fcr hormonelle und stoffwechselbedingte Erkrankungen. Mit moderner Diagnostik und individuellen Therapien f\u00fcr Ihre Gesundheit.\",\"breadcrumb\":{\"@id\":\"https:\\\/\\\/endokrinologie.bayern\\\/landshut\\\/leistungen\\\/osteologie\\\/#breadcrumb\"},\"inLanguage\":\"de\",\"potentialAction\":[{\"@type\":\"ReadAction\",\"target\":[\"https:\\\/\\\/endokrinologie.bayern\\\/landshut\\\/leistungen\\\/osteologie\\\/\"]}]},{\"@type\":\"BreadcrumbList\",\"@id\":\"https:\\\/\\\/endokrinologie.bayern\\\/landshut\\\/leistungen\\\/osteologie\\\/#breadcrumb\",\"itemListElement\":[{\"@type\":\"ListItem\",\"position\":1,\"name\":\"Startseite\",\"item\":\"https:\\\/\\\/endokrinologie.bayern\\\/landshut\\\/\"},{\"@type\":\"ListItem\",\"position\":2,\"name\":\"Leistungen\",\"item\":\"https:\\\/\\\/endokrinologie.bayern\\\/landshut\\\/leistungen\\\/\"},{\"@type\":\"ListItem\",\"position\":3,\"name\":\"Osteologie\"}]},{\"@type\":\"WebSite\",\"@id\":\"https:\\\/\\\/endokrinologie.bayern\\\/landshut\\\/#website\",\"url\":\"https:\\\/\\\/endokrinologie.bayern\\\/landshut\\\/\",\"name\":\"Zentrum f\u00fcr Endokrinologie und Stoffwechsel Landshut\",\"description\":\"Hormone im Gleichgewicht\",\"potentialAction\":[{\"@type\":\"SearchAction\",\"target\":{\"@type\":\"EntryPoint\",\"urlTemplate\":\"https:\\\/\\\/endokrinologie.bayern\\\/landshut\\\/?s={search_term_string}\"},\"query-input\":{\"@type\":\"PropertyValueSpecification\",\"valueRequired\":true,\"valueName\":\"search_term_string\"}}],\"inLanguage\":\"de\"}]}<\/script>\n<!-- \/ Yoast SEO plugin. -->","yoast_head_json":{"title":"Zentrum f\u00fcr Endokrinologie und Stoffwechsel Landshut - Osteologie","description":"Ihr Spezialist in Landshut f\u00fcr hormonelle und stoffwechselbedingte Erkrankungen. Mit moderner Diagnostik und individuellen Therapien f\u00fcr Ihre Gesundheit.","robots":{"index":"index","follow":"follow","max-snippet":"max-snippet:-1","max-image-preview":"max-image-preview:large","max-video-preview":"max-video-preview:-1"},"canonical":"https:\/\/endokrinologie.bayern\/landshut\/leistungen\/osteologie\/","og_locale":"de_DE","og_type":"article","og_title":"Zentrum f\u00fcr Endokrinologie und Stoffwechsel Landshut - Osteologie","og_description":"Ihr Spezialist in Landshut f\u00fcr hormonelle und stoffwechselbedingte Erkrankungen. Mit moderner Diagnostik und individuellen Therapien f\u00fcr Ihre Gesundheit.","og_url":"https:\/\/endokrinologie.bayern\/landshut\/leistungen\/osteologie\/","og_site_name":"ZES Landshut","article_modified_time":"2024-12-18T17:43:58+00:00","twitter_card":"summary_large_image","schema":{"@context":"https:\/\/schema.org","@graph":[{"@type":"WebPage","@id":"https:\/\/endokrinologie.bayern\/landshut\/leistungen\/osteologie\/","url":"https:\/\/endokrinologie.bayern\/landshut\/leistungen\/osteologie\/","name":"Zentrum f\u00fcr Endokrinologie und Stoffwechsel Landshut - Osteologie","isPartOf":{"@id":"https:\/\/endokrinologie.bayern\/landshut\/#website"},"datePublished":"2024-07-03T21:41:20+00:00","dateModified":"2024-12-18T17:43:58+00:00","description":"Ihr Spezialist in Landshut f\u00fcr hormonelle und stoffwechselbedingte Erkrankungen. Mit moderner Diagnostik und individuellen Therapien f\u00fcr Ihre Gesundheit.","breadcrumb":{"@id":"https:\/\/endokrinologie.bayern\/landshut\/leistungen\/osteologie\/#breadcrumb"},"inLanguage":"de","potentialAction":[{"@type":"ReadAction","target":["https:\/\/endokrinologie.bayern\/landshut\/leistungen\/osteologie\/"]}]},{"@type":"BreadcrumbList","@id":"https:\/\/endokrinologie.bayern\/landshut\/leistungen\/osteologie\/#breadcrumb","itemListElement":[{"@type":"ListItem","position":1,"name":"Startseite","item":"https:\/\/endokrinologie.bayern\/landshut\/"},{"@type":"ListItem","position":2,"name":"Leistungen","item":"https:\/\/endokrinologie.bayern\/landshut\/leistungen\/"},{"@type":"ListItem","position":3,"name":"Osteologie"}]},{"@type":"WebSite","@id":"https:\/\/endokrinologie.bayern\/landshut\/#website","url":"https:\/\/endokrinologie.bayern\/landshut\/","name":"Zentrum f\u00fcr Endokrinologie und Stoffwechsel Landshut","description":"Hormone im Gleichgewicht","potentialAction":[{"@type":"SearchAction","target":{"@type":"EntryPoint","urlTemplate":"https:\/\/endokrinologie.bayern\/landshut\/?s={search_term_string}"},"query-input":{"@type":"PropertyValueSpecification","valueRequired":true,"valueName":"search_term_string"}}],"inLanguage":"de"}]}},"_links":{"self":[{"href":"https:\/\/endokrinologie.bayern\/landshut\/wp-json\/wp\/v2\/pages\/296","targetHints":{"allow":["GET"]}}],"collection":[{"href":"https:\/\/endokrinologie.bayern\/landshut\/wp-json\/wp\/v2\/pages"}],"about":[{"href":"https:\/\/endokrinologie.bayern\/landshut\/wp-json\/wp\/v2\/types\/page"}],"author":[{"embeddable":true,"href":"https:\/\/endokrinologie.bayern\/landshut\/wp-json\/wp\/v2\/users\/1"}],"replies":[{"embeddable":true,"href":"https:\/\/endokrinologie.bayern\/landshut\/wp-json\/wp\/v2\/comments?post=296"}],"version-history":[{"count":7,"href":"https:\/\/endokrinologie.bayern\/landshut\/wp-json\/wp\/v2\/pages\/296\/revisions"}],"predecessor-version":[{"id":722,"href":"https:\/\/endokrinologie.bayern\/landshut\/wp-json\/wp\/v2\/pages\/296\/revisions\/722"}],"up":[{"embeddable":true,"href":"https:\/\/endokrinologie.bayern\/landshut\/wp-json\/wp\/v2\/pages\/282"}],"wp:attachment":[{"href":"https:\/\/endokrinologie.bayern\/landshut\/wp-json\/wp\/v2\/media?parent=296"}],"wp:term":[{"taxonomy":"standort","embeddable":true,"href":"https:\/\/endokrinologie.bayern\/landshut\/wp-json\/wp\/v2\/standort?post=296"}],"curies":[{"name":"wp","href":"https:\/\/api.w.org\/{rel}","templated":true}]}}