{"id":726,"date":"2024-12-19T15:29:23","date_gmt":"2024-12-19T14:29:23","guid":{"rendered":"https:\/\/ita-staging.de\/zes\/ingolstadt\/?page_id=726"},"modified":"2024-12-19T15:29:41","modified_gmt":"2024-12-19T14:29:41","slug":"nebennierenerkrankungen","status":"publish","type":"page","link":"https:\/\/endokrinologie.bayern\/ingolstadt\/leistungen\/endokrinologie\/nebennierenerkrankungen\/","title":{"rendered":"Nebennierenerkrankungen"},"content":{"rendered":"\r\n    <div  class=\"simple-header-block\">\r\n        <div class=\"layout-s\">\r\n                            <div class=\"title\">\r\n                                        <h1>Nebennierenerkrankungen<\/h1>\r\n                <\/div>\r\n                                        <p class=\"subline\">Das Gleichgewicht Ihrer Hormone im Fokus<\/p>\r\n                                        <p>Die Nebennieren sind ein entscheidender Bestandteil Ihres Hormonsystems und beeinflussen unter anderem den Blutdruck, den Stoffwechsel und die Reaktion auf Stress. St\u00f6rungen wie das Cushing-Syndrom, das Conn-Syndrom oder eine Nebenniereninsuffizienz k\u00f6nnen Ihre Gesundheit und Ihr Wohlbefinden erheblich beeintr\u00e4chtigen.\r\n\r\nMit pr\u00e4ziser Diagnostik und individuell angepassten Behandlungskonzepten unterst\u00fctzen wir Sie dabei, das hormonelle Gleichgewicht wiederherzustellen. Unser erfahrenes Team steht Ihnen zur Seite, um Ihnen Lebensqualit\u00e4t und Wohlbefinden zur\u00fcckzugeben. Erfahren Sie, wie wir Ihnen helfen k\u00f6nnen.<\/p>\r\n                                <\/div>\r\n    <\/div>\r\n\n\n\r\n\r\n  <div  class=\"fachbereiche-block white col-4\">\r\n\r\n<div class=\"fachbereiche\">\r\n  \r\n  <div class=\"items\" x-data=\"{ openItem: null }\">\r\n          <div class=\"item\"> \r\n          <div class=\"head-elm\">\r\n            <img decoding=\"async\" src=\"https:\/\/endokrinologie.bayern\/ingolstadt\/wp-content\/themes\/zes_theme\/images\/icon-check.svg\" alt=\"icon\" title=\"icon\">  \r\n            <p class=\"\" @click=\"openItem = openItem === 'item-0' ? null : 'item-0'\"> \r\n                                                Nebenniereninsuffizienz                                                          \r\n                          <\/p>\r\n          <\/div>\r\n                  <div class=\"hidden-items\">\r\n                      <\/div> \r\n                          <\/div>\r\n            \r\n          <div class=\"item\"> \r\n          <div class=\"head-elm\">\r\n            <img decoding=\"async\" src=\"https:\/\/endokrinologie.bayern\/ingolstadt\/wp-content\/themes\/zes_theme\/images\/icon-check.svg\" alt=\"icon\" title=\"icon\">  \r\n            <p class=\"\" @click=\"openItem = openItem === 'item-1' ? null : 'item-1'\"> \r\n                                                Ph\u00e4ochromozytom                                                          \r\n                          <\/p>\r\n          <\/div>\r\n                  <div class=\"hidden-items\">\r\n                      <\/div> \r\n                          <\/div>\r\n            \r\n          <div class=\"item\"> \r\n          <div class=\"head-elm\">\r\n            <img decoding=\"async\" src=\"https:\/\/endokrinologie.bayern\/ingolstadt\/wp-content\/themes\/zes_theme\/images\/icon-check.svg\" alt=\"icon\" title=\"icon\">  \r\n            <p class=\"\" @click=\"openItem = openItem === 'item-2' ? null : 'item-2'\"> \r\n                                                Cushing-Adenom                                                          \r\n                          <\/p>\r\n          <\/div>\r\n                  <div class=\"hidden-items\">\r\n                      <\/div> \r\n                          <\/div>\r\n            \r\n          <div class=\"item\"> \r\n          <div class=\"head-elm\">\r\n            <img decoding=\"async\" src=\"https:\/\/endokrinologie.bayern\/ingolstadt\/wp-content\/themes\/zes_theme\/images\/icon-check.svg\" alt=\"icon\" title=\"icon\">  \r\n            <p class=\"\" @click=\"openItem = openItem === 'item-3' ? null : 'item-3'\"> \r\n                                                Conn-Adenom                                                          \r\n                          <\/p>\r\n          <\/div>\r\n                  <div class=\"hidden-items\">\r\n                      <\/div> \r\n                          <\/div>\r\n            \r\n          <div class=\"item\"> \r\n          <div class=\"head-elm\">\r\n            <img decoding=\"async\" src=\"https:\/\/endokrinologie.bayern\/ingolstadt\/wp-content\/themes\/zes_theme\/images\/icon-check.svg\" alt=\"icon\" title=\"icon\">  \r\n            <p class=\"\" @click=\"openItem = openItem === 'item-4' ? null : 'item-4'\"> \r\n                                                Nebenniereninzidentalom                                                          \r\n                          <\/p>\r\n          <\/div>\r\n                  <div class=\"hidden-items\">\r\n                      <\/div> \r\n                          <\/div>\r\n            \r\n          <div class=\"item\"> \r\n          <div class=\"head-elm\">\r\n            <img decoding=\"async\" src=\"https:\/\/endokrinologie.bayern\/ingolstadt\/wp-content\/themes\/zes_theme\/images\/icon-check.svg\" alt=\"icon\" title=\"icon\">  \r\n            <p class=\"\" @click=\"openItem = openItem === 'item-5' ? null : 'item-5'\"> \r\n                                                adrenogenitales Syndrom                                                          \r\n                          <\/p>\r\n          <\/div>\r\n                  <div class=\"hidden-items\">\r\n                      <\/div> \r\n                          <\/div>\r\n            \r\n      <\/div>\r\n\r\n        <a href=\"https:\/\/endokrinologie.bayern\/ingolstadt\/leistungen\/endokrinologie\/\" class=\"btn-secondary\">\r\n        Zur Endokrinologie        <img decoding=\"async\" src=\"https:\/\/endokrinologie.bayern\/ingolstadt\/wp-content\/themes\/zes_theme\/images\/btn-next-black.svg\" alt=\"btn-next\" title=\"btn-next\">\r\n      <\/a>\r\n  <\/div>\r\n\r\n<\/div>\r\n\r\n","protected":false},"excerpt":{"rendered":"","protected":false},"author":1,"featured_media":0,"parent":294,"menu_order":0,"comment_status":"closed","ping_status":"closed","template":"","meta":{"_acf_changed":false,"footnotes":""},"standort":[],"class_list":["post-726","page","type-page","status-publish","hentry"],"acf":[],"yoast_head":"<!-- This site is optimized with the Yoast SEO plugin v27.4 - https:\/\/yoast.com\/product\/yoast-seo-wordpress\/ -->\n<title>Zentrum f\u00fcr Endokrinologie und Stoffwechsel Ingolstadt - Nebennierenerkrankungen<\/title>\n<meta name=\"description\" content=\"Im Zentrum f\u00fcr Endokrinologie und Stoffwechsel Ingolstadt bieten wir Ihnen umfassende Diagnostik und Therapie f\u00fcr hormonelle Erkrankungen und Stoffwechselst\u00f6rungen.\" \/>\n<meta name=\"robots\" content=\"index, follow, max-snippet:-1, max-image-preview:large, max-video-preview:-1\" \/>\n<link rel=\"canonical\" href=\"https:\/\/endokrinologie.bayern\/ingolstadt\/leistungen\/endokrinologie\/nebennierenerkrankungen\/\" \/>\n<meta property=\"og:locale\" content=\"de_DE\" \/>\n<meta property=\"og:type\" content=\"article\" \/>\n<meta property=\"og:title\" content=\"Zentrum f\u00fcr Endokrinologie und Stoffwechsel Ingolstadt - Nebennierenerkrankungen\" \/>\n<meta property=\"og:description\" content=\"Im Zentrum f\u00fcr Endokrinologie und Stoffwechsel Ingolstadt bieten wir Ihnen umfassende Diagnostik und Therapie f\u00fcr hormonelle Erkrankungen und Stoffwechselst\u00f6rungen.\" \/>\n<meta property=\"og:url\" content=\"https:\/\/endokrinologie.bayern\/ingolstadt\/leistungen\/endokrinologie\/nebennierenerkrankungen\/\" \/>\n<meta property=\"og:site_name\" content=\"ZES Ingolstadt\" \/>\n<meta property=\"article:modified_time\" content=\"2024-12-19T14:29:41+00:00\" \/>\n<meta name=\"twitter:card\" content=\"summary_large_image\" \/>\n<script type=\"application\/ld+json\" class=\"yoast-schema-graph\">{\"@context\":\"https:\\\/\\\/schema.org\",\"@graph\":[{\"@type\":\"WebPage\",\"@id\":\"https:\\\/\\\/endokrinologie.bayern\\\/ingolstadt\\\/leistungen\\\/endokrinologie\\\/nebennierenerkrankungen\\\/\",\"url\":\"https:\\\/\\\/endokrinologie.bayern\\\/ingolstadt\\\/leistungen\\\/endokrinologie\\\/nebennierenerkrankungen\\\/\",\"name\":\"Zentrum f\u00fcr Endokrinologie und Stoffwechsel Ingolstadt - Nebennierenerkrankungen\",\"isPartOf\":{\"@id\":\"https:\\\/\\\/endokrinologie.bayern\\\/ingolstadt\\\/#website\"},\"datePublished\":\"2024-12-19T14:29:23+00:00\",\"dateModified\":\"2024-12-19T14:29:41+00:00\",\"description\":\"Im Zentrum f\u00fcr Endokrinologie und Stoffwechsel Ingolstadt bieten wir Ihnen umfassende Diagnostik und Therapie f\u00fcr hormonelle Erkrankungen und Stoffwechselst\u00f6rungen.\",\"breadcrumb\":{\"@id\":\"https:\\\/\\\/endokrinologie.bayern\\\/ingolstadt\\\/leistungen\\\/endokrinologie\\\/nebennierenerkrankungen\\\/#breadcrumb\"},\"inLanguage\":\"de\",\"potentialAction\":[{\"@type\":\"ReadAction\",\"target\":[\"https:\\\/\\\/endokrinologie.bayern\\\/ingolstadt\\\/leistungen\\\/endokrinologie\\\/nebennierenerkrankungen\\\/\"]}]},{\"@type\":\"BreadcrumbList\",\"@id\":\"https:\\\/\\\/endokrinologie.bayern\\\/ingolstadt\\\/leistungen\\\/endokrinologie\\\/nebennierenerkrankungen\\\/#breadcrumb\",\"itemListElement\":[{\"@type\":\"ListItem\",\"position\":1,\"name\":\"Startseite\",\"item\":\"https:\\\/\\\/endokrinologie.bayern\\\/ingolstadt\\\/\"},{\"@type\":\"ListItem\",\"position\":2,\"name\":\"Leistungen\",\"item\":\"https:\\\/\\\/endokrinologie.bayern\\\/ingolstadt\\\/leistungen\\\/\"},{\"@type\":\"ListItem\",\"position\":3,\"name\":\"Endokrinologie\",\"item\":\"https:\\\/\\\/endokrinologie.bayern\\\/ingolstadt\\\/leistungen\\\/endokrinologie\\\/\"},{\"@type\":\"ListItem\",\"position\":4,\"name\":\"Nebennierenerkrankungen\"}]},{\"@type\":\"WebSite\",\"@id\":\"https:\\\/\\\/endokrinologie.bayern\\\/ingolstadt\\\/#website\",\"url\":\"https:\\\/\\\/endokrinologie.bayern\\\/ingolstadt\\\/\",\"name\":\"Zentrum f\u00fcr Endokrinologie und Stoffwechsel Ingolstadt\",\"description\":\"Hormone im Gleichgewicht\",\"potentialAction\":[{\"@type\":\"SearchAction\",\"target\":{\"@type\":\"EntryPoint\",\"urlTemplate\":\"https:\\\/\\\/endokrinologie.bayern\\\/ingolstadt\\\/?s={search_term_string}\"},\"query-input\":{\"@type\":\"PropertyValueSpecification\",\"valueRequired\":true,\"valueName\":\"search_term_string\"}}],\"inLanguage\":\"de\"}]}<\/script>\n<!-- \/ Yoast SEO plugin. -->","yoast_head_json":{"title":"Zentrum f\u00fcr Endokrinologie und Stoffwechsel Ingolstadt - Nebennierenerkrankungen","description":"Im Zentrum f\u00fcr Endokrinologie und Stoffwechsel Ingolstadt bieten wir Ihnen umfassende Diagnostik und Therapie f\u00fcr hormonelle Erkrankungen und Stoffwechselst\u00f6rungen.","robots":{"index":"index","follow":"follow","max-snippet":"max-snippet:-1","max-image-preview":"max-image-preview:large","max-video-preview":"max-video-preview:-1"},"canonical":"https:\/\/endokrinologie.bayern\/ingolstadt\/leistungen\/endokrinologie\/nebennierenerkrankungen\/","og_locale":"de_DE","og_type":"article","og_title":"Zentrum f\u00fcr Endokrinologie und Stoffwechsel Ingolstadt - Nebennierenerkrankungen","og_description":"Im Zentrum f\u00fcr Endokrinologie und Stoffwechsel Ingolstadt bieten wir Ihnen umfassende Diagnostik und Therapie f\u00fcr hormonelle Erkrankungen und Stoffwechselst\u00f6rungen.","og_url":"https:\/\/endokrinologie.bayern\/ingolstadt\/leistungen\/endokrinologie\/nebennierenerkrankungen\/","og_site_name":"ZES Ingolstadt","article_modified_time":"2024-12-19T14:29:41+00:00","twitter_card":"summary_large_image","schema":{"@context":"https:\/\/schema.org","@graph":[{"@type":"WebPage","@id":"https:\/\/endokrinologie.bayern\/ingolstadt\/leistungen\/endokrinologie\/nebennierenerkrankungen\/","url":"https:\/\/endokrinologie.bayern\/ingolstadt\/leistungen\/endokrinologie\/nebennierenerkrankungen\/","name":"Zentrum f\u00fcr Endokrinologie und Stoffwechsel Ingolstadt - Nebennierenerkrankungen","isPartOf":{"@id":"https:\/\/endokrinologie.bayern\/ingolstadt\/#website"},"datePublished":"2024-12-19T14:29:23+00:00","dateModified":"2024-12-19T14:29:41+00:00","description":"Im Zentrum f\u00fcr Endokrinologie und Stoffwechsel Ingolstadt bieten wir Ihnen umfassende Diagnostik und Therapie f\u00fcr hormonelle Erkrankungen und Stoffwechselst\u00f6rungen.","breadcrumb":{"@id":"https:\/\/endokrinologie.bayern\/ingolstadt\/leistungen\/endokrinologie\/nebennierenerkrankungen\/#breadcrumb"},"inLanguage":"de","potentialAction":[{"@type":"ReadAction","target":["https:\/\/endokrinologie.bayern\/ingolstadt\/leistungen\/endokrinologie\/nebennierenerkrankungen\/"]}]},{"@type":"BreadcrumbList","@id":"https:\/\/endokrinologie.bayern\/ingolstadt\/leistungen\/endokrinologie\/nebennierenerkrankungen\/#breadcrumb","itemListElement":[{"@type":"ListItem","position":1,"name":"Startseite","item":"https:\/\/endokrinologie.bayern\/ingolstadt\/"},{"@type":"ListItem","position":2,"name":"Leistungen","item":"https:\/\/endokrinologie.bayern\/ingolstadt\/leistungen\/"},{"@type":"ListItem","position":3,"name":"Endokrinologie","item":"https:\/\/endokrinologie.bayern\/ingolstadt\/leistungen\/endokrinologie\/"},{"@type":"ListItem","position":4,"name":"Nebennierenerkrankungen"}]},{"@type":"WebSite","@id":"https:\/\/endokrinologie.bayern\/ingolstadt\/#website","url":"https:\/\/endokrinologie.bayern\/ingolstadt\/","name":"Zentrum f\u00fcr Endokrinologie und Stoffwechsel Ingolstadt","description":"Hormone im Gleichgewicht","potentialAction":[{"@type":"SearchAction","target":{"@type":"EntryPoint","urlTemplate":"https:\/\/endokrinologie.bayern\/ingolstadt\/?s={search_term_string}"},"query-input":{"@type":"PropertyValueSpecification","valueRequired":true,"valueName":"search_term_string"}}],"inLanguage":"de"}]}},"_links":{"self":[{"href":"https:\/\/endokrinologie.bayern\/ingolstadt\/wp-json\/wp\/v2\/pages\/726","targetHints":{"allow":["GET"]}}],"collection":[{"href":"https:\/\/endokrinologie.bayern\/ingolstadt\/wp-json\/wp\/v2\/pages"}],"about":[{"href":"https:\/\/endokrinologie.bayern\/ingolstadt\/wp-json\/wp\/v2\/types\/page"}],"author":[{"embeddable":true,"href":"https:\/\/endokrinologie.bayern\/ingolstadt\/wp-json\/wp\/v2\/users\/1"}],"replies":[{"embeddable":true,"href":"https:\/\/endokrinologie.bayern\/ingolstadt\/wp-json\/wp\/v2\/comments?post=726"}],"version-history":[{"count":1,"href":"https:\/\/endokrinologie.bayern\/ingolstadt\/wp-json\/wp\/v2\/pages\/726\/revisions"}],"predecessor-version":[{"id":727,"href":"https:\/\/endokrinologie.bayern\/ingolstadt\/wp-json\/wp\/v2\/pages\/726\/revisions\/727"}],"up":[{"embeddable":true,"href":"https:\/\/endokrinologie.bayern\/ingolstadt\/wp-json\/wp\/v2\/pages\/294"}],"wp:attachment":[{"href":"https:\/\/endokrinologie.bayern\/ingolstadt\/wp-json\/wp\/v2\/media?parent=726"}],"wp:term":[{"taxonomy":"standort","embeddable":true,"href":"https:\/\/endokrinologie.bayern\/ingolstadt\/wp-json\/wp\/v2\/standort?post=726"}],"curies":[{"name":"wp","href":"https:\/\/api.w.org\/{rel}","templated":true}]}}