{"id":724,"date":"2024-12-19T15:28:09","date_gmt":"2024-12-19T14:28:09","guid":{"rendered":"https:\/\/ita-staging.de\/zes\/ingolstadt\/?page_id=724"},"modified":"2024-12-19T15:28:09","modified_gmt":"2024-12-19T14:28:09","slug":"hypophysenerkrankungen","status":"publish","type":"page","link":"https:\/\/endokrinologie.bayern\/ingolstadt\/leistungen\/endokrinologie\/hypophysenerkrankungen\/","title":{"rendered":"Hypophysenerkrankungen"},"content":{"rendered":"\r\n    <div  class=\"simple-header-block\">\r\n        <div class=\"layout-s\">\r\n                            <div class=\"title\">\r\n                                        <h1>Hypophysenerkrankungen<\/h1>\r\n                <\/div>\r\n                                        <p class=\"subline\">Kleine Dr\u00fcse, gro\u00dfe Wirkung<\/p>\r\n                                        <p>Die Hypophyse, als zentrale Steuerdr\u00fcse des K\u00f6rpers, beeinflusst die Produktion zahlreicher Hormone, die viele lebenswichtige Prozesse regulieren \u2013 vom Wachstum \u00fcber den Stoffwechsel bis hin zur Fortpflanzung. Erkrankungen der Hypophyse, wie hormonelle St\u00f6rungen, Tumore oder Entz\u00fcndungen, k\u00f6nnen erhebliche Auswirkungen auf Ihre Gesundheit haben.\r\n\r\nUnsere Spezialisten stehen Ihnen mit moderner Diagnostik und ma\u00dfgeschneiderten Therapieans\u00e4tzen zur Seite. Unser Ziel ist es, die Funktion Ihrer Hypophyse wiederherzustellen und Ihnen zu einem ausgeglichenen Hormonhaushalt zu verhelfen. Lassen Sie uns gemeinsam den Weg zu Ihrer Gesundheit gehen.<\/p>\r\n                                <\/div>\r\n    <\/div>\r\n\n\n\r\n\r\n  <div  class=\"fachbereiche-block white col-4\">\r\n\r\n<div class=\"fachbereiche\">\r\n  \r\n  <div class=\"items\" x-data=\"{ openItem: null }\">\r\n          <div class=\"item\"> \r\n          <div class=\"head-elm\">\r\n            <img decoding=\"async\" src=\"https:\/\/endokrinologie.bayern\/ingolstadt\/wp-content\/themes\/zes_theme\/images\/icon-check.svg\" alt=\"icon\" title=\"icon\">  \r\n            <p class=\"\" @click=\"openItem = openItem === 'item-0' ? null : 'item-0'\"> \r\n                                                Prolaktinom                                                          \r\n                          <\/p>\r\n          <\/div>\r\n                  <div class=\"hidden-items\">\r\n                      <\/div> \r\n                          <\/div>\r\n            \r\n          <div class=\"item\"> \r\n          <div class=\"head-elm\">\r\n            <img decoding=\"async\" src=\"https:\/\/endokrinologie.bayern\/ingolstadt\/wp-content\/themes\/zes_theme\/images\/icon-check.svg\" alt=\"icon\" title=\"icon\">  \r\n            <p class=\"\" @click=\"openItem = openItem === 'item-1' ? null : 'item-1'\"> \r\n                                                Cushing-Syndrom                                                          \r\n                          <\/p>\r\n          <\/div>\r\n                  <div class=\"hidden-items\">\r\n                      <\/div> \r\n                          <\/div>\r\n            \r\n          <div class=\"item\"> \r\n          <div class=\"head-elm\">\r\n            <img decoding=\"async\" src=\"https:\/\/endokrinologie.bayern\/ingolstadt\/wp-content\/themes\/zes_theme\/images\/icon-check.svg\" alt=\"icon\" title=\"icon\">  \r\n            <p class=\"\" @click=\"openItem = openItem === 'item-2' ? null : 'item-2'\"> \r\n                                                Akromegalie                                                          \r\n                          <\/p>\r\n          <\/div>\r\n                  <div class=\"hidden-items\">\r\n                      <\/div> \r\n                          <\/div>\r\n            \r\n          <div class=\"item\"> \r\n          <div class=\"head-elm\">\r\n            <img decoding=\"async\" src=\"https:\/\/endokrinologie.bayern\/ingolstadt\/wp-content\/themes\/zes_theme\/images\/icon-check.svg\" alt=\"icon\" title=\"icon\">  \r\n            <p class=\"\" @click=\"openItem = openItem === 'item-3' ? null : 'item-3'\"> \r\n                                                hormoninaktives Hypophysenadenom                                                          \r\n                          <\/p>\r\n          <\/div>\r\n                  <div class=\"hidden-items\">\r\n                      <\/div> \r\n                          <\/div>\r\n            \r\n          <div class=\"item\"> \r\n          <div class=\"head-elm\">\r\n            <img decoding=\"async\" src=\"https:\/\/endokrinologie.bayern\/ingolstadt\/wp-content\/themes\/zes_theme\/images\/icon-check.svg\" alt=\"icon\" title=\"icon\">  \r\n            <p class=\"\" @click=\"openItem = openItem === 'item-4' ? null : 'item-4'\"> \r\n                                                Hypophyseninsuffizienz                                                          \r\n                          <\/p>\r\n          <\/div>\r\n                  <div class=\"hidden-items\">\r\n                      <\/div> \r\n                          <\/div>\r\n            \r\n          <div class=\"item\"> \r\n          <div class=\"head-elm\">\r\n            <img decoding=\"async\" src=\"https:\/\/endokrinologie.bayern\/ingolstadt\/wp-content\/themes\/zes_theme\/images\/icon-check.svg\" alt=\"icon\" title=\"icon\">  \r\n            <p class=\"\" @click=\"openItem = openItem === 'item-5' ? null : 'item-5'\"> \r\n                                                Diabetes insipidus                                                          \r\n                          <\/p>\r\n          <\/div>\r\n                  <div class=\"hidden-items\">\r\n                      <\/div> \r\n                          <\/div>\r\n            \r\n      <\/div>\r\n\r\n        <a href=\"https:\/\/endokrinologie.bayern\/ingolstadt\/leistungen\/endokrinologie\/\" class=\"btn-secondary\">\r\n        Zur Endokrinologie        <img decoding=\"async\" src=\"https:\/\/endokrinologie.bayern\/ingolstadt\/wp-content\/themes\/zes_theme\/images\/btn-next-black.svg\" alt=\"btn-next\" title=\"btn-next\">\r\n      <\/a>\r\n  <\/div>\r\n\r\n<\/div>\r\n\r\n","protected":false},"excerpt":{"rendered":"","protected":false},"author":1,"featured_media":0,"parent":294,"menu_order":0,"comment_status":"closed","ping_status":"closed","template":"","meta":{"_acf_changed":false,"footnotes":""},"standort":[],"class_list":["post-724","page","type-page","status-publish","hentry"],"acf":[],"yoast_head":"<!-- This site is optimized with the Yoast SEO plugin v27.4 - https:\/\/yoast.com\/product\/yoast-seo-wordpress\/ -->\n<title>Zentrum f\u00fcr Endokrinologie und Stoffwechsel Ingolstadt - Hypophysenerkrankungen<\/title>\n<meta name=\"description\" content=\"Im Zentrum f\u00fcr Endokrinologie und Stoffwechsel Ingolstadt bieten wir Ihnen umfassende Diagnostik und Therapie f\u00fcr hormonelle Erkrankungen und Stoffwechselst\u00f6rungen.\" \/>\n<meta name=\"robots\" content=\"index, follow, max-snippet:-1, max-image-preview:large, max-video-preview:-1\" \/>\n<link rel=\"canonical\" href=\"https:\/\/endokrinologie.bayern\/ingolstadt\/leistungen\/endokrinologie\/hypophysenerkrankungen\/\" \/>\n<meta property=\"og:locale\" content=\"de_DE\" \/>\n<meta property=\"og:type\" content=\"article\" \/>\n<meta property=\"og:title\" content=\"Zentrum f\u00fcr Endokrinologie und Stoffwechsel Ingolstadt - Hypophysenerkrankungen\" \/>\n<meta property=\"og:description\" content=\"Im Zentrum f\u00fcr Endokrinologie und Stoffwechsel Ingolstadt bieten wir Ihnen umfassende Diagnostik und Therapie f\u00fcr hormonelle Erkrankungen und Stoffwechselst\u00f6rungen.\" \/>\n<meta property=\"og:url\" content=\"https:\/\/endokrinologie.bayern\/ingolstadt\/leistungen\/endokrinologie\/hypophysenerkrankungen\/\" \/>\n<meta property=\"og:site_name\" content=\"ZES Ingolstadt\" \/>\n<meta name=\"twitter:card\" content=\"summary_large_image\" \/>\n<script type=\"application\/ld+json\" class=\"yoast-schema-graph\">{\"@context\":\"https:\\\/\\\/schema.org\",\"@graph\":[{\"@type\":\"WebPage\",\"@id\":\"https:\\\/\\\/endokrinologie.bayern\\\/ingolstadt\\\/leistungen\\\/endokrinologie\\\/hypophysenerkrankungen\\\/\",\"url\":\"https:\\\/\\\/endokrinologie.bayern\\\/ingolstadt\\\/leistungen\\\/endokrinologie\\\/hypophysenerkrankungen\\\/\",\"name\":\"Zentrum f\u00fcr Endokrinologie und Stoffwechsel Ingolstadt - Hypophysenerkrankungen\",\"isPartOf\":{\"@id\":\"https:\\\/\\\/endokrinologie.bayern\\\/ingolstadt\\\/#website\"},\"datePublished\":\"2024-12-19T14:28:09+00:00\",\"description\":\"Im Zentrum f\u00fcr Endokrinologie und Stoffwechsel Ingolstadt bieten wir Ihnen umfassende Diagnostik und Therapie f\u00fcr hormonelle Erkrankungen und Stoffwechselst\u00f6rungen.\",\"breadcrumb\":{\"@id\":\"https:\\\/\\\/endokrinologie.bayern\\\/ingolstadt\\\/leistungen\\\/endokrinologie\\\/hypophysenerkrankungen\\\/#breadcrumb\"},\"inLanguage\":\"de\",\"potentialAction\":[{\"@type\":\"ReadAction\",\"target\":[\"https:\\\/\\\/endokrinologie.bayern\\\/ingolstadt\\\/leistungen\\\/endokrinologie\\\/hypophysenerkrankungen\\\/\"]}]},{\"@type\":\"BreadcrumbList\",\"@id\":\"https:\\\/\\\/endokrinologie.bayern\\\/ingolstadt\\\/leistungen\\\/endokrinologie\\\/hypophysenerkrankungen\\\/#breadcrumb\",\"itemListElement\":[{\"@type\":\"ListItem\",\"position\":1,\"name\":\"Startseite\",\"item\":\"https:\\\/\\\/endokrinologie.bayern\\\/ingolstadt\\\/\"},{\"@type\":\"ListItem\",\"position\":2,\"name\":\"Leistungen\",\"item\":\"https:\\\/\\\/endokrinologie.bayern\\\/ingolstadt\\\/leistungen\\\/\"},{\"@type\":\"ListItem\",\"position\":3,\"name\":\"Endokrinologie\",\"item\":\"https:\\\/\\\/endokrinologie.bayern\\\/ingolstadt\\\/leistungen\\\/endokrinologie\\\/\"},{\"@type\":\"ListItem\",\"position\":4,\"name\":\"Hypophysenerkrankungen\"}]},{\"@type\":\"WebSite\",\"@id\":\"https:\\\/\\\/endokrinologie.bayern\\\/ingolstadt\\\/#website\",\"url\":\"https:\\\/\\\/endokrinologie.bayern\\\/ingolstadt\\\/\",\"name\":\"Zentrum f\u00fcr Endokrinologie und Stoffwechsel Ingolstadt\",\"description\":\"Hormone im Gleichgewicht\",\"potentialAction\":[{\"@type\":\"SearchAction\",\"target\":{\"@type\":\"EntryPoint\",\"urlTemplate\":\"https:\\\/\\\/endokrinologie.bayern\\\/ingolstadt\\\/?s={search_term_string}\"},\"query-input\":{\"@type\":\"PropertyValueSpecification\",\"valueRequired\":true,\"valueName\":\"search_term_string\"}}],\"inLanguage\":\"de\"}]}<\/script>\n<!-- \/ Yoast SEO plugin. -->","yoast_head_json":{"title":"Zentrum f\u00fcr Endokrinologie und Stoffwechsel Ingolstadt - Hypophysenerkrankungen","description":"Im Zentrum f\u00fcr Endokrinologie und Stoffwechsel Ingolstadt bieten wir Ihnen umfassende Diagnostik und Therapie f\u00fcr hormonelle Erkrankungen und Stoffwechselst\u00f6rungen.","robots":{"index":"index","follow":"follow","max-snippet":"max-snippet:-1","max-image-preview":"max-image-preview:large","max-video-preview":"max-video-preview:-1"},"canonical":"https:\/\/endokrinologie.bayern\/ingolstadt\/leistungen\/endokrinologie\/hypophysenerkrankungen\/","og_locale":"de_DE","og_type":"article","og_title":"Zentrum f\u00fcr Endokrinologie und Stoffwechsel Ingolstadt - Hypophysenerkrankungen","og_description":"Im Zentrum f\u00fcr Endokrinologie und Stoffwechsel Ingolstadt bieten wir Ihnen umfassende Diagnostik und Therapie f\u00fcr hormonelle Erkrankungen und Stoffwechselst\u00f6rungen.","og_url":"https:\/\/endokrinologie.bayern\/ingolstadt\/leistungen\/endokrinologie\/hypophysenerkrankungen\/","og_site_name":"ZES Ingolstadt","twitter_card":"summary_large_image","schema":{"@context":"https:\/\/schema.org","@graph":[{"@type":"WebPage","@id":"https:\/\/endokrinologie.bayern\/ingolstadt\/leistungen\/endokrinologie\/hypophysenerkrankungen\/","url":"https:\/\/endokrinologie.bayern\/ingolstadt\/leistungen\/endokrinologie\/hypophysenerkrankungen\/","name":"Zentrum f\u00fcr Endokrinologie und Stoffwechsel Ingolstadt - Hypophysenerkrankungen","isPartOf":{"@id":"https:\/\/endokrinologie.bayern\/ingolstadt\/#website"},"datePublished":"2024-12-19T14:28:09+00:00","description":"Im Zentrum f\u00fcr Endokrinologie und Stoffwechsel Ingolstadt bieten wir Ihnen umfassende Diagnostik und Therapie f\u00fcr hormonelle Erkrankungen und Stoffwechselst\u00f6rungen.","breadcrumb":{"@id":"https:\/\/endokrinologie.bayern\/ingolstadt\/leistungen\/endokrinologie\/hypophysenerkrankungen\/#breadcrumb"},"inLanguage":"de","potentialAction":[{"@type":"ReadAction","target":["https:\/\/endokrinologie.bayern\/ingolstadt\/leistungen\/endokrinologie\/hypophysenerkrankungen\/"]}]},{"@type":"BreadcrumbList","@id":"https:\/\/endokrinologie.bayern\/ingolstadt\/leistungen\/endokrinologie\/hypophysenerkrankungen\/#breadcrumb","itemListElement":[{"@type":"ListItem","position":1,"name":"Startseite","item":"https:\/\/endokrinologie.bayern\/ingolstadt\/"},{"@type":"ListItem","position":2,"name":"Leistungen","item":"https:\/\/endokrinologie.bayern\/ingolstadt\/leistungen\/"},{"@type":"ListItem","position":3,"name":"Endokrinologie","item":"https:\/\/endokrinologie.bayern\/ingolstadt\/leistungen\/endokrinologie\/"},{"@type":"ListItem","position":4,"name":"Hypophysenerkrankungen"}]},{"@type":"WebSite","@id":"https:\/\/endokrinologie.bayern\/ingolstadt\/#website","url":"https:\/\/endokrinologie.bayern\/ingolstadt\/","name":"Zentrum f\u00fcr Endokrinologie und Stoffwechsel Ingolstadt","description":"Hormone im Gleichgewicht","potentialAction":[{"@type":"SearchAction","target":{"@type":"EntryPoint","urlTemplate":"https:\/\/endokrinologie.bayern\/ingolstadt\/?s={search_term_string}"},"query-input":{"@type":"PropertyValueSpecification","valueRequired":true,"valueName":"search_term_string"}}],"inLanguage":"de"}]}},"_links":{"self":[{"href":"https:\/\/endokrinologie.bayern\/ingolstadt\/wp-json\/wp\/v2\/pages\/724","targetHints":{"allow":["GET"]}}],"collection":[{"href":"https:\/\/endokrinologie.bayern\/ingolstadt\/wp-json\/wp\/v2\/pages"}],"about":[{"href":"https:\/\/endokrinologie.bayern\/ingolstadt\/wp-json\/wp\/v2\/types\/page"}],"author":[{"embeddable":true,"href":"https:\/\/endokrinologie.bayern\/ingolstadt\/wp-json\/wp\/v2\/users\/1"}],"replies":[{"embeddable":true,"href":"https:\/\/endokrinologie.bayern\/ingolstadt\/wp-json\/wp\/v2\/comments?post=724"}],"version-history":[{"count":1,"href":"https:\/\/endokrinologie.bayern\/ingolstadt\/wp-json\/wp\/v2\/pages\/724\/revisions"}],"predecessor-version":[{"id":725,"href":"https:\/\/endokrinologie.bayern\/ingolstadt\/wp-json\/wp\/v2\/pages\/724\/revisions\/725"}],"up":[{"embeddable":true,"href":"https:\/\/endokrinologie.bayern\/ingolstadt\/wp-json\/wp\/v2\/pages\/294"}],"wp:attachment":[{"href":"https:\/\/endokrinologie.bayern\/ingolstadt\/wp-json\/wp\/v2\/media?parent=724"}],"wp:term":[{"taxonomy":"standort","embeddable":true,"href":"https:\/\/endokrinologie.bayern\/ingolstadt\/wp-json\/wp\/v2\/standort?post=724"}],"curies":[{"name":"wp","href":"https:\/\/api.w.org\/{rel}","templated":true}]}}