{"id":720,"date":"2024-12-19T15:24:40","date_gmt":"2024-12-19T14:24:40","guid":{"rendered":"https:\/\/ita-staging.de\/zes\/ingolstadt\/?page_id=720"},"modified":"2024-12-19T15:25:58","modified_gmt":"2024-12-19T14:25:58","slug":"schilddruesenerkrankungen","status":"publish","type":"page","link":"https:\/\/endokrinologie.bayern\/ingolstadt\/leistungen\/endokrinologie\/schilddruesenerkrankungen\/","title":{"rendered":"Schilddr\u00fcsenerkrankungen"},"content":{"rendered":"\r\n    <div  class=\"simple-header-block\">\r\n        <div class=\"layout-s\">\r\n                            <div class=\"title\">\r\n                                        <h1>Schilddr\u00fcsenerkrankungen<\/h1>\r\n                <\/div>\r\n                                        <p class=\"subline\"> Ihre Gesundheit liegt uns am Herzen<\/p>\r\n                                        <p>Die Schilddr\u00fcse ist ein kleines, aber \u00e4u\u00dferst wichtiges Organ, das Ihren Stoffwechsel und viele andere K\u00f6rperfunktionen beeinflusst. Von \u00dcber- oder Unterfunktionen \u00fcber Knoten bis hin zu autoimmunen Erkrankungen wie Hashimoto-Thyreoiditis \u2013 Schilddr\u00fcsenerkrankungen k\u00f6nnen sich vielf\u00e4ltig \u00e4u\u00dfern und Ihre Lebensqualit\u00e4t beeintr\u00e4chtigen.\r\n\r\nUnser Ziel ist es, Ihnen eine fundierte Diagnostik und individuelle Behandlungsans\u00e4tze zu bieten. Gemeinsam entwickeln wir eine Therapie, die genau auf Ihre Bed\u00fcrfnisse abgestimmt ist. Vertrauen Sie auf unsere Expertise und erfahren Sie, wie wir Sie auf Ihrem Weg zu mehr Wohlbefinden unterst\u00fctzen k\u00f6nnen.<\/p>\r\n                                <\/div>\r\n    <\/div>\r\n\n\n\r\n\r\n  <div  class=\"fachbereiche-block white col-4\">\r\n\r\n<div class=\"fachbereiche\">\r\n  \r\n  <div class=\"items\" x-data=\"{ openItem: null }\">\r\n          <div class=\"item\"> \r\n          <div class=\"head-elm\">\r\n            <img decoding=\"async\" src=\"https:\/\/endokrinologie.bayern\/ingolstadt\/wp-content\/themes\/zes_theme\/images\/icon-check.svg\" alt=\"icon\" title=\"icon\">  \r\n            <p class=\"\" @click=\"openItem = openItem === 'item-0' ? null : 'item-0'\"> \r\n                                                Schilddr\u00fcsenunterfunktion                                                          \r\n                          <\/p>\r\n          <\/div>\r\n                  <div class=\"hidden-items\">\r\n                      <\/div> \r\n                          <\/div>\r\n            \r\n          <div class=\"item\"> \r\n          <div class=\"head-elm\">\r\n            <img decoding=\"async\" src=\"https:\/\/endokrinologie.bayern\/ingolstadt\/wp-content\/themes\/zes_theme\/images\/icon-check.svg\" alt=\"icon\" title=\"icon\">  \r\n            <p class=\"\" @click=\"openItem = openItem === 'item-1' ? null : 'item-1'\"> \r\n                                                Schilddr\u00fcsen\u00fcberfunktion                                                          \r\n                          <\/p>\r\n          <\/div>\r\n                  <div class=\"hidden-items\">\r\n                      <\/div> \r\n                          <\/div>\r\n            \r\n          <div class=\"item\"> \r\n          <div class=\"head-elm\">\r\n            <img decoding=\"async\" src=\"https:\/\/endokrinologie.bayern\/ingolstadt\/wp-content\/themes\/zes_theme\/images\/icon-check.svg\" alt=\"icon\" title=\"icon\">  \r\n            <p class=\"\" @click=\"openItem = openItem === 'item-2' ? null : 'item-2'\"> \r\n                                                Morbus Basedow                                                          \r\n                          <\/p>\r\n          <\/div>\r\n                  <div class=\"hidden-items\">\r\n                      <\/div> \r\n                          <\/div>\r\n            \r\n          <div class=\"item\"> \r\n          <div class=\"head-elm\">\r\n            <img decoding=\"async\" src=\"https:\/\/endokrinologie.bayern\/ingolstadt\/wp-content\/themes\/zes_theme\/images\/icon-check.svg\" alt=\"icon\" title=\"icon\">  \r\n            <p class=\"\" @click=\"openItem = openItem === 'item-3' ? null : 'item-3'\"> \r\n                                                Autoimmunthyreoiditis(Hashimoto-Thyreoiditis)                                                          \r\n                          <\/p>\r\n          <\/div>\r\n                  <div class=\"hidden-items\">\r\n                      <\/div> \r\n                          <\/div>\r\n            \r\n          <div class=\"item\"> \r\n          <div class=\"head-elm\">\r\n            <img decoding=\"async\" src=\"https:\/\/endokrinologie.bayern\/ingolstadt\/wp-content\/themes\/zes_theme\/images\/icon-check.svg\" alt=\"icon\" title=\"icon\">  \r\n            <p class=\"\" @click=\"openItem = openItem === 'item-4' ? null : 'item-4'\"> \r\n                                                Schilddr\u00fcsenknoten                                                          \r\n                          <\/p>\r\n          <\/div>\r\n                  <div class=\"hidden-items\">\r\n                      <\/div> \r\n                          <\/div>\r\n            \r\n          <div class=\"item\"> \r\n          <div class=\"head-elm\">\r\n            <img decoding=\"async\" src=\"https:\/\/endokrinologie.bayern\/ingolstadt\/wp-content\/themes\/zes_theme\/images\/icon-check.svg\" alt=\"icon\" title=\"icon\">  \r\n            <p class=\"\" @click=\"openItem = openItem === 'item-5' ? null : 'item-5'\"> \r\n                                                subakute Thyreoiditis De Quervain                                                          \r\n                          <\/p>\r\n          <\/div>\r\n                  <div class=\"hidden-items\">\r\n                      <\/div> \r\n                          <\/div>\r\n            \r\n          <div class=\"item\"> \r\n          <div class=\"head-elm\">\r\n            <img decoding=\"async\" src=\"https:\/\/endokrinologie.bayern\/ingolstadt\/wp-content\/themes\/zes_theme\/images\/icon-check.svg\" alt=\"icon\" title=\"icon\">  \r\n            <p class=\"\" @click=\"openItem = openItem === 'item-6' ? null : 'item-6'\"> \r\n                                                Schilddr\u00fcsenkrebs                                                          \r\n                          <\/p>\r\n          <\/div>\r\n                  <div class=\"hidden-items\">\r\n                      <\/div> \r\n                          <\/div>\r\n            \r\n      <\/div>\r\n\r\n        <a href=\"https:\/\/endokrinologie.bayern\/ingolstadt\/leistungen\/endokrinologie\/\" class=\"btn-secondary\">\r\n        Zur Endokrinologie        <img decoding=\"async\" src=\"https:\/\/endokrinologie.bayern\/ingolstadt\/wp-content\/themes\/zes_theme\/images\/btn-next-black.svg\" alt=\"btn-next\" title=\"btn-next\">\r\n      <\/a>\r\n  <\/div>\r\n\r\n<\/div>\r\n\r\n","protected":false},"excerpt":{"rendered":"","protected":false},"author":1,"featured_media":0,"parent":294,"menu_order":0,"comment_status":"closed","ping_status":"closed","template":"","meta":{"_acf_changed":false,"footnotes":""},"standort":[],"class_list":["post-720","page","type-page","status-publish","hentry"],"acf":[],"yoast_head":"<!-- This site is optimized with the Yoast SEO plugin v27.4 - https:\/\/yoast.com\/product\/yoast-seo-wordpress\/ -->\n<title>Zentrum f\u00fcr Endokrinologie und Stoffwechsel Ingolstadt - Schilddr\u00fcsenerkrankungen<\/title>\n<meta name=\"description\" content=\"Im Zentrum f\u00fcr Endokrinologie und Stoffwechsel Ingolstadt bieten wir Ihnen umfassende Diagnostik und Therapie f\u00fcr hormonelle Erkrankungen und Stoffwechselst\u00f6rungen.\" \/>\n<meta name=\"robots\" content=\"index, follow, max-snippet:-1, max-image-preview:large, max-video-preview:-1\" \/>\n<link rel=\"canonical\" href=\"https:\/\/endokrinologie.bayern\/ingolstadt\/leistungen\/endokrinologie\/schilddruesenerkrankungen\/\" \/>\n<meta property=\"og:locale\" content=\"de_DE\" \/>\n<meta property=\"og:type\" content=\"article\" \/>\n<meta property=\"og:title\" content=\"Zentrum f\u00fcr Endokrinologie und Stoffwechsel Ingolstadt - Schilddr\u00fcsenerkrankungen\" \/>\n<meta property=\"og:description\" content=\"Im Zentrum f\u00fcr Endokrinologie und Stoffwechsel Ingolstadt bieten wir Ihnen umfassende Diagnostik und Therapie f\u00fcr hormonelle Erkrankungen und Stoffwechselst\u00f6rungen.\" \/>\n<meta property=\"og:url\" content=\"https:\/\/endokrinologie.bayern\/ingolstadt\/leistungen\/endokrinologie\/schilddruesenerkrankungen\/\" \/>\n<meta property=\"og:site_name\" content=\"ZES Ingolstadt\" \/>\n<meta property=\"article:modified_time\" content=\"2024-12-19T14:25:58+00:00\" \/>\n<meta name=\"twitter:card\" content=\"summary_large_image\" \/>\n<script type=\"application\/ld+json\" class=\"yoast-schema-graph\">{\"@context\":\"https:\\\/\\\/schema.org\",\"@graph\":[{\"@type\":\"WebPage\",\"@id\":\"https:\\\/\\\/endokrinologie.bayern\\\/ingolstadt\\\/leistungen\\\/endokrinologie\\\/schilddruesenerkrankungen\\\/\",\"url\":\"https:\\\/\\\/endokrinologie.bayern\\\/ingolstadt\\\/leistungen\\\/endokrinologie\\\/schilddruesenerkrankungen\\\/\",\"name\":\"Zentrum f\u00fcr Endokrinologie und Stoffwechsel Ingolstadt - Schilddr\u00fcsenerkrankungen\",\"isPartOf\":{\"@id\":\"https:\\\/\\\/endokrinologie.bayern\\\/ingolstadt\\\/#website\"},\"datePublished\":\"2024-12-19T14:24:40+00:00\",\"dateModified\":\"2024-12-19T14:25:58+00:00\",\"description\":\"Im Zentrum f\u00fcr Endokrinologie und Stoffwechsel Ingolstadt bieten wir Ihnen umfassende Diagnostik und Therapie f\u00fcr hormonelle Erkrankungen und Stoffwechselst\u00f6rungen.\",\"breadcrumb\":{\"@id\":\"https:\\\/\\\/endokrinologie.bayern\\\/ingolstadt\\\/leistungen\\\/endokrinologie\\\/schilddruesenerkrankungen\\\/#breadcrumb\"},\"inLanguage\":\"de\",\"potentialAction\":[{\"@type\":\"ReadAction\",\"target\":[\"https:\\\/\\\/endokrinologie.bayern\\\/ingolstadt\\\/leistungen\\\/endokrinologie\\\/schilddruesenerkrankungen\\\/\"]}]},{\"@type\":\"BreadcrumbList\",\"@id\":\"https:\\\/\\\/endokrinologie.bayern\\\/ingolstadt\\\/leistungen\\\/endokrinologie\\\/schilddruesenerkrankungen\\\/#breadcrumb\",\"itemListElement\":[{\"@type\":\"ListItem\",\"position\":1,\"name\":\"Startseite\",\"item\":\"https:\\\/\\\/endokrinologie.bayern\\\/ingolstadt\\\/\"},{\"@type\":\"ListItem\",\"position\":2,\"name\":\"Leistungen\",\"item\":\"https:\\\/\\\/endokrinologie.bayern\\\/ingolstadt\\\/leistungen\\\/\"},{\"@type\":\"ListItem\",\"position\":3,\"name\":\"Endokrinologie\",\"item\":\"https:\\\/\\\/endokrinologie.bayern\\\/ingolstadt\\\/leistungen\\\/endokrinologie\\\/\"},{\"@type\":\"ListItem\",\"position\":4,\"name\":\"Schilddr\u00fcsenerkrankungen\"}]},{\"@type\":\"WebSite\",\"@id\":\"https:\\\/\\\/endokrinologie.bayern\\\/ingolstadt\\\/#website\",\"url\":\"https:\\\/\\\/endokrinologie.bayern\\\/ingolstadt\\\/\",\"name\":\"Zentrum f\u00fcr Endokrinologie und Stoffwechsel Ingolstadt\",\"description\":\"Hormone im Gleichgewicht\",\"potentialAction\":[{\"@type\":\"SearchAction\",\"target\":{\"@type\":\"EntryPoint\",\"urlTemplate\":\"https:\\\/\\\/endokrinologie.bayern\\\/ingolstadt\\\/?s={search_term_string}\"},\"query-input\":{\"@type\":\"PropertyValueSpecification\",\"valueRequired\":true,\"valueName\":\"search_term_string\"}}],\"inLanguage\":\"de\"}]}<\/script>\n<!-- \/ Yoast SEO plugin. -->","yoast_head_json":{"title":"Zentrum f\u00fcr Endokrinologie und Stoffwechsel Ingolstadt - Schilddr\u00fcsenerkrankungen","description":"Im Zentrum f\u00fcr Endokrinologie und Stoffwechsel Ingolstadt bieten wir Ihnen umfassende Diagnostik und Therapie f\u00fcr hormonelle Erkrankungen und Stoffwechselst\u00f6rungen.","robots":{"index":"index","follow":"follow","max-snippet":"max-snippet:-1","max-image-preview":"max-image-preview:large","max-video-preview":"max-video-preview:-1"},"canonical":"https:\/\/endokrinologie.bayern\/ingolstadt\/leistungen\/endokrinologie\/schilddruesenerkrankungen\/","og_locale":"de_DE","og_type":"article","og_title":"Zentrum f\u00fcr Endokrinologie und Stoffwechsel Ingolstadt - Schilddr\u00fcsenerkrankungen","og_description":"Im Zentrum f\u00fcr Endokrinologie und Stoffwechsel Ingolstadt bieten wir Ihnen umfassende Diagnostik und Therapie f\u00fcr hormonelle Erkrankungen und Stoffwechselst\u00f6rungen.","og_url":"https:\/\/endokrinologie.bayern\/ingolstadt\/leistungen\/endokrinologie\/schilddruesenerkrankungen\/","og_site_name":"ZES Ingolstadt","article_modified_time":"2024-12-19T14:25:58+00:00","twitter_card":"summary_large_image","schema":{"@context":"https:\/\/schema.org","@graph":[{"@type":"WebPage","@id":"https:\/\/endokrinologie.bayern\/ingolstadt\/leistungen\/endokrinologie\/schilddruesenerkrankungen\/","url":"https:\/\/endokrinologie.bayern\/ingolstadt\/leistungen\/endokrinologie\/schilddruesenerkrankungen\/","name":"Zentrum f\u00fcr Endokrinologie und Stoffwechsel Ingolstadt - Schilddr\u00fcsenerkrankungen","isPartOf":{"@id":"https:\/\/endokrinologie.bayern\/ingolstadt\/#website"},"datePublished":"2024-12-19T14:24:40+00:00","dateModified":"2024-12-19T14:25:58+00:00","description":"Im Zentrum f\u00fcr Endokrinologie und Stoffwechsel Ingolstadt bieten wir Ihnen umfassende Diagnostik und Therapie f\u00fcr hormonelle Erkrankungen und Stoffwechselst\u00f6rungen.","breadcrumb":{"@id":"https:\/\/endokrinologie.bayern\/ingolstadt\/leistungen\/endokrinologie\/schilddruesenerkrankungen\/#breadcrumb"},"inLanguage":"de","potentialAction":[{"@type":"ReadAction","target":["https:\/\/endokrinologie.bayern\/ingolstadt\/leistungen\/endokrinologie\/schilddruesenerkrankungen\/"]}]},{"@type":"BreadcrumbList","@id":"https:\/\/endokrinologie.bayern\/ingolstadt\/leistungen\/endokrinologie\/schilddruesenerkrankungen\/#breadcrumb","itemListElement":[{"@type":"ListItem","position":1,"name":"Startseite","item":"https:\/\/endokrinologie.bayern\/ingolstadt\/"},{"@type":"ListItem","position":2,"name":"Leistungen","item":"https:\/\/endokrinologie.bayern\/ingolstadt\/leistungen\/"},{"@type":"ListItem","position":3,"name":"Endokrinologie","item":"https:\/\/endokrinologie.bayern\/ingolstadt\/leistungen\/endokrinologie\/"},{"@type":"ListItem","position":4,"name":"Schilddr\u00fcsenerkrankungen"}]},{"@type":"WebSite","@id":"https:\/\/endokrinologie.bayern\/ingolstadt\/#website","url":"https:\/\/endokrinologie.bayern\/ingolstadt\/","name":"Zentrum f\u00fcr Endokrinologie und Stoffwechsel Ingolstadt","description":"Hormone im Gleichgewicht","potentialAction":[{"@type":"SearchAction","target":{"@type":"EntryPoint","urlTemplate":"https:\/\/endokrinologie.bayern\/ingolstadt\/?s={search_term_string}"},"query-input":{"@type":"PropertyValueSpecification","valueRequired":true,"valueName":"search_term_string"}}],"inLanguage":"de"}]}},"_links":{"self":[{"href":"https:\/\/endokrinologie.bayern\/ingolstadt\/wp-json\/wp\/v2\/pages\/720","targetHints":{"allow":["GET"]}}],"collection":[{"href":"https:\/\/endokrinologie.bayern\/ingolstadt\/wp-json\/wp\/v2\/pages"}],"about":[{"href":"https:\/\/endokrinologie.bayern\/ingolstadt\/wp-json\/wp\/v2\/types\/page"}],"author":[{"embeddable":true,"href":"https:\/\/endokrinologie.bayern\/ingolstadt\/wp-json\/wp\/v2\/users\/1"}],"replies":[{"embeddable":true,"href":"https:\/\/endokrinologie.bayern\/ingolstadt\/wp-json\/wp\/v2\/comments?post=720"}],"version-history":[{"count":2,"href":"https:\/\/endokrinologie.bayern\/ingolstadt\/wp-json\/wp\/v2\/pages\/720\/revisions"}],"predecessor-version":[{"id":723,"href":"https:\/\/endokrinologie.bayern\/ingolstadt\/wp-json\/wp\/v2\/pages\/720\/revisions\/723"}],"up":[{"embeddable":true,"href":"https:\/\/endokrinologie.bayern\/ingolstadt\/wp-json\/wp\/v2\/pages\/294"}],"wp:attachment":[{"href":"https:\/\/endokrinologie.bayern\/ingolstadt\/wp-json\/wp\/v2\/media?parent=720"}],"wp:term":[{"taxonomy":"standort","embeddable":true,"href":"https:\/\/endokrinologie.bayern\/ingolstadt\/wp-json\/wp\/v2\/standort?post=720"}],"curies":[{"name":"wp","href":"https:\/\/api.w.org\/{rel}","templated":true}]}}