{"id":301,"date":"2024-07-03T23:58:05","date_gmt":"2024-07-03T21:58:05","guid":{"rendered":"https:\/\/ita-staging.de\/zes\/ingolstadt\/?page_id=301"},"modified":"2024-12-16T17:04:41","modified_gmt":"2024-12-16T16:04:41","slug":"adipositas","status":"publish","type":"page","link":"https:\/\/endokrinologie.bayern\/ingolstadt\/leistungen\/adipositas\/","title":{"rendered":"Adipositas"},"content":{"rendered":"\r\n    <div  class=\"simple-header-block\">\r\n        <div class=\"layout-s\">\r\n                            <div class=\"title\">\r\n                                            <img decoding=\"async\" src=\"https:\/\/endokrinologie.bayern\/ingolstadt\/wp-content\/uploads\/sites\/2\/2024\/11\/icon-ver-adipositas.svg\" alt=\"icon-ver-adipositas\"> \r\n                                        <h1>Gewichtsabnahme bei \u00dcbergewicht und Adipositas<\/h1>\r\n                <\/div>\r\n                                        <p class=\"subline\">Das individualisierte Programm des Zentrums f\u00fcr Endokrinologie und Stoffwechsel Ingolstadt<\/p>\r\n                                        <p>\u00dcbergewicht und Adipositas (Fettleibigkeit) nehmen in Deutschland (wie auch in vielen anderen Gesellschaften weltweit) stetig zu und stellen die Haupttodesursache aufgrund der Folgeerkrankungen wie Diabetes mellitus sowie Herz- und Kreislauferkrankungen dar. Somit ist eine gesunde und nachhaltige Gewichtsreduktion das Ziel vieler Menschen. Insbesondere f\u00fcr jene, die unter Adipositas leiden. Bereits etwa \u00bc der Bev\u00f6lkerung ist adip\u00f6s und es gibt bislang keine optimalen L\u00f6sungen, die Menschen zu einer dauerhaften Gewichtsreduktion verhelfen. Unser \u00e4rztlich geleitetes Programm kann Sie hier medizinisch unterst\u00fctzen.<\/p>\r\n                                <\/div>\r\n    <\/div>\r\n\n\n\r\n\r\n    <div  class=\"text-block  \">\r\n      <div class=\"layout-s\">\r\n                                            <div class=\"content \">\r\n            <div class=\"col\">\r\n              <p>Weitere Schwerpunkte unserer Praxis sind die Diagnostik und Therapie von \u00dcbergewicht und Adipositas sowie des metabolischen Syndroms. Wir kl\u00e4ren\u00a0<strong>endokrine Ursachen<\/strong>\u00a0der ungewollten Gewichtszunahme ab und analysieren Ihren\u00a0<strong>Stoffwechsel<\/strong>. Denn es gibt nicht nur eine Form der Adipositas. Beispielsweise kann ein zu geringer Grundumsatz dazu f\u00fchren, dass trotz geringer Kalorienaufnahme Fett angesetzt wird. Auch kann ein gest\u00f6rtes S\u00e4ttigungsgef\u00fchl zugrunde liegen, was bedingt, dass unwillk\u00fcrlich mehr Kalorien ben\u00f6tigt werden um satt zu werden. Bei anderen Betroffenen kann wiederum eine im Vergleich zu anderen Menschen zu schnelle Magenentleerung ein nach Mahlzeiten verfr\u00fcht einsetzendes Hungergef\u00fchl bewirken und zu h\u00e4ufigerer Kalorienaufnahme f\u00fchren.<\/p>\n<p>Aber auch Stress, Angst und Depressionen k\u00f6nnen\u00a0<strong>emotionale Ursachen<\/strong>\u00a0f\u00fcr eine vermehrte Kalorienaufnahme sein. Ferner untersuchen wir Sie hinsichtlich anderweitiger medizinischer Probleme wie zum Beispiel\u00a0<strong>Schilddr\u00fcsen- oder Nebennierenerkrankungen<\/strong>, die eine Adipositas beg\u00fcnstigen k\u00f6nnen. M\u00f6glicherweise m\u00fcssen Sie aufgrund anderer Grunderkrankungen Medikamente einnehmen, die den Gewichtsverlauf negativ beeinflussen. Au\u00dferdem k\u00f6nnen Begleiterkrankungen und metabolische St\u00f6rungen wie zum Beispiel eine Insulinresistenz oder ein Diabetes mellitus als Komplikationen der Adipositas auftreten, die es aber auch schwerer machen Gewicht zu reduzieren.<\/p>\n<p>Andere Folgen wie Herzkreislauferkrankungen, Skelettbeschwerden oder auch Hormonst\u00f6rungen wie ein\u00a0<strong>PCO-Syndrom<\/strong>\u00a0oder Testosteronmangel m\u00fcssen gegebenenfalls spezifisch behandelt werden.<\/p>\n            <\/div> \r\n                      <\/div> \r\n                \r\n                \r\n        \r\n        \r\n\r\n      <\/div>\r\n    <\/div>\r\n\r\n\n\n\r\n\r\n    <div  class=\"text-block  mt0\">\r\n      <div class=\"layout-s\">\r\n                                            <div class=\"content two\">\r\n            <div class=\"col\">\r\n              <p><strong>Welche genaue Ursache liegt bei Ihnen vor?<\/strong><\/p>\n<p>Nur wenn all diese und weitere Aspekte individuell ber\u00fccksichtigt werden, kann eine Therapie eingeleitet werden, welche eine h\u00f6here Erfolgschance als eine Standardtherapie hat. Gemeinsam mit Ihnen planen wir in einem individualisierten Ansatz Wege zur nachhaltigen Gewichtsreduktion und Verbesserung Ihres Stoffwechsel\u2013 und Gesundheitszustands. Dabei greifen wir auf spezialisierte diagnostische Mittel zur\u00fcck und st\u00fctzen uns auf wissenschaftliche Erkenntnisse, um eine ausf\u00fchrliche Analyse ihres Gesundheitsstatus und ihres Stoffwechseltyps (Ph\u00e4notyp) zu erstellen. In Abh\u00e4ngigkeit davon wird ein individualisierter Therapieplan erstellt, der Sie als Mensch in den Mittelpunkt stellt.<\/p>\n<p>Unser <strong>1-j\u00e4hriges Programm <\/strong>umfasst Ern\u00e4hrungs- und Lebensstilma\u00dfnahmen sowie viertelj\u00e4hrliche \u00e4rztliche und apparative Untersuchungen. H\u00e4ufig setzen wir auch etablierte, effektive Medikamente ein, die in vielen F\u00e4llen den Durchbruch erm\u00f6glichen.<\/p>\n<p>Eine bedarfsweise Weiterbetreuung ist selbstverst\u00e4ndlich auch nach Ablauf des 1-j\u00e4hrigen Programms m\u00f6glich.<\/p>\n            <\/div> \r\n                          <div class=\"col\">\r\n                <p><strong>Was k\u00f6nnen Sie von uns erwarten?<\/strong><\/p>\n<ul>\n<li>Umfassende medizinische Expertise auf dem Gebiet der Inneren Medizin, Endokrinologie und Diabetologie<\/li>\n<li>Gro\u00dfe Erfahrung aus Klinik und Praxis in diesem speziellen medizinischen Bereich, die Ihnen direkt zu Gute kommt.<\/li>\n<li>Individualisierter Ansatz auf Basis spezialisierter diagnostischer Verfahren, die an anderer Stelle so nicht angeboten werden k\u00f6nnen, sowie Bezug auf aktuelle wissenschaftliche Evidenz<\/li>\n<li>Jeder Mensch ist anders: Wir verlassen uns nicht nur auf eine \u201eone size fits all\u201c L\u00f6sung<\/li>\n<li> Wir behalten stets Ihren gesamten Gesundheitsstatusim Blick und legen Wert auf eine gr\u00fcndliche Diagnostik mit dem Ziel der Optimierung kardiovaskul\u00e4rer und metabolischer Risikofaktoren.<\/li>\n<li>Viele zufriedene Patientinnen und Patienten konnten bereits nachhaltig Gewicht reduzieren.<\/li>\n<li>Die M\u00f6glichkeit auf individuell zugeschnittene Ern\u00e4hrungs- und Lebensstilma\u00dfnahmen sowie auf bestimmte Medikamente zur\u00fcckzugreifen, um den optimalen therapeutischen Effekt zu erreichen.<\/li>\n<\/ul>\n              <\/div>\r\n                      <\/div> \r\n                \r\n                \r\n        \r\n        \r\n\r\n      <\/div>\r\n    <\/div>\r\n\r\n\n\n\r\n\r\n    <div  class=\"kachel-block leistungen\"> \r\n      <div class=\"layout-s\">\r\n                   <h3>Weitere Behandlungsschwerpunkte<\/h3>\r\n                \r\n\r\n        <div class=\"kacheln spalte-3\">\r\n                      <div class=\"kachel \">\r\n                              <a href=\"https:\/\/endokrinologie.bayern\/ingolstadt\/leistungen\/endokrinologie\/\">\r\n                                                <p class=\"title\">\r\n                    Endokrinologie                  <\/p>\r\n                                                                  <img src='https:\/\/endokrinologie.bayern\/ingolstadt\/wp-content\/uploads\/sites\/2\/2024\/07\/icon-ver-endokrenologie.svg' alt='' title='icon-ver-endokrenologie'>\r\n                                                  <p class=\"btn-secondary\">Mehr erfahren\r\n                    <img decoding=\"async\" src=\"https:\/\/endokrinologie.bayern\/wp-content\/themes\/zes_theme\/images\/btn-next-black.svg\" alt=\"btn-next\" title=\"btn-next\">\r\n                  <\/p>\r\n                                              <\/a>\r\n                          <\/div>\r\n                      <div class=\"kachel \">\r\n                              <a href=\"https:\/\/endokrinologie.bayern\/ingolstadt\/leistungen\/praeventionsmedizin\/\">\r\n                                                <p class=\"title\">\r\n                    Pr\u00e4ventionsmedizin                  <\/p>\r\n                                                                  <img src='https:\/\/endokrinologie.bayern\/ingolstadt\/wp-content\/uploads\/sites\/2\/2024\/07\/icon-praeventionsmedizin-24.svg' alt='' title='icon-praeventionsmedizin-24'>\r\n                                                  <p class=\"btn-secondary\">Mehr erfahren\r\n                    <img decoding=\"async\" src=\"https:\/\/endokrinologie.bayern\/wp-content\/themes\/zes_theme\/images\/btn-next-black.svg\" alt=\"btn-next\" title=\"btn-next\">\r\n                  <\/p>\r\n                                              <\/a>\r\n                          <\/div>\r\n                      <div class=\"kachel \">\r\n                              <a href=\"https:\/\/endokrinologie.bayern\/ingolstadt\/leistungen\/diabetologie\/\">\r\n                                                <p class=\"title\">\r\n                    Diabetologie                  <\/p>\r\n                                                                  <img src='https:\/\/endokrinologie.bayern\/ingolstadt\/wp-content\/uploads\/sites\/2\/2024\/07\/icon-finger.svg' alt='' title='icon-finger'>\r\n                                                  <p class=\"btn-secondary\">Mehr erfahren\r\n                    <img decoding=\"async\" src=\"https:\/\/endokrinologie.bayern\/wp-content\/themes\/zes_theme\/images\/btn-next-black.svg\" alt=\"btn-next\" title=\"btn-next\">\r\n                  <\/p>\r\n                                              <\/a>\r\n                          <\/div>\r\n                      <div class=\"kachel \">\r\n                              <a href=\"https:\/\/endokrinologie.bayern\/ingolstadt\/leistungen\/osteologie\/\">\r\n                                                <p class=\"title\">\r\n                    Osteologie                  <\/p>\r\n                                                                  <img src='https:\/\/endokrinologie.bayern\/ingolstadt\/wp-content\/uploads\/sites\/2\/2024\/07\/icon-osteoporose_24.svg' alt='' title='icon-osteoporose_24'>\r\n                                                  <p class=\"btn-secondary\">Mehr erfahren\r\n                    <img decoding=\"async\" src=\"https:\/\/endokrinologie.bayern\/wp-content\/themes\/zes_theme\/images\/btn-next-black.svg\" alt=\"btn-next\" title=\"btn-next\">\r\n                  <\/p>\r\n                                              <\/a>\r\n                          <\/div>\r\n                      <div class=\"kachel \">\r\n                              <a href=\"https:\/\/endokrinologie.bayern\/ingolstadt\/leistungen\/ernaehrungsberatung\/\">\r\n                                                <p class=\"title\">\r\n                    Ern\u00e4hrungs- beratung                  <\/p>\r\n                                                                  <img src='https:\/\/endokrinologie.bayern\/ingolstadt\/wp-content\/uploads\/sites\/2\/2024\/07\/icon-ernaehrungsberatung.svg' alt='' title='icon-ernaehrungsberatung'>\r\n                                                  <p class=\"btn-secondary\">Mehr erfahren\r\n                    <img decoding=\"async\" src=\"https:\/\/endokrinologie.bayern\/wp-content\/themes\/zes_theme\/images\/btn-next-black.svg\" alt=\"btn-next\" title=\"btn-next\">\r\n                  <\/p>\r\n                                              <\/a>\r\n                          <\/div>\r\n                  <\/div>\r\n\r\n                    <a href=\"https:\/\/endokrinologie.bayern\/ingolstadt\/leistungen\/\" class=\"btn-primary spalte-3\">\r\n              Zu der Leistungs\u00fcbersicht              <img decoding=\"async\" src=\"https:\/\/endokrinologie.bayern\/wp-content\/themes\/zes_theme\/images\/btn-next.svg\" alt=\"btn next\" title=\"btn next\">\r\n            <\/a>\r\n              <\/div>\r\n    <\/div>\r\n\r\n\n\n    <div  class=\"accordion-block \">\r\n        <div class=\"layout-s\">\r\n                            <h3>Infopool<\/h3>\r\n            \r\n            <div class=\"accordion\" x-data=\"{ open: null }\">\r\n                                        <div class=\"item\">\r\n                            <button @click=\"open = open === 0 ? null : 0\">\r\n                                Kann ich auch ohne \u00e4rztliche \u00dcberweisung teilnehmen?                                <img decoding=\"async\" x-show=\"open !== 0\" \r\n                                     src=\"https:\/\/endokrinologie.bayern\/ingolstadt\/wp-content\/themes\/zes_theme\/images\/acc_closed.svg\" \r\n                                     alt=\"Closed\" style=\"display: none;\">\r\n                                <img decoding=\"async\" x-show=\"open === 0\" \r\n                                     src=\"https:\/\/endokrinologie.bayern\/ingolstadt\/wp-content\/themes\/zes_theme\/images\/acc_open.svg\" \r\n                                     alt=\"Open\" style=\"display: none;\">\r\n                            <\/button>\r\n                            <div x-show=\"open === 0\" x-collapse class=\"content\">\r\n                                <p>Ja, Sie k\u00f6nnen sich direkt an uns wenden und einen Termin f\u00fcr eine Erstberatung vereinbaren.<\/p>\n                            <\/div>\r\n                        <\/div>\r\n                                                            <div class=\"item\">\r\n                            <button @click=\"open = open === 1 ? null : 1\">\r\n                                Welche Rolle spielt die Familie in der Adipositas-Behandlung?                                <img decoding=\"async\" x-show=\"open !== 1\" \r\n                                     src=\"https:\/\/endokrinologie.bayern\/ingolstadt\/wp-content\/themes\/zes_theme\/images\/acc_closed.svg\" \r\n                                     alt=\"Closed\" style=\"display: none;\">\r\n                                <img decoding=\"async\" x-show=\"open === 1\" \r\n                                     src=\"https:\/\/endokrinologie.bayern\/ingolstadt\/wp-content\/themes\/zes_theme\/images\/acc_open.svg\" \r\n                                     alt=\"Open\" style=\"display: none;\">\r\n                            <\/button>\r\n                            <div x-show=\"open === 1\" x-collapse class=\"content\">\r\n                                <p>Die Unterst\u00fctzung durch die Familie ist ein wichtiger Bestandteil der Adipositas-Behandlung. Wir ermutigen Ihre Angeh\u00f6rigen, an Schulungen und Beratungen teilzunehmen, um ein besseres Verst\u00e4ndnis f\u00fcr Ihre Erkrankung zu entwickeln und Ihnen bestm\u00f6glich zur Seite zu stehen.<\/p>\n<h3><\/h3>\n                            <\/div>\r\n                        <\/div>\r\n                                    \r\n                            <\/div>\r\n        <\/div>\r\n    <\/div>\r\n","protected":false},"excerpt":{"rendered":"","protected":false},"author":1,"featured_media":0,"parent":282,"menu_order":0,"comment_status":"closed","ping_status":"closed","template":"","meta":{"_acf_changed":false,"footnotes":""},"standort":[],"class_list":["post-301","page","type-page","status-publish","hentry"],"acf":[],"yoast_head":"<!-- This site is optimized with the Yoast SEO plugin v27.4 - https:\/\/yoast.com\/product\/yoast-seo-wordpress\/ -->\n<title>Zentrum f\u00fcr Endokrinologie und Stoffwechsel Ingolstadt - Adipositas<\/title>\n<meta name=\"description\" content=\"Im Zentrum f\u00fcr Endokrinologie und Stoffwechsel Ingolstadt bieten wir Ihnen umfassende Diagnostik und Therapie f\u00fcr hormonelle Erkrankungen und Stoffwechselst\u00f6rungen.\" \/>\n<meta name=\"robots\" content=\"index, follow, max-snippet:-1, max-image-preview:large, max-video-preview:-1\" \/>\n<link rel=\"canonical\" href=\"https:\/\/endokrinologie.bayern\/ingolstadt\/leistungen\/adipositas\/\" \/>\n<meta property=\"og:locale\" content=\"de_DE\" \/>\n<meta property=\"og:type\" content=\"article\" \/>\n<meta property=\"og:title\" content=\"Zentrum f\u00fcr Endokrinologie und Stoffwechsel Ingolstadt - Adipositas\" \/>\n<meta property=\"og:description\" content=\"Im Zentrum f\u00fcr Endokrinologie und Stoffwechsel Ingolstadt bieten wir Ihnen umfassende Diagnostik und Therapie f\u00fcr hormonelle Erkrankungen und Stoffwechselst\u00f6rungen.\" \/>\n<meta property=\"og:url\" content=\"https:\/\/endokrinologie.bayern\/ingolstadt\/leistungen\/adipositas\/\" \/>\n<meta property=\"og:site_name\" content=\"ZES Ingolstadt\" \/>\n<meta property=\"article:modified_time\" content=\"2024-12-16T16:04:41+00:00\" \/>\n<meta name=\"twitter:card\" content=\"summary_large_image\" \/>\n<script type=\"application\/ld+json\" class=\"yoast-schema-graph\">{\"@context\":\"https:\\\/\\\/schema.org\",\"@graph\":[{\"@type\":\"WebPage\",\"@id\":\"https:\\\/\\\/endokrinologie.bayern\\\/ingolstadt\\\/leistungen\\\/adipositas\\\/\",\"url\":\"https:\\\/\\\/endokrinologie.bayern\\\/ingolstadt\\\/leistungen\\\/adipositas\\\/\",\"name\":\"Zentrum f\u00fcr Endokrinologie und Stoffwechsel Ingolstadt - Adipositas\",\"isPartOf\":{\"@id\":\"https:\\\/\\\/endokrinologie.bayern\\\/ingolstadt\\\/#website\"},\"datePublished\":\"2024-07-03T21:58:05+00:00\",\"dateModified\":\"2024-12-16T16:04:41+00:00\",\"description\":\"Im Zentrum f\u00fcr Endokrinologie und Stoffwechsel Ingolstadt bieten wir Ihnen umfassende Diagnostik und Therapie f\u00fcr hormonelle Erkrankungen und Stoffwechselst\u00f6rungen.\",\"breadcrumb\":{\"@id\":\"https:\\\/\\\/endokrinologie.bayern\\\/ingolstadt\\\/leistungen\\\/adipositas\\\/#breadcrumb\"},\"inLanguage\":\"de\",\"potentialAction\":[{\"@type\":\"ReadAction\",\"target\":[\"https:\\\/\\\/endokrinologie.bayern\\\/ingolstadt\\\/leistungen\\\/adipositas\\\/\"]}]},{\"@type\":\"BreadcrumbList\",\"@id\":\"https:\\\/\\\/endokrinologie.bayern\\\/ingolstadt\\\/leistungen\\\/adipositas\\\/#breadcrumb\",\"itemListElement\":[{\"@type\":\"ListItem\",\"position\":1,\"name\":\"Startseite\",\"item\":\"https:\\\/\\\/endokrinologie.bayern\\\/ingolstadt\\\/\"},{\"@type\":\"ListItem\",\"position\":2,\"name\":\"Leistungen\",\"item\":\"https:\\\/\\\/endokrinologie.bayern\\\/ingolstadt\\\/leistungen\\\/\"},{\"@type\":\"ListItem\",\"position\":3,\"name\":\"Adipositas\"}]},{\"@type\":\"WebSite\",\"@id\":\"https:\\\/\\\/endokrinologie.bayern\\\/ingolstadt\\\/#website\",\"url\":\"https:\\\/\\\/endokrinologie.bayern\\\/ingolstadt\\\/\",\"name\":\"Zentrum f\u00fcr Endokrinologie und Stoffwechsel Ingolstadt\",\"description\":\"Hormone im Gleichgewicht\",\"potentialAction\":[{\"@type\":\"SearchAction\",\"target\":{\"@type\":\"EntryPoint\",\"urlTemplate\":\"https:\\\/\\\/endokrinologie.bayern\\\/ingolstadt\\\/?s={search_term_string}\"},\"query-input\":{\"@type\":\"PropertyValueSpecification\",\"valueRequired\":true,\"valueName\":\"search_term_string\"}}],\"inLanguage\":\"de\"}]}<\/script>\n<!-- \/ Yoast SEO plugin. -->","yoast_head_json":{"title":"Zentrum f\u00fcr Endokrinologie und Stoffwechsel Ingolstadt - Adipositas","description":"Im Zentrum f\u00fcr Endokrinologie und Stoffwechsel Ingolstadt bieten wir Ihnen umfassende Diagnostik und Therapie f\u00fcr hormonelle Erkrankungen und Stoffwechselst\u00f6rungen.","robots":{"index":"index","follow":"follow","max-snippet":"max-snippet:-1","max-image-preview":"max-image-preview:large","max-video-preview":"max-video-preview:-1"},"canonical":"https:\/\/endokrinologie.bayern\/ingolstadt\/leistungen\/adipositas\/","og_locale":"de_DE","og_type":"article","og_title":"Zentrum f\u00fcr Endokrinologie und Stoffwechsel Ingolstadt - Adipositas","og_description":"Im Zentrum f\u00fcr Endokrinologie und Stoffwechsel Ingolstadt bieten wir Ihnen umfassende Diagnostik und Therapie f\u00fcr hormonelle Erkrankungen und Stoffwechselst\u00f6rungen.","og_url":"https:\/\/endokrinologie.bayern\/ingolstadt\/leistungen\/adipositas\/","og_site_name":"ZES Ingolstadt","article_modified_time":"2024-12-16T16:04:41+00:00","twitter_card":"summary_large_image","schema":{"@context":"https:\/\/schema.org","@graph":[{"@type":"WebPage","@id":"https:\/\/endokrinologie.bayern\/ingolstadt\/leistungen\/adipositas\/","url":"https:\/\/endokrinologie.bayern\/ingolstadt\/leistungen\/adipositas\/","name":"Zentrum f\u00fcr Endokrinologie und Stoffwechsel Ingolstadt - Adipositas","isPartOf":{"@id":"https:\/\/endokrinologie.bayern\/ingolstadt\/#website"},"datePublished":"2024-07-03T21:58:05+00:00","dateModified":"2024-12-16T16:04:41+00:00","description":"Im Zentrum f\u00fcr Endokrinologie und Stoffwechsel Ingolstadt bieten wir Ihnen umfassende Diagnostik und Therapie f\u00fcr hormonelle Erkrankungen und Stoffwechselst\u00f6rungen.","breadcrumb":{"@id":"https:\/\/endokrinologie.bayern\/ingolstadt\/leistungen\/adipositas\/#breadcrumb"},"inLanguage":"de","potentialAction":[{"@type":"ReadAction","target":["https:\/\/endokrinologie.bayern\/ingolstadt\/leistungen\/adipositas\/"]}]},{"@type":"BreadcrumbList","@id":"https:\/\/endokrinologie.bayern\/ingolstadt\/leistungen\/adipositas\/#breadcrumb","itemListElement":[{"@type":"ListItem","position":1,"name":"Startseite","item":"https:\/\/endokrinologie.bayern\/ingolstadt\/"},{"@type":"ListItem","position":2,"name":"Leistungen","item":"https:\/\/endokrinologie.bayern\/ingolstadt\/leistungen\/"},{"@type":"ListItem","position":3,"name":"Adipositas"}]},{"@type":"WebSite","@id":"https:\/\/endokrinologie.bayern\/ingolstadt\/#website","url":"https:\/\/endokrinologie.bayern\/ingolstadt\/","name":"Zentrum f\u00fcr Endokrinologie und Stoffwechsel Ingolstadt","description":"Hormone im Gleichgewicht","potentialAction":[{"@type":"SearchAction","target":{"@type":"EntryPoint","urlTemplate":"https:\/\/endokrinologie.bayern\/ingolstadt\/?s={search_term_string}"},"query-input":{"@type":"PropertyValueSpecification","valueRequired":true,"valueName":"search_term_string"}}],"inLanguage":"de"}]}},"_links":{"self":[{"href":"https:\/\/endokrinologie.bayern\/ingolstadt\/wp-json\/wp\/v2\/pages\/301","targetHints":{"allow":["GET"]}}],"collection":[{"href":"https:\/\/endokrinologie.bayern\/ingolstadt\/wp-json\/wp\/v2\/pages"}],"about":[{"href":"https:\/\/endokrinologie.bayern\/ingolstadt\/wp-json\/wp\/v2\/types\/page"}],"author":[{"embeddable":true,"href":"https:\/\/endokrinologie.bayern\/ingolstadt\/wp-json\/wp\/v2\/users\/1"}],"replies":[{"embeddable":true,"href":"https:\/\/endokrinologie.bayern\/ingolstadt\/wp-json\/wp\/v2\/comments?post=301"}],"version-history":[{"count":12,"href":"https:\/\/endokrinologie.bayern\/ingolstadt\/wp-json\/wp\/v2\/pages\/301\/revisions"}],"predecessor-version":[{"id":654,"href":"https:\/\/endokrinologie.bayern\/ingolstadt\/wp-json\/wp\/v2\/pages\/301\/revisions\/654"}],"up":[{"embeddable":true,"href":"https:\/\/endokrinologie.bayern\/ingolstadt\/wp-json\/wp\/v2\/pages\/282"}],"wp:attachment":[{"href":"https:\/\/endokrinologie.bayern\/ingolstadt\/wp-json\/wp\/v2\/media?parent=301"}],"wp:term":[{"taxonomy":"standort","embeddable":true,"href":"https:\/\/endokrinologie.bayern\/ingolstadt\/wp-json\/wp\/v2\/standort?post=301"}],"curies":[{"name":"wp","href":"https:\/\/api.w.org\/{rel}","templated":true}]}}