{"id":844,"date":"2025-11-18T19:25:10","date_gmt":"2025-11-18T18:25:10","guid":{"rendered":"https:\/\/endokrinologie.bayern\/gruenwald\/?page_id=844"},"modified":"2026-03-09T12:13:52","modified_gmt":"2026-03-09T11:13:52","slug":"dr-med-reiner-jumpertz-von-schwartzenberg","status":"publish","type":"page","link":"https:\/\/endokrinologie.bayern\/gruenwald\/team\/dr-med-reiner-jumpertz-von-schwartzenberg\/","title":{"rendered":"Martin Reuter"},"content":{"rendered":"\r\n\r\n    <div  class=\"arzt-block\">\r\n      <div class=\"layout\">\r\n                    <div class=\"arzt-details\">\r\n                <div class=\"about\">\r\n                  <div class=\"left\">\r\n                                          <img decoding=\"async\" src=\"https:\/\/endokrinologie.bayern\/wp-content\/uploads\/2026\/03\/reutner.jpg\" alt=\"Martin Reuter\">\r\n                    \r\n                                          <a href=\"https:\/\/termin.samedi.de\/b\/zes-bayern-zentrum-fur-endokrinologie-und-stoffwechsel\/gruenwald?ref=doctors-website\" class=\"btn-primary\">Zur Terminvereinbarung \r\n                      <\/a>\r\n                                                                                                   <\/div>\r\n\r\n\r\n                  <div class=\"profil\"> \r\n                    <h1>Dr. med. Martin Reuter<\/h1> \r\n                    <p>\r\n                      Internist, Endokrinologe, Diabetologe und Osteologe DVO                     <\/p>\r\n\r\n                                          <div class=\"vorstellung\">\r\n                        <h4>Anerkannte Facharztbezeichnungen und weitere Qualifikationen<\/h4>\n<ul>\n<li>Facharzt f\u00fcr Innere Medizin und Endokrinologie und Diabetologie<\/li>\n<li>Fachkunde Strahlenschutz f\u00fcr Knochendichtemessung DXA gem\u00e4\u00df R\u00f6V und offene radioaktive Stoffe organbezogene Untersuchung endokrine Organe (Schilddr\u00fcsenszintigraphie) gem\u00e4\u00df StrlSchV<\/li>\n<li>Fachkunde Rettungsdienst (Notarzt)<\/li>\n<li>Zertifizierung Osteologe DVO<\/li>\n<li>Qualifikation zur fachgebundenen genetischen Beratung Endokrinologie<\/li>\n<li>Diplom f\u00fcr Alpin- und H\u00f6henmedizin (International Diploma for Mountain Medicine ISMM)<\/li>\n<\/ul>\n<p>&nbsp;<\/p>\n<h4>Mitgliedschaften<\/h4>\n<ul>\n<li>Deutsche Gesellschaft f\u00fcr Endokrinologie e.V.<\/li>\n<li>Deutsche Diabetesgesellschaft e.V.<\/li>\n<li>Deutsche Gesellschaft f\u00fcr Innere Medizin e.V.<\/li>\n<li>Deutsche Menopause Gesellschaft e.V.<\/li>\n<\/ul>\n                      <\/div>\r\n                                      <\/div>\r\n                <\/div>\r\n                    \r\n                \r\n                \r\n                                  <div class=\"qualifikation\">\r\n                    <h3>Qualifikation:<\/h3> \r\n\r\n                    <div class=\"items\">\r\n                     \r\n                      <div class=\"item\">\r\n                        <p class=\"jahr\">1994 &#8211; 2000:<\/p>\r\n                        <p>Studium der Medizin an der Philipps-Universit\u00e4t Marburg und der Technischen Universit\u00e4t M\u00fcnchen<\/p> \r\n                      <\/div>\r\n                     \r\n                      <div class=\"item\">\r\n                        <p class=\"jahr\">2004:<\/p>\r\n                        <p>Promotion (magna cum laude): \u201eKomplikationen bei Endomyokardbiopsien.\r\nEine Studie von ca. 17800 Gewebeentnahmen von 1989 bis 1997\u201c\r\nDekan: Prof. Dr. B. Maisch, Leiter des medizinischen Zentrums f\u00fcr Kardiologie der Philipps-Universit\u00e4t Marburg<\/p> \r\n                      <\/div>\r\n                     \r\n                      <div class=\"item\">\r\n                        <p class=\"jahr\">2000 &#8211; 2008:<\/p>\r\n                        <p>Arzt im Praktikum, sp\u00e4ter Assistenzarzt bzw. Facharzt in der 3. Med. Klinik, Klinikum Neuperlach, St\u00e4dt. Klinikum GmbH M\u00fcnchen (Klinik f\u00fcr Endokrinologie, Diabetologie, Angiologie, Innere Medizin und Interne Notaufnahme, Leiter: Prof. Dr. K.-D. Palitzsch)<\/p> \r\n                      <\/div>\r\n                     \r\n                      <div class=\"item\">\r\n                        <p class=\"jahr\">2009 \u2013 2010:<\/p>\r\n                        <p>Amtsrat bzw. Facharzt in der Med. Klinik 2 der Uniklinik Erlangen (Klinik f\u00fcr Kardiologie und Angiologie, Leiter: Prof. Dr. W.G. Daniel)<\/p> \r\n                      <\/div>\r\n                     \r\n                      <div class=\"item\">\r\n                        <p class=\"jahr\">2010 \u2013 2011:<\/p>\r\n                        <p>Weiterbildung zum Endokrinologen in der Praxis f\u00fcr Endokrinologie, N\u00fcrnberg, Inhaber: Prof. Dr. E. Heinen und Dr. M. Beyer.<\/p> \r\n                      <\/div>\r\n                     \r\n                      <div class=\"item\">\r\n                        <p class=\"jahr\">2012 \u2013 2013:<\/p>\r\n                        <p>Elternzeit f\u00fcr S\u00f6hne Moritz, Felix und Paul<\/p> \r\n                      <\/div>\r\n                     \r\n                      <div class=\"item\">\r\n                        <p class=\"jahr\">2014 \u2013 2022:<\/p>\r\n                        <p>Endokrinologe in der Praxis f\u00fcr Endokrinologie in N\u00fcrnberg, Strahlenschutzbeauftragter f\u00fcr nuklearmedizinische Untersuchungen, Radioimmunoassay-Labor und Knochendichtemessung (DXA)<\/p> \r\n                      <\/div>\r\n                     \r\n                      <div class=\"item\">\r\n                        <p class=\"jahr\">2024 \u2013 2026:<\/p>\r\n                        <p>Endokrinologe in der Praxis Endokrinologie Oberland, Inhaber Dr. S. P\u00f6rtl in Miesbach<\/p> \r\n                      <\/div>\r\n                     \r\n                      <div class=\"item\">\r\n                        <p class=\"jahr\">Ab 01.05.2026:<\/p>\r\n                        <p>Facharzt f\u00fcr Innere Medizin, Endokrinologie, Diabetologie und Osteologie im Zentrum f\u00fcr Endokrinologie und Stoffwechsel Standort Gr\u00fcnwald<\/p> \r\n                      <\/div>\r\n                     \r\n                    <\/div>\r\n                  <\/div>\r\n                                \r\n                \r\n\r\n            <\/div>\r\n              <\/div>\r\n    <\/div>\r\n\r\n\n\n    <div  class=\"cta-block  cta\">\r\n        <div class=\"layout\">\r\n                            <div class=\"col\">\r\n                                            <h3>Besuchen Sie unsere ZES-Zentren<\/h3>\r\n                                                            <a href=\"\/zes\/standorte\" class=\"btn-primary\">Zu den Standorten<img decoding=\"async\" src=\"https:\/\/endokrinologie.bayern\/gruenwald\/wp-content\/themes\/zes_theme\/images\/btn-next.svg\" alt=\"btn next\" title=\"btn next\"><\/a>                <\/div>\r\n                <div class=\"col\">\r\n                                            <div class=\"content\">\r\n                            <p>Wir laden Sie ein, unsere Endokrinologie-Zentren in Bayern zu besuchen und die Vorteile einer spezialisierten Endokrinologie-Betreuung zu erleben. Unsere Standorte sind darauf ausgerichtet, Ihnen in der Endokrinologie eine umfassende Betreuung zu bieten, die Ihr Leben nachhaltig verbessert.<\/p>\n                        <\/div>\r\n                                    <\/div>\r\n                    <\/div>\r\n    <\/div>\r\n","protected":false},"excerpt":{"rendered":"","protected":false},"author":1,"featured_media":0,"parent":156,"menu_order":0,"comment_status":"closed","ping_status":"closed","template":"","meta":{"_acf_changed":false,"footnotes":""},"standort":[],"class_list":["post-844","page","type-page","status-publish","hentry"],"acf":[],"yoast_head":"<!-- This site is optimized with the Yoast SEO plugin v27.4 - https:\/\/yoast.com\/product\/yoast-seo-wordpress\/ -->\n<title>Zentrum f\u00fcr Endokrinologie und Stoffwechsel - Martin Reuter<\/title>\n<meta name=\"description\" content=\"Ihr Spezialist in Gr\u00fcnwald f\u00fcr hormonelle und stoffwechselbedingte Erkrankungen. Mit moderner Diagnostik und individuellen Therapien f\u00fcr Ihre Gesundheit.\" \/>\n<meta name=\"robots\" content=\"index, follow, max-snippet:-1, max-image-preview:large, max-video-preview:-1\" \/>\n<link rel=\"canonical\" href=\"https:\/\/endokrinologie.bayern\/gruenwald\/team\/dr-med-reiner-jumpertz-von-schwartzenberg\/\" \/>\n<meta property=\"og:locale\" content=\"de_DE\" \/>\n<meta property=\"og:type\" content=\"article\" \/>\n<meta property=\"og:title\" content=\"Zentrum f\u00fcr Endokrinologie und Stoffwechsel - Martin Reuter\" \/>\n<meta property=\"og:description\" content=\"Ihr Spezialist in Gr\u00fcnwald f\u00fcr hormonelle und stoffwechselbedingte Erkrankungen. Mit moderner Diagnostik und individuellen Therapien f\u00fcr Ihre Gesundheit.\" \/>\n<meta property=\"og:url\" content=\"https:\/\/endokrinologie.bayern\/gruenwald\/team\/dr-med-reiner-jumpertz-von-schwartzenberg\/\" \/>\n<meta property=\"og:site_name\" content=\"ZES Gr\u00fcnwald\" \/>\n<meta property=\"article:modified_time\" content=\"2026-03-09T11:13:52+00:00\" \/>\n<meta name=\"twitter:card\" content=\"summary_large_image\" \/>\n<script type=\"application\/ld+json\" class=\"yoast-schema-graph\">{\"@context\":\"https:\\\/\\\/schema.org\",\"@graph\":[{\"@type\":\"WebPage\",\"@id\":\"https:\\\/\\\/endokrinologie.bayern\\\/gruenwald\\\/team\\\/dr-med-reiner-jumpertz-von-schwartzenberg\\\/\",\"url\":\"https:\\\/\\\/endokrinologie.bayern\\\/gruenwald\\\/team\\\/dr-med-reiner-jumpertz-von-schwartzenberg\\\/\",\"name\":\"Zentrum f\u00fcr Endokrinologie und Stoffwechsel - Martin Reuter\",\"isPartOf\":{\"@id\":\"https:\\\/\\\/endokrinologie.bayern\\\/gruenwald\\\/#website\"},\"datePublished\":\"2025-11-18T18:25:10+00:00\",\"dateModified\":\"2026-03-09T11:13:52+00:00\",\"description\":\"Ihr Spezialist in Gr\u00fcnwald f\u00fcr hormonelle und stoffwechselbedingte Erkrankungen. Mit moderner Diagnostik und individuellen Therapien f\u00fcr Ihre Gesundheit.\",\"breadcrumb\":{\"@id\":\"https:\\\/\\\/endokrinologie.bayern\\\/gruenwald\\\/team\\\/dr-med-reiner-jumpertz-von-schwartzenberg\\\/#breadcrumb\"},\"inLanguage\":\"de\",\"potentialAction\":[{\"@type\":\"ReadAction\",\"target\":[\"https:\\\/\\\/endokrinologie.bayern\\\/gruenwald\\\/team\\\/dr-med-reiner-jumpertz-von-schwartzenberg\\\/\"]}]},{\"@type\":\"BreadcrumbList\",\"@id\":\"https:\\\/\\\/endokrinologie.bayern\\\/gruenwald\\\/team\\\/dr-med-reiner-jumpertz-von-schwartzenberg\\\/#breadcrumb\",\"itemListElement\":[{\"@type\":\"ListItem\",\"position\":1,\"name\":\"Startseite\",\"item\":\"https:\\\/\\\/endokrinologie.bayern\\\/gruenwald\\\/\"},{\"@type\":\"ListItem\",\"position\":2,\"name\":\"Team\",\"item\":\"https:\\\/\\\/endokrinologie.bayern\\\/gruenwald\\\/team\\\/\"},{\"@type\":\"ListItem\",\"position\":3,\"name\":\"Martin Reuter\"}]},{\"@type\":\"WebSite\",\"@id\":\"https:\\\/\\\/endokrinologie.bayern\\\/gruenwald\\\/#website\",\"url\":\"https:\\\/\\\/endokrinologie.bayern\\\/gruenwald\\\/\",\"name\":\"Zentrum f\u00fcr Endokrinologie und Stoffwechsel Gr\u00fcnwald\",\"description\":\"Hormone im Gleichgewicht\",\"potentialAction\":[{\"@type\":\"SearchAction\",\"target\":{\"@type\":\"EntryPoint\",\"urlTemplate\":\"https:\\\/\\\/endokrinologie.bayern\\\/gruenwald\\\/?s={search_term_string}\"},\"query-input\":{\"@type\":\"PropertyValueSpecification\",\"valueRequired\":true,\"valueName\":\"search_term_string\"}}],\"inLanguage\":\"de\"}]}<\/script>\n<!-- \/ Yoast SEO plugin. -->","yoast_head_json":{"title":"Zentrum f\u00fcr Endokrinologie und Stoffwechsel - Martin Reuter","description":"Ihr Spezialist in Gr\u00fcnwald f\u00fcr hormonelle und stoffwechselbedingte Erkrankungen. Mit moderner Diagnostik und individuellen Therapien f\u00fcr Ihre Gesundheit.","robots":{"index":"index","follow":"follow","max-snippet":"max-snippet:-1","max-image-preview":"max-image-preview:large","max-video-preview":"max-video-preview:-1"},"canonical":"https:\/\/endokrinologie.bayern\/gruenwald\/team\/dr-med-reiner-jumpertz-von-schwartzenberg\/","og_locale":"de_DE","og_type":"article","og_title":"Zentrum f\u00fcr Endokrinologie und Stoffwechsel - Martin Reuter","og_description":"Ihr Spezialist in Gr\u00fcnwald f\u00fcr hormonelle und stoffwechselbedingte Erkrankungen. Mit moderner Diagnostik und individuellen Therapien f\u00fcr Ihre Gesundheit.","og_url":"https:\/\/endokrinologie.bayern\/gruenwald\/team\/dr-med-reiner-jumpertz-von-schwartzenberg\/","og_site_name":"ZES Gr\u00fcnwald","article_modified_time":"2026-03-09T11:13:52+00:00","twitter_card":"summary_large_image","schema":{"@context":"https:\/\/schema.org","@graph":[{"@type":"WebPage","@id":"https:\/\/endokrinologie.bayern\/gruenwald\/team\/dr-med-reiner-jumpertz-von-schwartzenberg\/","url":"https:\/\/endokrinologie.bayern\/gruenwald\/team\/dr-med-reiner-jumpertz-von-schwartzenberg\/","name":"Zentrum f\u00fcr Endokrinologie und Stoffwechsel - Martin Reuter","isPartOf":{"@id":"https:\/\/endokrinologie.bayern\/gruenwald\/#website"},"datePublished":"2025-11-18T18:25:10+00:00","dateModified":"2026-03-09T11:13:52+00:00","description":"Ihr Spezialist in Gr\u00fcnwald f\u00fcr hormonelle und stoffwechselbedingte Erkrankungen. Mit moderner Diagnostik und individuellen Therapien f\u00fcr Ihre Gesundheit.","breadcrumb":{"@id":"https:\/\/endokrinologie.bayern\/gruenwald\/team\/dr-med-reiner-jumpertz-von-schwartzenberg\/#breadcrumb"},"inLanguage":"de","potentialAction":[{"@type":"ReadAction","target":["https:\/\/endokrinologie.bayern\/gruenwald\/team\/dr-med-reiner-jumpertz-von-schwartzenberg\/"]}]},{"@type":"BreadcrumbList","@id":"https:\/\/endokrinologie.bayern\/gruenwald\/team\/dr-med-reiner-jumpertz-von-schwartzenberg\/#breadcrumb","itemListElement":[{"@type":"ListItem","position":1,"name":"Startseite","item":"https:\/\/endokrinologie.bayern\/gruenwald\/"},{"@type":"ListItem","position":2,"name":"Team","item":"https:\/\/endokrinologie.bayern\/gruenwald\/team\/"},{"@type":"ListItem","position":3,"name":"Martin Reuter"}]},{"@type":"WebSite","@id":"https:\/\/endokrinologie.bayern\/gruenwald\/#website","url":"https:\/\/endokrinologie.bayern\/gruenwald\/","name":"Zentrum f\u00fcr Endokrinologie und Stoffwechsel Gr\u00fcnwald","description":"Hormone im Gleichgewicht","potentialAction":[{"@type":"SearchAction","target":{"@type":"EntryPoint","urlTemplate":"https:\/\/endokrinologie.bayern\/gruenwald\/?s={search_term_string}"},"query-input":{"@type":"PropertyValueSpecification","valueRequired":true,"valueName":"search_term_string"}}],"inLanguage":"de"}]}},"_links":{"self":[{"href":"https:\/\/endokrinologie.bayern\/gruenwald\/wp-json\/wp\/v2\/pages\/844","targetHints":{"allow":["GET"]}}],"collection":[{"href":"https:\/\/endokrinologie.bayern\/gruenwald\/wp-json\/wp\/v2\/pages"}],"about":[{"href":"https:\/\/endokrinologie.bayern\/gruenwald\/wp-json\/wp\/v2\/types\/page"}],"author":[{"embeddable":true,"href":"https:\/\/endokrinologie.bayern\/gruenwald\/wp-json\/wp\/v2\/users\/1"}],"replies":[{"embeddable":true,"href":"https:\/\/endokrinologie.bayern\/gruenwald\/wp-json\/wp\/v2\/comments?post=844"}],"version-history":[{"count":9,"href":"https:\/\/endokrinologie.bayern\/gruenwald\/wp-json\/wp\/v2\/pages\/844\/revisions"}],"predecessor-version":[{"id":969,"href":"https:\/\/endokrinologie.bayern\/gruenwald\/wp-json\/wp\/v2\/pages\/844\/revisions\/969"}],"up":[{"embeddable":true,"href":"https:\/\/endokrinologie.bayern\/gruenwald\/wp-json\/wp\/v2\/pages\/156"}],"wp:attachment":[{"href":"https:\/\/endokrinologie.bayern\/gruenwald\/wp-json\/wp\/v2\/media?parent=844"}],"wp:term":[{"taxonomy":"standort","embeddable":true,"href":"https:\/\/endokrinologie.bayern\/gruenwald\/wp-json\/wp\/v2\/standort?post=844"}],"curies":[{"name":"wp","href":"https:\/\/api.w.org\/{rel}","templated":true}]}}