{"id":729,"date":"2024-12-19T15:41:37","date_gmt":"2024-12-19T14:41:37","guid":{"rendered":"https:\/\/ita-staging.de\/zes\/landshut\/?page_id=729"},"modified":"2026-03-12T08:35:35","modified_gmt":"2026-03-12T07:35:35","slug":"hypophysenerkrankungen","status":"publish","type":"page","link":"https:\/\/endokrinologie.bayern\/gruenwald\/leistungen\/endokrinologie\/hypophysenerkrankungen\/","title":{"rendered":"Hypophysenerkrankungen"},"content":{"rendered":"\r\n    <div  class=\"simple-header-block\">\r\n        <div class=\"layout-s\">\r\n                            <div class=\"title\">\r\n                                        <h1>Hypophysenerkrankungen<\/h1>\r\n                <\/div>\r\n                                        <p class=\"subline\">Im Zentrum der Hormonsteuerung<\/p>\r\n                                        <p>Die Hypophyse, auch als Hirnanhangsdr\u00fcse bekannt, ist ein zentrales Organ f\u00fcr die Steuerung lebenswichtiger Hormonfunktionen. Erkrankungen wie Hormonst\u00f6rungen, Tumore oder Entz\u00fcndungen k\u00f6nnen die Funktion der Hypophyse beeintr\u00e4chtigen und vielf\u00e4ltige Beschwerden verursachen \u2013 von Stoffwechselproblemen bis hin zu Ver\u00e4nderungen im Wachstum und Energiehaushalt.\r\n\r\nMit unserer umfassenden Diagnostik und individuell zugeschnittenen Therapieans\u00e4tzen helfen wir Ihnen, die Ursachen zu erkennen und gezielt zu behandeln. Unser Ziel ist es, Ihre hormonelle Balance wiederherzustellen und Ihre Gesundheit langfristig zu st\u00e4rken.<\/p>\r\n                                <\/div>\r\n    <\/div>\r\n\n\n\r\n\r\n  <div  class=\"fachbereiche-block white col-4\">\r\n\r\n<div class=\"fachbereiche\">\r\n  \r\n  <div class=\"items\" x-data=\"{ openItem: null }\">\r\n          <div class=\"item\"> \r\n          <div class=\"head-elm\">\r\n            <img decoding=\"async\" src=\"https:\/\/endokrinologie.bayern\/gruenwald\/wp-content\/themes\/zes_theme\/images\/icon-check.svg\" alt=\"icon\" title=\"icon\">  \r\n            <p class=\"\" @click=\"openItem = openItem === 'item-0' ? null : 'item-0'\"> \r\n                                                Prolaktinom                                                          \r\n                          <\/p>\r\n          <\/div>\r\n                  <div class=\"hidden-items\">\r\n                      <\/div> \r\n                          <\/div>\r\n            \r\n          <div class=\"item\"> \r\n          <div class=\"head-elm\">\r\n            <img decoding=\"async\" src=\"https:\/\/endokrinologie.bayern\/gruenwald\/wp-content\/themes\/zes_theme\/images\/icon-check.svg\" alt=\"icon\" title=\"icon\">  \r\n            <p class=\"\" @click=\"openItem = openItem === 'item-1' ? null : 'item-1'\"> \r\n                                                Cushing-Syndrom                                                          \r\n                          <\/p>\r\n          <\/div>\r\n                  <div class=\"hidden-items\">\r\n                      <\/div> \r\n                          <\/div>\r\n            \r\n          <div class=\"item\"> \r\n          <div class=\"head-elm\">\r\n            <img decoding=\"async\" src=\"https:\/\/endokrinologie.bayern\/gruenwald\/wp-content\/themes\/zes_theme\/images\/icon-check.svg\" alt=\"icon\" title=\"icon\">  \r\n            <p class=\"\" @click=\"openItem = openItem === 'item-2' ? null : 'item-2'\"> \r\n                                                Akromegalie                                                          \r\n                          <\/p>\r\n          <\/div>\r\n                  <div class=\"hidden-items\">\r\n                      <\/div> \r\n                          <\/div>\r\n            \r\n          <div class=\"item\"> \r\n          <div class=\"head-elm\">\r\n            <img decoding=\"async\" src=\"https:\/\/endokrinologie.bayern\/gruenwald\/wp-content\/themes\/zes_theme\/images\/icon-check.svg\" alt=\"icon\" title=\"icon\">  \r\n            <p class=\"\" @click=\"openItem = openItem === 'item-3' ? null : 'item-3'\"> \r\n                                                hormoninaktives Hypophysenadenom                                                          \r\n                          <\/p>\r\n          <\/div>\r\n                  <div class=\"hidden-items\">\r\n                      <\/div> \r\n                          <\/div>\r\n            \r\n          <div class=\"item\"> \r\n          <div class=\"head-elm\">\r\n            <img decoding=\"async\" src=\"https:\/\/endokrinologie.bayern\/gruenwald\/wp-content\/themes\/zes_theme\/images\/icon-check.svg\" alt=\"icon\" title=\"icon\">  \r\n            <p class=\"\" @click=\"openItem = openItem === 'item-4' ? null : 'item-4'\"> \r\n                                                Hypophyseninsuffizienz                                                          \r\n                          <\/p>\r\n          <\/div>\r\n                  <div class=\"hidden-items\">\r\n                      <\/div> \r\n                          <\/div>\r\n            \r\n          <div class=\"item\"> \r\n          <div class=\"head-elm\">\r\n            <img decoding=\"async\" src=\"https:\/\/endokrinologie.bayern\/gruenwald\/wp-content\/themes\/zes_theme\/images\/icon-check.svg\" alt=\"icon\" title=\"icon\">  \r\n            <p class=\"\" @click=\"openItem = openItem === 'item-5' ? null : 'item-5'\"> \r\n                                                Diabetes insipidus                                                          \r\n                          <\/p>\r\n          <\/div>\r\n                  <div class=\"hidden-items\">\r\n                      <\/div> \r\n                          <\/div>\r\n            \r\n      <\/div>\r\n\r\n        <a href=\"https:\/\/endokrinologie.bayern\/gruenwald\/leistungen\/endokrinologie\/\" class=\"btn-secondary\">\r\n        Zur Endokrinologie        <img decoding=\"async\" src=\"https:\/\/endokrinologie.bayern\/gruenwald\/wp-content\/themes\/zes_theme\/images\/btn-next-black.svg\" alt=\"btn-next\" title=\"btn-next\">\r\n      <\/a>\r\n  <\/div>\r\n\r\n<\/div>\r\n\r\n","protected":false},"excerpt":{"rendered":"","protected":false},"author":1,"featured_media":0,"parent":294,"menu_order":0,"comment_status":"closed","ping_status":"closed","template":"","meta":{"_acf_changed":false,"footnotes":""},"standort":[],"class_list":["post-729","page","type-page","status-publish","hentry"],"acf":[],"yoast_head":"<!-- This site is optimized with the Yoast SEO plugin v27.4 - https:\/\/yoast.com\/product\/yoast-seo-wordpress\/ -->\n<title>ZES Gr\u00fcnwald - Hypophysenerkrankungen<\/title>\n<meta name=\"description\" content=\"Ihr Spezialist in Gr\u00fcnwald f\u00fcr hormonelle und stoffwechselbedingte Erkrankungen. Mit moderner Diagnostik und individuellen Therapien f\u00fcr Ihre Gesundheit.\" \/>\n<meta name=\"robots\" content=\"index, follow, max-snippet:-1, max-image-preview:large, max-video-preview:-1\" \/>\n<link rel=\"canonical\" href=\"https:\/\/endokrinologie.bayern\/gruenwald\/leistungen\/endokrinologie\/hypophysenerkrankungen\/\" \/>\n<meta property=\"og:locale\" content=\"de_DE\" \/>\n<meta property=\"og:type\" content=\"article\" \/>\n<meta property=\"og:title\" content=\"ZES Gr\u00fcnwald - Hypophysenerkrankungen\" \/>\n<meta property=\"og:description\" content=\"Ihr Spezialist in Gr\u00fcnwald f\u00fcr hormonelle und stoffwechselbedingte Erkrankungen. Mit moderner Diagnostik und individuellen Therapien f\u00fcr Ihre Gesundheit.\" \/>\n<meta property=\"og:url\" content=\"https:\/\/endokrinologie.bayern\/gruenwald\/leistungen\/endokrinologie\/hypophysenerkrankungen\/\" \/>\n<meta property=\"og:site_name\" content=\"ZES Gr\u00fcnwald\" \/>\n<meta property=\"article:modified_time\" content=\"2026-03-12T07:35:35+00:00\" \/>\n<meta name=\"twitter:card\" content=\"summary_large_image\" \/>\n<script type=\"application\/ld+json\" class=\"yoast-schema-graph\">{\"@context\":\"https:\\\/\\\/schema.org\",\"@graph\":[{\"@type\":\"WebPage\",\"@id\":\"https:\\\/\\\/endokrinologie.bayern\\\/gruenwald\\\/leistungen\\\/endokrinologie\\\/hypophysenerkrankungen\\\/\",\"url\":\"https:\\\/\\\/endokrinologie.bayern\\\/gruenwald\\\/leistungen\\\/endokrinologie\\\/hypophysenerkrankungen\\\/\",\"name\":\"ZES Gr\u00fcnwald - Hypophysenerkrankungen\",\"isPartOf\":{\"@id\":\"https:\\\/\\\/endokrinologie.bayern\\\/gruenwald\\\/#website\"},\"datePublished\":\"2024-12-19T14:41:37+00:00\",\"dateModified\":\"2026-03-12T07:35:35+00:00\",\"description\":\"Ihr Spezialist in Gr\u00fcnwald f\u00fcr hormonelle und stoffwechselbedingte Erkrankungen. Mit moderner Diagnostik und individuellen Therapien f\u00fcr Ihre Gesundheit.\",\"breadcrumb\":{\"@id\":\"https:\\\/\\\/endokrinologie.bayern\\\/gruenwald\\\/leistungen\\\/endokrinologie\\\/hypophysenerkrankungen\\\/#breadcrumb\"},\"inLanguage\":\"de\",\"potentialAction\":[{\"@type\":\"ReadAction\",\"target\":[\"https:\\\/\\\/endokrinologie.bayern\\\/gruenwald\\\/leistungen\\\/endokrinologie\\\/hypophysenerkrankungen\\\/\"]}]},{\"@type\":\"BreadcrumbList\",\"@id\":\"https:\\\/\\\/endokrinologie.bayern\\\/gruenwald\\\/leistungen\\\/endokrinologie\\\/hypophysenerkrankungen\\\/#breadcrumb\",\"itemListElement\":[{\"@type\":\"ListItem\",\"position\":1,\"name\":\"Startseite\",\"item\":\"https:\\\/\\\/endokrinologie.bayern\\\/gruenwald\\\/\"},{\"@type\":\"ListItem\",\"position\":2,\"name\":\"Leistungen\",\"item\":\"https:\\\/\\\/endokrinologie.bayern\\\/gruenwald\\\/leistungen\\\/\"},{\"@type\":\"ListItem\",\"position\":3,\"name\":\"Endokrinologie\",\"item\":\"https:\\\/\\\/endokrinologie.bayern\\\/gruenwald\\\/leistungen\\\/endokrinologie\\\/\"},{\"@type\":\"ListItem\",\"position\":4,\"name\":\"Hypophysenerkrankungen\"}]},{\"@type\":\"WebSite\",\"@id\":\"https:\\\/\\\/endokrinologie.bayern\\\/gruenwald\\\/#website\",\"url\":\"https:\\\/\\\/endokrinologie.bayern\\\/gruenwald\\\/\",\"name\":\"Zentrum f\u00fcr Endokrinologie und Stoffwechsel Gr\u00fcnwald\",\"description\":\"Hormone im Gleichgewicht\",\"potentialAction\":[{\"@type\":\"SearchAction\",\"target\":{\"@type\":\"EntryPoint\",\"urlTemplate\":\"https:\\\/\\\/endokrinologie.bayern\\\/gruenwald\\\/?s={search_term_string}\"},\"query-input\":{\"@type\":\"PropertyValueSpecification\",\"valueRequired\":true,\"valueName\":\"search_term_string\"}}],\"inLanguage\":\"de\"}]}<\/script>\n<!-- \/ Yoast SEO plugin. -->","yoast_head_json":{"title":"ZES Gr\u00fcnwald - Hypophysenerkrankungen","description":"Ihr Spezialist in Gr\u00fcnwald f\u00fcr hormonelle und stoffwechselbedingte Erkrankungen. Mit moderner Diagnostik und individuellen Therapien f\u00fcr Ihre Gesundheit.","robots":{"index":"index","follow":"follow","max-snippet":"max-snippet:-1","max-image-preview":"max-image-preview:large","max-video-preview":"max-video-preview:-1"},"canonical":"https:\/\/endokrinologie.bayern\/gruenwald\/leistungen\/endokrinologie\/hypophysenerkrankungen\/","og_locale":"de_DE","og_type":"article","og_title":"ZES Gr\u00fcnwald - Hypophysenerkrankungen","og_description":"Ihr Spezialist in Gr\u00fcnwald f\u00fcr hormonelle und stoffwechselbedingte Erkrankungen. Mit moderner Diagnostik und individuellen Therapien f\u00fcr Ihre Gesundheit.","og_url":"https:\/\/endokrinologie.bayern\/gruenwald\/leistungen\/endokrinologie\/hypophysenerkrankungen\/","og_site_name":"ZES Gr\u00fcnwald","article_modified_time":"2026-03-12T07:35:35+00:00","twitter_card":"summary_large_image","schema":{"@context":"https:\/\/schema.org","@graph":[{"@type":"WebPage","@id":"https:\/\/endokrinologie.bayern\/gruenwald\/leistungen\/endokrinologie\/hypophysenerkrankungen\/","url":"https:\/\/endokrinologie.bayern\/gruenwald\/leistungen\/endokrinologie\/hypophysenerkrankungen\/","name":"ZES Gr\u00fcnwald - Hypophysenerkrankungen","isPartOf":{"@id":"https:\/\/endokrinologie.bayern\/gruenwald\/#website"},"datePublished":"2024-12-19T14:41:37+00:00","dateModified":"2026-03-12T07:35:35+00:00","description":"Ihr Spezialist in Gr\u00fcnwald f\u00fcr hormonelle und stoffwechselbedingte Erkrankungen. Mit moderner Diagnostik und individuellen Therapien f\u00fcr Ihre Gesundheit.","breadcrumb":{"@id":"https:\/\/endokrinologie.bayern\/gruenwald\/leistungen\/endokrinologie\/hypophysenerkrankungen\/#breadcrumb"},"inLanguage":"de","potentialAction":[{"@type":"ReadAction","target":["https:\/\/endokrinologie.bayern\/gruenwald\/leistungen\/endokrinologie\/hypophysenerkrankungen\/"]}]},{"@type":"BreadcrumbList","@id":"https:\/\/endokrinologie.bayern\/gruenwald\/leistungen\/endokrinologie\/hypophysenerkrankungen\/#breadcrumb","itemListElement":[{"@type":"ListItem","position":1,"name":"Startseite","item":"https:\/\/endokrinologie.bayern\/gruenwald\/"},{"@type":"ListItem","position":2,"name":"Leistungen","item":"https:\/\/endokrinologie.bayern\/gruenwald\/leistungen\/"},{"@type":"ListItem","position":3,"name":"Endokrinologie","item":"https:\/\/endokrinologie.bayern\/gruenwald\/leistungen\/endokrinologie\/"},{"@type":"ListItem","position":4,"name":"Hypophysenerkrankungen"}]},{"@type":"WebSite","@id":"https:\/\/endokrinologie.bayern\/gruenwald\/#website","url":"https:\/\/endokrinologie.bayern\/gruenwald\/","name":"Zentrum f\u00fcr Endokrinologie und Stoffwechsel Gr\u00fcnwald","description":"Hormone im Gleichgewicht","potentialAction":[{"@type":"SearchAction","target":{"@type":"EntryPoint","urlTemplate":"https:\/\/endokrinologie.bayern\/gruenwald\/?s={search_term_string}"},"query-input":{"@type":"PropertyValueSpecification","valueRequired":true,"valueName":"search_term_string"}}],"inLanguage":"de"}]}},"_links":{"self":[{"href":"https:\/\/endokrinologie.bayern\/gruenwald\/wp-json\/wp\/v2\/pages\/729","targetHints":{"allow":["GET"]}}],"collection":[{"href":"https:\/\/endokrinologie.bayern\/gruenwald\/wp-json\/wp\/v2\/pages"}],"about":[{"href":"https:\/\/endokrinologie.bayern\/gruenwald\/wp-json\/wp\/v2\/types\/page"}],"author":[{"embeddable":true,"href":"https:\/\/endokrinologie.bayern\/gruenwald\/wp-json\/wp\/v2\/users\/1"}],"replies":[{"embeddable":true,"href":"https:\/\/endokrinologie.bayern\/gruenwald\/wp-json\/wp\/v2\/comments?post=729"}],"version-history":[{"count":1,"href":"https:\/\/endokrinologie.bayern\/gruenwald\/wp-json\/wp\/v2\/pages\/729\/revisions"}],"predecessor-version":[{"id":730,"href":"https:\/\/endokrinologie.bayern\/gruenwald\/wp-json\/wp\/v2\/pages\/729\/revisions\/730"}],"up":[{"embeddable":true,"href":"https:\/\/endokrinologie.bayern\/gruenwald\/wp-json\/wp\/v2\/pages\/294"}],"wp:attachment":[{"href":"https:\/\/endokrinologie.bayern\/gruenwald\/wp-json\/wp\/v2\/media?parent=729"}],"wp:term":[{"taxonomy":"standort","embeddable":true,"href":"https:\/\/endokrinologie.bayern\/gruenwald\/wp-json\/wp\/v2\/standort?post=729"}],"curies":[{"name":"wp","href":"https:\/\/api.w.org\/{rel}","templated":true}]}}