{"id":844,"date":"2025-11-18T19:25:10","date_gmt":"2025-11-18T18:25:10","guid":{"rendered":"https:\/\/endokrinologie.bayern\/augsburg\/?page_id=844"},"modified":"2026-02-18T11:24:58","modified_gmt":"2026-02-18T10:24:58","slug":"anastasia-athanasoulia-kaspar","status":"publish","type":"page","link":"https:\/\/endokrinologie.bayern\/augsburg\/team\/anastasia-athanasoulia-kaspar\/","title":{"rendered":"Anastasia Athanasoulia-Kaspar"},"content":{"rendered":"\r\n\r\n    <div  class=\"arzt-block\">\r\n      <div class=\"layout\">\r\n                    <div class=\"arzt-details\">\r\n                <div class=\"about\">\r\n                  <div class=\"left\">\r\n                                          <img decoding=\"async\" src=\"https:\/\/endokrinologie.bayern\/wp-content\/uploads\/2025\/11\/dr-anastasia-athanasoulia-kaspar.jpg\" alt=\"Anastasia Athanasoulia-Kaspar\">\r\n                    \r\n                                                                              <\/div>\r\n\r\n\r\n                  <div class=\"profil\"> \r\n                    <h1>Priv.-Doz. Dr. med.  Anastasia Athanasoulia-Kaspar<\/h1> \r\n                    <p>\r\n                      Internistin, Endokrinologin und Diabetologin                    <\/p>\r\n\r\n                                          <div class=\"vorstellung\">\r\n                        <p>Priv.-Doz. Dr. med. Anastasia Athanasoulia-Kaspar ist Fach\u00e4rztin f\u00fcr Innere Medizin, Endokrinologie und Diabetologie sowie zertifizierte Ern\u00e4hrungsmedizinerin DAEM\/DGEM. Sie ist anerkannte Expertin f\u00fcr Hypophysenerkrankungen, Adipositas, Geschlechtsdysphorie und neuroendokrine St\u00f6rungen. Ihre Behandlungsschwerpunkte umfassen das gesamte Spektrum endokrinologischer Erkrankungen, einschlie\u00dflich Schilddr\u00fcsen-, Nebennieren-, Neuroendokrin- und Stoffwechselst\u00f6rungen.<\/p>\n<p>Dr. Athanasoulia-Kaspar ist Privatdozentin an der Ludwig-Maximilians-Universit\u00e4t M\u00fcnchen und Professorin an der European University Cyprus (EUC), Campus Frankfurt. Sie ist Autorin zahlreicher wissenschaftlicher Publikationen und langj\u00e4hrige Gutachterin f\u00fcr international anerkannte Fachzeitschriften.<\/p>\n<p>Wissenschaftliche Schwerpunkte: Neuroendokrine Erkrankungen, Hypophysenerkrankungen, metabolische und neuropsychiatrische Aspekte dopaminerger Therapien, Geschlechtsdysphorie sowie endokrine Aspekte metabolischer Erkrankungen.<\/p>\n<p>Sie ist regelm\u00e4\u00dfig als Referentin bei nationalen und internationalen Kongressen t\u00e4tig, Leiterin des European Women in Endocrinology Network (EUWIN) der European Society of Endocrinology (ESE) und gilt als ausgewiesene Expertin in der Diagnostik und Therapie komplexer endokrinologischer Krankheitsbilder.<\/p>\n<p>&nbsp;<\/p>\n<p><strong>Akademische und fachliche Anerkennungen<\/strong><\/p>\n<ul>\n<li>Professor (Visiting) an der European University Cyprus (EUC), Campus Frankfurt<\/li>\n<li>Fach\u00e4rztin f\u00fcr Innere Medizin, Endokrinologie und Diabetologie (seit 2016, BL\u00c4K)<\/li>\n<li>Ern\u00e4hrungsmedizinerin DAEM\/DGEM<\/li>\n<li>Adiposiologie (geplant)<\/li>\n<li>Zertifizierung DEGUM (Grund-, Aufbau- und Abschlusskurs)<\/li>\n<li>Good Clinical Practice (GCP) \u2013 Kurse 2008, 2017, 2023<\/li>\n<\/ul>\n                      <\/div>\r\n                                      <\/div>\r\n                <\/div>\r\n                    \r\n                \r\n                \r\n                                  <div class=\"qualifikation\">\r\n                    <h3>Qualifikation:<\/h3> \r\n\r\n                    <div class=\"items\">\r\n                     \r\n                      <div class=\"item\">\r\n                        <p class=\"jahr\">ab 01.2026:<\/p>\r\n                        <p>Fach\u00e4rztin f\u00fcr Innere Medizin, Endokrinologie und Diabetologie im Zentrum f\u00fcr Endokrinologie und Stoffwechsel Standort Augsburg<\/p> \r\n                      <\/div>\r\n                     \r\n                      <div class=\"item\">\r\n                        <p class=\"jahr\">2018\u20132025:<\/p>\r\n                        <p>Fach\u00e4rztin f\u00fcr Innere Medizin, Endokrinologie und Diabetologie, Medicover Neuroendokrinologie MVZ Prof. Stalla &amp; Kollegen, M\u00fcnchen<\/p> \r\n                      <\/div>\r\n                     \r\n                      <div class=\"item\">\r\n                        <p class=\"jahr\">2023:<\/p>\r\n                        <p>Ernennung zur Professor (Visiting) an der European University Cyprus (EUC), Campus Frankfurt<\/p> \r\n                      <\/div>\r\n                     \r\n                      <div class=\"item\">\r\n                        <p class=\"jahr\">2018\u20132023:<\/p>\r\n                        <p>Habilitation zum Thema Neuropsychiatric and metabolic aspects of dopaminergic therapy in neuroendocrine disease, Ludwig-Maximilians-Universit\u00e4t M\u00fcnchen und Ernennung zur Privatdozentin an der Ludwig-Maximilians-Universit\u00e4t M\u00fcnchen<\/p> \r\n                      <\/div>\r\n                     \r\n                      <div class=\"item\">\r\n                        <p class=\"jahr\">2016\u20132018:<\/p>\r\n                        <p>Fach\u00e4rztin f\u00fcr Innere Medizin, Endokrinologie und Diabetologie, Max-Planck-Institut f\u00fcr Psychiatrie, M\u00fcnchen (Leitung: Prof. Dr. G. Stalla)<\/p> \r\n                      <\/div>\r\n                     \r\n                      <div class=\"item\">\r\n                        <p class=\"jahr\">2013\u20132016:<\/p>\r\n                        <p>Assistenz\u00e4rztin, Medizinische Klinik und Poliklinik IV, LMU M\u00fcnchen (Leitung: Prof. Dr. M. Reincke)<\/p> \r\n                      <\/div>\r\n                     \r\n                      <div class=\"item\">\r\n                        <p class=\"jahr\">2008\u20132013:<\/p>\r\n                        <p>Assistenz\u00e4rztin, Max-Planck-Institut f\u00fcr Psychiatrie, Bereich Innere Medizin und Endokrinologie (Leitung: Prof. Dr. G. Stalla)<\/p> \r\n                      <\/div>\r\n                     \r\n                      <div class=\"item\">\r\n                        <p class=\"jahr\">2008\u20132012:<\/p>\r\n                        <p>Promotion zum Dr. med., Ludwig-Maximilians-Universit\u00e4t M\u00fcnchen, \u201esumma cum laude\u201c <\/p> \r\n                      <\/div>\r\n                     \r\n                      <div class=\"item\">\r\n                        <p class=\"jahr\">2006:<\/p>\r\n                        <p>Hospitation, Beth Israel Deaconess Hospital \u2013 Harvard University, Boston (Prof. Dr. C. Mantzoros)<\/p> \r\n                      <\/div>\r\n                     \r\n                      <div class=\"item\">\r\n                        <p class=\"jahr\">2001\u20132007:<\/p>\r\n                        <p>Studium der Humanmedizin an der Universit\u00e4t Athen, Abschluss \u201eAusgezeichnet\u201c<\/p> \r\n                      <\/div>\r\n                     \r\n                    <\/div>\r\n                  <\/div>\r\n                                \r\n                \r\n\r\n            <\/div>\r\n              <\/div>\r\n    <\/div>\r\n\r\n\n\n    <div  class=\"cta-block  cta\">\r\n        <div class=\"layout\">\r\n                            <div class=\"col\">\r\n                                            <h3>Besuchen Sie unsere ZES-Zentren<\/h3>\r\n                                                            <a href=\"\/zes\/standorte\" class=\"btn-primary\">Zu den Standorten<img decoding=\"async\" src=\"https:\/\/endokrinologie.bayern\/augsburg\/wp-content\/themes\/zes_theme\/images\/btn-next.svg\" alt=\"btn next\" title=\"btn next\"><\/a>                <\/div>\r\n                <div class=\"col\">\r\n                                            <div class=\"content\">\r\n                            <p>Wir laden Sie ein, unsere Endokrinologie-Zentren in Bayern zu besuchen und die Vorteile einer spezialisierten Endokrinologie-Betreuung zu erleben. Unsere Standorte sind darauf ausgerichtet, Ihnen in der Endokrinologie eine umfassende Betreuung zu bieten, die Ihr Leben nachhaltig verbessert.<\/p>\n                        <\/div>\r\n                                    <\/div>\r\n                    <\/div>\r\n    <\/div>\r\n","protected":false},"excerpt":{"rendered":"","protected":false},"author":1,"featured_media":0,"parent":156,"menu_order":0,"comment_status":"closed","ping_status":"closed","template":"","meta":{"_acf_changed":false,"footnotes":""},"standort":[],"class_list":["post-844","page","type-page","status-publish","hentry"],"acf":[],"yoast_head":"<!-- This site is optimized with the Yoast SEO plugin v27.3 - https:\/\/yoast.com\/product\/yoast-seo-wordpress\/ -->\n<title>ZES Augsburg - Anastasia Athanasoulia-Kaspar<\/title>\n<meta name=\"description\" content=\"Ihr Spezialist in Augsburg f\u00fcr hormonelle und stoffwechselbedingte Erkrankungen. Mit moderner Diagnostik und individuellen Therapien f\u00fcr Ihre Gesundheit.\" \/>\n<meta name=\"robots\" content=\"index, follow, max-snippet:-1, max-image-preview:large, max-video-preview:-1\" \/>\n<link rel=\"canonical\" href=\"https:\/\/endokrinologie.bayern\/augsburg\/team\/anastasia-athanasoulia-kaspar\/\" \/>\n<meta property=\"og:locale\" content=\"de_DE\" \/>\n<meta property=\"og:type\" content=\"article\" \/>\n<meta property=\"og:title\" content=\"ZES Augsburg - Anastasia Athanasoulia-Kaspar\" \/>\n<meta property=\"og:description\" content=\"Ihr Spezialist in Augsburg f\u00fcr hormonelle und stoffwechselbedingte Erkrankungen. Mit moderner Diagnostik und individuellen Therapien f\u00fcr Ihre Gesundheit.\" \/>\n<meta property=\"og:url\" content=\"https:\/\/endokrinologie.bayern\/augsburg\/team\/anastasia-athanasoulia-kaspar\/\" \/>\n<meta property=\"og:site_name\" content=\"ZES Augsburg\" \/>\n<meta property=\"article:modified_time\" content=\"2026-02-18T10:24:58+00:00\" \/>\n<meta name=\"twitter:card\" content=\"summary_large_image\" \/>\n<script type=\"application\/ld+json\" class=\"yoast-schema-graph\">{\"@context\":\"https:\\\/\\\/schema.org\",\"@graph\":[{\"@type\":\"WebPage\",\"@id\":\"https:\\\/\\\/endokrinologie.bayern\\\/augsburg\\\/team\\\/anastasia-athanasoulia-kaspar\\\/\",\"url\":\"https:\\\/\\\/endokrinologie.bayern\\\/augsburg\\\/team\\\/anastasia-athanasoulia-kaspar\\\/\",\"name\":\"ZES Augsburg - Anastasia Athanasoulia-Kaspar\",\"isPartOf\":{\"@id\":\"https:\\\/\\\/endokrinologie.bayern\\\/augsburg\\\/#website\"},\"datePublished\":\"2025-11-18T18:25:10+00:00\",\"dateModified\":\"2026-02-18T10:24:58+00:00\",\"description\":\"Ihr Spezialist in Augsburg f\u00fcr hormonelle und stoffwechselbedingte Erkrankungen. Mit moderner Diagnostik und individuellen Therapien f\u00fcr Ihre Gesundheit.\",\"breadcrumb\":{\"@id\":\"https:\\\/\\\/endokrinologie.bayern\\\/augsburg\\\/team\\\/anastasia-athanasoulia-kaspar\\\/#breadcrumb\"},\"inLanguage\":\"de\",\"potentialAction\":[{\"@type\":\"ReadAction\",\"target\":[\"https:\\\/\\\/endokrinologie.bayern\\\/augsburg\\\/team\\\/anastasia-athanasoulia-kaspar\\\/\"]}]},{\"@type\":\"BreadcrumbList\",\"@id\":\"https:\\\/\\\/endokrinologie.bayern\\\/augsburg\\\/team\\\/anastasia-athanasoulia-kaspar\\\/#breadcrumb\",\"itemListElement\":[{\"@type\":\"ListItem\",\"position\":1,\"name\":\"Startseite\",\"item\":\"https:\\\/\\\/endokrinologie.bayern\\\/augsburg\\\/\"},{\"@type\":\"ListItem\",\"position\":2,\"name\":\"Team\",\"item\":\"https:\\\/\\\/endokrinologie.bayern\\\/augsburg\\\/team\\\/\"},{\"@type\":\"ListItem\",\"position\":3,\"name\":\"Anastasia Athanasoulia-Kaspar\"}]},{\"@type\":\"WebSite\",\"@id\":\"https:\\\/\\\/endokrinologie.bayern\\\/augsburg\\\/#website\",\"url\":\"https:\\\/\\\/endokrinologie.bayern\\\/augsburg\\\/\",\"name\":\"Zentrum f\u00fcr Endokrinologie und Stoffwechsel Landshut\",\"description\":\"Hormone im Gleichgewicht\",\"potentialAction\":[{\"@type\":\"SearchAction\",\"target\":{\"@type\":\"EntryPoint\",\"urlTemplate\":\"https:\\\/\\\/endokrinologie.bayern\\\/augsburg\\\/?s={search_term_string}\"},\"query-input\":{\"@type\":\"PropertyValueSpecification\",\"valueRequired\":true,\"valueName\":\"search_term_string\"}}],\"inLanguage\":\"de\"}]}<\/script>\n<!-- \/ Yoast SEO plugin. -->","yoast_head_json":{"title":"ZES Augsburg - Anastasia Athanasoulia-Kaspar","description":"Ihr Spezialist in Augsburg f\u00fcr hormonelle und stoffwechselbedingte Erkrankungen. Mit moderner Diagnostik und individuellen Therapien f\u00fcr Ihre Gesundheit.","robots":{"index":"index","follow":"follow","max-snippet":"max-snippet:-1","max-image-preview":"max-image-preview:large","max-video-preview":"max-video-preview:-1"},"canonical":"https:\/\/endokrinologie.bayern\/augsburg\/team\/anastasia-athanasoulia-kaspar\/","og_locale":"de_DE","og_type":"article","og_title":"ZES Augsburg - Anastasia Athanasoulia-Kaspar","og_description":"Ihr Spezialist in Augsburg f\u00fcr hormonelle und stoffwechselbedingte Erkrankungen. Mit moderner Diagnostik und individuellen Therapien f\u00fcr Ihre Gesundheit.","og_url":"https:\/\/endokrinologie.bayern\/augsburg\/team\/anastasia-athanasoulia-kaspar\/","og_site_name":"ZES Augsburg","article_modified_time":"2026-02-18T10:24:58+00:00","twitter_card":"summary_large_image","schema":{"@context":"https:\/\/schema.org","@graph":[{"@type":"WebPage","@id":"https:\/\/endokrinologie.bayern\/augsburg\/team\/anastasia-athanasoulia-kaspar\/","url":"https:\/\/endokrinologie.bayern\/augsburg\/team\/anastasia-athanasoulia-kaspar\/","name":"ZES Augsburg - Anastasia Athanasoulia-Kaspar","isPartOf":{"@id":"https:\/\/endokrinologie.bayern\/augsburg\/#website"},"datePublished":"2025-11-18T18:25:10+00:00","dateModified":"2026-02-18T10:24:58+00:00","description":"Ihr Spezialist in Augsburg f\u00fcr hormonelle und stoffwechselbedingte Erkrankungen. Mit moderner Diagnostik und individuellen Therapien f\u00fcr Ihre Gesundheit.","breadcrumb":{"@id":"https:\/\/endokrinologie.bayern\/augsburg\/team\/anastasia-athanasoulia-kaspar\/#breadcrumb"},"inLanguage":"de","potentialAction":[{"@type":"ReadAction","target":["https:\/\/endokrinologie.bayern\/augsburg\/team\/anastasia-athanasoulia-kaspar\/"]}]},{"@type":"BreadcrumbList","@id":"https:\/\/endokrinologie.bayern\/augsburg\/team\/anastasia-athanasoulia-kaspar\/#breadcrumb","itemListElement":[{"@type":"ListItem","position":1,"name":"Startseite","item":"https:\/\/endokrinologie.bayern\/augsburg\/"},{"@type":"ListItem","position":2,"name":"Team","item":"https:\/\/endokrinologie.bayern\/augsburg\/team\/"},{"@type":"ListItem","position":3,"name":"Anastasia Athanasoulia-Kaspar"}]},{"@type":"WebSite","@id":"https:\/\/endokrinologie.bayern\/augsburg\/#website","url":"https:\/\/endokrinologie.bayern\/augsburg\/","name":"Zentrum f\u00fcr Endokrinologie und Stoffwechsel Landshut","description":"Hormone im Gleichgewicht","potentialAction":[{"@type":"SearchAction","target":{"@type":"EntryPoint","urlTemplate":"https:\/\/endokrinologie.bayern\/augsburg\/?s={search_term_string}"},"query-input":{"@type":"PropertyValueSpecification","valueRequired":true,"valueName":"search_term_string"}}],"inLanguage":"de"}]}},"_links":{"self":[{"href":"https:\/\/endokrinologie.bayern\/augsburg\/wp-json\/wp\/v2\/pages\/844","targetHints":{"allow":["GET"]}}],"collection":[{"href":"https:\/\/endokrinologie.bayern\/augsburg\/wp-json\/wp\/v2\/pages"}],"about":[{"href":"https:\/\/endokrinologie.bayern\/augsburg\/wp-json\/wp\/v2\/types\/page"}],"author":[{"embeddable":true,"href":"https:\/\/endokrinologie.bayern\/augsburg\/wp-json\/wp\/v2\/users\/1"}],"replies":[{"embeddable":true,"href":"https:\/\/endokrinologie.bayern\/augsburg\/wp-json\/wp\/v2\/comments?post=844"}],"version-history":[{"count":6,"href":"https:\/\/endokrinologie.bayern\/augsburg\/wp-json\/wp\/v2\/pages\/844\/revisions"}],"predecessor-version":[{"id":885,"href":"https:\/\/endokrinologie.bayern\/augsburg\/wp-json\/wp\/v2\/pages\/844\/revisions\/885"}],"up":[{"embeddable":true,"href":"https:\/\/endokrinologie.bayern\/augsburg\/wp-json\/wp\/v2\/pages\/156"}],"wp:attachment":[{"href":"https:\/\/endokrinologie.bayern\/augsburg\/wp-json\/wp\/v2\/media?parent=844"}],"wp:term":[{"taxonomy":"standort","embeddable":true,"href":"https:\/\/endokrinologie.bayern\/augsburg\/wp-json\/wp\/v2\/standort?post=844"}],"curies":[{"name":"wp","href":"https:\/\/api.w.org\/{rel}","templated":true}]}}