{"id":341,"date":"2024-07-04T14:18:45","date_gmt":"2024-07-04T12:18:45","guid":{"rendered":"https:\/\/ita-staging.de\/zes\/landshut\/?page_id=341"},"modified":"2026-01-26T10:24:32","modified_gmt":"2026-01-26T09:24:32","slug":"karriere","status":"publish","type":"page","link":"https:\/\/endokrinologie.bayern\/augsburg\/karriere\/","title":{"rendered":"Karriere"},"content":{"rendered":"\r\n\r\n    <div  class=\"text-block  \">\r\n      <div class=\"layout-s\">\r\n                                            <div class=\"content \">\r\n            <div class=\"col\">\r\n              <h1>Karriere<\/h1>\n<p>Unser Zentrum f\u00fcr Endokrinologie und Stoffwechsel in Landshut ist f\u00fchrend in der Diagnose, Behandlung und Forschung hormoneller und metabolischer St\u00f6rungen.<\/p>\n<p>Wir sind stolz auf unser hochqualifiziertes Team aus Fach\u00e4rzten, Wissenschaftlern und Pflegekr\u00e4ften, die sich t\u00e4glich mit gro\u00dfem Engagement f\u00fcr die Verbesserung der Lebensqualit\u00e4t unserer Patienten einsetzen. Wenn Sie eine berufliche Herausforderung in einem dynamischen und unterst\u00fctzenden Umfeld suchen, dann sind Sie bei uns genau richtig.<\/p>\n<p>Werden Sie Teil unseres engagierten Teams und tragen Sie dazu bei, die Zukunft der Endokrinologie und Stoffwechselmedizin in Landshut mitzugestalten.<\/p>\n            <\/div> \r\n                      <\/div> \r\n                \r\n                \r\n        \r\n        \r\n\r\n      <\/div>\r\n    <\/div>\r\n\r\n\n\n\r\n\r\n    <div  class=\"image-slider-text-block\">\r\n      <div class=\"layout\">\r\n\r\n                  <h3>Unsere Praxis in Landshut<\/h3>\r\n        \r\n        <div class=\"image-slider-text-wrapper\">\r\n           \r\n          <div class='swiper image-slider-text'> \r\n            <div class='swiper-wrapper'>\r\n                              <div class='item swiper-slide'>\r\n                  <img src='https:\/\/endokrinologie.bayern\/augsburg\/wp-content\/uploads\/sites\/10\/2024\/07\/placeholder-1024x576.png' alt='' title='placeholder'>\r\n                <\/div> \r\n                              <div class='item swiper-slide'>\r\n                  <img src='https:\/\/endokrinologie.bayern\/augsburg\/wp-content\/uploads\/sites\/10\/2024\/07\/placeholder-1024x576.png' alt='' title='placeholder'>\r\n                <\/div> \r\n                              <div class='item swiper-slide'>\r\n                  <img src='https:\/\/endokrinologie.bayern\/augsburg\/wp-content\/uploads\/sites\/10\/2024\/07\/placeholder-1024x576.png' alt='' title='placeholder'>\r\n                <\/div> \r\n                            <\/div>\r\n            <div class=\"swiper-pagination\"><\/div>\r\n          <\/div>\r\n             \r\n\r\n          <div class=\"content\">\r\n            <h3>Ihre Benefits<\/h3>\n<ul>\n<li>Weiterbildungsm\u00f6glichkeiten<\/li>\n<li>Praxisevents<\/li>\n<li>Ein junges und dynamisches Team<\/li>\n<li>Attraktives Gehalt<\/li>\n<\/ul>\n          <\/div>\r\n        <\/div>\r\n\r\n        <div class='image-slider-text-nav'>\r\n          <div class='swiper-button-prev'><\/div>\r\n          <div class='swiper-button-next'><\/div>\r\n        <\/div>\r\n\r\n      \r\n      <\/div>\r\n    <\/div>\r\n\r\n\n\n\r\n<div  class=\"stellenangebot-block\">\r\n    <div class=\"layout\">\r\n                    <h3>Stellenangebote<\/h3>\r\n        \r\n        <!-- Standort-Filter -->\r\n        <div class=\"filter\">\r\n            <label for=\"location-filter\">Standort w\u00e4hlen:<\/label>\r\n            <select id=\"location-filter\" name=\"location-filter\">\r\n                <option value=\"\">Alle Standorte<\/option>\r\n                                    <option value=\"landshut\">Landshut<\/option>\r\n                                    <option value=\"leitung\">Leitung<\/option>\r\n                            <\/select>\r\n        <\/div>\r\n\r\n        <!-- Stellenliste -->\r\n        <div id=\"stellen-list\" class=\"stellen\">\r\n                    <\/div>\r\n    <\/div>\r\n<\/div>\r\n\r\n<script>\r\njQuery(document).ready(function ($) {\r\n    \/\/ Filter-Event\r\n    $('#location-filter').on('change', function () {\r\n        var location = $(this).val();\r\n\r\n        $.ajax({\r\n            url: 'https:\/\/endokrinologie.bayern\/augsburg\/wp-admin\/admin-ajax.php',\r\n            type: 'POST',\r\n            data: {\r\n                action: 'filter_jobs',\r\n                location: location,\r\n            },\r\n            beforeSend: function () {\r\n                $('#stellen-list').html('<p>Wird geladen...<\/p>');\r\n            },\r\n            success: function (response) {\r\n                $('#stellen-list').html(response);\r\n            },\r\n            error: function () {\r\n                $('#stellen-list').html('<p>Es ist ein Fehler aufgetreten. Bitte versuchen Sie es erneut.<\/p>');\r\n            },\r\n        });\r\n    });\r\n\r\n    \/\/ Optional: Touchscreen-spezifisches Verhalten\r\n    if ('ontouchstart' in window) {\r\n        $('#location-filter').on('focus', function () {\r\n            $(this).css('outline', 'none');\r\n        });\r\n    }\r\n});\r\n<\/script>\r\n\n\n\r\n\r\n    <div  class=\"kachel-block benefits\"> \r\n      <div class=\"layout\">\r\n                   <h3>Unsere Werte<\/h3>\r\n                           <p>In unserer Praxis legen wir gro\u00dfen Wert auf ein inspirierendes und unterst\u00fctzendes Arbeitsumfeld, in dem sich jeder Mitarbeiter entfalten kann. Wir bieten Ihnen vielf\u00e4ltige Karrierechancen in einem modernen und dynamischen medizinischen Umfeld. Werden Sie Teil unseres Teams und tragen Sie aktiv dazu bei, die Gesundheitsversorgung unserer Patienten zu verbessern.<\/p>\r\n        \r\n\r\n        <div class=\"kacheln spalte-3\">\r\n                      <div class=\"kachel green\">\r\n                                                <p class=\"title\">\r\n                    Professionalit\u00e4t                  <\/p>\r\n                                                  <p>\r\n                    <p>Wir streben nach h\u00f6chster Qualit\u00e4t in unserer Arbeit und gew\u00e4hrleisten dies durch kontinuierliche Weiterbildung und die Anwendung modernster medizinischer Standards.<\/p>\n                  <\/p>\r\n                                                                          <\/div>\r\n                      <div class=\"kachel purple\">\r\n                                                <p class=\"title\">\r\n                    Empathie                  <\/p>\r\n                                                  <p>\r\n                    <p>Der respektvolle und einf\u00fchlsame Umgang mit unseren Patienten und Kollegen ist f\u00fcr uns von zentraler Bedeutung. Wir h\u00f6ren zu, verstehen und handeln im besten Interesse aller Beteiligten.<\/p>\n                  <\/p>\r\n                                                                          <\/div>\r\n                      <div class=\"kachel orange\">\r\n                                                <p class=\"title\">\r\n                    Teamarbeit                  <\/p>\r\n                                                  <p>\r\n                    <p>Gemeinsam sind wir st\u00e4rker. Wir f\u00f6rdern eine Kultur der Zusammenarbeit, in der jeder seine St\u00e4rken einbringen und voneinander lernen kann.<\/p>\n                  <\/p>\r\n                                                                          <\/div>\r\n                      <div class=\"kachel purple\">\r\n                                                <p class=\"title\">\r\n                    Innovationsfreude                  <\/p>\r\n                                                  <p>\r\n                    <p>Wir sind stets bestrebt, neue Wege zu gehen und innovative L\u00f6sungen zu finden, um die medizinische Versorgung stetig zu verbessern.<\/p>\n                  <\/p>\r\n                                                                          <\/div>\r\n                      <div class=\"kachel orange\">\r\n                                                <p class=\"title\">\r\n                    Verantwortung                  <\/p>\r\n                                                  <p>\r\n                    <p>Jeder in unserem Team \u00fcbernimmt Verantwortung f\u00fcr sein Handeln und tr\u00e4gt so zu einem sicheren und vertrauensvollen Arbeitsumfeld bei.<\/p>\n                  <\/p>\r\n                                                                          <\/div>\r\n                      <div class=\"kachel green\">\r\n                                                <p class=\"title\">\r\n                    Engagement                  <\/p>\r\n                                                  <p>\r\n                    <p>Unser Einsatz geht \u00fcber das Normale hinaus. Mit Leidenschaft und Hingabe setzen wir uns f\u00fcr das Wohl unserer Patienten ein und streben stets nach den besten Ergebnissen.<\/p>\n                  <\/p>\r\n                                                                          <\/div>\r\n                  <\/div>\r\n\r\n                    <a href=\"mailto:buero@endokrinologie-landshut.de\" class=\"btn-primary spalte-3\">\r\n              Jetzt bewerben              <img decoding=\"async\" src=\"https:\/\/endokrinologie.bayern\/wp-content\/themes\/zes_theme\/images\/btn-next.svg\" alt=\"btn next\" title=\"btn next\">\r\n            <\/a>\r\n              <\/div>\r\n    <\/div>\r\n\r\n","protected":false},"excerpt":{"rendered":"","protected":false},"author":1,"featured_media":0,"parent":0,"menu_order":0,"comment_status":"closed","ping_status":"closed","template":"","meta":{"_acf_changed":false,"footnotes":""},"standort":[],"class_list":["post-341","page","type-page","status-publish","hentry"],"acf":[],"yoast_head":"<!-- This site is optimized with the Yoast SEO plugin v27.4 - https:\/\/yoast.com\/product\/yoast-seo-wordpress\/ -->\n<title>ZES Augsburg - Karriere<\/title>\n<meta name=\"description\" content=\"Ihr Spezialist in Augsburg f\u00fcr hormonelle und stoffwechselbedingte Erkrankungen. Mit moderner Diagnostik und individuellen Therapien f\u00fcr Ihre Gesundheit.\" \/>\n<meta name=\"robots\" content=\"index, follow, max-snippet:-1, max-image-preview:large, max-video-preview:-1\" \/>\n<link rel=\"canonical\" href=\"https:\/\/endokrinologie.bayern\/augsburg\/karriere\/\" \/>\n<meta property=\"og:locale\" content=\"de_DE\" \/>\n<meta property=\"og:type\" content=\"article\" \/>\n<meta property=\"og:title\" content=\"ZES Augsburg - Karriere\" \/>\n<meta property=\"og:description\" content=\"Ihr Spezialist in Augsburg f\u00fcr hormonelle und stoffwechselbedingte Erkrankungen. Mit moderner Diagnostik und individuellen Therapien f\u00fcr Ihre Gesundheit.\" \/>\n<meta property=\"og:url\" content=\"https:\/\/endokrinologie.bayern\/augsburg\/karriere\/\" \/>\n<meta property=\"og:site_name\" content=\"ZES Augsburg\" \/>\n<meta property=\"article:modified_time\" content=\"2026-01-26T09:24:32+00:00\" \/>\n<meta name=\"twitter:card\" content=\"summary_large_image\" \/>\n<script type=\"application\/ld+json\" class=\"yoast-schema-graph\">{\"@context\":\"https:\\\/\\\/schema.org\",\"@graph\":[{\"@type\":\"WebPage\",\"@id\":\"https:\\\/\\\/endokrinologie.bayern\\\/augsburg\\\/karriere\\\/\",\"url\":\"https:\\\/\\\/endokrinologie.bayern\\\/augsburg\\\/karriere\\\/\",\"name\":\"ZES Augsburg - Karriere\",\"isPartOf\":{\"@id\":\"https:\\\/\\\/endokrinologie.bayern\\\/augsburg\\\/#website\"},\"datePublished\":\"2024-07-04T12:18:45+00:00\",\"dateModified\":\"2026-01-26T09:24:32+00:00\",\"description\":\"Ihr Spezialist in Augsburg f\u00fcr hormonelle und stoffwechselbedingte Erkrankungen. Mit moderner Diagnostik und individuellen Therapien f\u00fcr Ihre Gesundheit.\",\"breadcrumb\":{\"@id\":\"https:\\\/\\\/endokrinologie.bayern\\\/augsburg\\\/karriere\\\/#breadcrumb\"},\"inLanguage\":\"de\",\"potentialAction\":[{\"@type\":\"ReadAction\",\"target\":[\"https:\\\/\\\/endokrinologie.bayern\\\/augsburg\\\/karriere\\\/\"]}]},{\"@type\":\"BreadcrumbList\",\"@id\":\"https:\\\/\\\/endokrinologie.bayern\\\/augsburg\\\/karriere\\\/#breadcrumb\",\"itemListElement\":[{\"@type\":\"ListItem\",\"position\":1,\"name\":\"Startseite\",\"item\":\"https:\\\/\\\/endokrinologie.bayern\\\/augsburg\\\/\"},{\"@type\":\"ListItem\",\"position\":2,\"name\":\"Karriere\"}]},{\"@type\":\"WebSite\",\"@id\":\"https:\\\/\\\/endokrinologie.bayern\\\/augsburg\\\/#website\",\"url\":\"https:\\\/\\\/endokrinologie.bayern\\\/augsburg\\\/\",\"name\":\"Zentrum f\u00fcr Endokrinologie und Stoffwechsel Landshut\",\"description\":\"Hormone im Gleichgewicht\",\"potentialAction\":[{\"@type\":\"SearchAction\",\"target\":{\"@type\":\"EntryPoint\",\"urlTemplate\":\"https:\\\/\\\/endokrinologie.bayern\\\/augsburg\\\/?s={search_term_string}\"},\"query-input\":{\"@type\":\"PropertyValueSpecification\",\"valueRequired\":true,\"valueName\":\"search_term_string\"}}],\"inLanguage\":\"de\"}]}<\/script>\n<!-- \/ Yoast SEO plugin. -->","yoast_head_json":{"title":"ZES Augsburg - Karriere","description":"Ihr Spezialist in Augsburg f\u00fcr hormonelle und stoffwechselbedingte Erkrankungen. Mit moderner Diagnostik und individuellen Therapien f\u00fcr Ihre Gesundheit.","robots":{"index":"index","follow":"follow","max-snippet":"max-snippet:-1","max-image-preview":"max-image-preview:large","max-video-preview":"max-video-preview:-1"},"canonical":"https:\/\/endokrinologie.bayern\/augsburg\/karriere\/","og_locale":"de_DE","og_type":"article","og_title":"ZES Augsburg - Karriere","og_description":"Ihr Spezialist in Augsburg f\u00fcr hormonelle und stoffwechselbedingte Erkrankungen. Mit moderner Diagnostik und individuellen Therapien f\u00fcr Ihre Gesundheit.","og_url":"https:\/\/endokrinologie.bayern\/augsburg\/karriere\/","og_site_name":"ZES Augsburg","article_modified_time":"2026-01-26T09:24:32+00:00","twitter_card":"summary_large_image","schema":{"@context":"https:\/\/schema.org","@graph":[{"@type":"WebPage","@id":"https:\/\/endokrinologie.bayern\/augsburg\/karriere\/","url":"https:\/\/endokrinologie.bayern\/augsburg\/karriere\/","name":"ZES Augsburg - Karriere","isPartOf":{"@id":"https:\/\/endokrinologie.bayern\/augsburg\/#website"},"datePublished":"2024-07-04T12:18:45+00:00","dateModified":"2026-01-26T09:24:32+00:00","description":"Ihr Spezialist in Augsburg f\u00fcr hormonelle und stoffwechselbedingte Erkrankungen. Mit moderner Diagnostik und individuellen Therapien f\u00fcr Ihre Gesundheit.","breadcrumb":{"@id":"https:\/\/endokrinologie.bayern\/augsburg\/karriere\/#breadcrumb"},"inLanguage":"de","potentialAction":[{"@type":"ReadAction","target":["https:\/\/endokrinologie.bayern\/augsburg\/karriere\/"]}]},{"@type":"BreadcrumbList","@id":"https:\/\/endokrinologie.bayern\/augsburg\/karriere\/#breadcrumb","itemListElement":[{"@type":"ListItem","position":1,"name":"Startseite","item":"https:\/\/endokrinologie.bayern\/augsburg\/"},{"@type":"ListItem","position":2,"name":"Karriere"}]},{"@type":"WebSite","@id":"https:\/\/endokrinologie.bayern\/augsburg\/#website","url":"https:\/\/endokrinologie.bayern\/augsburg\/","name":"Zentrum f\u00fcr Endokrinologie und Stoffwechsel Landshut","description":"Hormone im Gleichgewicht","potentialAction":[{"@type":"SearchAction","target":{"@type":"EntryPoint","urlTemplate":"https:\/\/endokrinologie.bayern\/augsburg\/?s={search_term_string}"},"query-input":{"@type":"PropertyValueSpecification","valueRequired":true,"valueName":"search_term_string"}}],"inLanguage":"de"}]}},"_links":{"self":[{"href":"https:\/\/endokrinologie.bayern\/augsburg\/wp-json\/wp\/v2\/pages\/341","targetHints":{"allow":["GET"]}}],"collection":[{"href":"https:\/\/endokrinologie.bayern\/augsburg\/wp-json\/wp\/v2\/pages"}],"about":[{"href":"https:\/\/endokrinologie.bayern\/augsburg\/wp-json\/wp\/v2\/types\/page"}],"author":[{"embeddable":true,"href":"https:\/\/endokrinologie.bayern\/augsburg\/wp-json\/wp\/v2\/users\/1"}],"replies":[{"embeddable":true,"href":"https:\/\/endokrinologie.bayern\/augsburg\/wp-json\/wp\/v2\/comments?post=341"}],"version-history":[{"count":17,"href":"https:\/\/endokrinologie.bayern\/augsburg\/wp-json\/wp\/v2\/pages\/341\/revisions"}],"predecessor-version":[{"id":516,"href":"https:\/\/endokrinologie.bayern\/augsburg\/wp-json\/wp\/v2\/pages\/341\/revisions\/516"}],"wp:attachment":[{"href":"https:\/\/endokrinologie.bayern\/augsburg\/wp-json\/wp\/v2\/media?parent=341"}],"wp:term":[{"taxonomy":"standort","embeddable":true,"href":"https:\/\/endokrinologie.bayern\/augsburg\/wp-json\/wp\/v2\/standort?post=341"}],"curies":[{"name":"wp","href":"https:\/\/api.w.org\/{rel}","templated":true}]}}