{"id":156,"date":"2024-07-01T13:44:06","date_gmt":"2024-07-01T11:44:06","guid":{"rendered":"https:\/\/ita-staging.de\/zes\/muenchen\/?page_id=156"},"modified":"2026-04-17T14:00:59","modified_gmt":"2026-04-17T12:00:59","slug":"team","status":"publish","type":"page","link":"https:\/\/endokrinologie.bayern\/analysenlabor\/team\/","title":{"rendered":"Team"},"content":{"rendered":"\r\n\r\n    <div  class=\"text-block mb0 \">\r\n      <div class=\"layout-s\">\r\n                                            <div class=\"content \">\r\n            <div class=\"col\">\r\n              <h3>Unsere \u00c4rzte und Team<\/h3>\n<p>Das Analysenlabor M\u00fcnchen wird geleitet durch <a href=\"https:\/\/endokrinologie.bayern\/analysenlabor\/aerzte\/prof-dr-med-christian-seifarth\/\">Prof. Dr. med. Christian Seifarth<\/a><\/p>\n            <\/div> \r\n                      <\/div> \r\n                \r\n                \r\n        \r\n        \r\n\r\n      <\/div>\r\n    <\/div>\r\n\r\n\n\n  <div  class=\"mfa-block \">\r\n    <div class=\"layout-s\">\r\n        <div class=\"content\">\r\n                      <h3>Das \u00c4rzteteam<\/h3>\n                  <\/div>\r\n        <div class=\"mitarbeiter  typ-arzt\">\r\n                  <div class=\"item vita\">\r\n                          <a href=\"https:\/\/endokrinologie.bayern\/analysenlabor\/team\/christian-seifarth\/\">\r\n             \r\n\r\n                          <img decoding=\"async\" src=\"https:\/\/endokrinologie.bayern\/analysenlabor\/wp-content\/uploads\/sites\/9\/2026\/02\/christian_seifarth_2026.jpg\" \r\n                alt=\"\" \r\n                title=\"christian_seifarth_2026\">\r\n             \r\n\r\n            <div class=\"name-box\">\r\n                              <div class=\"div\">\r\n                                      <p class=\"name\">Prof. Dr. med. Christian Seifarth<\/p>\r\n                                                        <p>Leitung, Internist, Endokrinologe, Diabetologe und Osteologe<\/p>\r\n                                                    <\/div>\r\n                                        <\/div>  \r\n                          <\/a>\r\n                      <\/div>\r\n                  <div class=\"item vita\">\r\n                          <a href=\"https:\/\/endokrinologie.bayern\/analysenlabor\/team\/harald-j-schneider\/\">\r\n             \r\n\r\n                          <img decoding=\"async\" src=\"https:\/\/endokrinologie.bayern\/analysenlabor\/wp-content\/uploads\/sites\/9\/2024\/12\/harald_j_schneider.jpg\" \r\n                alt=\"\" \r\n                title=\"harald_j_schneider\">\r\n             \r\n\r\n            <div class=\"name-box\">\r\n                              <div class=\"div\">\r\n                                      <p class=\"name\">Prof. Dr. med. Harald J. Schneider<\/p>\r\n                                                        <p>Internist, Endokrinologe und Diabetologe<\/p>\r\n                                                    <\/div>\r\n                                        <\/div>  \r\n                          <\/a>\r\n                      <\/div>\r\n                  <div class=\"item vita\">\r\n                          <a href=\"https:\/\/endokrinologie.bayern\/analysenlabor\/team\/george-vlotides\/\">\r\n             \r\n\r\n                          <img decoding=\"async\" src=\"https:\/\/endokrinologie.bayern\/analysenlabor\/wp-content\/uploads\/sites\/9\/2024\/12\/george_voltides.jpg\" \r\n                alt=\"\" \r\n                title=\"george_voltides\">\r\n             \r\n\r\n            <div class=\"name-box\">\r\n                              <div class=\"div\">\r\n                                      <p class=\"name\">Priv.-Doz. Dr. med. George Vlotides<\/p>\r\n                                                        <p>Internist, Endokrinologe, Lipidologe und Osteologe, Adiposiologe (DAG-DDG)<\/p>\r\n                                                    <\/div>\r\n                                        <\/div>  \r\n                          <\/a>\r\n                      <\/div>\r\n                  <div class=\"item vita\">\r\n                          <a href=\"https:\/\/endokrinologie.bayern\/analysenlabor\/team\/robert-schmidt\/\">\r\n             \r\n\r\n                          <img decoding=\"async\" src=\"https:\/\/endokrinologie.bayern\/analysenlabor\/wp-content\/uploads\/sites\/9\/2024\/07\/robert_schmidt.jpg\" \r\n                alt=\"\" \r\n                title=\"robert_schmidt\">\r\n             \r\n\r\n            <div class=\"name-box\">\r\n                              <div class=\"div\">\r\n                                      <p class=\"name\">Dr. med. Robert Schmidt<\/p>\r\n                                                        <p>Internist, Endokrinologe und Diabetologe<\/p>\r\n                                                    <\/div>\r\n                                        <\/div>  \r\n                          <\/a>\r\n                      <\/div>\r\n        \r\n           \r\n        <\/div>\r\n    <\/div>\r\n  <\/div>\r\n\n\n  <div  class=\"mfa-block \">\r\n    <div class=\"layout-s\">\r\n        <div class=\"content\">\r\n                      <h3>Team des Analysenlabors<\/h3>\n<p>Unser kompetentes Laborteam steht Ihnen zur Verf\u00fcgung f\u00fcr Ihre Sorgen und Fragen.<br \/>\nWir freuen uns, Ihnen helfen zu k\u00f6nnen.<\/p>\n                  <\/div>\r\n        <div class=\"mitarbeiter  typ-mitarbeiter\">\r\n                  <div class=\"item cta\">\r\n             \r\n\r\n                          <img decoding=\"async\" src=\"https:\/\/endokrinologie.bayern\/analysenlabor\/wp-content\/uploads\/sites\/9\/2024\/07\/placehold-person.png\" \r\n                alt=\"\" \r\n                title=\"placehold-person\">\r\n             \r\n\r\n            <div class=\"name-box\">\r\n                              <div class=\"div\">\r\n                                      <p class=\"name\">Frau Tristl<\/p>\r\n                                                        <p>Laborleitung \/ Qualit\u00e4tsmanagementbeauftragte \/ Medizinische Fachangestellte<\/p>\r\n                                                    <\/div>\r\n                                        <\/div>  \r\n                      <\/div>\r\n                  <div class=\"item cta\">\r\n             \r\n\r\n                          <img decoding=\"async\" src=\"https:\/\/endokrinologie.bayern\/analysenlabor\/wp-content\/uploads\/sites\/9\/2026\/02\/amir-2026.jpg\" \r\n                alt=\"\" \r\n                title=\"amir-2026\">\r\n             \r\n\r\n            <div class=\"name-box\">\r\n                              <div class=\"div\">\r\n                                      <p class=\"name\">Herr Hossein Behnia<\/p>\r\n                                                        <p>Medizinischer Technologe f\u00fcr Laboratoriumsanalytik \/  Biologisch-Technischer Assistent<\/p>\r\n                                                    <\/div>\r\n                                        <\/div>  \r\n                      <\/div>\r\n                  <div class=\"item cta\">\r\n             \r\n\r\n                          <img decoding=\"async\" src=\"https:\/\/endokrinologie.bayern\/analysenlabor\/wp-content\/uploads\/sites\/9\/2024\/07\/placehold-person.png\" \r\n                alt=\"\" \r\n                title=\"placehold-person\">\r\n             \r\n\r\n            <div class=\"name-box\">\r\n                              <div class=\"div\">\r\n                                      <p class=\"name\">Frau Geis<\/p>\r\n                                                        <p>Medizinische Technologin f\u00fcr Laboratoriumsanalytik<\/p>\r\n                                                    <\/div>\r\n                                        <\/div>  \r\n                      <\/div>\r\n                  <div class=\"item cta\">\r\n             \r\n\r\n                          <img decoding=\"async\" src=\"https:\/\/endokrinologie.bayern\/analysenlabor\/wp-content\/uploads\/sites\/9\/2026\/04\/kranjcic.jpg\" \r\n                alt=\"\" \r\n                title=\"kranjcic\">\r\n             \r\n\r\n            <div class=\"name-box\">\r\n                              <div class=\"div\">\r\n                                      <p class=\"name\">Frau Kranjcic<\/p>\r\n                                                        <p>Medizinische Technologin f\u00fcr Laboratoriumsanalytik<\/p>\r\n                                                    <\/div>\r\n                                        <\/div>  \r\n                      <\/div>\r\n                  <div class=\"item cta\">\r\n             \r\n\r\n                          <img decoding=\"async\" src=\"https:\/\/endokrinologie.bayern\/analysenlabor\/wp-content\/uploads\/sites\/9\/2026\/04\/camila.jpg\" \r\n                alt=\"\" \r\n                title=\"camila\">\r\n             \r\n\r\n            <div class=\"name-box\">\r\n                              <div class=\"div\">\r\n                                      <p class=\"name\">Frau Ladinig<\/p>\r\n                                                        <p>Biomedizinische Analytikerin \/ Qualit\u00e4tsmanagementbeauftragte \/ Bachelor of Science in\u00a0Health Studies<\/p>\r\n                                                    <\/div>\r\n                                        <\/div>  \r\n                      <\/div>\r\n                  <div class=\"item cta\">\r\n             \r\n\r\n                          <img decoding=\"async\" src=\"https:\/\/endokrinologie.bayern\/analysenlabor\/wp-content\/uploads\/sites\/9\/2026\/04\/stela.jpg\" \r\n                alt=\"\" \r\n                title=\"stela\">\r\n             \r\n\r\n            <div class=\"name-box\">\r\n                              <div class=\"div\">\r\n                                      <p class=\"name\">Frau Le-Georgieva<\/p>\r\n                                                        <p>Labormitarbeiterin \/ Diplom-Ingenieur Anorganische Chemie<\/p>\r\n                                                    <\/div>\r\n                                        <\/div>  \r\n                      <\/div>\r\n        \r\n           \r\n        <\/div>\r\n    <\/div>\r\n  <\/div>\r\n","protected":false},"excerpt":{"rendered":"","protected":false},"author":1,"featured_media":0,"parent":0,"menu_order":0,"comment_status":"closed","ping_status":"closed","template":"","meta":{"_acf_changed":false,"footnotes":""},"standort":[],"class_list":["post-156","page","type-page","status-publish","hentry"],"acf":[],"yoast_head":"<!-- This site is optimized with the Yoast SEO plugin v27.4 - https:\/\/yoast.com\/product\/yoast-seo-wordpress\/ -->\n<title>Zentrum f\u00fcr Endokrinologie und Stoffwechsel - Team<\/title>\n<meta name=\"description\" content=\"Lernen Sie unser erfahrenes \u00c4rzteteam in M\u00fcnchen kennen! Spezialisiert auf hormonelle und stoffwechselbedingte Erkrankungen.\" \/>\n<meta name=\"robots\" content=\"index, follow, max-snippet:-1, max-image-preview:large, max-video-preview:-1\" \/>\n<link rel=\"canonical\" href=\"https:\/\/endokrinologie.bayern\/analysenlabor\/team\/\" \/>\n<meta property=\"og:locale\" content=\"de_DE\" \/>\n<meta property=\"og:type\" content=\"article\" \/>\n<meta property=\"og:title\" content=\"Zentrum f\u00fcr Endokrinologie und Stoffwechsel - Team\" \/>\n<meta property=\"og:description\" content=\"Lernen Sie unser erfahrenes \u00c4rzteteam in M\u00fcnchen kennen! Spezialisiert auf hormonelle und stoffwechselbedingte Erkrankungen.\" \/>\n<meta property=\"og:url\" content=\"https:\/\/endokrinologie.bayern\/analysenlabor\/team\/\" \/>\n<meta property=\"og:site_name\" content=\"Analysenlabor\" \/>\n<meta property=\"article:modified_time\" content=\"2026-04-17T12:00:59+00:00\" \/>\n<meta name=\"twitter:card\" content=\"summary_large_image\" \/>\n<script type=\"application\/ld+json\" class=\"yoast-schema-graph\">{\"@context\":\"https:\\\/\\\/schema.org\",\"@graph\":[{\"@type\":\"WebPage\",\"@id\":\"https:\\\/\\\/endokrinologie.bayern\\\/analysenlabor\\\/team\\\/\",\"url\":\"https:\\\/\\\/endokrinologie.bayern\\\/analysenlabor\\\/team\\\/\",\"name\":\"Zentrum f\u00fcr Endokrinologie und Stoffwechsel - Team\",\"isPartOf\":{\"@id\":\"https:\\\/\\\/endokrinologie.bayern\\\/analysenlabor\\\/#website\"},\"datePublished\":\"2024-07-01T11:44:06+00:00\",\"dateModified\":\"2026-04-17T12:00:59+00:00\",\"description\":\"Lernen Sie unser erfahrenes \u00c4rzteteam in M\u00fcnchen kennen! Spezialisiert auf hormonelle und stoffwechselbedingte Erkrankungen.\",\"breadcrumb\":{\"@id\":\"https:\\\/\\\/endokrinologie.bayern\\\/analysenlabor\\\/team\\\/#breadcrumb\"},\"inLanguage\":\"de\",\"potentialAction\":[{\"@type\":\"ReadAction\",\"target\":[\"https:\\\/\\\/endokrinologie.bayern\\\/analysenlabor\\\/team\\\/\"]}]},{\"@type\":\"BreadcrumbList\",\"@id\":\"https:\\\/\\\/endokrinologie.bayern\\\/analysenlabor\\\/team\\\/#breadcrumb\",\"itemListElement\":[{\"@type\":\"ListItem\",\"position\":1,\"name\":\"Startseite\",\"item\":\"https:\\\/\\\/endokrinologie.bayern\\\/analysenlabor\\\/\"},{\"@type\":\"ListItem\",\"position\":2,\"name\":\"Team\"}]},{\"@type\":\"WebSite\",\"@id\":\"https:\\\/\\\/endokrinologie.bayern\\\/analysenlabor\\\/#website\",\"url\":\"https:\\\/\\\/endokrinologie.bayern\\\/analysenlabor\\\/\",\"name\":\"Zentrum f\u00fcr Endokrinologie und Stoffwechsel M\u00fcnchen\",\"description\":\"Hormone im Gleichgewicht\",\"potentialAction\":[{\"@type\":\"SearchAction\",\"target\":{\"@type\":\"EntryPoint\",\"urlTemplate\":\"https:\\\/\\\/endokrinologie.bayern\\\/analysenlabor\\\/?s={search_term_string}\"},\"query-input\":{\"@type\":\"PropertyValueSpecification\",\"valueRequired\":true,\"valueName\":\"search_term_string\"}}],\"inLanguage\":\"de\"}]}<\/script>\n<!-- \/ Yoast SEO plugin. -->","yoast_head_json":{"title":"Zentrum f\u00fcr Endokrinologie und Stoffwechsel - Team","description":"Lernen Sie unser erfahrenes \u00c4rzteteam in M\u00fcnchen kennen! Spezialisiert auf hormonelle und stoffwechselbedingte Erkrankungen.","robots":{"index":"index","follow":"follow","max-snippet":"max-snippet:-1","max-image-preview":"max-image-preview:large","max-video-preview":"max-video-preview:-1"},"canonical":"https:\/\/endokrinologie.bayern\/analysenlabor\/team\/","og_locale":"de_DE","og_type":"article","og_title":"Zentrum f\u00fcr Endokrinologie und Stoffwechsel - Team","og_description":"Lernen Sie unser erfahrenes \u00c4rzteteam in M\u00fcnchen kennen! Spezialisiert auf hormonelle und stoffwechselbedingte Erkrankungen.","og_url":"https:\/\/endokrinologie.bayern\/analysenlabor\/team\/","og_site_name":"Analysenlabor","article_modified_time":"2026-04-17T12:00:59+00:00","twitter_card":"summary_large_image","schema":{"@context":"https:\/\/schema.org","@graph":[{"@type":"WebPage","@id":"https:\/\/endokrinologie.bayern\/analysenlabor\/team\/","url":"https:\/\/endokrinologie.bayern\/analysenlabor\/team\/","name":"Zentrum f\u00fcr Endokrinologie und Stoffwechsel - Team","isPartOf":{"@id":"https:\/\/endokrinologie.bayern\/analysenlabor\/#website"},"datePublished":"2024-07-01T11:44:06+00:00","dateModified":"2026-04-17T12:00:59+00:00","description":"Lernen Sie unser erfahrenes \u00c4rzteteam in M\u00fcnchen kennen! Spezialisiert auf hormonelle und stoffwechselbedingte Erkrankungen.","breadcrumb":{"@id":"https:\/\/endokrinologie.bayern\/analysenlabor\/team\/#breadcrumb"},"inLanguage":"de","potentialAction":[{"@type":"ReadAction","target":["https:\/\/endokrinologie.bayern\/analysenlabor\/team\/"]}]},{"@type":"BreadcrumbList","@id":"https:\/\/endokrinologie.bayern\/analysenlabor\/team\/#breadcrumb","itemListElement":[{"@type":"ListItem","position":1,"name":"Startseite","item":"https:\/\/endokrinologie.bayern\/analysenlabor\/"},{"@type":"ListItem","position":2,"name":"Team"}]},{"@type":"WebSite","@id":"https:\/\/endokrinologie.bayern\/analysenlabor\/#website","url":"https:\/\/endokrinologie.bayern\/analysenlabor\/","name":"Zentrum f\u00fcr Endokrinologie und Stoffwechsel M\u00fcnchen","description":"Hormone im Gleichgewicht","potentialAction":[{"@type":"SearchAction","target":{"@type":"EntryPoint","urlTemplate":"https:\/\/endokrinologie.bayern\/analysenlabor\/?s={search_term_string}"},"query-input":{"@type":"PropertyValueSpecification","valueRequired":true,"valueName":"search_term_string"}}],"inLanguage":"de"}]}},"_links":{"self":[{"href":"https:\/\/endokrinologie.bayern\/analysenlabor\/wp-json\/wp\/v2\/pages\/156","targetHints":{"allow":["GET"]}}],"collection":[{"href":"https:\/\/endokrinologie.bayern\/analysenlabor\/wp-json\/wp\/v2\/pages"}],"about":[{"href":"https:\/\/endokrinologie.bayern\/analysenlabor\/wp-json\/wp\/v2\/types\/page"}],"author":[{"embeddable":true,"href":"https:\/\/endokrinologie.bayern\/analysenlabor\/wp-json\/wp\/v2\/users\/1"}],"replies":[{"embeddable":true,"href":"https:\/\/endokrinologie.bayern\/analysenlabor\/wp-json\/wp\/v2\/comments?post=156"}],"version-history":[{"count":62,"href":"https:\/\/endokrinologie.bayern\/analysenlabor\/wp-json\/wp\/v2\/pages\/156\/revisions"}],"predecessor-version":[{"id":1233,"href":"https:\/\/endokrinologie.bayern\/analysenlabor\/wp-json\/wp\/v2\/pages\/156\/revisions\/1233"}],"wp:attachment":[{"href":"https:\/\/endokrinologie.bayern\/analysenlabor\/wp-json\/wp\/v2\/media?parent=156"}],"wp:term":[{"taxonomy":"standort","embeddable":true,"href":"https:\/\/endokrinologie.bayern\/analysenlabor\/wp-json\/wp\/v2\/standort?post=156"}],"curies":[{"name":"wp","href":"https:\/\/api.w.org\/{rel}","templated":true}]}}